{"id":492,"date":"2019-03-28T19:41:15","date_gmt":"2019-03-28T22:41:15","guid":{"rendered":"http:\/\/www2.unifap.br\/coreme\/?page_id=492"},"modified":"2025-05-27T11:26:16","modified_gmt":"2025-05-27T14:26:16","slug":"equipe","status":"publish","type":"page","link":"http:\/\/www2.unifap.br\/coreme\/equipe\/","title":{"rendered":"Equipe"},"content":{"rendered":"\t\t<div data-elementor-type=\"wp-post\" data-elementor-id=\"492\" class=\"elementor elementor-492\">\n\t\t\t\t\t\t<section class=\"elementor-section elementor-top-section elementor-element elementor-element-3a31e97 elementor-section-boxed elementor-section-height-default elementor-section-height-default\" data-id=\"3a31e97\" data-element_type=\"section\" data-e-type=\"section\">\n\t\t\t\t\t\t<div class=\"elementor-container elementor-column-gap-default\">\n\t\t\t\t\t<div class=\"elementor-column elementor-col-100 elementor-top-column elementor-element elementor-element-b420492\" data-id=\"b420492\" data-element_type=\"column\" data-e-type=\"column\">\n\t\t\t<div class=\"elementor-widget-wrap\">\n\t\t\t\t\t\t\t<\/div>\n\t\t<\/div>\n\t\t\t\t\t<\/div>\n\t\t<\/section>\n\t\t\t\t<section class=\"elementor-section elementor-top-section elementor-element elementor-element-74c81e5 elementor-section-boxed elementor-section-height-default elementor-section-height-default\" data-id=\"74c81e5\" data-element_type=\"section\" data-e-type=\"section\">\n\t\t\t\t\t\t\t<div class=\"elementor-background-overlay\"><\/div>\n\t\t\t\t\t\t\t<div class=\"elementor-container elementor-column-gap-default\">\n\t\t\t\t\t<div class=\"elementor-column elementor-col-100 elementor-top-column elementor-element elementor-element-68da804\" data-id=\"68da804\" data-element_type=\"column\" data-e-type=\"column\">\n\t\t\t<div class=\"elementor-widget-wrap elementor-element-populated\">\n\t\t\t\t\t\t<div class=\"elementor-element elementor-element-60e8d8f elementor-widget elementor-widget-text-editor\" data-id=\"60e8d8f\" data-element_type=\"widget\" data-e-type=\"widget\" data-widget_type=\"text-editor.default\">\n\t\t\t\t<div class=\"elementor-widget-container\">\n\t\t\t\t\t\t\t\t\t<table style=\"height: 991px\" width=\"635\"><tbody><tr><td colspan=\"2\" width=\"640\"><h5>\u00a0<\/h5><h5>\u00a0<\/h5><h5 style=\"text-align: center\"><span style=\"color: #128a4e\"><strong>COMISS\u00c3O DE RESID\u00caNCIA M\u00c9DICA \u2013 COREME\/UNIFAP<\/strong><\/span><\/h5><\/td><\/tr><tr><td colspan=\"2\" width=\"640\"><h5><span style=\"color: #227049\"><strong>Coordenador da Comiss\u00e3o de Resid\u00eancia M\u00e9dica\u00a0<\/strong><\/span><\/h5><\/td><\/tr><tr><td width=\"340\">Prof. Me. Aljerry Dias do R\u00eago<\/td><td width=\"300\">Coordenador Geral da Coreme<\/td><\/tr><tr><td colspan=\"2\" width=\"640\"><h5><span style=\"color: #577d6a\"><strong><span style=\"color: #227049\">Supervisores dos Programas de Resid\u00eancia M\u00e9dica Ofertados<\/span><\/strong><\/span><\/h5><\/td><\/tr><tr><td colspan=\"2\" width=\"640\"><span style=\"color: #333333\"><strong>Programa de Resid\u00eancia M\u00e9dica em Cirurgia Geral<\/strong><\/span><\/td><\/tr><tr><td width=\"340\">\u00a0Prof. Esp. Renato Melo Braz\u00e3o Pinheiro Borges<\/td><td width=\"300\">Supervisor do Programa de Cirurgia Geral<\/td><\/tr><tr><td width=\"340\">\u00a0Prof. Esp. Vitormauro Ara\u00fajo da Silva<\/td><td width=\"300\">Vice &#8211; Supervisor do\u00a0<span style=\"font-family: Roboto, sans-serif;font-size: 14px;font-style: normal;font-weight: 400\">Programa de Cirurgia Geral<\/span><\/td><\/tr><tr><td colspan=\"2\" width=\"640\"><span style=\"color: #333333\"><strong>Programa de Resid\u00eancia M\u00e9dica em Cl\u00ednica M\u00e9dica<\/strong><\/span><\/td><\/tr><tr><td width=\"340\">\u00a0Profa. Esp. P\u00e2mela Cristina Costa dos Santos<\/td><td width=\"300\"><span style=\"font-family: Roboto, sans-serif;font-size: 14px;font-style: normal;font-weight: 400\">Supervisora do Programa de Cl\u00ednica M\u00e9dica<\/span><\/td><\/tr><tr><td width=\"340\">\u00a0Prof. Esp. Hivis da Costa Souza<\/td><td width=\"300\"><span style=\"font-family: Roboto, sans-serif;font-size: 14px;font-style: normal;font-weight: 400\">Vice &#8211; Supervisor\u00a0<\/span><span style=\"font-family: Roboto, sans-serif;font-size: 14px;font-style: normal;font-weight: 400\">do Programa de Cl\u00ednica M\u00e9dica<\/span><\/td><\/tr><tr><td colspan=\"2\" width=\"640\"><span style=\"color: #333333\"><strong>Programa de Resid\u00eancia M\u00e9dica em Ginecologia e Obstetr\u00edcia<\/strong><\/span><\/td><\/tr><tr><td width=\"340\">\u00a0Profa. Esp. F\u00e1bio Luis da Silva Gato<\/td><td width=\"300\">Supervisora do Programa de Ginecologia e Obstetr\u00edcia<\/td><\/tr><tr><td width=\"340\">\u00a0Prof. Esp. Carlos Costa Lima Filho<\/td><td width=\"300\">Vice &#8211; Supervisor\u00a0<span style=\"font-family: Roboto, sans-serif;font-size: 14px;font-style: normal;font-weight: 400\">do Programa de Ginecologia e Obstetr\u00edcia<\/span><\/td><\/tr><tr><td colspan=\"2\" width=\"640\"><span style=\"font-family: Roboto, sans-serif;font-size: 14px;font-style: normal;font-weight: 600;color: #333333\">Programa de Resid\u00eancia M\u00e9dica em\u00a0<\/span><span style=\"color: #333333\"><strong>Ortopedia e Traumatologia<\/strong><\/span><\/td><\/tr><tr><td width=\"340\">Prof. Me. Dirceu Cardoso Lima Sobrinho<\/td><td width=\"300\">Supervisor do Programa de Ortopedia e Traumatologia<\/td><\/tr><tr><td width=\"340\">Prof. Esp. Luiz Alberto Dourado Nogueira<\/td><td width=\"300\">Vice &#8211; Supervisor\u00a0<span style=\"font-family: Roboto, sans-serif;font-size: 14px;font-style: normal;font-weight: 400\">do Programa de Ortopedia e Traumatologia<\/span><\/td><\/tr><tr><td colspan=\"2\" width=\"640\"><span style=\"font-family: Roboto, sans-serif;font-size: 14px;font-style: normal;font-weight: 600;color: #333333\">Programa de Resid\u00eancia M\u00e9dica<\/span><span style=\"color: #333333\"><strong>\u00a0em Pediatria<\/strong><\/span><\/td><\/tr><tr><td width=\"340\">\u00a0Profa. Esp. Selma Maria Dagher<\/td><td width=\"300\">\u00a0Supervisora do Programa de Pediatria<\/td><\/tr><tr><td width=\"340\">\u00a0Profa. Esp. Laila Pereira Botelho<\/td><td width=\"300\">\u00a0Vice &#8211; Supervisora\u00a0<span style=\"font-family: Roboto, sans-serif;font-size: 14px;font-style: normal;font-weight: 400\">do Programa de Pediatria<\/span><\/td><\/tr><\/tbody><\/table>\t\t\t\t\t\t\t\t<\/div>\n\t\t\t\t<\/div>\n\t\t\t\t\t<\/div>\n\t\t<\/div>\n\t\t\t\t\t<\/div>\n\t\t<\/section>\n\t\t\t\t<\/div>\n\t\t","protected":false},"excerpt":{"rendered":"<p>\u00a0 \u00a0 COMISS\u00c3O DE RESID\u00caNCIA M\u00c9DICA \u2013 COREME\/UNIFAP Coordenador da Comiss\u00e3o de Resid\u00eancia M\u00e9dica\u00a0 Prof. Me. Aljerry Dias do R\u00eago Coordenador Geral da Coreme Supervisores dos Programas de Resid\u00eancia M\u00e9dica Ofertados Programa de Resid\u00eancia M\u00e9dica em Cirurgia Geral \u00a0Prof. Esp. Renato Melo Braz\u00e3o Pinheiro Borges Supervisor do Programa de Cirurgia Geral \u00a0Prof. Esp. Vitormauro Ara\u00fajo&#8230;<\/p>\n","protected":false},"author":3825,"featured_media":0,"parent":0,"menu_order":0,"comment_status":"closed","ping_status":"closed","template":"","meta":{"inline_featured_image":false,"ngg_post_thumbnail":0,"footnotes":""},"class_list":["post-492","page","type-page","status-publish","hentry","entry"],"_links":{"self":[{"href":"http:\/\/www2.unifap.br\/coreme\/wp-json\/wp\/v2\/pages\/492","targetHints":{"allow":["GET"]}}],"collection":[{"href":"http:\/\/www2.unifap.br\/coreme\/wp-json\/wp\/v2\/pages"}],"about":[{"href":"http:\/\/www2.unifap.br\/coreme\/wp-json\/wp\/v2\/types\/page"}],"author":[{"embeddable":true,"href":"http:\/\/www2.unifap.br\/coreme\/wp-json\/wp\/v2\/users\/3825"}],"replies":[{"embeddable":true,"href":"http:\/\/www2.unifap.br\/coreme\/wp-json\/wp\/v2\/comments?post=492"}],"version-history":[{"count":104,"href":"http:\/\/www2.unifap.br\/coreme\/wp-json\/wp\/v2\/pages\/492\/revisions"}],"predecessor-version":[{"id":2135,"href":"http:\/\/www2.unifap.br\/coreme\/wp-json\/wp\/v2\/pages\/492\/revisions\/2135"}],"wp:attachment":[{"href":"http:\/\/www2.unifap.br\/coreme\/wp-json\/wp\/v2\/media?parent=492"}],"curies":[{"name":"wp","href":"https:\/\/api.w.org\/{rel}","templated":true}]}}