{"id":50,"date":"2019-03-14T16:01:22","date_gmt":"2019-03-14T19:01:22","guid":{"rendered":"http:\/\/www2.unifap.br\/coreme\/?page_id=50"},"modified":"2019-11-05T17:56:24","modified_gmt":"2019-11-05T19:56:24","slug":"apresentacao","status":"publish","type":"page","link":"http:\/\/www2.unifap.br\/coreme\/apresentacao\/","title":{"rendered":"Apresenta\u00e7\u00e3o"},"content":{"rendered":"<p style=\"text-align: justify\"><img decoding=\"async\" class=\"alignleft\" src=\"http:\/\/www2.unifap.br\/coreme\/files\/2019\/09\/WhatsApp-Image-2019-09-12-at-4.27.11-PM-ZZ.jpeg\" alt=\"\" width=\"194\" height=\"155\"><\/p>\n<p><span style=\"color: #000000\">A Comiss\u00e3o de Resid\u00eancia M\u00e9dica<em>&nbsp;<\/em>da Universidade Federal do Amap\u00e1&nbsp;(Coreme\/Unifap) oferece programas de resid\u00eancia m\u00e9dica em 06 (seis) especialidades e 01 (uma) \u00e1rea de atua\u00e7\u00e3o, todos credenciados junto \u00e0 Comiss\u00e3o Nacional de Resid\u00eancia M\u00e9dica&nbsp;(CNRM), promovendo o treinamento e qualifica\u00e7\u00e3o de m\u00e9dicos.<\/span><\/p>\n<p style=\"text-align: justify\"><span style=\"color: #000000\">A Resid\u00eancia M\u00e9dica constitui modalidade de ensino de p\u00f3s-gradua\u00e7\u00e3o lato sensu, destinada a m\u00e9dicos, sob a forma de cursos de especializa\u00e7\u00e3o, caracterizada por treinamento em servi\u00e7o&nbsp;com carga hor\u00e1ria de 60 horas semanais,&nbsp;funcionando sob a responsabilidade de institui\u00e7\u00f5es de sa\u00fade, universit\u00e1rias ou n\u00e3o, sob a orienta\u00e7\u00e3o de profissionais m\u00e9dicos de elevada qualifica\u00e7\u00e3o \u00e9tica e profissional.<\/span><\/p>\n<p style=\"text-align: justify\"><span style=\"color: #000000\">A Coreme\/Unifap tem como fun\u00e7\u00e3o primordial&nbsp;empenhar-se no aperfei\u00e7oamento e efetivo desenvolvimento de todos os PRM oferecidos, contando para tanto com a&nbsp;colabora\u00e7\u00e3o do corpo docente do Curso de Medicina da Unifap, al\u00e9m da superintend\u00eancia do Hospital de Cl\u00ednicas Dr. Alberto Lima (HCAL), Hospital de Emerg\u00eancia (HE), Hospital da Mulher M\u00e3e Luzia (HMML), Hospital da Crian\u00e7a e do Adolescente (HCA) e&nbsp; Hospital S\u00e3o Camilo e S\u00e3o Lu\u00eds (HSCSL).<\/span><\/p>\n","protected":false},"excerpt":{"rendered":"<p>A Comiss\u00e3o de Resid\u00eancia M\u00e9dica&nbsp;da Universidade Federal do Amap\u00e1&nbsp;(Coreme\/Unifap) oferece programas de resid\u00eancia m\u00e9dica em 06 (seis) especialidades e 01 (uma) \u00e1rea de atua\u00e7\u00e3o, todos credenciados junto \u00e0 Comiss\u00e3o Nacional de Resid\u00eancia M\u00e9dica&nbsp;(CNRM), promovendo o treinamento e qualifica\u00e7\u00e3o de m\u00e9dicos. A Resid\u00eancia M\u00e9dica constitui modalidade de ensino de p\u00f3s-gradua\u00e7\u00e3o lato sensu, destinada a m\u00e9dicos, sob&#8230;<\/p>\n","protected":false},"author":3825,"featured_media":0,"parent":0,"menu_order":0,"comment_status":"closed","ping_status":"closed","template":"","meta":{"inline_featured_image":false,"ngg_post_thumbnail":0,"footnotes":""},"class_list":["post-50","page","type-page","status-publish","hentry","entry"],"_links":{"self":[{"href":"http:\/\/www2.unifap.br\/coreme\/wp-json\/wp\/v2\/pages\/50","targetHints":{"allow":["GET"]}}],"collection":[{"href":"http:\/\/www2.unifap.br\/coreme\/wp-json\/wp\/v2\/pages"}],"about":[{"href":"http:\/\/www2.unifap.br\/coreme\/wp-json\/wp\/v2\/types\/page"}],"author":[{"embeddable":true,"href":"http:\/\/www2.unifap.br\/coreme\/wp-json\/wp\/v2\/users\/3825"}],"replies":[{"embeddable":true,"href":"http:\/\/www2.unifap.br\/coreme\/wp-json\/wp\/v2\/comments?post=50"}],"version-history":[{"count":131,"href":"http:\/\/www2.unifap.br\/coreme\/wp-json\/wp\/v2\/pages\/50\/revisions"}],"predecessor-version":[{"id":1378,"href":"http:\/\/www2.unifap.br\/coreme\/wp-json\/wp\/v2\/pages\/50\/revisions\/1378"}],"wp:attachment":[{"href":"http:\/\/www2.unifap.br\/coreme\/wp-json\/wp\/v2\/media?parent=50"}],"curies":[{"name":"wp","href":"https:\/\/api.w.org\/{rel}","templated":true}]}}