{"id":2,"date":"2015-09-28T12:58:28","date_gmt":"2015-09-28T12:58:28","guid":{"rendered":"http:\/\/www2.unifap.br\/cucas\/?page_id=2"},"modified":"2015-09-28T20:32:03","modified_gmt":"2015-09-28T20:32:03","slug":"pagina-exemplo","status":"publish","type":"page","link":"http:\/\/www2.unifap.br\/cucas\/pagina-exemplo\/","title":{"rendered":"Sobre"},"content":{"rendered":"<p>O Grupo, criado em maio de 2014, busca reunir pesquisadores das Ci\u00eancias Sociais e Humanas em perspectiva interdiciplinar com atua\u00e7\u00e3o nos campos da Comunica\u00e7\u00e3o, Artes, Letras, Hist\u00f3ria, Antropologia, Urbanismo, Psicologia, Educa\u00e7\u00e3o, Ambiente e Sa\u00fade que desenvolvem pesquisas em torno da cultura, mem\u00f3ria, linguagens, narrativas, identidades, imagem e paisagens, tendo como refer\u00eancia Bruno Latour, Nestor Canclini, Jesus Martin Barbero, Boaventura etc, explorando as interfaces ou conex\u00f5es dos saberes.<\/p>\n<p>Objetiva particular aten\u00e7\u00e3o aos estudos da cultura visual em sua rela\u00e7\u00e3o com a oralidade e a escrita, identidade e mem\u00f3ria. As tem\u00e1ticas investigadas s\u00e3o centradas na realidade da Amaz\u00f4nia amapaense inserida no cen\u00e1rio brasileiro e internacional. Este grupo de pesquisa se explica pelo fato de desenvolver investiga\u00e7\u00f5es que resgatem e pensem as hist\u00f3rias, mem\u00f3rias, identidades, as intera\u00e7\u00f5es sociais e as express\u00f5es culturais e art\u00edsticas da vida no estado do Amap\u00e1. Estas empregam as variadas formas de narrativas (escritas, sonoras, fotogr\u00e1ficas, ideogr\u00e1ficas, entre outras) como aparato te\u00f3rico-metodol\u00f3gico, abalizadas na investiga\u00e7\u00e3o, reflex\u00e3o, di\u00e1logo e experimenta\u00e7\u00e3o de linguagens evidenciando a realidade no contexto global.<\/p>\n<p>No seu primeiro ano de existencia, o CUCAS publicou o livro &#8220;Hist\u00f3ria da Comunica\u00e7\u00e3o Amapaense&#8221;, organizado pelas l\u00edderes do \u00a0Grupo de Pesquisa, Isabel Regina Augusto e Roberta Scheibe, bem como o cap\u00edtulo \u00a0Amap\u00e1&#8221;, do &#8220;BRASIL EM N\u00daMEROS: dados para pesquisa em Comunica\u00e7\u00e3o e Cutlura&#8221;, primeiro livro da Rede de Pesquisa Nacional BRASIL CONECTADO, coordendado pela Prof. Dra. Nilda Jacks (CNPq-FABICO-UFRGS), visto que a coordena\u00e7\u00e3o da equipe do Estado do Amap\u00e1 na referida rede est\u00e1 abrigada pela UNIFAP, a partir do Projeto de Pesquisa &#8220;Entre (In)visibilidades: Identidades e Paisagens Sociais e Etnico-Culturais da Amaz\u00f4nia na M\u00eddia&#8221;.<\/p>\n","protected":false},"excerpt":{"rendered":"<p>O Grupo, criado em maio de 2014, busca reunir pesquisadores das Ci\u00eancias Sociais e Humanas em perspectiva interdiciplinar com atua\u00e7\u00e3o nos campos da Comunica\u00e7\u00e3o, Artes, Letras, Hist\u00f3ria, Antropologia, Urbanismo, Psicologia, Educa\u00e7\u00e3o, Ambiente e Sa\u00fade que desenvolvem pesquisas em torno da&hellip; <\/p>\n<p><a href=\"http:\/\/www2.unifap.br\/cucas\/pagina-exemplo\/\" class=\"readmore-button\">Continue Reading<\/a><\/p>\n","protected":false},"author":167,"featured_media":0,"parent":0,"menu_order":2,"comment_status":"open","ping_status":"open","template":"","meta":{"inline_featured_image":false,"ngg_post_thumbnail":0,"footnotes":""},"class_list":["post-2","page","type-page","status-publish","hentry"],"_links":{"self":[{"href":"http:\/\/www2.unifap.br\/cucas\/wp-json\/wp\/v2\/pages\/2","targetHints":{"allow":["GET"]}}],"collection":[{"href":"http:\/\/www2.unifap.br\/cucas\/wp-json\/wp\/v2\/pages"}],"about":[{"href":"http:\/\/www2.unifap.br\/cucas\/wp-json\/wp\/v2\/types\/page"}],"author":[{"embeddable":true,"href":"http:\/\/www2.unifap.br\/cucas\/wp-json\/wp\/v2\/users\/167"}],"replies":[{"embeddable":true,"href":"http:\/\/www2.unifap.br\/cucas\/wp-json\/wp\/v2\/comments?post=2"}],"version-history":[{"count":1,"href":"http:\/\/www2.unifap.br\/cucas\/wp-json\/wp\/v2\/pages\/2\/revisions"}],"predecessor-version":[{"id":5,"href":"http:\/\/www2.unifap.br\/cucas\/wp-json\/wp\/v2\/pages\/2\/revisions\/5"}],"wp:attachment":[{"href":"http:\/\/www2.unifap.br\/cucas\/wp-json\/wp\/v2\/media?parent=2"}],"curies":[{"name":"wp","href":"https:\/\/api.w.org\/{rel}","templated":true}]}}