{"id":263,"date":"2018-01-31T22:55:32","date_gmt":"2018-01-31T22:55:32","guid":{"rendered":"http:\/\/www2.unifap.br\/cucas\/?page_id=263"},"modified":"2018-01-31T23:13:40","modified_gmt":"2018-01-31T23:13:40","slug":"anais-do-simposio-grupo-cucas","status":"publish","type":"page","link":"http:\/\/www2.unifap.br\/cucas\/anais-do-simposio-grupo-cucas\/","title":{"rendered":"Anais do Simp\u00f3sio Grupo CUCAS"},"content":{"rendered":"<p>Disponibilizamos aqui os\u00a0Anais do Simp\u00f3sio Grupo CUCAS, que teve sua primeira edi\u00e7\u00e3o em agosto de 2016, e demais arquivos formais do evento.<\/p>\n<p><a href=\"http:\/\/www2.unifap.br\/cucas\/files\/2018\/01\/logo.jpg\"><img fetchpriority=\"high\" decoding=\"async\" class=\"alignright size-medium wp-image-260\" alt=\"CUCAS\" src=\"http:\/\/www2.unifap.br\/cucas\/files\/2018\/01\/logo-300x241.jpg\" width=\"300\" height=\"241\" srcset=\"http:\/\/www2.unifap.br\/cucas\/files\/2018\/01\/logo-300x241.jpg 300w, http:\/\/www2.unifap.br\/cucas\/files\/2018\/01\/logo.jpg 341w\" sizes=\"(max-width: 300px) 100vw, 300px\" \/><\/a><\/p>\n<p>Clique nos links para exibir cada arquivo.<\/p>\n<p><a href=\"http:\/\/www2.unifap.br\/cucas\/files\/2018\/01\/apresentacao.pdf\">Apresenta\u00e7\u00e3o<\/a><\/p>\n<p><a href=\"http:\/\/www2.unifap.br\/cucas\/files\/2018\/01\/editorial.pdf\">Corpo Editorial<\/a><\/p>\n<p><a href=\"http:\/\/www2.unifap.br\/cucas\/files\/2018\/01\/normas-para-publicacao.pdf\">Normas para publica\u00e7\u00e3o<\/a><\/p>\n<p><a href=\"http:\/\/www2.unifap.br\/cucas\/files\/2018\/01\/endere\u00e7o-de-contato.pdf\">Endere\u00e7o de contato<\/a><\/p>\n<p><a href=\"http:\/\/www2.unifap.br\/cucas\/files\/2018\/01\/Anais-do-Primeiro-Simp\u00f3sio-Grupo-CUCAS.pdf\">Edi\u00e7\u00e3o atual<\/a><\/p>\n<p><a href=\"http:\/\/www2.unifap.br\/cucas\/files\/2018\/01\/edi\u00e7\u00f5es-anteriores.pdf\">Edi\u00e7\u00f5es anteriores<\/a><\/p>\n<p>&nbsp;<\/p>\n","protected":false},"excerpt":{"rendered":"<p>Disponibilizamos aqui os\u00a0Anais do Simp\u00f3sio Grupo CUCAS, que teve sua primeira edi\u00e7\u00e3o em agosto de 2016, e demais arquivos formais do evento. Clique nos links para exibir cada arquivo. Apresenta\u00e7\u00e3o Corpo Editorial Normas para publica\u00e7\u00e3o Endere\u00e7o de contato Edi\u00e7\u00e3o atual&hellip; <\/p>\n<p><a href=\"http:\/\/www2.unifap.br\/cucas\/anais-do-simposio-grupo-cucas\/\" class=\"readmore-button\">Continue Reading<\/a><\/p>\n","protected":false},"author":2101,"featured_media":0,"parent":0,"menu_order":0,"comment_status":"open","ping_status":"open","template":"","meta":{"inline_featured_image":false,"ngg_post_thumbnail":0,"footnotes":""},"class_list":["post-263","page","type-page","status-publish","hentry"],"_links":{"self":[{"href":"http:\/\/www2.unifap.br\/cucas\/wp-json\/wp\/v2\/pages\/263","targetHints":{"allow":["GET"]}}],"collection":[{"href":"http:\/\/www2.unifap.br\/cucas\/wp-json\/wp\/v2\/pages"}],"about":[{"href":"http:\/\/www2.unifap.br\/cucas\/wp-json\/wp\/v2\/types\/page"}],"author":[{"embeddable":true,"href":"http:\/\/www2.unifap.br\/cucas\/wp-json\/wp\/v2\/users\/2101"}],"replies":[{"embeddable":true,"href":"http:\/\/www2.unifap.br\/cucas\/wp-json\/wp\/v2\/comments?post=263"}],"version-history":[{"count":4,"href":"http:\/\/www2.unifap.br\/cucas\/wp-json\/wp\/v2\/pages\/263\/revisions"}],"predecessor-version":[{"id":267,"href":"http:\/\/www2.unifap.br\/cucas\/wp-json\/wp\/v2\/pages\/263\/revisions\/267"}],"wp:attachment":[{"href":"http:\/\/www2.unifap.br\/cucas\/wp-json\/wp\/v2\/media?parent=263"}],"curies":[{"name":"wp","href":"https:\/\/api.w.org\/{rel}","templated":true}]}}