{"id":1859,"date":"2015-08-19T11:04:54","date_gmt":"2015-08-19T11:04:54","guid":{"rendered":"http:\/\/www2.unifap.br\/dace\/?page_id=1859"},"modified":"2016-01-19T13:37:20","modified_gmt":"2016-01-19T13:37:20","slug":"auxilios-pagos-em-conta-agosto-a-dezembro2015","status":"publish","type":"page","link":"http:\/\/www2.unifap.br\/dace\/assistencia-estudantil\/transparencia\/campus-marco-zero-2015\/auxilios-pagos-em-conta-agosto-a-dezembro2015","title":{"rendered":"AUX\u00cdLIOS PAGOS EM CONTA &#8211; AGOSTO A DEZEMBRO\/2015"},"content":{"rendered":"<div align=\"center\">\n<table width=\"603\" border=\"1\" cellspacing=\"0\" cellpadding=\"0\">\n<tbody>\n<tr>\n<td colspan=\"5\" width=\"603\">\n<p align=\"center\"><b>PAGAMENTO AUX\u00cdLIOS DACE\/PROEAC\/UNIFAP (CAMPUS MARCO ZERO)<\/b><\/p>\n<\/td>\n<\/tr>\n<tr>\n<td colspan=\"5\" width=\"603\">\n<p align=\"center\"><b>AUX\u00cdLIOS<\/b><\/p>\n<\/td>\n<\/tr>\n<tr>\n<td width=\"117\">\n<p align=\"center\"><b>M\u00caS<\/b><\/p>\n<\/td>\n<td width=\"109\">\n<p align=\"center\"><b>PERMAN\u00caNCIA<\/b><\/p>\n<p align=\"center\"><b>VALOR R$ 250,00<\/b><\/p>\n<p align=\"center\">\n<\/td>\n<td width=\"141\">\n<p align=\"center\"><b>MORADIA<\/b><\/p>\n<p align=\"center\"><b>VALOR R$ 200,00<\/b><\/p>\n<p align=\"center\">\n<\/td>\n<td width=\"132\">\n<p align=\"center\"><b>ODONTOL\u00d3GICO<\/b><\/p>\n<p align=\"center\"><b>VALOR R$ 35,00<\/b><\/p>\n<p align=\"center\">\n<\/td>\n<td valign=\"top\" width=\"104\">\n<p align=\"center\"><b>SA\u00daDE<\/b><\/p>\n<p align=\"center\"><b>VALOR M\u00c9DIO R$ 165,14<\/b><\/p>\n<p align=\"center\"><b>\u00a0<\/b><\/p>\n<\/td>\n<\/tr>\n<tr>\n<td width=\"117\">\n<p align=\"center\"><b>AGOSTO<\/b><\/p>\n<\/td>\n<td style=\"text-align: center\" width=\"109\">\u00a0<span style=\"color: #800000\"><strong><a title=\"CLIQUE AQUI\" href=\"http:\/\/www2.unifap.br\/dace\/files\/2015\/08\/1-Permanencia-AGOTOS-73.pdf\" target=\"_blank\"><span style=\"color: #800000\">73<\/span><\/a><\/strong><\/span><\/td>\n<td style=\"text-align: center\" width=\"141\">\u00a0<span style=\"color: #800000\"><strong><a title=\"CLIQUE AQUI\" href=\"http:\/\/www2.unifap.br\/dace\/files\/2015\/08\/1-MORADIA-AGOSTO-51.pdf\" target=\"_blank\"><span style=\"color: #800000\">51<\/span><\/a><\/strong><\/span><\/td>\n<td style=\"text-align: center\" width=\"132\">\u00a0<span style=\"color: #800000\"><strong><a title=\"CLIQUE AQUI\" href=\"http:\/\/www2.unifap.br\/dace\/files\/2015\/08\/1-ODONTOLOGICO-AGOSTO-7.pdf\" target=\"_blank\"><span style=\"color: #800000\">7<\/span><\/a><\/strong><\/span><\/td>\n<td style=\"text-align: center\" valign=\"top\" width=\"104\"><span style=\"color: #800000\"><strong><a title=\"CLIQUE AQUI\" href=\"http:\/\/www2.unifap.br\/dace\/files\/2015\/08\/1-SAUDE-AGOSTO-5.pdf\" target=\"_blank\"><span style=\"color: #800000\">5<\/span><\/a><\/strong><\/span><\/td>\n<\/tr>\n<tr>\n<td width=\"117\">\n<p align=\"center\"><b>SETEMBRO<\/b><\/p>\n<\/td>\n<td style=\"text-align: center\" width=\"109\">\u00a0<span style=\"color: #800000\"><strong><a title=\"CLIQUE AQUI\" href=\"http:\/\/www2.unifap.br\/dace\/files\/2015\/08\/1-Permanencia-SETEMBRO-73.pdf\" target=\"_blank\"><span style=\"color: #800000\">73<\/span><\/a><\/strong><\/span><\/td>\n<td style=\"text-align: center\" width=\"141\">\u00a0<span style=\"color: #800000\"><strong><a title=\"CLIQUE AQUI\" href=\"http:\/\/www2.unifap.br\/dace\/files\/2015\/08\/1-MORADIA-SETEMBRO-46.pdf\" target=\"_blank\"><span style=\"color: #800000\">46<\/span><\/a><\/strong><\/span><\/td>\n<td style=\"text-align: center\" width=\"132\">\u00a0<span style=\"color: #800000\"><strong><a title=\"CLIQUE AQUI\" href=\"http:\/\/www2.unifap.br\/dace\/files\/2015\/08\/1-ODONTOLOGICO-SETEMBRO-6.pdf\" target=\"_blank\"><span style=\"color: #800000\">6<\/span><\/a><\/strong><\/span><\/td>\n<td style=\"text-align: center\" valign=\"top\" width=\"104\"><span style=\"color: #800000\"><strong>\u00a0<a title=\"CLIQUE AQUI\" href=\"http:\/\/www2.unifap.br\/dace\/files\/2015\/08\/1-SAUDE-SETEMBRO-5.pdf\" target=\"_blank\"><span style=\"color: #800000\">5<\/span><\/a><\/strong><\/span><\/td>\n<\/tr>\n<tr>\n<td width=\"117\">\n<p align=\"center\"><b>OUTUBRO<\/b><\/p>\n<\/td>\n<td style=\"text-align: center\" width=\"109\">\u00a0<span style=\"color: #800000\"><strong><a title=\"CLIQUE AQUI\" href=\"http:\/\/www2.unifap.br\/dace\/files\/2015\/08\/1-Permanencia-OUTUBRO-73.pdf\" target=\"_blank\"><span style=\"color: #800000\">73<\/span><\/a><\/strong><\/span><\/td>\n<td style=\"text-align: center\" width=\"141\"><span style=\"color: #800000\"><strong>\u00a0<a title=\"CLIQUE AQUI\" href=\"http:\/\/www2.unifap.br\/dace\/files\/2015\/08\/1-MORADIA-OUTUBRO-461.pdf\" target=\"_blank\"><span style=\"color: #800000\">46<\/span><\/a><\/strong><\/span><span style=\"color: #800000\"><strong><a title=\"CLIQUE AQUI\" href=\"http:\/\/www2.unifap.br\/dace\/files\/2015\/08\/1-MORADIA-OUTUBRO-46.pdf\" target=\"_blank\"><span style=\"color: #800000\"><br \/>\n<\/span><\/a><\/strong><\/span><\/td>\n<td style=\"text-align: center\" width=\"132\">\u00a0<span style=\"color: #800000\"><strong><a title=\"CLIQUE AQUI\" href=\"http:\/\/www2.unifap.br\/dace\/files\/2015\/08\/1-ODONTOLOGICO-OUTUBRO-8.pdf\" target=\"_blank\"><span style=\"color: #800000\">8<\/span><\/a><\/strong><\/span><\/td>\n<td style=\"text-align: center\" valign=\"top\" width=\"104\">\u00a0<span style=\"color: #800000\"><strong><a title=\"CLIQUE AQUI\" href=\"http:\/\/www2.unifap.br\/dace\/files\/2015\/08\/1-SAUDE-OUTUBRO-6.pdf\" target=\"_blank\"><span style=\"color: #800000\">6<\/span><\/a><\/strong><\/span><\/td>\n<\/tr>\n<tr>\n<td width=\"117\">\n<p align=\"center\"><b>NOVEMBRO<\/b><\/p>\n<\/td>\n<td style=\"text-align: center\" width=\"109\">\u00a0<span style=\"color: #800000\"><strong><a title=\"CLIQUE AQUI\" href=\"http:\/\/www2.unifap.br\/dace\/files\/2015\/08\/1-Permanencia-NOVEMBRO-73.pdf\" target=\"_blank\"><span style=\"color: #800000\">73<\/span><\/a><\/strong><\/span><\/td>\n<td style=\"text-align: center\" width=\"141\">\u00a0<span style=\"color: #800000\"><strong><a title=\"CLIQUE AQUI\" href=\"http:\/\/www2.unifap.br\/dace\/files\/2015\/08\/1-MORADIA-NOVEMBRO-79.pdf\" target=\"_blank\"><span style=\"color: #800000\">79<\/span><\/a><\/strong><\/span><\/td>\n<td style=\"text-align: center\" width=\"132\">\u00a0<span style=\"color: #800000\"><strong><a title=\"CLIQUE AQUI\" href=\"http:\/\/www2.unifap.br\/dace\/files\/2015\/08\/1-ODONTOLOGICO-NOVEMBRO-8.pdf\" target=\"_blank\"><span style=\"color: #800000\">8<\/span><\/a><\/strong><\/span><\/td>\n<td style=\"text-align: center\" valign=\"top\" width=\"104\">\u00a0<span style=\"color: #800000\"><strong><a title=\"CLIQUE AQUI\" href=\"http:\/\/www2.unifap.br\/dace\/files\/2015\/08\/1-SAUDE-NOVEMBRO-4.pdf\" target=\"_blank\"><span style=\"color: #800000\">4<\/span><\/a><\/strong><\/span><\/td>\n<\/tr>\n<tr>\n<td width=\"117\">\n<p align=\"center\"><b>DEZEMBRO<\/b><\/p>\n<\/td>\n<td style=\"text-align: center\" width=\"109\">\u00a0<span style=\"color: #800000\"><strong><a title=\"CLIQUE AQUI\" href=\"http:\/\/www2.unifap.br\/dace\/files\/2015\/08\/1-Permanencia-DEZEMBRO-103.pdf\" target=\"_blank\"><span style=\"color: #800000\">103<\/span><\/a><\/strong><\/span><\/td>\n<td style=\"text-align: center\" width=\"141\"><span style=\"color: #800000\"><strong>\u00a0<a title=\"CLIQUE AQUI\" href=\"http:\/\/www2.unifap.br\/dace\/files\/2015\/08\/1-MORADIA-PG-DEZEMBRO-62.pdf\" target=\"_blank\"><span style=\"color: #800000\">62<\/span><\/a><\/strong><\/span><\/td>\n<td style=\"text-align: center\" width=\"132\">\u00a0<span style=\"color: #800000\"><strong><a title=\"CLIQUE AQUI\" href=\"http:\/\/www2.unifap.br\/dace\/files\/2015\/08\/1-ODONTOLOGICO-JANEIRO-11.pdf\" target=\"_blank\"><span style=\"color: #800000\">11<\/span><\/a><\/strong><\/span><\/td>\n<td style=\"text-align: center\" valign=\"top\" width=\"104\">\u00a0<span style=\"color: #800000\"><strong><a title=\"CLIQUE AQUI\" href=\"http:\/\/www2.unifap.br\/dace\/files\/2015\/08\/1-SAUDE-DEZEMBRO-8.pdf\" target=\"_blank\"><span style=\"color: #800000\">8<\/span><\/a><\/strong><\/span><\/td>\n<\/tr>\n<\/tbody>\n<\/table>\n<\/div>\n","protected":false},"excerpt":{"rendered":"<p>PAGAMENTO AUX\u00cdLIOS DACE\/PROEAC\/UNIFAP (CAMPUS MARCO ZERO) AUX\u00cdLIOS M\u00caS PERMAN\u00caNCIA VALOR R$ 250,00 MORADIA VALOR R$ 200,00 ODONTOL\u00d3GICO VALOR R$ 35,00&#8230;<\/p>\n","protected":false},"author":405,"featured_media":0,"parent":1581,"menu_order":0,"comment_status":"closed","ping_status":"open","template":"","meta":{"inline_featured_image":false,"site-sidebar-layout":"default","site-content-layout":"","ast-site-content-layout":"default","site-content-style":"default","site-sidebar-style":"default","ast-global-header-display":"","ast-banner-title-visibility":"","ast-main-header-display":"","ast-hfb-above-header-display":"","ast-hfb-below-header-display":"","ast-hfb-mobile-header-display":"","site-post-title":"","ast-breadcrumbs-content":"","ast-featured-img":"","footer-sml-layout":"","theme-transparent-header-meta":"","adv-header-id-meta":"","stick-header-meta":"","header-above-stick-meta":"","header-main-stick-meta":"","header-below-stick-meta":"","astra-migrate-meta-layouts":"default","ast-page-background-enabled":"default","ast-page-background-meta":{"desktop":{"background-color":"var(--ast-global-color-4)","background-image":"","background-repeat":"repeat","background-position":"center center","background-size":"auto","background-attachment":"scroll","background-type":"","background-media":"","overlay-type":"","overlay-color":"","overlay-opacity":"","overlay-gradient":""},"tablet":{"background-color":"","background-image":"","background-repeat":"repeat","background-position":"center center","background-size":"auto","background-attachment":"scroll","background-type":"","background-media":"","overlay-type":"","overlay-color":"","overlay-opacity":"","overlay-gradient":""},"mobile":{"background-color":"","background-image":"","background-repeat":"repeat","background-position":"center center","background-size":"auto","background-attachment":"scroll","background-type":"","background-media":"","overlay-type":"","overlay-color":"","overlay-opacity":"","overlay-gradient":""}},"ast-content-background-meta":{"desktop":{"background-color":"var(--ast-global-color-5)","background-image":"","background-repeat":"repeat","background-position":"center center","background-size":"auto","background-attachment":"scroll","background-type":"","background-media":"","overlay-type":"","overlay-color":"","overlay-opacity":"","overlay-gradient":""},"tablet":{"background-color":"var(--ast-global-color-5)","background-image":"","background-repeat":"repeat","background-position":"center center","background-size":"auto","background-attachment":"scroll","background-type":"","background-media":"","overlay-type":"","overlay-color":"","overlay-opacity":"","overlay-gradient":""},"mobile":{"background-color":"var(--ast-global-color-5)","background-image":"","background-repeat":"repeat","background-position":"center center","background-size":"auto","background-attachment":"scroll","background-type":"","background-media":"","overlay-type":"","overlay-color":"","overlay-opacity":"","overlay-gradient":""}},"ngg_post_thumbnail":0,"footnotes":""},"class_list":["post-1859","page","type-page","status-publish","hentry"],"_links":{"self":[{"href":"http:\/\/www2.unifap.br\/dace\/wp-json\/wp\/v2\/pages\/1859","targetHints":{"allow":["GET"]}}],"collection":[{"href":"http:\/\/www2.unifap.br\/dace\/wp-json\/wp\/v2\/pages"}],"about":[{"href":"http:\/\/www2.unifap.br\/dace\/wp-json\/wp\/v2\/types\/page"}],"author":[{"embeddable":true,"href":"http:\/\/www2.unifap.br\/dace\/wp-json\/wp\/v2\/users\/405"}],"replies":[{"embeddable":true,"href":"http:\/\/www2.unifap.br\/dace\/wp-json\/wp\/v2\/comments?post=1859"}],"version-history":[{"count":25,"href":"http:\/\/www2.unifap.br\/dace\/wp-json\/wp\/v2\/pages\/1859\/revisions"}],"predecessor-version":[{"id":2156,"href":"http:\/\/www2.unifap.br\/dace\/wp-json\/wp\/v2\/pages\/1859\/revisions\/2156"}],"up":[{"embeddable":true,"href":"http:\/\/www2.unifap.br\/dace\/wp-json\/wp\/v2\/pages\/1581"}],"wp:attachment":[{"href":"http:\/\/www2.unifap.br\/dace\/wp-json\/wp\/v2\/media?parent=1859"}],"curies":[{"name":"wp","href":"https:\/\/api.w.org\/{rel}","templated":true}]}}