{"id":1615,"date":"2018-08-29T20:19:11","date_gmt":"2018-08-29T20:19:11","guid":{"rendered":"http:\/\/www2.unifap.br\/dcet\/?page_id=1615"},"modified":"2022-08-21T20:54:08","modified_gmt":"2022-08-21T23:54:08","slug":"estagio","status":"publish","type":"page","link":"http:\/\/www2.unifap.br\/dcet\/documentos\/estagio\/","title":{"rendered":"Est\u00e1gio"},"content":{"rendered":"<p style=\"text-align: justify\"><span style=\"font-weight: 400;color: #000000\">Est\u00e1gio \u00e9 ato educativo escolar supervisionado, desenvolvido no ambiente de trabalho, que visa \u00e0 prepara\u00e7\u00e3o para o trabalho produtivo de educandos que estejam frequentando o ensino regular em institui\u00e7\u00f5es de educa\u00e7\u00e3o superior. O est\u00e1gio poder\u00e1 ser obrigat\u00f3rio ou n\u00e3o-obrigat\u00f3rio, conforme determina\u00e7\u00e3o das diretrizes curriculares da etapa, modalidade e \u00e1rea de ensino e do projeto pedag\u00f3gico do curso.<\/span><\/p>\n<p style=\"text-align: justify\"><span style=\"font-weight: 400;color: #000000\">O Est\u00e1gio Obrigat\u00f3rio \u00e9 aquele previsto no Projeto Pedag\u00f3gico do Curso de Gradua\u00e7\u00e3o, como componente indispens\u00e1vel para a integraliza\u00e7\u00e3o do curr\u00edculo, cuja carga hor\u00e1ria \u00e9 requisito para aprova\u00e7\u00e3o e obten\u00e7\u00e3o de diploma. Recomenda-se ao aluno formalizar o Est\u00e1gio Obrigat\u00f3rio junto a Comiss\u00e3o de Est\u00e1gio Supervisionado de seu Curso. J\u00e1 o Est\u00e1gio N\u00e3o-Obrigat\u00f3rio \u00e9 aquele desenvolvido como atividade opcional, acrescida \u00e0 carga hor\u00e1ria regular e obrigat\u00f3ria do Curso de Gradua\u00e7\u00e3o. Recomenda-se ao aluno formalizar o Est\u00e1gio N\u00e3o-Obrigat\u00f3rio junto ao DCET.<\/span><\/p>\n","protected":false},"excerpt":{"rendered":"<p>Est\u00e1gio \u00e9 ato educativo escolar supervisionado, desenvolvido no ambiente de trabalho, que visa \u00e0 prepara\u00e7\u00e3o para o trabalho produtivo de educandos que estejam frequentando o ensino regular em institui\u00e7\u00f5es de educa\u00e7\u00e3o superior. O est\u00e1gio poder\u00e1 ser obrigat\u00f3rio ou n\u00e3o-obrigat\u00f3rio, conforme determina\u00e7\u00e3o das diretrizes curriculares da etapa, modalidade e \u00e1rea de ensino e do projeto pedag\u00f3gico&#8230;<\/p>\n","protected":false},"author":521,"featured_media":0,"parent":691,"menu_order":0,"comment_status":"open","ping_status":"open","template":"","meta":{"inline_featured_image":false,"site-sidebar-layout":"default","site-content-layout":"","ast-site-content-layout":"default","site-content-style":"default","site-sidebar-style":"default","ast-global-header-display":"","ast-banner-title-visibility":"","ast-main-header-display":"","ast-hfb-above-header-display":"","ast-hfb-below-header-display":"","ast-hfb-mobile-header-display":"","site-post-title":"","ast-breadcrumbs-content":"","ast-featured-img":"","footer-sml-layout":"","theme-transparent-header-meta":"","adv-header-id-meta":"","stick-header-meta":"","header-above-stick-meta":"","header-main-stick-meta":"","header-below-stick-meta":"","astra-migrate-meta-layouts":"default","ast-page-background-enabled":"default","ast-page-background-meta":{"desktop":{"background-color":"var(--ast-global-color-4)","background-image":"","background-repeat":"repeat","background-position":"center center","background-size":"auto","background-attachment":"scroll","background-type":"","background-media":"","overlay-type":"","overlay-color":"","overlay-opacity":"","overlay-gradient":""},"tablet":{"background-color":"","background-image":"","background-repeat":"repeat","background-position":"center center","background-size":"auto","background-attachment":"scroll","background-type":"","background-media":"","overlay-type":"","overlay-color":"","overlay-opacity":"","overlay-gradient":""},"mobile":{"background-color":"","background-image":"","background-repeat":"repeat","background-position":"center center","background-size":"auto","background-attachment":"scroll","background-type":"","background-media":"","overlay-type":"","overlay-color":"","overlay-opacity":"","overlay-gradient":""}},"ast-content-background-meta":{"desktop":{"background-color":"var(--ast-global-color-5)","background-image":"","background-repeat":"repeat","background-position":"center center","background-size":"auto","background-attachment":"scroll","background-type":"","background-media":"","overlay-type":"","overlay-color":"","overlay-opacity":"","overlay-gradient":""},"tablet":{"background-color":"var(--ast-global-color-5)","background-image":"","background-repeat":"repeat","background-position":"center center","background-size":"auto","background-attachment":"scroll","background-type":"","background-media":"","overlay-type":"","overlay-color":"","overlay-opacity":"","overlay-gradient":""},"mobile":{"background-color":"var(--ast-global-color-5)","background-image":"","background-repeat":"repeat","background-position":"center center","background-size":"auto","background-attachment":"scroll","background-type":"","background-media":"","overlay-type":"","overlay-color":"","overlay-opacity":"","overlay-gradient":""}},"ngg_post_thumbnail":0,"footnotes":""},"class_list":["post-1615","page","type-page","status-publish","hentry"],"_links":{"self":[{"href":"http:\/\/www2.unifap.br\/dcet\/wp-json\/wp\/v2\/pages\/1615","targetHints":{"allow":["GET"]}}],"collection":[{"href":"http:\/\/www2.unifap.br\/dcet\/wp-json\/wp\/v2\/pages"}],"about":[{"href":"http:\/\/www2.unifap.br\/dcet\/wp-json\/wp\/v2\/types\/page"}],"author":[{"embeddable":true,"href":"http:\/\/www2.unifap.br\/dcet\/wp-json\/wp\/v2\/users\/521"}],"replies":[{"embeddable":true,"href":"http:\/\/www2.unifap.br\/dcet\/wp-json\/wp\/v2\/comments?post=1615"}],"version-history":[{"count":12,"href":"http:\/\/www2.unifap.br\/dcet\/wp-json\/wp\/v2\/pages\/1615\/revisions"}],"predecessor-version":[{"id":10195,"href":"http:\/\/www2.unifap.br\/dcet\/wp-json\/wp\/v2\/pages\/1615\/revisions\/10195"}],"up":[{"embeddable":true,"href":"http:\/\/www2.unifap.br\/dcet\/wp-json\/wp\/v2\/pages\/691"}],"wp:attachment":[{"href":"http:\/\/www2.unifap.br\/dcet\/wp-json\/wp\/v2\/media?parent=1615"}],"curies":[{"name":"wp","href":"https:\/\/api.w.org\/{rel}","templated":true}]}}