{"id":262,"date":"2016-07-19T14:53:06","date_gmt":"2016-07-19T14:53:06","guid":{"rendered":"http:\/\/www2.unifap.br\/dcet\/?page_id=262"},"modified":"2022-08-21T20:52:53","modified_gmt":"2022-08-21T23:52:53","slug":"equipe","status":"publish","type":"page","link":"http:\/\/www2.unifap.br\/dcet\/dcet\/equipe\/","title":{"rendered":"Equipe"},"content":{"rendered":"<p><span style=\"color: #000000\"><strong>Cristina Maria Baddini Lucas <\/strong>(Diretora) &#8211; cristina.lucas@unifap.br<\/span><\/p>\n<p><span style=\"color: #000000\"><strong>Fernanda Regina Smith Neves Corr\u00eaa <\/strong>(Vice-Diretora) &#8211; fernandasmith@unifap.br<\/span><\/p>\n<p><span style=\"color: #000000\"><strong>Darlen Raquel dos Santos Maia<\/strong> (Secret\u00e1ria Executiva) &#8211;&nbsp;darlen@unifap.br<\/span><\/p>\n<p><span style=\"color: #000000\"><strong>Mar\u00edlia Pantoja Brito<\/strong> (Pedagoga) &#8211; marilia.brito@unifap.br<\/span><\/p>\n<p><span style=\"color: #000000\"><strong>N\u00fabia Simone Sardinha Duarte <\/strong>(T\u00e9cnica em Assuntos Educacionais) &#8211;&nbsp;nubiasi@unifap.br<\/span><\/p>\n<p><span style=\"color: #000000\"><strong>Analu Cristina de Souza<\/strong> (Assistente em Administra\u00e7\u00e3o) &#8211;&nbsp;analu@unifap.br<\/span><\/p>\n","protected":false},"excerpt":{"rendered":"<p>Cristina Maria Baddini Lucas (Diretora) &#8211; cristina.lucas@unifap.br Fernanda Regina Smith Neves Corr\u00eaa (Vice-Diretora) &#8211; fernandasmith@unifap.br Darlen Raquel dos Santos Maia (Secret\u00e1ria Executiva) &#8211;&nbsp;darlen@unifap.br Mar\u00edlia Pantoja Brito (Pedagoga) &#8211; marilia.brito@unifap.br N\u00fabia Simone Sardinha Duarte (T\u00e9cnica em Assuntos Educacionais) &#8211;&nbsp;nubiasi@unifap.br Analu Cristina de Souza (Assistente em Administra\u00e7\u00e3o) &#8211;&nbsp;analu@unifap.br<\/p>\n","protected":false},"author":521,"featured_media":0,"parent":635,"menu_order":9,"comment_status":"open","ping_status":"open","template":"","meta":{"inline_featured_image":false,"site-sidebar-layout":"default","site-content-layout":"","ast-site-content-layout":"default","site-content-style":"default","site-sidebar-style":"default","ast-global-header-display":"","ast-banner-title-visibility":"","ast-main-header-display":"","ast-hfb-above-header-display":"","ast-hfb-below-header-display":"","ast-hfb-mobile-header-display":"","site-post-title":"","ast-breadcrumbs-content":"","ast-featured-img":"","footer-sml-layout":"","theme-transparent-header-meta":"","adv-header-id-meta":"","stick-header-meta":"","header-above-stick-meta":"","header-main-stick-meta":"","header-below-stick-meta":"","astra-migrate-meta-layouts":"default","ast-page-background-enabled":"default","ast-page-background-meta":{"desktop":{"background-color":"var(--ast-global-color-4)","background-image":"","background-repeat":"repeat","background-position":"center center","background-size":"auto","background-attachment":"scroll","background-type":"","background-media":"","overlay-type":"","overlay-color":"","overlay-opacity":"","overlay-gradient":""},"tablet":{"background-color":"","background-image":"","background-repeat":"repeat","background-position":"center center","background-size":"auto","background-attachment":"scroll","background-type":"","background-media":"","overlay-type":"","overlay-color":"","overlay-opacity":"","overlay-gradient":""},"mobile":{"background-color":"","background-image":"","background-repeat":"repeat","background-position":"center center","background-size":"auto","background-attachment":"scroll","background-type":"","background-media":"","overlay-type":"","overlay-color":"","overlay-opacity":"","overlay-gradient":""}},"ast-content-background-meta":{"desktop":{"background-color":"var(--ast-global-color-5)","background-image":"","background-repeat":"repeat","background-position":"center center","background-size":"auto","background-attachment":"scroll","background-type":"","background-media":"","overlay-type":"","overlay-color":"","overlay-opacity":"","overlay-gradient":""},"tablet":{"background-color":"var(--ast-global-color-5)","background-image":"","background-repeat":"repeat","background-position":"center center","background-size":"auto","background-attachment":"scroll","background-type":"","background-media":"","overlay-type":"","overlay-color":"","overlay-opacity":"","overlay-gradient":""},"mobile":{"background-color":"var(--ast-global-color-5)","background-image":"","background-repeat":"repeat","background-position":"center center","background-size":"auto","background-attachment":"scroll","background-type":"","background-media":"","overlay-type":"","overlay-color":"","overlay-opacity":"","overlay-gradient":""}},"ngg_post_thumbnail":0,"footnotes":""},"class_list":["post-262","page","type-page","status-publish","hentry"],"_links":{"self":[{"href":"http:\/\/www2.unifap.br\/dcet\/wp-json\/wp\/v2\/pages\/262","targetHints":{"allow":["GET"]}}],"collection":[{"href":"http:\/\/www2.unifap.br\/dcet\/wp-json\/wp\/v2\/pages"}],"about":[{"href":"http:\/\/www2.unifap.br\/dcet\/wp-json\/wp\/v2\/types\/page"}],"author":[{"embeddable":true,"href":"http:\/\/www2.unifap.br\/dcet\/wp-json\/wp\/v2\/users\/521"}],"replies":[{"embeddable":true,"href":"http:\/\/www2.unifap.br\/dcet\/wp-json\/wp\/v2\/comments?post=262"}],"version-history":[{"count":13,"href":"http:\/\/www2.unifap.br\/dcet\/wp-json\/wp\/v2\/pages\/262\/revisions"}],"predecessor-version":[{"id":7510,"href":"http:\/\/www2.unifap.br\/dcet\/wp-json\/wp\/v2\/pages\/262\/revisions\/7510"}],"up":[{"embeddable":true,"href":"http:\/\/www2.unifap.br\/dcet\/wp-json\/wp\/v2\/pages\/635"}],"wp:attachment":[{"href":"http:\/\/www2.unifap.br\/dcet\/wp-json\/wp\/v2\/media?parent=262"}],"curies":[{"name":"wp","href":"https:\/\/api.w.org\/{rel}","templated":true}]}}