{"id":38,"date":"2014-06-16T18:05:52","date_gmt":"2014-06-16T18:05:52","guid":{"rendered":"http:\/\/www2.unifap.br\/dcet\/?page_id=38"},"modified":"2021-03-15T15:46:11","modified_gmt":"2021-03-15T18:46:11","slug":"cursos","status":"publish","type":"page","link":"http:\/\/www2.unifap.br\/dcet\/dcet\/cursos\/","title":{"rendered":"Cursos"},"content":{"rendered":"<p>O DCET \u00e9 representativo dos cursos:<\/p>\n<p>Gradua\u00e7\u00e3o<\/p>\n<ul>\n<li><strong><a title=\"Arquitetura\" href=\"http:\/\/www2.unifap.br\/arquitetura\/\" target=\"_blank\" rel=\"noopener noreferrer\">Arquitetura e Urbanismo<\/a><\/strong><\/li>\n<li><strong><a title=\"ccomputacao\" href=\"http:\/\/www2.unifap.br\/ccomputacao\/\" target=\"_blank\" rel=\"noopener noreferrer\">Ci\u00eancia da Computa\u00e7\u00e3o<\/a><\/strong><\/li>\n<li><strong><a href=\"http:\/\/www2.unifap.br\/engcivil\/\" target=\"_blank\" rel=\"noopener noreferrer\">Engenharia Civil<\/a><\/strong><\/li>\n<li><strong><a href=\"http:\/\/www2.unifap.br\/eletrica\/\" target=\"_blank\" rel=\"noopener noreferrer\">Engenharia El\u00e9trica<\/a><\/strong><\/li>\n<li><strong><a href=\"http:\/\/www2.unifap.br\/fisica\/\" target=\"_blank\" rel=\"noopener noreferrer\">F\u00edsica<\/a><\/strong><\/li>\n<li><strong><a href=\"http:\/\/www2.unifap.br\/matematica\/\" target=\"_blank\" rel=\"noopener noreferrer\">Matem\u00e1tica<\/a><\/strong><\/li>\n<li><strong><a href=\"http:\/\/www2.unifap.br\/quimica\/\">Qu\u00edmica<\/a><\/strong><\/li>\n<\/ul>\n<p>P\u00f3s-Gradua\u00e7\u00e3o<\/p>\n<ul>\n<li><strong><a href=\"http:\/\/www2.unifap.br\/profmat\/\" target=\"_blank\" rel=\"noopener noreferrer\">PROFMAT<\/a><\/strong><\/li>\n<li><strong><a href=\"http:\/\/www.profnit.org.br\/pt\/sample-page\/\">PROFNIT<\/a><\/strong><\/li>\n<\/ul>\n","protected":false},"excerpt":{"rendered":"<p>O DCET \u00e9 representativo dos cursos: Gradua\u00e7\u00e3o Arquitetura e Urbanismo Ci\u00eancia da Computa\u00e7\u00e3o Engenharia Civil Engenharia El\u00e9trica F\u00edsica Matem\u00e1tica Qu\u00edmica P\u00f3s-Gradua\u00e7\u00e3o PROFMAT PROFNIT<\/p>\n","protected":false},"author":520,"featured_media":0,"parent":635,"menu_order":0,"comment_status":"open","ping_status":"open","template":"","meta":{"inline_featured_image":false,"site-sidebar-layout":"default","site-content-layout":"","ast-site-content-layout":"default","site-content-style":"default","site-sidebar-style":"default","ast-global-header-display":"","ast-banner-title-visibility":"","ast-main-header-display":"","ast-hfb-above-header-display":"","ast-hfb-below-header-display":"","ast-hfb-mobile-header-display":"","site-post-title":"","ast-breadcrumbs-content":"","ast-featured-img":"","footer-sml-layout":"","theme-transparent-header-meta":"","adv-header-id-meta":"","stick-header-meta":"","header-above-stick-meta":"","header-main-stick-meta":"","header-below-stick-meta":"","astra-migrate-meta-layouts":"default","ast-page-background-enabled":"default","ast-page-background-meta":{"desktop":{"background-color":"var(--ast-global-color-4)","background-image":"","background-repeat":"repeat","background-position":"center center","background-size":"auto","background-attachment":"scroll","background-type":"","background-media":"","overlay-type":"","overlay-color":"","overlay-opacity":"","overlay-gradient":""},"tablet":{"background-color":"","background-image":"","background-repeat":"repeat","background-position":"center center","background-size":"auto","background-attachment":"scroll","background-type":"","background-media":"","overlay-type":"","overlay-color":"","overlay-opacity":"","overlay-gradient":""},"mobile":{"background-color":"","background-image":"","background-repeat":"repeat","background-position":"center center","background-size":"auto","background-attachment":"scroll","background-type":"","background-media":"","overlay-type":"","overlay-color":"","overlay-opacity":"","overlay-gradient":""}},"ast-content-background-meta":{"desktop":{"background-color":"var(--ast-global-color-5)","background-image":"","background-repeat":"repeat","background-position":"center center","background-size":"auto","background-attachment":"scroll","background-type":"","background-media":"","overlay-type":"","overlay-color":"","overlay-opacity":"","overlay-gradient":""},"tablet":{"background-color":"var(--ast-global-color-5)","background-image":"","background-repeat":"repeat","background-position":"center center","background-size":"auto","background-attachment":"scroll","background-type":"","background-media":"","overlay-type":"","overlay-color":"","overlay-opacity":"","overlay-gradient":""},"mobile":{"background-color":"var(--ast-global-color-5)","background-image":"","background-repeat":"repeat","background-position":"center center","background-size":"auto","background-attachment":"scroll","background-type":"","background-media":"","overlay-type":"","overlay-color":"","overlay-opacity":"","overlay-gradient":""}},"ngg_post_thumbnail":0,"footnotes":""},"class_list":["post-38","page","type-page","status-publish","hentry"],"_links":{"self":[{"href":"http:\/\/www2.unifap.br\/dcet\/wp-json\/wp\/v2\/pages\/38","targetHints":{"allow":["GET"]}}],"collection":[{"href":"http:\/\/www2.unifap.br\/dcet\/wp-json\/wp\/v2\/pages"}],"about":[{"href":"http:\/\/www2.unifap.br\/dcet\/wp-json\/wp\/v2\/types\/page"}],"author":[{"embeddable":true,"href":"http:\/\/www2.unifap.br\/dcet\/wp-json\/wp\/v2\/users\/520"}],"replies":[{"embeddable":true,"href":"http:\/\/www2.unifap.br\/dcet\/wp-json\/wp\/v2\/comments?post=38"}],"version-history":[{"count":12,"href":"http:\/\/www2.unifap.br\/dcet\/wp-json\/wp\/v2\/pages\/38\/revisions"}],"predecessor-version":[{"id":4356,"href":"http:\/\/www2.unifap.br\/dcet\/wp-json\/wp\/v2\/pages\/38\/revisions\/4356"}],"up":[{"embeddable":true,"href":"http:\/\/www2.unifap.br\/dcet\/wp-json\/wp\/v2\/pages\/635"}],"wp:attachment":[{"href":"http:\/\/www2.unifap.br\/dcet\/wp-json\/wp\/v2\/media?parent=38"}],"curies":[{"name":"wp","href":"https:\/\/api.w.org\/{rel}","templated":true}]}}