{"id":2,"date":"2015-05-27T14:33:42","date_gmt":"2015-05-27T14:33:42","guid":{"rendered":"http:\/\/www2.unifap.br\/dcp\/?page_id=2"},"modified":"2021-02-17T22:30:32","modified_gmt":"2021-02-17T22:30:32","slug":"pagina-exemplo","status":"publish","type":"page","link":"http:\/\/www2.unifap.br\/dcp\/pagina-exemplo\/","title":{"rendered":"LEGISLA\u00c7\u00c3O EXTERNA"},"content":{"rendered":"<ul>\n<li style=\"list-style-type: none\">\n<ul>\n<li><span style=\"color: #008000\"><strong><span style=\"color: #008000\"><a style=\"color: #008000\" href=\"https:\/\/abmes.org.br\/arquivos\/legislacoes\/Resolucao-CNE-CEB-002-2019-12-20.pdf\">RESOLU\u00c7\u00c3O N\u00ba 2, DE 20 DE DEZEMBRO DE 2019<\/a><\/span> &#8211; <\/strong><\/span><strong>Define as Diretrizes Curriculares Nacionais para a Forma\u00e7\u00e3o Inicial de Professores para a Educa\u00e7\u00e3o B\u00e1sica e institui a Base Nacional Comum para a Forma\u00e7\u00e3o Inicial de Professores da Educa\u00e7\u00e3o B\u00e1sica (BNC-Forma\u00e7\u00e3o).<\/strong><\/li>\n<li>\n<p class=\"identifica\"><span style=\"color: #008000\"><strong><span style=\"color: #008000\"><a style=\"color: #008000\" href=\"https:\/\/www.in.gov.br\/en\/web\/dou\/-\/resolucao-cne\/cp-n-1-de-5-de-janeiro-de-2021-297767578#:~:text=%C2%A7%201%C2%BA%20Os%20cursos%20de,totalizar%C3%A1%2C%20no%20m%C3%ADnimo%2C%203.000%20(\">RESOLU\u00c7\u00c3O CNE\/CP N\u00ba 1, DE 5 DE JANEIRO DE 2021<\/a> <\/span>&#8211;\u00a0<\/strong><\/span><strong>Define as Diretrizes Curriculares Nacionais Gerais para a Educa\u00e7\u00e3o Profissional e Tecnol\u00f3gica.<\/strong><\/p>\n<\/li>\n<li><a href=\"https:\/\/www.in.gov.br\/materia\/-\/asset_publisher\/Kujrw0TZC2Mb\/content\/id\/55877808\"><span style=\"color: #008000\"><strong>RESOLU\u00c7\u00c3O CNE\/CES n\u00ba 7, DE 1 8 DE DEZEMBRO DE 2018<\/strong><\/span><\/a> &#8211; <strong>Estabelece as Diretrizes para a Extens\u00e3o na Educa\u00e7\u00e3o Superior Brasileira e regimenta o disposto na Meta 12.7 da Lei n\u00ba 13.005\/2014, que aprova o Plano Nacional de Educa\u00e7\u00e3o &#8211; PNE 2014-2024 e d\u00e1 outras provid\u00eancias.\u00a0<\/strong><\/li>\n<li><span style=\"color: #008000\"><a style=\"color: #008000\" href=\"https:\/\/www.in.gov.br\/en\/web\/dou\/-\/portaria-n-2.117-de-6-de-dezembro-de-2019-232670913\"><strong>PORTARIA MEC n\u00ba 2.117, DE 6 DE DEZEMBRO DE 2019 <\/strong><\/a>&#8211;<\/span> <strong>Disp\u00f5e sobre a oferta de carga hor\u00e1ria na modalidade de Ensino a Dist\u00e2ncia &#8211; EaD em cursos de gradua\u00e7\u00e3o presenciais ofertados por Institui\u00e7\u00f5es de Educa\u00e7\u00e3o Superior &#8211; IES pertencentes ao Sistema Federal de Ensino.<\/strong><\/li>\n<li style=\"text-align: justify\"><strong><span style=\"color: #008000\"><a href=\"http:\/\/www2.unifap.br\/dcp\/files\/2015\/05\/Lei-13.425-2017-preven\u00e7ao-inc\u00eandio.pdf\"><span style=\"color: #008000\">LEI N\u00ba13.425, DE 30 DE MAR\u00c7O DE 2017 <\/span><\/a>\u00a0&#8211;<\/span><\/strong> <strong>Estabelece diretrizes gerais sobre medidas de preven\u00e7\u00e3o e combate a inc\u00eandio e a desastres em estabelecimentos, edifica\u00e7\u00f5es e \u00e1reas de reuni\u00e3o de p\u00fablico.<\/strong><\/li>\n<li style=\"text-align: justify\"><strong><span style=\"color: #000000\"><span style=\"color: #008000\"><a href=\"http:\/\/www2.unifap.br\/dcp\/files\/2016\/06\/Resolu\u00e7\u00e3o-n\u00ba-1-de-11-de-Mar\u00e7o-de-2016.pdf\"><span style=\"color: #008000\">RESOLU\u00c7\u00c3O N\u00ba 2, DE 13 DE MAIO DE 2016\u00a0<\/span><\/a>&#8211;<\/span> \u00a0Define as Diretrizes Curriculares Nacionais para a\u00a0Forma\u00e7\u00e3o Inicial e Continuada em N\u00edvel Superior\u00a0para Funcion\u00e1rios da Educa\u00e7\u00e3o B\u00e1sica.<\/span><\/strong><\/li>\n<li style=\"text-align: justify\"><strong style=\"color: #000000;line-height: 1.5em\"><span style=\"color: #008000\"><a href=\"http:\/\/www2.unifap.br\/dcp\/files\/2016\/06\/Resolu\u00e7\u00e3o-n\u00ba-1-de-11-de-Mar\u00e7o-de-2016.pdf\"><span style=\"color: #008000\">RESOLU\u00c7\u00c3O N\u00ba 1, DE 11 DE MAR\u00c7O DE 2016<\/span><\/a>&#8211;<\/span>\u00a0Estabelece Diretrizes e Normas Nacionais para a Oferta de Programas e Cursos de Educa\u00e7\u00e3o Superior na Modalidade a Dist\u00e2ncia.<\/strong><\/li>\n<li style=\"text-align: justify\"><span style=\"color: #000000\"><span style=\"color: #008000\"><strong><a href=\"http:\/\/www2.unifap.br\/dcp\/files\/2016\/07\/NT-conjunta-Licenciatura-do-Campo.pdf\"><span style=\"color: #008000\">NOTA T\u00c9CNICA CONJUNTA -LICENCIATURA DO CAMPO<\/span><\/a>\u00a0&#8211;<\/strong><\/span>\u00a0<strong>Esclarece e orienta\u00a0<span style=\"line-height: 1.5em\">as Institui\u00e7\u00f5es\u00a0<\/span><span style=\"line-height: 1.5em\">Federais de Ensino Superior (IFES) quanto \u00e0 oferta dos cursos de Licenciatura em Educa\u00e7\u00e3o\u00a0<\/span><span style=\"line-height: 1.5em\">do Campo.<\/span><\/strong><\/span><\/li>\n<li style=\"text-align: justify\"><span style=\"color: #000000\"><span style=\"color: #008000\"><strong><a href=\"http:\/\/www2.unifap.br\/dcp\/files\/2015\/05\/RESOLU\u00c7\u00c3O-N\u00ba-2-DE-1\u00ba-DE-JULHO-DE-2015-Licenciaturas.pdf\"><span style=\"color: #008000\">RESOLU\u00c7\u00c3O N\u00ba 2, DE 1\u00ba DE JULHO DE 2015 &#8211; Licenciaturas<\/span><\/a><\/strong>\u00a0\u00a0<\/span><strong>&#8211; Esta Resolu\u00e7\u00e3o revoga, em especial a Resolu\u00e7\u00e3o CNE\/CP n\u00ba 2, de 26 de junho de 1997, a Resolu\u00e7\u00e3o CNE\/CP n\u00ba 1, de 30 de setembro de 1999, a Resolu\u00e7\u00e3o CNE\/CP n\u00ba 1, de 18 de fevereiro de 2002 e suas altera\u00e7\u00f5es, a Resolu\u00e7\u00e3o CNE\/CP n\u00ba 2, de 19 de fevereiro de 2002 e suas altera\u00e7\u00f5es, a Resolu\u00e7\u00e3o n\u00ba 1, de 11 de fevereiro de 2009, e a Resolu\u00e7\u00e3o n\u00ba 3, de 7 de dezembro de 2012.<\/strong><\/span><\/li>\n<li style=\"text-align: justify\"><span style=\"color: #000000\"><strong><strong><a href=\"http:\/\/www2.unifap.br\/dcp\/files\/2015\/05\/Resolu\u00e7\u00e3o-n\u00b0-1-De-Janeiro-de-2015.pdf\"><span style=\"color: #000000\"><span style=\"color: #008000\">R<\/span><span style=\"color: #008000\">ESOLU\u00c7\u00c3O N\u00b0 1, DE JANEIRO DE 2015<\/span><\/span><\/a>\u00a0&#8211;\u00a0<strong>Ins<\/strong>titui Diretrizes Curriculares Nacionais para a Forma\u00e7\u00e3o de Professores Ind\u00edgenas em cursos de Educa\u00e7\u00e3o Superior e de Ensino M\u00e9dio e d\u00e1 outras provid\u00eancias.<\/strong><\/strong><\/span><\/li>\n<li style=\"text-align: justify\"><span style=\"color: #000000\"><strong><a href=\"http:\/\/www2.unifap.br\/dcp\/files\/2015\/05\/PORTARIA-NORMATIVA-N\u00b0-6-DE-27-DE-MAR\u00c7O-DE-2013-ENADE.pdf\"><span style=\"color: #000000\"><span style=\"color: #008000\">PORTARIA NORMATIVA N\u00b0 6, DE 27 DE MAR\u00c7O DE 2013 &#8211;<\/span> ENADE<\/span><\/a>\u00a0<\/strong><\/span><\/li>\n<li style=\"text-align: justify\"><span style=\"color: #000000\"><strong><a href=\"http:\/\/www2.unifap.br\/dcp\/files\/2015\/05\/RESOLU\u00c7\u00c3O-N\u00b0-01-DE-17-DE-JUNHO-DE-2010-\u2013-N\u00facleo-Docente-Estruturante.pdf\"><span style=\"color: #000000\"><span style=\"color: #008000\">RESOLU\u00c7\u00c3O N\u00b0 01 \u00a0DE \u00a017 DE JUNHO DE 2010<\/span> \u2013 <\/span><\/a>\u2013 Normatiza o N\u00facleo Docente Estruturante e d\u00e1 outras provid\u00eancias.<\/strong><\/span><\/li>\n<li style=\"text-align: justify\"><span style=\"color: #000000\"><strong><span style=\"color: #008000\"><a href=\"http:\/\/www2.unifap.br\/dcp\/files\/2015\/05\/PARECER-CONAES-N\u00b04-DE-17-DE-JUNHO-DE-2010-SOBRE-O-N\u00daCLEO-DOCENTE-ESTRUTURANTE-NDE.pdf\"><span style=\"color: #008000\">PARECER CONAES N\u00b04 DE 17 DE JUNHO DE 2010, <\/span><\/a><\/span>\u00a0Normatiza o N\u00facleo Docente Estruturante<\/strong><\/span><\/li>\n<li style=\"text-align: justify\"><span style=\"color: #000000\"><a href=\"http:\/\/www2.unifap.br\/dcp\/files\/2015\/05\/RESOLU\u00c7\u00c3ON\u00ba4-DE-6DE-ABRIL-DE-2009-Cursos-de-Bachalerado-Sa\u00fade.pdf\"><span style=\"color: #000000\"><strong><span style=\"color: #008000\">RESOLU\u00c7\u00c3ON\u00ba4, DE 6DE ABRIL DE 2009<\/span> <\/strong>&#8211;<\/span><\/a><strong>\u00a0Disp\u00f5e sobre carga hor\u00e1ria m\u00ednima e procedimentos relativos \u00e0 integraliza\u00e7\u00e3o e dura\u00e7\u00e3o dos cursos de gradua\u00e7\u00e3o, bacharelados, na modalidade presencial<\/strong><\/span><\/li>\n<li style=\"text-align: justify\"><span style=\"color: #000000\"><strong><strong><a href=\"http:\/\/www2.unifap.br\/dcp\/files\/2015\/05\/LEI-N\u00b0-11.788-DE-25-DE-SETEMBRO-DE-2008-Est\u00e1gio-Supervisionado.pdf\"><span style=\"color: #000000\"><span style=\"color: #008000\">LEI N\u00b0 11.788, DE 25 DE SETEMBRO DE 2008<\/span> <span style=\"color: #000000\">&#8211; <\/span><\/span><\/a><\/strong>Disp\u00f5e sobre o est\u00e1gio de estudantes; altera a reda\u00e7\u00e3o do art. 428 da Consolida\u00e7\u00e3o das Leis do Trabalho \u2013 CLT, aprovada pelo Decreto &#8211; Lei no5.452, de 1o de maio de 1943, e a Lei no9.394, de 20 de dezembro de 1996; revoga as Leis nos 6.494, de 7 de dezembro de 1977, e 8.859, de 23 de mar\u00e7o de 1994, o par\u00e1grafo \u00fanico do art. 82 da Lei no 9.394, de 20 de dezembro de 1996, e o art. 6o da Medida Provis\u00f3ria no 2.164 &#8211; 41, de 24 de agosto de 2001; e d\u00e1 outras provid\u00eancias.<\/strong><\/span><\/li>\n<li style=\"text-align: justify\"><span style=\"color: #000000\"><strong><a href=\"http:\/\/www2.unifap.br\/dcp\/files\/2015\/05\/PORTARIA-NORMATIVA-N\u00ba-40-DE-12-DE-DEZEMBRO-DE-2007-Credenciamento-de-Curso.pdf\"><span style=\"color: #000000\"><span style=\"color: #008000\">PORTARIA NORMATIVA N\u00ba 40, DE 12 DE DEZEMBRO DE 2007<\/span> &#8211;\u00a0<\/span><\/a><strong>\u00a0<\/strong>Institui o e-MEC, sistema eletr\u00f4nico de fluxo de\u00a0trabalho e gerenciamento de informa\u00e7\u00f5es relativas aos processos de regula\u00e7\u00e3o da educa\u00e7\u00e3o superior no sistema federal de educa\u00e7\u00e3o.<\/strong><\/span><\/li>\n<li style=\"text-align: justify\"><span style=\"color: #000000\"><strong><strong><a href=\"http:\/\/www2.unifap.br\/dcp\/files\/2015\/05\/RESOLU\u00c7\u00c3O-N\u00ba-2-DE-15-DE-JUNHO-DE-2012-Educa\u00e7\u00e3o-Amabiental.pdf\"><span style=\"color: #000000\"><span style=\"color: #008000\">RESOLU\u00c7\u00c3O N\u00ba 2, DE 15 DE JUNHO DE 2012<\/span> <span style=\"color: #000000\">&#8211; <\/span><\/span><\/a><\/strong>Estabelece as Diretrizes Curriculares \u00a0Nacionais para a Educa\u00e7\u00e3o Ambiental<a href=\"http:\/\/www2.unifap.br\/dcp\/files\/2015\/05\/RESOLU\u00c7\u00c3O-N\u00ba-2-DE-15-DE-JUNHO-DE-2012-Educa\u00e7\u00e3o-Amabiental.pdf\"><span style=\"color: #000000\">.<\/span><\/a>\u00a0<\/strong><\/span><\/li>\n<li style=\"text-align: justify\"><span style=\"color: #000000\"><strong style=\"line-height: 1.5em\"><span style=\"color: #008000\"><a href=\"http:\/\/www2.unifap.br\/dcp\/files\/2015\/05\/RESOLU\u00c7\u00c3O-N\u00ba-1-DE-30-DE-MAIO-DE-2012-Direito-Humanos.pdf\"><span style=\"color: #008000\">RESOLU\u00c7\u00c3O N\u00ba 1, DE 30 DE MAIO DE 2012<\/span><\/a><a href=\"http:\/\/www2.unifap.br\/dcp\/files\/2015\/05\/RESOLU\u00c7\u00c3O-N\u00ba-1-DE-30-DE-MAIO-DE-2012-Direito-Humanos.pdf\"><span style=\"color: #008000\"> &#8211;<\/span><\/a><\/span>Estabelece Diretrizes Nacionais para a <\/strong><strong style=\"line-height: 1.5em\">Educa\u00e7\u00e3o em Direitos Humanos.<\/strong><\/span><\/li>\n<li style=\"text-align: justify\"><span style=\"color: #000000\"><strong style=\"line-height: 1.5em\"><span style=\"color: #008000\"><a href=\"http:\/\/www2.unifap.br\/dcp\/files\/2015\/05\/RESOLU\u00c7\u00c3ON\u00ba2-DE-18-DE-JUNHODE-2007-Cursos-de-Bachalerado.pdf\"><span style=\"color: #008000\">RESOLU\u00c7\u00c3O<\/span><\/a><\/span><a href=\"http:\/\/www2.unifap.br\/dcp\/files\/2015\/05\/RESOLU\u00c7\u00c3ON\u00ba2-DE-18-DE-JUNHODE-2007-Cursos-de-Bachalerado.pdf\"><span style=\"color: #000000\"><span style=\"color: #008000\">\u00a0CNE\/CES N\u00ba2, DE 18 DE JUNHO DE 2007\u00a0&#8211;<\/span>\u00a0<\/span><\/a>Disp\u00f5e sobre a carga hor\u00e1ria m\u00ednima e procedimentos relativos \u00e0 integraliza\u00e7\u00e3o e dura\u00e7\u00e3o dos cursos de gradua\u00e7\u00e3o, bacharelados, na modalidade presencial.<\/strong><\/span><\/li>\n<li style=\"text-align: justify\"><span style=\"color: #000000\"><strong style=\"line-height: 1.5em\"><span style=\"color: #008000\"><a href=\"http:\/\/www2.unifap.br\/dcp\/files\/2015\/05\/DECRETO-N\u00ba-5.626-DE-22-DE-DEZEMBRO-DE-2005-Libras.pdf\"><span style=\"color: #008000\">DECRETO N\u00ba 5.626, DE 22 DE DEZEMBRO DE 2005\u00a0&#8211; \u00a0<\/span><\/a><\/span>\u00a0Regulamenta a Lei n\u00ba 10.436 de 24 de abril de 2002, que disp\u00f5e sobre a L\u00edngua Brasileira de Sinais &#8211; LIBRAS e o art. 18 da Lei n\u00ba 10.098 de 19 de dezembro de 2000.<\/strong><\/span><\/li>\n<li style=\"text-align: justify\"><strong><span style=\"color: #008000\"><a href=\"http:\/\/www2.unifap.br\/dcp\/files\/2015\/05\/PORTARIA-N\u00ba-1.134-DE-10-DE-OUTUBRO-DE-2016-20-porcento-de-EaD.pdf\"><span style=\"color: #008000\">PORTARIA N\u00ba 1.134, DE 10 DE OUTUBRO DE 2016<\/span><\/a>\u00a0<\/span>&#8211;\u00a0<\/strong><span style=\"color: #000000\"><strong style=\"line-height: 1.5em\">As institui\u00e7\u00f5es de ensino superior\u00a0poder\u00e3o introduzir, na organiza\u00e7\u00e3o pedag\u00f3gica e curricular de seus cursos superiores reconhecidos, a oferta de disciplinas integrantes do curr\u00edculo que utilizem \u00a0modalidade semi-presencial.<\/strong><\/span><\/li>\n<li style=\"text-align: justify\"><span style=\"color: #000000\"><strong style=\"line-height: 1.5em\"><strong><a href=\"http:\/\/www2.unifap.br\/dcp\/files\/2015\/05\/RESOLU\u00c7\u00c3O-N\u00ba-1-DE-17-DE-JUNHO-DE-2004-Educa\u00e7\u00e3o-das-Rela\u00e7\u00f5es-\u00c9tnicoRaciais-e-para-o-Ensino-de-Hist\u00f3ria-e-Cultura-Afro-Brasileira-e-Africana.pdf\"><span style=\"color: #000000\"><span style=\"color: #008000\">RESOLU\u00c7\u00c3O N\u00ba 1, DE 17 DE JUNHO DE 2004\u00a0<\/span>&#8211;\u00a0<\/span><\/a><\/strong>Institui Diretrizes Curriculares Nacionais para a Educa\u00e7\u00e3o das Rela\u00e7\u00f5es \u00c9tnico-Raciais e para o Ensino de Hist\u00f3ria e Cultura Afro-Brasileira e Africana.<\/strong><\/span><\/li>\n<\/ul>\n<\/li>\n<\/ul>\n","protected":false},"excerpt":{"rendered":"<p>RESOLU\u00c7\u00c3O N\u00ba 2, DE 20 DE DEZEMBRO DE 2019 &#8211; Define as Diretrizes Curriculares Nacionais para a Forma\u00e7\u00e3o Inicial de Professores para a Educa\u00e7\u00e3o B\u00e1sica e institui a Base Nacional Comum para a Forma\u00e7\u00e3o Inicial de Professores da Educa\u00e7\u00e3o B\u00e1sica&hellip; <\/p>\n<p><a href=\"http:\/\/www2.unifap.br\/dcp\/pagina-exemplo\/\" class=\"readmore-button\">Continue Reading<\/a><\/p>\n","protected":false},"author":167,"featured_media":0,"parent":0,"menu_order":1,"comment_status":"open","ping_status":"open","template":"","meta":{"inline_featured_image":false,"ngg_post_thumbnail":0,"footnotes":""},"class_list":["post-2","page","type-page","status-publish","hentry"],"_links":{"self":[{"href":"http:\/\/www2.unifap.br\/dcp\/wp-json\/wp\/v2\/pages\/2","targetHints":{"allow":["GET"]}}],"collection":[{"href":"http:\/\/www2.unifap.br\/dcp\/wp-json\/wp\/v2\/pages"}],"about":[{"href":"http:\/\/www2.unifap.br\/dcp\/wp-json\/wp\/v2\/types\/page"}],"author":[{"embeddable":true,"href":"http:\/\/www2.unifap.br\/dcp\/wp-json\/wp\/v2\/users\/167"}],"replies":[{"embeddable":true,"href":"http:\/\/www2.unifap.br\/dcp\/wp-json\/wp\/v2\/comments?post=2"}],"version-history":[{"count":79,"href":"http:\/\/www2.unifap.br\/dcp\/wp-json\/wp\/v2\/pages\/2\/revisions"}],"predecessor-version":[{"id":511,"href":"http:\/\/www2.unifap.br\/dcp\/wp-json\/wp\/v2\/pages\/2\/revisions\/511"}],"wp:attachment":[{"href":"http:\/\/www2.unifap.br\/dcp\/wp-json\/wp\/v2\/media?parent=2"}],"curies":[{"name":"wp","href":"https:\/\/api.w.org\/{rel}","templated":true}]}}