{"id":36,"date":"2015-10-26T17:49:52","date_gmt":"2015-10-26T17:49:52","guid":{"rendered":"http:\/\/www2.unifap.br\/dcp\/?page_id=36"},"modified":"2021-02-17T22:38:37","modified_gmt":"2021-02-17T22:38:37","slug":"legislacao-interna","status":"publish","type":"page","link":"http:\/\/www2.unifap.br\/dcp\/legislacao-interna\/","title":{"rendered":"LEGISLA\u00c7\u00c3O INTERNA"},"content":{"rendered":"<ul>\n<li><strong><span style=\"color: #008000\"><a href=\"https:\/\/www2.unifap.br\/consu\/files\/2018\/08\/resolulai_20_de_mio_de_2018.pdf\"><span style=\"color: #008000\">RESOLU\u00c7\u00c3O CONSU N\u00ba 20 DE 15 DE MAIO DE 2018<\/span><\/a> &#8211;<\/span><\/strong> <span style=\"color: #000000\"><strong>Regulamenta o N\u00facleo Docente Estruturante no \u00e2mbito da UNIFAP.<\/strong><\/span><\/li>\n<li style=\"text-align: justify\"><span style=\"color: #008000\"><strong><a style=\"color: #008000\" href=\"http:\/\/www2.unifap.br\/dcp\/files\/2015\/10\/Portaria-001_2016_-Sistema-de-Cr\u00e9dito.pdf\">PORTARIA NORMATIVA\u00a0 N\u00ba 001\/2016 PROGRAD\u00a0&#8211; Sistema de Cr\u00e9dito<\/a><\/strong>\u00a0<\/span><span style=\"color: #000000\"><strong>&#8211; Normatiza os cr\u00e9ditos curriculares e o alinhamento de disciplinas comuns.\u00a0<\/strong><\/span><\/li>\n<li style=\"text-align: justify\"><strong><span style=\"color: #008000\"><a style=\"color: #008000\" href=\"http:\/\/www2.unifap.br\/dcp\/files\/2015\/10\/PORTARIA-NORMATIVA-01-2017-PROGRAD-_ATUALIZA\u00c7AO-PPCS.pdf\">PORTARIA NORMATIVA N \u00ba 01\/2017 PROGRAD &#8211;\u00a0<\/a><\/span>\u00a0<span style=\"color: #000000\">Disp\u00f5e sobre a atualiza\u00e7\u00e3o dos PPCs<strong>, no \u00e2mbito da Universidade Federal do Amap\u00e1.<\/strong><\/span><br \/>\n<\/strong><\/li>\n<li style=\"text-align: justify\"><span style=\"color: #008000\"><strong><a href=\"http:\/\/www2.unifap.br\/dcp\/files\/2015\/10\/RESOLU\u00c7\u00c3O-N.-026-DE-2011-Sistematica-de-Avalia\u00e7\u00e3o.pdf\"><span style=\"color: #008000\">RESOLU\u00c7\u00c3O N. 026 DE 2011 &#8211; CONSU UNIFAP<\/span><\/a><span style=\"color: #008000\"><a href=\"http:\/\/www2.unifap.br\/dcp\/files\/2015\/10\/RESOLU\u00c7\u00c3O-N.-026-DE-2011-Sistematica-de-Avalia\u00e7\u00e3o.pdf\">\u00a0<span style=\"color: #008000\">&#8211; Sistem\u00e1tica de Avalia\u00e7\u00e3o\u00a0<\/span><\/a><span style=\"color: #339966\">&#8211;<\/span>\u00a0<\/span><\/strong><\/span><span style=\"color: #000000\"><strong>Regulamenta a nova Sistem\u00e1tica de Avalia\u00e7\u00e3o da Aprendizagem, no \u00e2mbito da Universidade Federal do Amap\u00e1.<\/strong><\/span><\/li>\n<li style=\"text-align: justify\"><span style=\"color: #339966\"><span style=\"color: #339966\"><strong><a href=\"http:\/\/www2.unifap.br\/dcp\/files\/2015\/10\/RESOLU\u00c7\u00c3O-N.-08-DE-2010-\u2013-CONSU-UNIFAP-Pr\u00e1tica-pedag\u00f3gia.pdf\"><span style=\"color: #339966\"><span style=\"color: #008000\">RESOLU\u00c7\u00c3O N. 08 DE 2010 \u2013 CONSU UNIFAP <\/span><span style=\"color: #000000\"><span style=\"color: #008000\">&#8211;<\/span> <\/span><\/span><\/a><\/strong><\/span><\/span><strong><span style=\"color: #000000\">Regulamenta a Pr\u00e1tica Pedag\u00f3gica, como componente curricular obrigat\u00f3rio, nos Cursos <a href=\"http:\/\/www2.unifap.br\/dcp\/files\/2015\/10\/RESOLU\u00c7\u00c3O-N.-08-DE-2010-\u2013-CONSU-UNIFAP-Pr\u00e1tica-pedag\u00f3gia.pdf\"><span style=\"color: #000000\">de Licenciatura, no \u00e2mbito da UNIFAP.<\/span><\/a><\/span><\/strong><\/li>\n<li style=\"text-align: justify\"><span style=\"color: #008000\"><strong><a href=\"http:\/\/www2.unifap.br\/dcp\/files\/2015\/10\/RESOLU\u00c7\u00c3O-N.-02-DE-2010-\u2013-CONSU-UNIFAP-Est\u00e1gio-Supervisionado.pdf\"><span style=\"color: #008000\">RESOLU\u00c7\u00c3O N. 02 DE 2010 \u2013 CONSU UNIFAP <span style=\"color: #000000\">&#8211;<\/span> <\/span><\/a><\/strong><\/span><span style=\"color: #000000\"><strong>Regulamenta o Est\u00e1gio Supervisionado , no \u00e2mbito da Universidade Federal do Amap\u00e1.<\/strong><\/span><\/li>\n<li style=\"text-align: justify\"><span style=\"color: #008000\"><strong><a href=\"http:\/\/www2.unifap.br\/dcp\/files\/2015\/10\/RESOLU\u00c7\u00c3O-N\u00ba-014-DE-2009-CONSU-Libras.pdf\"><span style=\"color: #008000\">RESOLU\u00c7\u00c3O N\u00ba 014 DE 2009-CONSU UNIFAP\u00a0&#8211;\u00a0<\/span><\/a><\/strong><\/span><span style=\"color: #000000\"><strong>Disp\u00f5e sobre a inclus\u00e3o da L\u00edngua Brasileira de Sinais LIBRAS, como disciplina curricular obrigat\u00f3ria nos cursos de gradua\u00e7\u00e3o no \u00e2mbito da UNIFAP.<\/strong><\/span><\/li>\n<li style=\"text-align: justify\"><strong><a href=\"http:\/\/www2.unifap.br\/dcp\/files\/2015\/10\/RESOLU\u00c7\u00c3O-N.-024-DE-2008-CONSU-Atividades-Curriculares-Complementar.pdf\"><span style=\"color: #008000\">RESOLU\u00c7\u00c3O N. 024 DE 2008 &#8211; CONSU UNIFAP\u00a0&#8211;<\/span>\u00a0<\/a><\/strong><span style=\"color: #000000\"><strong>Disp\u00f5e sobre as diretrizes das Atividades Complementares dos Cursos de Gradua\u00e7\u00e3o no <strong>\u00e2mbito da UNIFAP.<\/strong>\u00a0<\/strong><\/span><\/li>\n<li style=\"text-align: justify\"><span style=\"color: #888888\"><strong><a href=\"http:\/\/www2.unifap.br\/dcp\/files\/2015\/10\/RESOLU\u00c7\u00c3O-N.-11-DE-2008-\u2013-CONSU-Trabalho-de-Conclus\u00e3o-de-Curso.pdf\"><span style=\"color: #888888\"><span style=\"color: #008000\">RESOLU\u00c7\u00c3O N. 11 DE 2008 \u2013 CONSU UNIFAP\u00a0&#8211;<\/span>\u00a0<\/span><\/a><\/strong><\/span><span style=\"color: #000000\"><strong>Estabelece as diretrizes para Trabalho de Conclus\u00e3o de Curso em n\u00edvel de Gradua\u00e7\u00e3o,no <strong>\u00e2mbito da UNIFAP.<\/strong><\/strong><\/span><\/li>\n<\/ul>\n","protected":false},"excerpt":{"rendered":"<p>RESOLU\u00c7\u00c3O CONSU N\u00ba 20 DE 15 DE MAIO DE 2018 &#8211; Regulamenta o N\u00facleo Docente Estruturante no \u00e2mbito da UNIFAP. PORTARIA NORMATIVA\u00a0 N\u00ba 001\/2016 PROGRAD\u00a0&#8211; Sistema de Cr\u00e9dito\u00a0&#8211; Normatiza os cr\u00e9ditos curriculares e o alinhamento de disciplinas comuns.\u00a0 PORTARIA NORMATIVA&hellip; <\/p>\n<p><a href=\"http:\/\/www2.unifap.br\/dcp\/legislacao-interna\/\" class=\"readmore-button\">Continue Reading<\/a><\/p>\n","protected":false},"author":770,"featured_media":0,"parent":0,"menu_order":2,"comment_status":"open","ping_status":"open","template":"","meta":{"inline_featured_image":false,"ngg_post_thumbnail":0,"footnotes":""},"class_list":["post-36","page","type-page","status-publish","hentry"],"_links":{"self":[{"href":"http:\/\/www2.unifap.br\/dcp\/wp-json\/wp\/v2\/pages\/36","targetHints":{"allow":["GET"]}}],"collection":[{"href":"http:\/\/www2.unifap.br\/dcp\/wp-json\/wp\/v2\/pages"}],"about":[{"href":"http:\/\/www2.unifap.br\/dcp\/wp-json\/wp\/v2\/types\/page"}],"author":[{"embeddable":true,"href":"http:\/\/www2.unifap.br\/dcp\/wp-json\/wp\/v2\/users\/770"}],"replies":[{"embeddable":true,"href":"http:\/\/www2.unifap.br\/dcp\/wp-json\/wp\/v2\/comments?post=36"}],"version-history":[{"count":27,"href":"http:\/\/www2.unifap.br\/dcp\/wp-json\/wp\/v2\/pages\/36\/revisions"}],"predecessor-version":[{"id":512,"href":"http:\/\/www2.unifap.br\/dcp\/wp-json\/wp\/v2\/pages\/36\/revisions\/512"}],"wp:attachment":[{"href":"http:\/\/www2.unifap.br\/dcp\/wp-json\/wp\/v2\/media?parent=36"}],"curies":[{"name":"wp","href":"https:\/\/api.w.org\/{rel}","templated":true}]}}