{"id":415,"date":"2016-11-16T13:26:55","date_gmt":"2016-11-16T13:26:55","guid":{"rendered":"http:\/\/www2.unifap.br\/dcp\/?page_id=415"},"modified":"2016-11-16T13:29:31","modified_gmt":"2016-11-16T13:29:31","slug":"guia-de-alinhamentos-das-disciplinas","status":"publish","type":"page","link":"http:\/\/www2.unifap.br\/dcp\/guia-de-alinhamentos-das-disciplinas\/","title":{"rendered":"GUIA DE ALINHAMENTOS DAS DISCIPLINAS"},"content":{"rendered":"<p>O Regimento Geral da UNIFAP estabelece que sua organiza\u00e7\u00e3o curricular seja atrav\u00e9s de Cr\u00e9ditos. Diante disso, formou-se uma Comiss\u00e3o de Implementa\u00e7\u00e3o de Sistema de Cr\u00e9dito (Portaria n\u00ba 1058\/2010) respons\u00e1vel em estudar e propor a melhor forma de implementar o Sistema de Cr\u00e9dito na UNIFAP.<br \/>\nEm seus estudos, a referida Comiss\u00e3o apontou a import\u00e2ncia do Sistema de Cr\u00e9dito para flexibilidade da Matriz Curricular, conforme trecho abaixo do Relat\u00f3rio da Comiss\u00e3o:<br \/>\nO Sistema de Cr\u00e9dito \u00e9, de in\u00edcio, um instrumento de flexibilidade no desenho curricular, por ser centrado no estudante, baseando-se no tempo e esfor\u00e7o despendido pelo estudante na totalidade das tarefas inerentes ao seu processo de aprendizagem, e visa oferecer aos alunos a liberdade de escolha e de gerenciamento da sua vida acad\u00eamica.<br \/>\nA Comiss\u00e3o concluiu que a implementa\u00e7\u00e3o do Sistema de Cr\u00e9dito \u00e9 um processo complexo, que demanda v\u00e1rias etapas: altera\u00e7\u00e3o no sistema de matr\u00edcula da UNIFAP, mudan\u00e7a no Calend\u00e1rio Acad\u00eamico, revis\u00e3o dos Projetos Pedag\u00f3gicos dos Cursos, dentre outras, para sua efetiva\u00e7\u00e3o. Sendo que, a primeira etapa deste processo \u00e9 o Alinhamento das Disciplinas.<br \/>\nA partir disso, alguns cursos iniciaram seus processos de Alinhamento, no entanto nem todos conclu\u00edram seus trabalhos. Dessa forma, buscando resgatar tal processo a Pr\u00f3-reitoria de Ensino de Gradua\u00e7\u00e3o publicou , no dia 25 de agosto de 2016, a Portaria Normativa 001\/2016 \u2013 PROGRAD\/UNIFAP (ANEXO I), a qual normatiza os cr\u00e9ditos curriculares e o alinhamento de disciplinas comuns por meio dos procedimentos de Revis\u00e3o dos Projetos Pedag\u00f3gicos dos Cursos de Gradua\u00e7\u00e3o e suas respectivas Matrizes Curriculares.<br \/>\nDiante do exposto, foi formulado O GUIA PARA ALINHAMENTO DE DISCIPLINAS com o objetivo de auxiliar a comunidade acad\u00eamica nesta primeira etapa de implementa\u00e7\u00e3o do Sistema de Cr\u00e9dito. Lembramos que a inser\u00e7\u00e3o de disciplinas \u00e9 procedimento din\u00e2mico, portanto o alinhamento ser\u00e1 algo constante dentro dos Departamentos\/ Campi.<br \/>\nPor ser algo que impacta na viv\u00eancia acad\u00eamica, as discuss\u00f5es das demais Etapas de Implementa\u00e7\u00e3o do Sistema de Cr\u00e9dito, deve contar com a colabora\u00e7\u00e3o de toda a comunidade acad\u00eamica.<\/p>\n<h3>\u00a0Fa\u00e7a o Dowlond do Guia de Alinhamento de Disciplinas atrav\u00e9s do Link:<\/h3>\n<p><a href=\"http:\/\/www2.unifap.br\/dcp\/files\/2016\/11\/GUIA-ALINHAMENTO-OFICIAL.pdf\">GUIA ALINHAMENTO OFICIAL<\/a><\/p>\n","protected":false},"excerpt":{"rendered":"<p>O Regimento Geral da UNIFAP estabelece que sua organiza\u00e7\u00e3o curricular seja atrav\u00e9s de Cr\u00e9ditos. Diante disso, formou-se uma Comiss\u00e3o de Implementa\u00e7\u00e3o de Sistema de Cr\u00e9dito (Portaria n\u00ba 1058\/2010) respons\u00e1vel em estudar e propor a melhor forma de implementar o Sistema&hellip; <\/p>\n<p><a href=\"http:\/\/www2.unifap.br\/dcp\/guia-de-alinhamentos-das-disciplinas\/\" class=\"readmore-button\">Continue Reading<\/a><\/p>\n","protected":false},"author":770,"featured_media":0,"parent":0,"menu_order":0,"comment_status":"open","ping_status":"open","template":"","meta":{"inline_featured_image":false,"ngg_post_thumbnail":0,"footnotes":""},"class_list":["post-415","page","type-page","status-publish","hentry"],"_links":{"self":[{"href":"http:\/\/www2.unifap.br\/dcp\/wp-json\/wp\/v2\/pages\/415","targetHints":{"allow":["GET"]}}],"collection":[{"href":"http:\/\/www2.unifap.br\/dcp\/wp-json\/wp\/v2\/pages"}],"about":[{"href":"http:\/\/www2.unifap.br\/dcp\/wp-json\/wp\/v2\/types\/page"}],"author":[{"embeddable":true,"href":"http:\/\/www2.unifap.br\/dcp\/wp-json\/wp\/v2\/users\/770"}],"replies":[{"embeddable":true,"href":"http:\/\/www2.unifap.br\/dcp\/wp-json\/wp\/v2\/comments?post=415"}],"version-history":[{"count":4,"href":"http:\/\/www2.unifap.br\/dcp\/wp-json\/wp\/v2\/pages\/415\/revisions"}],"predecessor-version":[{"id":420,"href":"http:\/\/www2.unifap.br\/dcp\/wp-json\/wp\/v2\/pages\/415\/revisions\/420"}],"wp:attachment":[{"href":"http:\/\/www2.unifap.br\/dcp\/wp-json\/wp\/v2\/media?parent=415"}],"curies":[{"name":"wp","href":"https:\/\/api.w.org\/{rel}","templated":true}]}}