{"id":54,"date":"2015-10-26T18:34:33","date_gmt":"2015-10-26T18:34:33","guid":{"rendered":"http:\/\/www2.unifap.br\/dcp\/?page_id=54"},"modified":"2021-03-26T00:29:08","modified_gmt":"2021-03-26T00:29:08","slug":"manual-de-ppc","status":"publish","type":"page","link":"http:\/\/www2.unifap.br\/dcp\/manual-de-ppc\/","title":{"rendered":"MANUAL DE PPC"},"content":{"rendered":"<ul>\n<li><strong><a href=\"http:\/\/www2.unifap.br\/dcp\/files\/2015\/10\/MANUAL-DE-PPC-3\u00aa-VERS\u00c3O-REVISADA-abril-2018-DOC.doc\"><span style=\"color: #0000ff\">MANUAL DE PPC 3\u00aa VERS\u00c3O &#8211; REVISADA &#8211; abril 2018 DOC<\/span><\/a><\/strong><\/li>\n<li><span style=\"color: #0000ff\"><strong><a style=\"color: #0000ff\" href=\"http:\/\/www2.unifap.br\/dcp\/files\/2015\/10\/MANUAL-DE-PPC-3\u00aa-VERS\u00c3O-REVISADA-abril-2018-PDF.pdf\">MANUAL DE PPC 3\u00aa VERS\u00c3O &#8211; REVISADA &#8211; abril 2018 PDF<\/a><\/strong><\/span><\/li>\n<li style=\"text-align: left\"><strong>Considerar na atualiza\u00e7\u00e3o de PPC o atendimento da<\/strong> <span style=\"color: #0000ff\"><a style=\"color: #0000ff\" href=\"https:\/\/www.in.gov.br\/materia\/-\/asset_publisher\/Kujrw0TZC2Mb\/content\/id\/55877808\"><strong>RESOLU\u00c7\u00c3O <span style=\"color: #0000ff\">CNE\/CES<\/span> n\u00ba 7, DE 1 8 DE DEZEMBRO DE 2018<\/strong><\/a><\/span>\u00a0<strong> que<\/strong> <strong>estabelece as Diretrizes para a Extens\u00e3o na Educa\u00e7\u00e3o Superior Brasileira e regimenta o disposto na Meta 12.7 da Lei n\u00ba 13.005\/2014, que aprova o Plano Nacional de Educa\u00e7\u00e3o \u2013 PNE 2014-2024 e d\u00e1 outras provid\u00eancias.<\/strong><\/li>\n<\/ul>\n","protected":false},"excerpt":{"rendered":"<p>MANUAL DE PPC 3\u00aa VERS\u00c3O &#8211; REVISADA &#8211; abril 2018 DOC MANUAL DE PPC 3\u00aa VERS\u00c3O &#8211; REVISADA &#8211; abril 2018 PDF Considerar na atualiza\u00e7\u00e3o de PPC o atendimento da RESOLU\u00c7\u00c3O CNE\/CES n\u00ba 7, DE 1 8 DE DEZEMBRO DE&hellip; <\/p>\n<p><a href=\"http:\/\/www2.unifap.br\/dcp\/manual-de-ppc\/\" class=\"readmore-button\">Continue Reading<\/a><\/p>\n","protected":false},"author":770,"featured_media":0,"parent":0,"menu_order":3,"comment_status":"open","ping_status":"open","template":"","meta":{"inline_featured_image":false,"ngg_post_thumbnail":0,"footnotes":""},"class_list":["post-54","page","type-page","status-publish","hentry"],"_links":{"self":[{"href":"http:\/\/www2.unifap.br\/dcp\/wp-json\/wp\/v2\/pages\/54","targetHints":{"allow":["GET"]}}],"collection":[{"href":"http:\/\/www2.unifap.br\/dcp\/wp-json\/wp\/v2\/pages"}],"about":[{"href":"http:\/\/www2.unifap.br\/dcp\/wp-json\/wp\/v2\/types\/page"}],"author":[{"embeddable":true,"href":"http:\/\/www2.unifap.br\/dcp\/wp-json\/wp\/v2\/users\/770"}],"replies":[{"embeddable":true,"href":"http:\/\/www2.unifap.br\/dcp\/wp-json\/wp\/v2\/comments?post=54"}],"version-history":[{"count":13,"href":"http:\/\/www2.unifap.br\/dcp\/wp-json\/wp\/v2\/pages\/54\/revisions"}],"predecessor-version":[{"id":462,"href":"http:\/\/www2.unifap.br\/dcp\/wp-json\/wp\/v2\/pages\/54\/revisions\/462"}],"wp:attachment":[{"href":"http:\/\/www2.unifap.br\/dcp\/wp-json\/wp\/v2\/media?parent=54"}],"curies":[{"name":"wp","href":"https:\/\/api.w.org\/{rel}","templated":true}]}}