{"id":568,"date":"2023-01-23T20:22:37","date_gmt":"2023-01-23T20:22:37","guid":{"rendered":"https:\/\/www2.unifap.br\/dcp\/?page_id=568"},"modified":"2023-01-23T20:22:37","modified_gmt":"2023-01-23T20:22:37","slug":"base-nacional-comum-curricular-bncc","status":"publish","type":"page","link":"http:\/\/www2.unifap.br\/dcp\/base-nacional-comum-curricular-bncc\/","title":{"rendered":"BASE NACIONAL COMUM CURRICULAR (BNCC)"},"content":{"rendered":"<p><strong><span style=\"color: #003366\">Referencial Curricular Amapaense (RCA): Educa\u00e7\u00e3o Infantil e Ensino Fundamental<\/span><\/strong><\/p>\n<p>Livro Completo:<\/p>\n<p><span style=\"color: #0000ff\"><a style=\"color: #0000ff\" href=\"http:\/\/basenacionalcomum.mec.gov.br\/images\/implementacao\/curriculos_estados\/documento_curricular_ap.pdf\">http:\/\/basenacionalcomum.mec.gov.br\/images\/implementacao\/curriculos_estados\/documento_curricular_ap.pdf<\/a><\/span><\/p>\n<p>RCA por Componentes:<\/p>\n<p><span style=\"color: #0000ff\"><a style=\"color: #0000ff\" href=\"https:\/\/nte.seed.ap.gov.br\/rca\/\">https:\/\/nte.seed.ap.gov.br\/rca\/<\/a><\/span><\/p>\n<p><strong><span style=\"color: #003366\">Referencial Curricular Amapaense do Ensino M\u00e9dio (RCA EM)<\/span><\/strong><\/p>\n<p>Documento encaminhado para homologa\u00e7\u00e3o do Conselho Estadual de Educa\u00e7\u00e3o\/AP:<\/p>\n<p><span style=\"color: #0000ff\"><a style=\"color: #0000ff\" href=\"https:\/\/padlet-uploads.storage.googleapis.com\/653315751\/03ff5095c11bf25b6a013a554794d9c9\/RCA_M_DIO_PROTOCOLADO_NO_CEEAP.pdf\">https:\/\/padlet-uploads.storage.googleapis.com\/653315751\/03ff5095c11bf25b6a013a554794d9c9\/RCA_M_DIO_PROTOCOLADO_NO_CEEAP.pdf<\/a><\/span><\/p>\n","protected":false},"excerpt":{"rendered":"<p>Referencial Curricular Amapaense (RCA): Educa\u00e7\u00e3o Infantil e Ensino Fundamental Livro Completo: http:\/\/basenacionalcomum.mec.gov.br\/images\/implementacao\/curriculos_estados\/documento_curricular_ap.pdf RCA por Componentes: https:\/\/nte.seed.ap.gov.br\/rca\/ Referencial Curricular Amapaense do Ensino M\u00e9dio (RCA EM) Documento encaminhado para homologa\u00e7\u00e3o do Conselho Estadual de Educa\u00e7\u00e3o\/AP: https:\/\/padlet-uploads.storage.googleapis.com\/653315751\/03ff5095c11bf25b6a013a554794d9c9\/RCA_M_DIO_PROTOCOLADO_NO_CEEAP.pdf<\/p>\n","protected":false},"author":770,"featured_media":0,"parent":0,"menu_order":0,"comment_status":"closed","ping_status":"closed","template":"","meta":{"inline_featured_image":false,"ngg_post_thumbnail":0,"footnotes":""},"class_list":["post-568","page","type-page","status-publish","hentry"],"_links":{"self":[{"href":"http:\/\/www2.unifap.br\/dcp\/wp-json\/wp\/v2\/pages\/568","targetHints":{"allow":["GET"]}}],"collection":[{"href":"http:\/\/www2.unifap.br\/dcp\/wp-json\/wp\/v2\/pages"}],"about":[{"href":"http:\/\/www2.unifap.br\/dcp\/wp-json\/wp\/v2\/types\/page"}],"author":[{"embeddable":true,"href":"http:\/\/www2.unifap.br\/dcp\/wp-json\/wp\/v2\/users\/770"}],"replies":[{"embeddable":true,"href":"http:\/\/www2.unifap.br\/dcp\/wp-json\/wp\/v2\/comments?post=568"}],"version-history":[{"count":3,"href":"http:\/\/www2.unifap.br\/dcp\/wp-json\/wp\/v2\/pages\/568\/revisions"}],"predecessor-version":[{"id":571,"href":"http:\/\/www2.unifap.br\/dcp\/wp-json\/wp\/v2\/pages\/568\/revisions\/571"}],"wp:attachment":[{"href":"http:\/\/www2.unifap.br\/dcp\/wp-json\/wp\/v2\/media?parent=568"}],"curies":[{"name":"wp","href":"https:\/\/api.w.org\/{rel}","templated":true}]}}