{"id":87,"date":"2015-10-27T14:25:32","date_gmt":"2015-10-27T14:25:32","guid":{"rendered":"http:\/\/www2.unifap.br\/dcp\/?page_id=87"},"modified":"2021-02-17T22:45:08","modified_gmt":"2021-02-17T22:45:08","slug":"leituras-importantes","status":"publish","type":"page","link":"http:\/\/www2.unifap.br\/dcp\/leituras-importantes\/","title":{"rendered":"LEITURAS IMPORTANTES"},"content":{"rendered":"<ul>\n<li><strong><span style=\"color: #008000\"><a style=\"color: #008000\" href=\"http:\/\/inep.gov.br\/instrumentos\">INSTRUMENTOS DE AVALIA\u00c7\u00c3O<\/a><\/span><\/strong><\/li>\n<li style=\"text-align: justify\"><span style=\"text-decoration: underline\"><span style=\"color: #008000;text-decoration: underline\"><strong><a href=\"http:\/\/www2.unifap.br\/dcp\/files\/2015\/10\/MANUAL-DO-ENADE-2016.pdf\"><span style=\"color: #008000;text-decoration: underline\">MANUAL DO ENADE &#8211; 2016<\/span><\/a><\/strong><\/span><\/span><\/li>\n<li style=\"text-align: justify\"><span style=\"text-decoration: underline\"><span style=\"color: #008000;text-decoration: underline\"><strong>A <span style=\"font-family: Arial\">LEI 13.005 de 25 DE JUNHO DE<\/span><span style=\"font-family: Arial\"> 2014<\/span><span style=\"font-family: Arial\"> &#8211; <\/span><\/strong><strong><span style=\"font-family: Arial\">\u00a0<\/span><span style=\"color: #000000;text-decoration: underline\">Aprova o Plano Nacional de Educa\u00e7\u00e3o &#8211; PNE e d\u00e1 outras provid\u00eancias<\/span><\/strong><span style=\"color: #000000;text-decoration: underline\"> ( <a href=\"http:\/\/www.planalto.gov.br\/CCIVIL_03\/_Ato2011-2014\/2014\/Lei\/L13005.htm\"><span style=\"color: #000000;text-decoration: underline\">http:\/\/www.planalto.gov.br\/CCIVIL_03\/_Ato2011-2014\/2014\/Lei\/L13005.htm<\/span><\/a>)<\/span><\/span><\/span><\/li>\n<li style=\"text-align: justify\"><span style=\"text-decoration: underline\"><span style=\"color: #008000;text-decoration: underline\"><strong><a href=\"http:\/\/www2.unifap.br\/dcp\/files\/2015\/10\/Resolu\u00e7\u00e3o-n\u00b0-4-De-Julho-de-2010.pdf\"><span style=\"color: #008000;text-decoration: underline\">RESOLU\u00c7\u00c3O n\u00b0 4, De JULHO de 2010 <span style=\"color: #000000;text-decoration: underline\">&#8211; <\/span><\/span><\/a><\/strong><strong><a href=\"http:\/\/www2.unifap.br\/dcp\/files\/2015\/10\/Resolu\u00e7\u00e3o-n\u00b0-4-De-Julho-de-2010.pdf\"><span style=\"text-decoration: underline;color: #008000\"><span style=\"color: #000000;text-decoration: underline\">Define Diretrizes Curriculares Nacionais Gerais para a Educa\u00e7\u00e3o B\u00e1sica.<\/span><\/span><\/a><\/strong><\/span><\/span><\/li>\n<li style=\"text-align: justify\"><span style=\"text-decoration: underline\"><span style=\"color: #008000;text-decoration: underline\"><strong>\u00a0<a href=\"http:\/\/www2.unifap.br\/dcp\/files\/2016\/07\/TICS.pdf\"><span style=\"color: #008000;text-decoration: underline\">TIC&#8217;S<\/span><\/a>\u00a0&#8211;<strong>\u00a0<\/strong>Tecnologias na Educa\u00e7\u00e3o: ensinando e aprendendo co m as \u00a0TIC&#8217;s.<\/strong><\/span><\/span><\/li>\n<\/ul>\n","protected":false},"excerpt":{"rendered":"<p>INSTRUMENTOS DE AVALIA\u00c7\u00c3O MANUAL DO ENADE &#8211; 2016 A LEI 13.005 de 25 DE JUNHO DE 2014 &#8211; \u00a0Aprova o Plano Nacional de Educa\u00e7\u00e3o &#8211; PNE e d\u00e1 outras provid\u00eancias ( http:\/\/www.planalto.gov.br\/CCIVIL_03\/_Ato2011-2014\/2014\/Lei\/L13005.htm) RESOLU\u00c7\u00c3O n\u00b0 4, De JULHO de 2010 &#8211;&hellip; <\/p>\n<p><a href=\"http:\/\/www2.unifap.br\/dcp\/leituras-importantes\/\" class=\"readmore-button\">Continue Reading<\/a><\/p>\n","protected":false},"author":770,"featured_media":0,"parent":0,"menu_order":8,"comment_status":"open","ping_status":"open","template":"","meta":{"inline_featured_image":false,"ngg_post_thumbnail":0,"footnotes":""},"class_list":["post-87","page","type-page","status-publish","hentry"],"_links":{"self":[{"href":"http:\/\/www2.unifap.br\/dcp\/wp-json\/wp\/v2\/pages\/87","targetHints":{"allow":["GET"]}}],"collection":[{"href":"http:\/\/www2.unifap.br\/dcp\/wp-json\/wp\/v2\/pages"}],"about":[{"href":"http:\/\/www2.unifap.br\/dcp\/wp-json\/wp\/v2\/types\/page"}],"author":[{"embeddable":true,"href":"http:\/\/www2.unifap.br\/dcp\/wp-json\/wp\/v2\/users\/770"}],"replies":[{"embeddable":true,"href":"http:\/\/www2.unifap.br\/dcp\/wp-json\/wp\/v2\/comments?post=87"}],"version-history":[{"count":21,"href":"http:\/\/www2.unifap.br\/dcp\/wp-json\/wp\/v2\/pages\/87\/revisions"}],"predecessor-version":[{"id":517,"href":"http:\/\/www2.unifap.br\/dcp\/wp-json\/wp\/v2\/pages\/87\/revisions\/517"}],"wp:attachment":[{"href":"http:\/\/www2.unifap.br\/dcp\/wp-json\/wp\/v2\/media?parent=87"}],"curies":[{"name":"wp","href":"https:\/\/api.w.org\/{rel}","templated":true}]}}