{"id":89,"date":"2015-10-27T14:27:30","date_gmt":"2015-10-27T14:27:30","guid":{"rendered":"http:\/\/www2.unifap.br\/dcp\/?page_id=89"},"modified":"2021-03-03T00:38:13","modified_gmt":"2021-03-03T00:38:13","slug":"diretrizes-curriculares-dos-cursos","status":"publish","type":"page","link":"http:\/\/www2.unifap.br\/dcp\/diretrizes-curriculares-dos-cursos\/","title":{"rendered":"DIRETRIZES CURRICULARES NACIONAIS DOS CURSOS DE GRADUA\u00c7\u00c3O"},"content":{"rendered":"<ul>\n<li><strong><span style=\"color: #008000\">ACOMPANHE AS ATUALIZA\u00c7\u00d5ES DAS DIRETRIZES CURRICULARES NACIONAIS DOS CURSOS DE GRADUA\u00c7\u00c3O NO PORTAL DO MEC.<\/span><\/strong> <span style=\"color: #0000ff\"><span style=\"color: #008000\">ACESSO EM: <\/span><a style=\"color: #0000ff\" href=\"http:\/\/portal.mec.gov.br\/busca-geral\/323-secretarias-112877938\/orgaos-vinculados-82187207\/12991-diretrizes-curriculares-cursos-de-graduacao\">http:\/\/portal.mec.gov.br\/busca-geral\/323-secretarias-112877938\/orgaos-vinculados-82187207\/12991-diretrizes-curriculares-cursos-de-graduacao<\/a><\/span><\/li>\n<li><a href=\"https:\/\/abmes.org.br\/arquivos\/legislacoes\/Resolucao-CNE-CEB-002-2019-12-20.pdf\"><span style=\"color: #008000\"><strong>Diretrizes Curriculares Nacionais para a Forma\u00e7\u00e3o Inicial de Professores para a Educa\u00e7\u00e3o B\u00e1sica e institui a Base Nacional Comum para a Forma\u00e7\u00e3o Inicial de Professores da Educa\u00e7\u00e3o B\u00e1sica (BNC-Forma\u00e7\u00e3o).<\/strong><\/span><\/a><\/li>\n<li>\n<p class=\"identifica\"><a href=\"https:\/\/www.in.gov.br\/en\/web\/dou\/-\/resolucao-cne\/cp-n-1-de-5-de-janeiro-de-2021-297767578#:~:text=%C2%A7%201%C2%BA%20Os%20cursos%20de,totalizar%C3%A1%2C%20no%20m%C3%ADnimo%2C%203.000%20(\"><span style=\"color: #008000\"><strong>Diretrizes Curriculares Nacionais Gerais para a Educa\u00e7\u00e3o Profissional e Tecnol\u00f3gica.<\/strong><\/span><\/a><\/p>\n<\/li>\n<li><span style=\"color: #008000\"><strong>\u00a0<a href=\"http:\/\/www2.unifap.br\/dcp\/files\/2015\/10\/DIRETRIZES-CURRICULARES-PARA-O-CURSO-DE-RELA\u00c7\u00d5ES-INTERNACIONAIS.pdf\"><span style=\"color: #008000\">DIRETRIZES CURRICULARES NACIONAIS PARA O CURSO DE RELA\u00c7\u00d5ES INTERNACIONAIS<\/span><\/a><\/strong><\/span><\/li>\n<li><span style=\"color: #008000\"><strong><a href=\"http:\/\/www2.unifap.br\/dcp\/files\/2015\/10\/DIRETRIZES-CURRICULARES-NACIONAIS-DE-GRADUA\u00c7\u00c3O-EM-PEDAGOGIA.pdf\"><span style=\"color: #008000\">DIRETRIZES CURRICULARES NACIO<\/span><\/a><\/strong><strong><a href=\"http:\/\/www2.unifap.br\/dcp\/files\/2015\/10\/DIRETRIZES-CURRICULARES-NACIONAIS-DE-GRADUA\u00c7\u00c3O-EM-PEDAGOGIA.pdf\"><span style=\"color: #008000\">NAIS DE GRADUA\u00c7\u00c3O EM PEDAGOGIA<\/span><\/a><\/strong><\/span><\/li>\n<li style=\"text-align: justify\"><span style=\"color: #008000\"><strong><a href=\"http:\/\/www2.unifap.br\/dcp\/files\/2015\/10\/RESOLU\u00c7\u00c3O-03-2002-CURSOS-TECNOLOGICOS.pdf\"><span style=\"color: #008000\">DIRETRIZES CURRICULARES NACIONAIS GERAIS PARA A ORGANIZA\u00c7\u00c3O E O FUNCIONAMENTO DOS CURSOS SUPERIORES DE TECNOLOGIA<\/span><\/a><\/strong><\/span><\/li>\n<li style=\"text-align: justify\"><span style=\"color: #008000\"><strong><a href=\"http:\/\/www2.unifap.br\/dcp\/files\/2015\/10\/DIRETRIZES-CURRICULARES-NACIONAIS-DE-GRADUA\u00c7\u00c3O-EM-EDUCA\u00c7\u00c3O-F\u00cdSICA.pdf\"><span style=\"color: #008000\">DIRETRIZES CURRICULARES NACIONAIS DE GRADUA\u00c7\u00c3O EM EDUCA\u00c7\u00c3O F\u00cdSICA<\/span><\/a><\/strong><\/span><\/li>\n<li style=\"text-align: justify\"><span style=\"color: #008000\"><strong><a href=\"http:\/\/www2.unifap.br\/dcp\/files\/2015\/10\/DIRETRIZES-CURRICULARES-NACIONAIS-DE-CI\u00caNCIAS-BIOL\u00d3GICAS.pdf\"><span style=\"color: #008000\">DIRETRIZES CURRICULARES NACIONAIS DE GRADUA\u00c7\u00c3O EM CI\u00caNCIAS BIOL\u00d3GICAS<\/span><\/a><\/strong><\/span><\/li>\n<li style=\"text-align: justify\"><strong><span style=\"color: #008000\"><a href=\"http:\/\/www2.unifap.br\/dcp\/files\/2015\/10\/DIRETRIZES-CURRICULARES-PARA-O-CURSO-DE-FARM\u00c1CIA.pdf\"><span style=\"color: #008000\">DIRETRIZES CURRICULARES NACIONAIS PARA O CURSO DE CI\u00caNCIAS FARMAC\u00caUTICAS<\/span><\/a><\/span><\/strong><\/li>\n<li style=\"text-align: justify\"><span style=\"color: #008000\"><strong><a href=\"http:\/\/www2.unifap.br\/dcp\/files\/2015\/10\/DIRETRIZES-CURRICULARES-NACIONAIS-DE-GRADUA\u00c7\u00c3O-EM-ENFERMAGEM.pdf\"><span style=\"color: #008000\">DIRETRIZES CURRICULARES NACIONAIS DE GRADUA\u00c7\u00c3O EM ENFERMAGEM<\/span><\/a><\/strong><\/span><\/li>\n<li style=\"text-align: justify\"><span style=\"color: #008000\"><strong><a href=\"http:\/\/www2.unifap.br\/dcp\/files\/2015\/10\/DIRETRIZES-CURRICULARES-NACIONAIS-DO-CURSO-DE-GRADUA\u00c7\u00c3O-EM-FISIOTERAPIA.pdf\"><span style=\"color: #008000\">DIRETRIZES CURRICULARES NACIONAIS DO CURSO DE GRADUA\u00c7\u00c3O EM FISIOTERAPIA<\/span><\/a> <\/strong><\/span><\/li>\n<li style=\"text-align: justify\"><span style=\"color: #008000\"><strong><a href=\"http:\/\/www2.unifap.br\/dcp\/files\/2015\/10\/DIRETRIZES-CURRICULARES-NACIONAIS-DO-CURSO-DE-GRADUA\u00c7\u00c3O-EM-MEDICINA.pdf\"><span style=\"color: #008000\">DIRETRIZES CURRICULARES\u00a0<\/span><\/a><a href=\"http:\/\/www2.unifap.br\/dcp\/files\/2015\/10\/DIRETRIZES-CURRICULARES-NACIONAIS-DO-CURSO-DE-GRADUA\u00c7\u00c3O-EM-MEDICINA.pdf\"><span style=\"color: #008000\">NACIONAIS DO CURSO DE GRADUA\u00c7\u00c3O EM MEDICINA<\/span><\/a><\/strong><\/span><\/li>\n<li style=\"text-align: justify\"><span style=\"color: #008000\"><strong><a href=\"http:\/\/www2.unifap.br\/dcp\/files\/2015\/10\/DIRETRIZES-CURRICULARES-NACIONAIS-DO-CURSO-DE-GRADUA\u00c7\u00c3O-EM-ARQUITETURA-E-URBANISMO.pdf\"><span style=\"color: #008000\">DIRETRIZES CURRICULARES NACIONAIS DO CURSO DE GRADUA\u00c7\u00c3O EM ARQUITETURA E URBANISMO<\/span><\/a> <\/strong><\/span><\/li>\n<li style=\"text-align: justify\"><span style=\"color: #008000\"><strong><a href=\"http:\/\/www2.unifap.br\/dcp\/files\/2015\/10\/DIRETRIZES-CURRICULARES-NACIONAIS-DO-CURSO-DE-GRADUA\u00c7\u00c3O-EM-ENGENHARIA.pdf\"><span style=\"color: #008000\">DIRETRIZES CURRICULARES NACIONAIS DO CURSO DE GRADUA\u00c7\u00c3O EM ENGENHARIA<\/span><\/a><\/strong><\/span><\/li>\n<li style=\"text-align: justify\"><strong><span style=\"color: #008000\"><a href=\"http:\/\/www2.unifap.br\/dcp\/files\/2015\/10\/DIRETRIZES-CURRICULARES-PARA-O-CURSO-DE-CI\u00caNCIA-DA-COMPUTA\u00c7\u00c3O.pdf\"><span style=\"color: #008000\">DIRETRIZES CURRICULARES NACIONAIS PARA O CURSO DE CI\u00caNCIA DA COMPUTA\u00c7\u00c3O<\/span><\/a><\/span><\/strong><\/li>\n<li style=\"text-align: justify\"><span style=\"color: #008000\"><strong><a href=\"http:\/\/www2.unifap.br\/dcp\/files\/2015\/10\/DIRETRIZES-CURRICULARES-PARA-OS-CURSOS-DE-BACHARELADO-E-LICENCIATURA.pdf\"><span style=\"color: #008000\">DIRETRIZES CURRICULARES PARA OS CURSOS DE LICENCIATURA EM F\u00cdSICA<\/span><\/a><\/strong><\/span><\/li>\n<li style=\"text-align: justify\"><span style=\"color: #008000\"><strong> <a href=\"http:\/\/www2.unifap.br\/dcp\/files\/2015\/10\/DIRETRIZES-CURRICULARES-PARA-OS-CURSOS-DE-MATEM\u00c1TICA.pdf\"><span style=\"color: #008000\">DIRETRIZES CURRICULARES PARA OS CURSOS DE MATEM\u00c1TICA<\/span><\/a><\/strong><\/span><\/li>\n<li style=\"text-align: justify\"><span style=\"color: #008000\"><strong><a href=\"http:\/\/www2.unifap.br\/dcp\/files\/2015\/10\/DIRETRIZES-CURRICULARES-NACIONAIS-DO-CURSO-DE-GRADUA\u00c7\u00c3O-EM-ADMINISTRA\u00c7\u00c3O.pdf\"><span style=\"color: #008000\">DIRETRIZES CURRICULARES NACIONAIS DO CURSO DE GRADUA\u00c7\u00c3O EM ADMINISTRA\u00c7\u00c3O<\/span><\/a> <\/strong><\/span><\/li>\n<li style=\"text-align: justify\"><span style=\"color: #008000\"><strong><a href=\"http:\/\/www2.unifap.br\/dcp\/files\/2015\/10\/DIRETRIZES-CURRICULARES-NACIONAIS-DO-CURSO-DE-GRADUA\u00c7\u00c3O-EM-DIREITO.pdf\"><span style=\"color: #008000\">DIRETRIZES CURRICULARES NACIONAIS DO CURSO DE GRADUA\u00c7\u00c3O EM DIREITO<\/span><\/a> <\/strong><\/span><\/li>\n<li style=\"text-align: justify\"><span style=\"color: #008000\"><strong><a href=\"http:\/\/www2.unifap.br\/dcp\/files\/2015\/10\/DIRETRIZES-CURRICULARES-NACIONAIS-PARA-O-CURSO-DE-GRADUA\u00c7\u00c3O-EM-SECRETARIADO-EXECUTIVO.pdf\"><span style=\"color: #008000\">DIRETRIZES CURRICULARES NACIONAIS PARA O CURSO DE GRADUA\u00c7\u00c3O EM SECRETARIADO EXECUTIVO<\/span><\/a> <\/strong><\/span><\/li>\n<li style=\"text-align: justify\"><span style=\"color: #008000\"><strong><a href=\"http:\/\/www2.unifap.br\/dcp\/files\/2015\/10\/DIRETRIZES-CURRICULARES-PARA-OS-CURSOS-DE-CI\u00caNCIAS-SOCIAIS-ANTROPOLOGIA-CI\u00caNCIA-POL\u00cdTICA-E-SOCIOLOGIA.pdf\"><span style=\"color: #008000\">DIRETRIZES CURRICULARES PARA OS CURSOS DE CI\u00caNCIAS SOCIAIS &#8211; ANTROPOLOGIA, CI\u00caNCIA POL\u00cdTICA E SOCIOLOGIA<\/span><\/a><\/strong><\/span><\/li>\n<li style=\"text-align: justify\"><span style=\"color: #008000\"><strong> <a href=\"http:\/\/www2.unifap.br\/dcp\/files\/2015\/10\/DIRETRIZES-CURRICULARES-PARA-OS-CURSOS-DE-GEOGRAFIA.pdf\"><span style=\"color: #008000\">DIRETRIZES CURRICULARES PARA OS CURSOS DE GEOGRAFIA<\/span><\/a><\/strong><\/span><\/li>\n<li style=\"text-align: justify\"><span style=\"color: #008000\"><strong> <a href=\"http:\/\/www2.unifap.br\/dcp\/files\/2015\/10\/DIRETRIZES-CURRICULARES-PARA-OS-CURSOS-DE-HIST\u00d3RIA.pdf\"><span style=\"color: #008000\">DIRETRIZES CURRICULARES PARA OS CURSOS DE HIST\u00d3RIA<\/span><\/a><\/strong><\/span><\/li>\n<li style=\"text-align: justify\"><span style=\"color: #008000\"><strong><a href=\"http:\/\/www2.unifap.br\/dcp\/files\/2015\/10\/DIRETRIZES-CURRICULARES-NACIONAIS-DO-CURSO-DE-GRADUA\u00c7\u00c3O-EM-TEATRO.pdf\"><span style=\"color: #008000\">DIRETRIZES CURRICULARES NACIONAIS DO CURSO DE GRADUA\u00c7\u00c3O EM TEATRO<\/span><\/a><\/strong><\/span><\/li>\n<li style=\"text-align: justify\"><strong><span style=\"color: #008000\"><a href=\"http:\/\/www2.unifap.br\/dcp\/files\/2015\/10\/DIRETRIZES-CURRICULARES-PARA-O-CURSO-DE-JORNALISMO.pdf\"><span style=\"color: #008000\">DIRETRIZES CURRICULARES NACIONAIS PARA O CURSO DE JORNALISMO<\/span><\/a><\/span><\/strong><\/li>\n<li style=\"text-align: justify\"><span style=\"color: #008000\"><strong><a href=\"http:\/\/www2.unifap.br\/dcp\/files\/2015\/10\/DIRETRIZES-CURRICULARES-PARA-OS-CURSOS-DE-LETRAS.pdf\"><span style=\"color: #008000\">DIRETRIZES CURRICULARES PARA OS CURSOS DE LETRAS<\/span><\/a><\/strong><\/span><\/li>\n<\/ul>\n","protected":false},"excerpt":{"rendered":"<p>ACOMPANHE AS ATUALIZA\u00c7\u00d5ES DAS DIRETRIZES CURRICULARES NACIONAIS DOS CURSOS DE GRADUA\u00c7\u00c3O NO PORTAL DO MEC. ACESSO EM: http:\/\/portal.mec.gov.br\/busca-geral\/323-secretarias-112877938\/orgaos-vinculados-82187207\/12991-diretrizes-curriculares-cursos-de-graduacao Diretrizes Curriculares Nacionais para a Forma\u00e7\u00e3o Inicial de Professores para a Educa\u00e7\u00e3o B\u00e1sica e institui a Base Nacional Comum para a Forma\u00e7\u00e3o&hellip; <\/p>\n<p><a href=\"http:\/\/www2.unifap.br\/dcp\/diretrizes-curriculares-dos-cursos\/\" class=\"readmore-button\">Continue Reading<\/a><\/p>\n","protected":false},"author":770,"featured_media":0,"parent":0,"menu_order":3,"comment_status":"open","ping_status":"open","template":"","meta":{"inline_featured_image":false,"ngg_post_thumbnail":0,"footnotes":""},"class_list":["post-89","page","type-page","status-publish","hentry"],"_links":{"self":[{"href":"http:\/\/www2.unifap.br\/dcp\/wp-json\/wp\/v2\/pages\/89","targetHints":{"allow":["GET"]}}],"collection":[{"href":"http:\/\/www2.unifap.br\/dcp\/wp-json\/wp\/v2\/pages"}],"about":[{"href":"http:\/\/www2.unifap.br\/dcp\/wp-json\/wp\/v2\/types\/page"}],"author":[{"embeddable":true,"href":"http:\/\/www2.unifap.br\/dcp\/wp-json\/wp\/v2\/users\/770"}],"replies":[{"embeddable":true,"href":"http:\/\/www2.unifap.br\/dcp\/wp-json\/wp\/v2\/comments?post=89"}],"version-history":[{"count":18,"href":"http:\/\/www2.unifap.br\/dcp\/wp-json\/wp\/v2\/pages\/89\/revisions"}],"predecessor-version":[{"id":528,"href":"http:\/\/www2.unifap.br\/dcp\/wp-json\/wp\/v2\/pages\/89\/revisions\/528"}],"wp:attachment":[{"href":"http:\/\/www2.unifap.br\/dcp\/wp-json\/wp\/v2\/media?parent=89"}],"curies":[{"name":"wp","href":"https:\/\/api.w.org\/{rel}","templated":true}]}}