{"id":92,"date":"2015-10-27T18:02:41","date_gmt":"2015-10-27T18:02:41","guid":{"rendered":"http:\/\/www2.unifap.br\/dcp\/?page_id=92"},"modified":"2018-04-05T22:47:44","modified_gmt":"2018-04-05T22:47:44","slug":"contatos","status":"publish","type":"page","link":"http:\/\/www2.unifap.br\/dcp\/contatos\/","title":{"rendered":"PERGUNTAS E RESPOSTAS"},"content":{"rendered":"<h1><span style=\"color: #ff0000\"><strong>Tire aqui suas principais d\u00favidas:<\/strong><\/span><\/h1>\n<ul>\n<li style=\"text-align: justify\"><strong><span style=\"color: #008000\"><a href=\"http:\/\/www2.unifap.br\/dcp\/files\/2016\/05\/RESOLU\u00c7\u00c3O-CNE-CES-N\u00ba-2-DE-1\u00ba-DE-JULHO-DE-2015.pdf\"><span style=\"color: #008000\">RESOLU\u00c7\u00c3O CNE CES N\u00ba 2, DE 1\u00ba DE JULHO DE 2015<\/span><\/a>\u00a0<\/span><span style=\"color: #000000\">&#8211;\u00a0Define as Diretrizes Curriculares Nacionais para a forma\u00e7\u00e3o inicial em n\u00edvel superior (cursos de licenciatura, cursos de forma\u00e7\u00e3o pedag\u00f3gica para graduados e cursos de segunda licenciatura) e para a forma\u00e7\u00e3o continuada.<\/span><\/strong><\/li>\n<\/ul>\n","protected":false},"excerpt":{"rendered":"<p>Tire aqui suas principais d\u00favidas: RESOLU\u00c7\u00c3O CNE CES N\u00ba 2, DE 1\u00ba DE JULHO DE 2015\u00a0&#8211;\u00a0Define as Diretrizes Curriculares Nacionais para a forma\u00e7\u00e3o inicial em n\u00edvel superior (cursos de licenciatura, cursos de forma\u00e7\u00e3o pedag\u00f3gica para graduados e cursos de segunda&hellip; <\/p>\n<p><a href=\"http:\/\/www2.unifap.br\/dcp\/contatos\/\" class=\"readmore-button\">Continue Reading<\/a><\/p>\n","protected":false},"author":770,"featured_media":0,"parent":0,"menu_order":10,"comment_status":"open","ping_status":"open","template":"","meta":{"inline_featured_image":false,"ngg_post_thumbnail":0,"footnotes":""},"class_list":["post-92","page","type-page","status-publish","hentry"],"_links":{"self":[{"href":"http:\/\/www2.unifap.br\/dcp\/wp-json\/wp\/v2\/pages\/92","targetHints":{"allow":["GET"]}}],"collection":[{"href":"http:\/\/www2.unifap.br\/dcp\/wp-json\/wp\/v2\/pages"}],"about":[{"href":"http:\/\/www2.unifap.br\/dcp\/wp-json\/wp\/v2\/types\/page"}],"author":[{"embeddable":true,"href":"http:\/\/www2.unifap.br\/dcp\/wp-json\/wp\/v2\/users\/770"}],"replies":[{"embeddable":true,"href":"http:\/\/www2.unifap.br\/dcp\/wp-json\/wp\/v2\/comments?post=92"}],"version-history":[{"count":19,"href":"http:\/\/www2.unifap.br\/dcp\/wp-json\/wp\/v2\/pages\/92\/revisions"}],"predecessor-version":[{"id":467,"href":"http:\/\/www2.unifap.br\/dcp\/wp-json\/wp\/v2\/pages\/92\/revisions\/467"}],"wp:attachment":[{"href":"http:\/\/www2.unifap.br\/dcp\/wp-json\/wp\/v2\/media?parent=92"}],"curies":[{"name":"wp","href":"https:\/\/api.w.org\/{rel}","templated":true}]}}