{"id":11,"date":"2017-07-07T10:32:38","date_gmt":"2017-07-07T10:32:38","guid":{"rendered":"http:\/\/pororoca.unifap.br\/defin\/?page_id=11"},"modified":"2021-09-14T13:15:04","modified_gmt":"2021-09-14T13:15:04","slug":"divisao-de-contabilidade","status":"publish","type":"page","link":"http:\/\/www2.unifap.br\/defin\/divisao-de-contabilidade\/","title":{"rendered":"Divis\u00e3o de Contabilidade"},"content":{"rendered":"<p><strong><span style=\"color: #008000\">EQUIPE:<\/span><\/strong><\/p>\n<p><strong><strong>Vlamir Luiz de Jesus Moreira<\/strong>:<\/strong>\u00a0Resp. da Divis\u00e3o de Contabilidade<\/p>\n<p><strong>Maria do Socorro Monteiro:<\/strong> Contadora, Substituta eventual<\/p>\n<p><strong>Marcilene Cristiana da Concei\u00e7\u00e3o Couto :<\/strong> Tec em Contabilidade<\/p>\n<p><strong>Artur Benjamin dos Santos:<\/strong> T\u00e9c. em Contabilidade<\/p>\n<p><strong>Juciele Barros<\/strong> :\u00a0\u00a0\u00a0 Contadora<\/p>\n<p><b>Danilo Pandilha de Lima: <\/b>T\u00e9c. em contabilidade<\/p>\n","protected":false},"excerpt":{"rendered":"<p>EQUIPE: Vlamir Luiz de Jesus Moreira:\u00a0Resp. da Divis\u00e3o de Contabilidade Maria do Socorro Monteiro: Contadora, Substituta eventual Marcilene Cristiana da Concei\u00e7\u00e3o Couto : Tec em Contabilidade Artur Benjamin dos Santos: T\u00e9c. em Contabilidade Juciele Barros :\u00a0\u00a0\u00a0 Contadora Danilo Pandilha de&hellip; <\/p>\n<p><a href=\"http:\/\/www2.unifap.br\/defin\/divisao-de-contabilidade\/\" class=\"readmore-button\">Continue Reading<\/a><\/p>\n","protected":false},"author":1,"featured_media":0,"parent":0,"menu_order":2,"comment_status":"closed","ping_status":"closed","template":"","meta":{"inline_featured_image":false,"ngg_post_thumbnail":0,"footnotes":""},"class_list":["post-11","page","type-page","status-publish","hentry"],"_links":{"self":[{"href":"http:\/\/www2.unifap.br\/defin\/wp-json\/wp\/v2\/pages\/11","targetHints":{"allow":["GET"]}}],"collection":[{"href":"http:\/\/www2.unifap.br\/defin\/wp-json\/wp\/v2\/pages"}],"about":[{"href":"http:\/\/www2.unifap.br\/defin\/wp-json\/wp\/v2\/types\/page"}],"author":[{"embeddable":true,"href":"http:\/\/www2.unifap.br\/defin\/wp-json\/wp\/v2\/users\/1"}],"replies":[{"embeddable":true,"href":"http:\/\/www2.unifap.br\/defin\/wp-json\/wp\/v2\/comments?post=11"}],"version-history":[{"count":7,"href":"http:\/\/www2.unifap.br\/defin\/wp-json\/wp\/v2\/pages\/11\/revisions"}],"predecessor-version":[{"id":356,"href":"http:\/\/www2.unifap.br\/defin\/wp-json\/wp\/v2\/pages\/11\/revisions\/356"}],"wp:attachment":[{"href":"http:\/\/www2.unifap.br\/defin\/wp-json\/wp\/v2\/media?parent=11"}],"curies":[{"name":"wp","href":"https:\/\/api.w.org\/{rel}","templated":true}]}}