{"id":6,"date":"2017-07-07T10:08:42","date_gmt":"2017-07-07T10:08:42","guid":{"rendered":"http:\/\/pororoca.unifap.br\/defin\/?page_id=5"},"modified":"2026-03-02T14:51:16","modified_gmt":"2026-03-02T14:51:16","slug":"equipe","status":"publish","type":"page","link":"http:\/\/www2.unifap.br\/defin\/equipe\/","title":{"rendered":"Divis\u00e3o de Execu\u00e7\u00e3o Financeira"},"content":{"rendered":"<p>&nbsp;<\/p>\n<p><span style=\"color: #008000\"><strong>EQUIPE:<\/strong><\/span><\/p>\n<p><strong>Lucineide Ara\u00fajo de Carvalho: <\/strong>Resp. da divis\u00e3o<\/p>\n<p><strong>Aderaldo Santos da Silva:<\/strong> Tec. em Contabilidade<\/p>\n<p><strong>Emanuel Carvalho Moura:<\/strong> T\u00e9c. em Assuntos Educacionais<\/p>\n<p><strong>Odennyson Lopes Gomes<\/strong>: Tec. em Contabilidade<\/p>\n","protected":false},"excerpt":{"rendered":"<p>&nbsp; EQUIPE: Lucineide Ara\u00fajo de Carvalho: Resp. da divis\u00e3o Aderaldo Santos da Silva: Tec. em Contabilidade Emanuel Carvalho Moura: T\u00e9c. em Assuntos Educacionais Odennyson Lopes Gomes: Tec. em Contabilidade<\/p>\n","protected":false},"author":1,"featured_media":0,"parent":0,"menu_order":0,"comment_status":"closed","ping_status":"closed","template":"","meta":{"inline_featured_image":false,"ngg_post_thumbnail":0,"footnotes":""},"class_list":["post-6","page","type-page","status-publish","hentry"],"_links":{"self":[{"href":"http:\/\/www2.unifap.br\/defin\/wp-json\/wp\/v2\/pages\/6","targetHints":{"allow":["GET"]}}],"collection":[{"href":"http:\/\/www2.unifap.br\/defin\/wp-json\/wp\/v2\/pages"}],"about":[{"href":"http:\/\/www2.unifap.br\/defin\/wp-json\/wp\/v2\/types\/page"}],"author":[{"embeddable":true,"href":"http:\/\/www2.unifap.br\/defin\/wp-json\/wp\/v2\/users\/1"}],"replies":[{"embeddable":true,"href":"http:\/\/www2.unifap.br\/defin\/wp-json\/wp\/v2\/comments?post=6"}],"version-history":[{"count":18,"href":"http:\/\/www2.unifap.br\/defin\/wp-json\/wp\/v2\/pages\/6\/revisions"}],"predecessor-version":[{"id":545,"href":"http:\/\/www2.unifap.br\/defin\/wp-json\/wp\/v2\/pages\/6\/revisions\/545"}],"wp:attachment":[{"href":"http:\/\/www2.unifap.br\/defin\/wp-json\/wp\/v2\/media?parent=6"}],"curies":[{"name":"wp","href":"https:\/\/api.w.org\/{rel}","templated":true}]}}