{"id":1014,"date":"2018-06-11T10:16:38","date_gmt":"2018-06-11T13:16:38","guid":{"rendered":"http:\/\/www2.unifap.br\/depag\/?page_id=1014"},"modified":"2024-02-06T12:26:26","modified_gmt":"2024-02-06T15:26:26","slug":"inventario-patrimonial-2017","status":"publish","type":"page","link":"http:\/\/www2.unifap.br\/depag\/coord-de-almox-e-patrimonio\/inventario-patrimonial-2017\/","title":{"rendered":"Invent\u00e1rio Patrimonial 2017"},"content":{"rendered":"<p style=\"text-align: justify\"><img fetchpriority=\"high\" decoding=\"async\" class=\"aligncenter size-large wp-image-1019\" src=\"http:\/\/www2.unifap.br\/depag\/files\/2018\/06\/Invent\u00e1rio_Patrimonial-1024x379.png\" alt=\"Invent\u00e1rio Patrimonial\" width=\"605\" height=\"223\" srcset=\"http:\/\/www2.unifap.br\/depag\/files\/2018\/06\/Invent\u00e1rio_Patrimonial-1024x379.png 1024w, http:\/\/www2.unifap.br\/depag\/files\/2018\/06\/Invent\u00e1rio_Patrimonial-300x111.png 300w, http:\/\/www2.unifap.br\/depag\/files\/2018\/06\/Invent\u00e1rio_Patrimonial.png 2048w\" sizes=\"(max-width: 605px) 100vw, 605px\" \/><\/p>\n<p style=\"text-align: justify\">O invent\u00e1rio f\u00edsico, de acordo com a Instru\u00e7\u00e3o Normativa n\u00ba 205\/88, \u00e9 o instrumento de controle para a verifica\u00e7\u00e3o dos equipamentos e materiais permanentes, em uso no \u00f3rg\u00e3o ou entidade, que ir\u00e1 permitir, dentre outros:<\/p>\n<p style=\"text-align: justify;padding-left: 30px\"><strong>a.<\/strong> O levantamento da situa\u00e7\u00e3o dos equipamentos e materiais permanentes em uso e das suas necessidades de manuten\u00e7\u00e3o e reparos;<br \/>\n<strong>b.<\/strong> A constata\u00e7\u00e3o de que o bem m\u00f3vel n\u00e3o \u00e9 necess\u00e1rio naquela unidade;<br \/>\n<strong>c.<\/strong> Confirmar as responsabilidades pela guarda dos bens patrimoniais.<\/p>\n<p style=\"text-align: justify\">Ressaltamos a grande import\u00e2ncia deste trabalho, pois o zelo pelo patrim\u00f4nio p\u00fablico n\u00e3o \u00e9 responsabilidade apenas do setor de patrim\u00f4nio ou dos agentes patrimoniais \u2013 \u00e9 responsabilidade de todos os servidores p\u00fablicos e as san\u00e7\u00f5es administrativas est\u00e3o previstas em lei.<\/p>\n<p>&nbsp;<\/p>\n<p style=\"text-align: left\"><img decoding=\"async\" class=\"wp-image-1016 alignleft\" src=\"http:\/\/www2.unifap.br\/depag\/files\/2018\/06\/documento-150x150.jpg\" alt=\"documento\" width=\"25\" height=\"25\" srcset=\"http:\/\/www2.unifap.br\/depag\/files\/2018\/06\/documento-150x150.jpg 150w, http:\/\/www2.unifap.br\/depag\/files\/2018\/06\/documento-300x300.jpg 300w, http:\/\/www2.unifap.br\/depag\/files\/2018\/06\/documento-70x70.jpg 70w, http:\/\/www2.unifap.br\/depag\/files\/2018\/06\/documento.jpg 626w\" sizes=\"(max-width: 25px) 100vw, 25px\" \/>&nbsp; <strong><a href=\"http:\/\/www2.unifap.br\/depag\/files\/2018\/06\/Orienta\u00e7\u00f5es-Comiss\u00f5es-Invent\u00e1rio-Anual-3.1.2017.pdf\">Manual de Orienta\u00e7\u00f5es para Comiss\u00f5es de Invent\u00e1rio Anual &#8211; 3.1.2017<\/a><\/strong><\/p>\n<h2 style=\"text-align: left\"><strong>INVENT\u00c1RIO PATRIMONIAL &#8211; RELAT\u00d3RIO SIPAC<\/strong><\/h2>\n<p><strong><img decoding=\"async\" src=\"http:\/\/www2.unifap.br\/depag\/files\/2018\/06\/documento-150x150.jpg\" alt=\"documento\" width=\"25\" height=\"25\"> <a href=\"https:\/\/drive.google.com\/open?id=1VkFt3BWlLD4zvJI-B69IwLTGjg4RoSZZ\" target=\"_blank\" rel=\"noopener\">Reitoria<\/a><\/strong><\/p>\n<p><strong><img decoding=\"async\" src=\"http:\/\/www2.unifap.br\/depag\/files\/2018\/06\/documento-150x150.jpg\" alt=\"documento\" width=\"25\" height=\"25\"> <a href=\"https:\/\/drive.google.com\/open?id=1sNyqpuM-j1ewlSVI34hmZ0RRU6QzxF_0\" target=\"_blank\" rel=\"noopener\">PROAD<\/a><\/strong><\/p>\n<p><strong><img decoding=\"async\" src=\"http:\/\/www2.unifap.br\/depag\/files\/2018\/06\/documento-150x150.jpg\" alt=\"documento\" width=\"25\" height=\"25\"> <a href=\"https:\/\/drive.google.com\/open?id=1jLwVH2xmKRtIwlZQerJG6WpDdOYZGyB7\" target=\"_blank\" rel=\"noopener\">PROCRI<\/a><\/strong><\/p>\n<p><strong><img decoding=\"async\" src=\"http:\/\/www2.unifap.br\/depag\/files\/2018\/06\/documento-150x150.jpg\" alt=\"documento\" width=\"25\" height=\"25\"> <a href=\"https:\/\/drive.google.com\/open?id=12ObW3VXxQTwIffpig8ZM81MH_6etZho3\" target=\"_blank\" rel=\"noopener\">PROEAC<\/a><\/strong><\/p>\n<p><strong><img decoding=\"async\" src=\"http:\/\/www2.unifap.br\/depag\/files\/2018\/06\/documento-150x150.jpg\" alt=\"documento\" width=\"25\" height=\"25\"> <a href=\"https:\/\/drive.google.com\/open?id=1hpJvHP2p8vDcTzs46bSyuJtZ6JOEXgrP\" target=\"_blank\" rel=\"noopener\">PROGEP<\/a><\/strong><\/p>\n<p><strong><img decoding=\"async\" src=\"http:\/\/www2.unifap.br\/depag\/files\/2018\/06\/documento-150x150.jpg\" alt=\"documento\" width=\"25\" height=\"25\"> <a href=\"https:\/\/drive.google.com\/open?id=1i3WMToa2pU1Lz8AsJ4AVy3CUaJuGB7Cr\" target=\"_blank\" rel=\"noopener\">PROGRAD<\/a><\/strong><\/p>\n<p><strong><img decoding=\"async\" src=\"http:\/\/www2.unifap.br\/depag\/files\/2018\/06\/documento-150x150.jpg\" alt=\"documento\" width=\"25\" height=\"25\"> <a href=\"https:\/\/drive.google.com\/open?id=1OIn6YO8q1h7Xo2VhGZm_l1vFqviPimVT\" target=\"_blank\" rel=\"noopener\">PROPESPG<\/a><\/strong><\/p>\n<p><strong><img decoding=\"async\" src=\"http:\/\/www2.unifap.br\/depag\/files\/2018\/06\/documento-150x150.jpg\" alt=\"documento\" width=\"25\" height=\"25\"> <a href=\"https:\/\/drive.google.com\/open?id=1ACc2U_m8iLfSliPHzvChop2Xv29SVF7S\" target=\"_blank\" rel=\"noopener\">PROPLAN<\/a><\/strong><\/p>\n<p><strong><img decoding=\"async\" src=\"http:\/\/www2.unifap.br\/depag\/files\/2018\/06\/documento-150x150.jpg\" alt=\"documento\" width=\"25\" height=\"25\"> <a href=\"https:\/\/drive.google.com\/open?id=1YKvd5_uzxMvmMRjExodcZaQIq-UsGri5\" target=\"_blank\" rel=\"noopener\">Departamentos Acad\u00eamicos, cursos e laborat\u00f3rios<\/a><\/strong><\/p>\n<p><strong><img decoding=\"async\" src=\"http:\/\/www2.unifap.br\/depag\/files\/2018\/06\/documento-150x150.jpg\" alt=\"documento\" width=\"25\" height=\"25\"> <a href=\"https:\/\/drive.google.com\/open?id=1EkWABHE0BKrM3_-qUpGu8EZUODu67WN-\" target=\"_blank\" rel=\"noopener\">Campus Mazag\u00e3o<\/a><\/strong><\/p>\n<p><strong><img decoding=\"async\" src=\"http:\/\/www2.unifap.br\/depag\/files\/2018\/06\/documento-150x150.jpg\" alt=\"documento\" width=\"25\" height=\"25\"> <a href=\"https:\/\/drive.google.com\/open?id=1AtgB9dEHXkIQzSiUv_pF0a9ng3jv5f5Q\" target=\"_blank\" rel=\"noopener\">Campus Oiapoque<\/a><\/strong><\/p>\n<p><strong><img decoding=\"async\" src=\"http:\/\/www2.unifap.br\/depag\/files\/2018\/06\/documento-150x150.jpg\" alt=\"documento\" width=\"25\" height=\"25\"> <a href=\"https:\/\/drive.google.com\/open?id=1iv9F-w_6Y3YeCtwKa22sHRmbmgUJdbqw\" target=\"_blank\" rel=\"noopener\">Campus Santana<\/a><\/strong><\/p>\n","protected":false},"excerpt":{"rendered":"<p>O invent\u00e1rio f\u00edsico, de acordo com a Instru\u00e7\u00e3o Normativa n\u00ba 205\/88, \u00e9 o instrumento de controle para a verifica\u00e7\u00e3o dos equipamentos e materiais permanentes, em uso no \u00f3rg\u00e3o ou entidade, que ir\u00e1 permitir, dentre outros: a. O levantamento da situa\u00e7\u00e3o dos equipamentos e materiais permanentes em uso e das suas necessidades de manuten\u00e7\u00e3o e reparos;&#8230;<\/p>\n","protected":false},"author":422,"featured_media":0,"parent":916,"menu_order":35,"comment_status":"open","ping_status":"closed","template":"page-template-full.php","meta":{"inline_featured_image":false,"site-sidebar-layout":"default","site-content-layout":"","ast-site-content-layout":"default","site-content-style":"default","site-sidebar-style":"default","ast-global-header-display":"","ast-banner-title-visibility":"","ast-main-header-display":"","ast-hfb-above-header-display":"","ast-hfb-below-header-display":"","ast-hfb-mobile-header-display":"","site-post-title":"","ast-breadcrumbs-content":"","ast-featured-img":"","footer-sml-layout":"","theme-transparent-header-meta":"","adv-header-id-meta":"","stick-header-meta":"","header-above-stick-meta":"","header-main-stick-meta":"","header-below-stick-meta":"","astra-migrate-meta-layouts":"default","ast-page-background-enabled":"default","ast-page-background-meta":{"desktop":{"background-color":"var(--ast-global-color-4)","background-image":"","background-repeat":"repeat","background-position":"center center","background-size":"auto","background-attachment":"scroll","background-type":"","background-media":"","overlay-type":"","overlay-color":"","overlay-opacity":"","overlay-gradient":""},"tablet":{"background-color":"","background-image":"","background-repeat":"repeat","background-position":"center center","background-size":"auto","background-attachment":"scroll","background-type":"","background-media":"","overlay-type":"","overlay-color":"","overlay-opacity":"","overlay-gradient":""},"mobile":{"background-color":"","background-image":"","background-repeat":"repeat","background-position":"center center","background-size":"auto","background-attachment":"scroll","background-type":"","background-media":"","overlay-type":"","overlay-color":"","overlay-opacity":"","overlay-gradient":""}},"ast-content-background-meta":{"desktop":{"background-color":"var(--ast-global-color-5)","background-image":"","background-repeat":"repeat","background-position":"center center","background-size":"auto","background-attachment":"scroll","background-type":"","background-media":"","overlay-type":"","overlay-color":"","overlay-opacity":"","overlay-gradient":""},"tablet":{"background-color":"var(--ast-global-color-5)","background-image":"","background-repeat":"repeat","background-position":"center center","background-size":"auto","background-attachment":"scroll","background-type":"","background-media":"","overlay-type":"","overlay-color":"","overlay-opacity":"","overlay-gradient":""},"mobile":{"background-color":"var(--ast-global-color-5)","background-image":"","background-repeat":"repeat","background-position":"center center","background-size":"auto","background-attachment":"scroll","background-type":"","background-media":"","overlay-type":"","overlay-color":"","overlay-opacity":"","overlay-gradient":""}},"ngg_post_thumbnail":0,"footnotes":""},"class_list":["post-1014","page","type-page","status-publish","hentry"],"_links":{"self":[{"href":"http:\/\/www2.unifap.br\/depag\/wp-json\/wp\/v2\/pages\/1014","targetHints":{"allow":["GET"]}}],"collection":[{"href":"http:\/\/www2.unifap.br\/depag\/wp-json\/wp\/v2\/pages"}],"about":[{"href":"http:\/\/www2.unifap.br\/depag\/wp-json\/wp\/v2\/types\/page"}],"author":[{"embeddable":true,"href":"http:\/\/www2.unifap.br\/depag\/wp-json\/wp\/v2\/users\/422"}],"replies":[{"embeddable":true,"href":"http:\/\/www2.unifap.br\/depag\/wp-json\/wp\/v2\/comments?post=1014"}],"version-history":[{"count":10,"href":"http:\/\/www2.unifap.br\/depag\/wp-json\/wp\/v2\/pages\/1014\/revisions"}],"predecessor-version":[{"id":1511,"href":"http:\/\/www2.unifap.br\/depag\/wp-json\/wp\/v2\/pages\/1014\/revisions\/1511"}],"up":[{"embeddable":true,"href":"http:\/\/www2.unifap.br\/depag\/wp-json\/wp\/v2\/pages\/916"}],"wp:attachment":[{"href":"http:\/\/www2.unifap.br\/depag\/wp-json\/wp\/v2\/media?parent=1014"}],"curies":[{"name":"wp","href":"https:\/\/api.w.org\/{rel}","templated":true}]}}