{"id":1059,"date":"2018-10-01T11:58:10","date_gmt":"2018-10-01T14:58:10","guid":{"rendered":"http:\/\/www2.unifap.br\/depag\/?page_id=1059"},"modified":"2024-02-06T12:25:30","modified_gmt":"2024-02-06T15:25:30","slug":"imoveis","status":"publish","type":"page","link":"http:\/\/www2.unifap.br\/depag\/coord-de-almox-e-patrimonio\/imoveis\/","title":{"rendered":"Gest\u00e3o de Im\u00f3veis &#8211; SPIUNET"},"content":{"rendered":"<table border=\"0\" width=\"717\" cellspacing=\"0\" cellpadding=\"0\">\n<tbody>\n<tr>\n<td style=\"text-align: right\" colspan=\"3\" width=\"717\" height=\"26\">\u00daltima atualiza\u00e7\u00e3o em: 01\/10\/2018<\/td>\n<\/tr>\n<tr>\n<td height=\"55\"><strong>MUNIC\u00cdPIO<\/strong><\/td>\n<td width=\"486\"><strong>ENDERE\u00c7O<\/strong><\/td>\n<td width=\"137\"><strong>SPIUnet<\/strong><br \/>\n<strong> (Validade Avalia\u00e7\u00e3o)<\/strong><\/td>\n<\/tr>\n<tr>\n<td height=\"103\">Macap\u00e1<\/td>\n<td width=\"486\">Tipo de Logradouro: Rodovia<br \/>\nLogradouro: JUSCELINO KUBITSCHEK<br \/>\nN\u00famero: s\/n<br \/>\nComplemento: Km-02 entre R. do Estadio, Inspetor Aimor\u00e9 e R. Amadeu Gama<br \/>\nBairro: UNIVERSIDADE Munic\u00edpio: 0605 &#8211; MACAPA<br \/>\nCEP: 68903-419 UF: AP &#8211; Amap\u00e1<\/td>\n<td>19\/08\/2003<\/td>\n<\/tr>\n<tr>\n<td height=\"103\">Laranjal do Jar\u00ed<\/td>\n<td width=\"486\">Tipo de Logradouro: Rua<br \/>\nLogradouro: Ferreira Gomes<br \/>\nN\u00famero: s\/n<br \/>\nComplemento: Setor 08, Quadra 23<br \/>\nBairro: Castanheira Munic\u00edpio: 0613 &#8211; LARANJAL DO JARI<br \/>\nCEP: 68920-000 UF: AP &#8211; Amap\u00e1<\/td>\n<td>19\/09\/2003<\/td>\n<\/tr>\n<tr>\n<td height=\"65\">Oiapoque<\/td>\n<td width=\"486\">Tipo de Logradouro: Rodovia<br \/>\nLogradouro: BR 156, LOTE 172<br \/>\nN\u00famero: s\/n<br \/>\nComplemento: Quadra 27, Setor 03<br \/>\nBairro: Universidade Munic\u00edpio: 0609 &#8211; OIAPOQUE<br \/>\nCEP: 68980-000 UF: AP &#8211; Amap\u00e1<\/td>\n<td>02\/12\/2004<\/td>\n<\/tr>\n<tr>\n<td height=\"103\">Amap\u00e1<\/td>\n<td width=\"486\">Tipo de Logradouro: Ramal<br \/>\nLogradouro: Bacabinha<br \/>\nN\u00famero: s\/n<br \/>\nComplemento: Quadra 17 &#8211; Lote 450 &#8211; Setor 01<br \/>\nBairro: Nova esperan\u00e7a Munic\u00edpio: 0601 &#8211; AMAPA<br \/>\nCEP: 68950-000 UF: AP &#8211; Amap\u00e1<\/td>\n<td>04\/12\/2009<\/td>\n<\/tr>\n<tr>\n<td height=\"103\">Porto Grande<\/td>\n<td width=\"486\">Tipo de Logradouro: Retiro<br \/>\nLogradouro: BR 210<br \/>\nN\u00famero: s\/n<br \/>\nComplemento: Perimetral Norte &#8211; sentido Porto Grande \/ Serra do Navio<br \/>\nBairro: Porto Grande Munic\u00edpio: 0671 &#8211; PORTO GRANDE<br \/>\nCEP: 68997-000 UF: AP &#8211; Amap\u00e1<\/td>\n<td>04\/12\/2010<\/td>\n<\/tr>\n<tr>\n<td height=\"103\">Oiapoque<\/td>\n<td width=\"486\">Tipo de Logradouro: Rodovia<br \/>\nLogradouro: BR &#8211; 156<br \/>\nN\u00famero: s\/n<br \/>\nComplemento: \u00e0 aprox. 07 quil\u00f4metros da sede do Munic\u00edpio de Oiapoque<br \/>\nBairro: Munic\u00edpio: 0609 &#8211; OIAPOQUE<br \/>\nCEP: 68980-000 UF: AP &#8211; Amap\u00e1<\/td>\n<td width=\"137\">06\/07\/2014<\/td>\n<\/tr>\n<tr>\n<td height=\"103\">Tartarugalzinho<\/td>\n<td width=\"486\">Tipo de Logradouro: Rodovia<br \/>\nLogradouro: BR 156<br \/>\nN\u00famero: S\/N<br \/>\nComplemento: Zona Rural<br \/>\nBairro: Retiro Belo Vale Munic\u00edpio: 0617 &#8211; TARTARUGALZINHO<br \/>\nCEP: 68990-000 UF: AP &#8211; Amap\u00e1<\/td>\n<td>17\/04\/2019<\/td>\n<\/tr>\n<tr>\n<td height=\"103\">Cal\u00e7oene<\/td>\n<td width=\"486\">Tipo de Logradouro: Rua<br \/>\nLogradouro: Roberto Paulo de Jesus<br \/>\nN\u00famero: s\/n<br \/>\nComplemento: Lateral dir: lote 45; Lateral esq: lote 47; e Fundo: s\/den<br \/>\nBairro: Centro Munic\u00edpio: 0603 &#8211; CALCOENE<br \/>\nCEP: 68960-000 UF: AP &#8211; Amap\u00e1<\/td>\n<td>17\/04\/2019<\/td>\n<\/tr>\n<tr>\n<td height=\"103\">Santana<\/td>\n<td width=\"486\">Tipo de Logradouro: Retiro<br \/>\nLogradouro: RODOVIA DUQUE DE CAXIAS<br \/>\nN\u00famero: S\/N<br \/>\nComplemento: RETIRO<br \/>\nBairro: RETIRO Munic\u00edpio: 0615 &#8211; SANTANA<br \/>\nCEP: 68925-000 UF: AP &#8211; Amap\u00e1<\/td>\n<td>28\/09\/2019<\/td>\n<\/tr>\n<tr>\n<td height=\"103\">Mazag\u00e3o<\/td>\n<td width=\"486\">Tipo de Logradouro: Avenida<br \/>\nLogradouro: Intendente alfredo pinto<br \/>\nN\u00famero: S\/N<br \/>\nComplemento: Entre rua Coaracy Nunes e Travessa A<br \/>\nBairro: Uni\u00e3o Munic\u00edpio: 0607 &#8211; MAZAGAO<br \/>\nCEP: 68940-000 UF: AP &#8211; Amap\u00e1<\/td>\n<td>28\/09\/2019<\/td>\n<\/tr>\n<tr>\n<td height=\"35\">Cutias<\/td>\n<td width=\"486\">Lote localizado a margem esquerda da AP 70 no sentido Cutias-Macap\u00e1, no per\u00edmetro do ramal do matadouro.<\/td>\n<td>&#8211;<\/td>\n<\/tr>\n<\/tbody>\n<\/table>\n","protected":false},"excerpt":{"rendered":"<p>\u00daltima atualiza\u00e7\u00e3o em: 01\/10\/2018 MUNIC\u00cdPIO ENDERE\u00c7O SPIUnet (Validade Avalia\u00e7\u00e3o) Macap\u00e1 Tipo de Logradouro: Rodovia Logradouro: JUSCELINO KUBITSCHEK N\u00famero: s\/n Complemento: Km-02 entre R. do Estadio, Inspetor Aimor\u00e9 e R. Amadeu Gama Bairro: UNIVERSIDADE Munic\u00edpio: 0605 &#8211; MACAPA CEP: 68903-419 UF: AP &#8211; Amap\u00e1 19\/08\/2003 Laranjal do Jar\u00ed Tipo de Logradouro: Rua Logradouro: Ferreira Gomes N\u00famero:&#8230;<\/p>\n","protected":false},"author":422,"featured_media":0,"parent":916,"menu_order":31,"comment_status":"open","ping_status":"closed","template":"","meta":{"inline_featured_image":false,"site-sidebar-layout":"default","site-content-layout":"","ast-site-content-layout":"default","site-content-style":"default","site-sidebar-style":"default","ast-global-header-display":"","ast-banner-title-visibility":"","ast-main-header-display":"","ast-hfb-above-header-display":"","ast-hfb-below-header-display":"","ast-hfb-mobile-header-display":"","site-post-title":"","ast-breadcrumbs-content":"","ast-featured-img":"","footer-sml-layout":"","theme-transparent-header-meta":"","adv-header-id-meta":"","stick-header-meta":"","header-above-stick-meta":"","header-main-stick-meta":"","header-below-stick-meta":"","astra-migrate-meta-layouts":"default","ast-page-background-enabled":"default","ast-page-background-meta":{"desktop":{"background-color":"var(--ast-global-color-4)","background-image":"","background-repeat":"repeat","background-position":"center center","background-size":"auto","background-attachment":"scroll","background-type":"","background-media":"","overlay-type":"","overlay-color":"","overlay-opacity":"","overlay-gradient":""},"tablet":{"background-color":"","background-image":"","background-repeat":"repeat","background-position":"center center","background-size":"auto","background-attachment":"scroll","background-type":"","background-media":"","overlay-type":"","overlay-color":"","overlay-opacity":"","overlay-gradient":""},"mobile":{"background-color":"","background-image":"","background-repeat":"repeat","background-position":"center center","background-size":"auto","background-attachment":"scroll","background-type":"","background-media":"","overlay-type":"","overlay-color":"","overlay-opacity":"","overlay-gradient":""}},"ast-content-background-meta":{"desktop":{"background-color":"var(--ast-global-color-5)","background-image":"","background-repeat":"repeat","background-position":"center center","background-size":"auto","background-attachment":"scroll","background-type":"","background-media":"","overlay-type":"","overlay-color":"","overlay-opacity":"","overlay-gradient":""},"tablet":{"background-color":"var(--ast-global-color-5)","background-image":"","background-repeat":"repeat","background-position":"center center","background-size":"auto","background-attachment":"scroll","background-type":"","background-media":"","overlay-type":"","overlay-color":"","overlay-opacity":"","overlay-gradient":""},"mobile":{"background-color":"var(--ast-global-color-5)","background-image":"","background-repeat":"repeat","background-position":"center center","background-size":"auto","background-attachment":"scroll","background-type":"","background-media":"","overlay-type":"","overlay-color":"","overlay-opacity":"","overlay-gradient":""}},"ngg_post_thumbnail":0,"footnotes":""},"class_list":["post-1059","page","type-page","status-publish","hentry"],"_links":{"self":[{"href":"http:\/\/www2.unifap.br\/depag\/wp-json\/wp\/v2\/pages\/1059","targetHints":{"allow":["GET"]}}],"collection":[{"href":"http:\/\/www2.unifap.br\/depag\/wp-json\/wp\/v2\/pages"}],"about":[{"href":"http:\/\/www2.unifap.br\/depag\/wp-json\/wp\/v2\/types\/page"}],"author":[{"embeddable":true,"href":"http:\/\/www2.unifap.br\/depag\/wp-json\/wp\/v2\/users\/422"}],"replies":[{"embeddable":true,"href":"http:\/\/www2.unifap.br\/depag\/wp-json\/wp\/v2\/comments?post=1059"}],"version-history":[{"count":6,"href":"http:\/\/www2.unifap.br\/depag\/wp-json\/wp\/v2\/pages\/1059\/revisions"}],"predecessor-version":[{"id":1450,"href":"http:\/\/www2.unifap.br\/depag\/wp-json\/wp\/v2\/pages\/1059\/revisions\/1450"}],"up":[{"embeddable":true,"href":"http:\/\/www2.unifap.br\/depag\/wp-json\/wp\/v2\/pages\/916"}],"wp:attachment":[{"href":"http:\/\/www2.unifap.br\/depag\/wp-json\/wp\/v2\/media?parent=1059"}],"curies":[{"name":"wp","href":"https:\/\/api.w.org\/{rel}","templated":true}]}}