{"id":1076,"date":"2018-11-26T14:57:22","date_gmt":"2018-11-26T17:57:22","guid":{"rendered":"http:\/\/www2.unifap.br\/depag\/?page_id=1076"},"modified":"2024-02-06T12:25:06","modified_gmt":"2024-02-06T15:25:06","slug":"requisicao-de-toners-devolucao-de-toners-vazios","status":"publish","type":"page","link":"http:\/\/www2.unifap.br\/depag\/coord-de-almox-e-patrimonio\/requisicao-de-toners-devolucao-de-toners-vazios\/","title":{"rendered":"\u2672 Requisi\u00e7\u00e3o de Toners \/ Devolu\u00e7\u00e3o de Toners Vazios \u2672"},"content":{"rendered":"<p style=\"text-align: justify\">Considerando que a institui\u00e7\u00e3o disp\u00f5e de um grande parque de impress\u00e3o, o que ocasiona um consider\u00e1vel consumo de suprimentos de impress\u00e3o (toners, kits de imagens e cilindros).<\/p>\n<p style=\"text-align: justify\">Considerando que a empresa fabricante de suprimentos de impress\u00e3o efetua o recolhimento destes materiais para descarte por meio de seu programa de log\u00edstica reversa, onde a mesma procede com a reciclagem, contribuindo para a redu\u00e7\u00e3o de res\u00edduos e diminui\u00e7\u00e3o da utiliza\u00e7\u00e3o de recursos naturais.<\/p>\n<p style=\"text-align: justify\">Tendo em vista reuni\u00f5es realizadas com o NTI, visando estabelecer um fluxo mais din\u00e2mico para o processo de recolhimento e descarte correto dos suprimentos de impress\u00e3o, bem como maior controle sobre a utiliza\u00e7\u00e3o destes materiais na institui\u00e7\u00e3o, tal atribui\u00e7\u00e3o de recolhimento de suprimentos de impress\u00e3o passou a ser exercida pelo Setor de Almoxarifado, conforme termos abaixo:<\/p>\n<p style=\"text-align: justify\"><strong><em>1)\u00a0\u00a0\u00a0 <\/em><\/strong><em>Quando da necessidade de novo suprimento de impress\u00e3o (toner), o setor requisitante dever\u00e1 apresentar ao Setor de Almoxarifado o suprimento usado para fazer a troca no momento da retirada da requisi\u00e7\u00e3o de material.<br \/>\n<\/em><\/p>\n<p style=\"text-align: justify\"><strong><em>2)\u00a0\u00a0\u00a0 <\/em><\/strong><em>Campus Oiapoque: Considerando a log\u00edstica necess\u00e1ria para atender as requisi\u00e7\u00f5es deste campus, devido ao distanciamento, as requisi\u00e7\u00f5es continuar\u00e3o a ser executadas da mesma forma, devendo ocorrer o envio mensal ao Setor de Almoxarifado dos suprimentos vazios.<\/em><\/p>\n<p style=\"text-align: justify\"><strong><em>3)\u00a0\u00a0\u00a0 <\/em><\/strong><em>Quando houver substitui\u00e7\u00e3o de kits de imagens e cilindros, os setores dever\u00e3o entregar ao Setor de Almoxarifado os materiais substitu\u00eddos para que seja efetuado os tr\u00e2mites para descarte correto.<\/em><\/p>\n","protected":false},"excerpt":{"rendered":"<p>Considerando que a institui\u00e7\u00e3o disp\u00f5e de um grande parque de impress\u00e3o, o que ocasiona um consider\u00e1vel consumo de suprimentos de impress\u00e3o (toners, kits de imagens e cilindros). Considerando que a empresa fabricante de suprimentos de impress\u00e3o efetua o recolhimento destes materiais para descarte por meio de seu programa de log\u00edstica reversa, onde a mesma procede&#8230;<\/p>\n","protected":false},"author":422,"featured_media":0,"parent":916,"menu_order":23,"comment_status":"open","ping_status":"closed","template":"","meta":{"inline_featured_image":false,"site-sidebar-layout":"default","site-content-layout":"","ast-site-content-layout":"default","site-content-style":"default","site-sidebar-style":"default","ast-global-header-display":"","ast-banner-title-visibility":"","ast-main-header-display":"","ast-hfb-above-header-display":"","ast-hfb-below-header-display":"","ast-hfb-mobile-header-display":"","site-post-title":"","ast-breadcrumbs-content":"","ast-featured-img":"","footer-sml-layout":"","theme-transparent-header-meta":"","adv-header-id-meta":"","stick-header-meta":"","header-above-stick-meta":"","header-main-stick-meta":"","header-below-stick-meta":"","astra-migrate-meta-layouts":"default","ast-page-background-enabled":"default","ast-page-background-meta":{"desktop":{"background-color":"var(--ast-global-color-4)","background-image":"","background-repeat":"repeat","background-position":"center center","background-size":"auto","background-attachment":"scroll","background-type":"","background-media":"","overlay-type":"","overlay-color":"","overlay-opacity":"","overlay-gradient":""},"tablet":{"background-color":"","background-image":"","background-repeat":"repeat","background-position":"center center","background-size":"auto","background-attachment":"scroll","background-type":"","background-media":"","overlay-type":"","overlay-color":"","overlay-opacity":"","overlay-gradient":""},"mobile":{"background-color":"","background-image":"","background-repeat":"repeat","background-position":"center center","background-size":"auto","background-attachment":"scroll","background-type":"","background-media":"","overlay-type":"","overlay-color":"","overlay-opacity":"","overlay-gradient":""}},"ast-content-background-meta":{"desktop":{"background-color":"var(--ast-global-color-5)","background-image":"","background-repeat":"repeat","background-position":"center center","background-size":"auto","background-attachment":"scroll","background-type":"","background-media":"","overlay-type":"","overlay-color":"","overlay-opacity":"","overlay-gradient":""},"tablet":{"background-color":"var(--ast-global-color-5)","background-image":"","background-repeat":"repeat","background-position":"center center","background-size":"auto","background-attachment":"scroll","background-type":"","background-media":"","overlay-type":"","overlay-color":"","overlay-opacity":"","overlay-gradient":""},"mobile":{"background-color":"var(--ast-global-color-5)","background-image":"","background-repeat":"repeat","background-position":"center center","background-size":"auto","background-attachment":"scroll","background-type":"","background-media":"","overlay-type":"","overlay-color":"","overlay-opacity":"","overlay-gradient":""}},"ngg_post_thumbnail":0,"footnotes":""},"class_list":["post-1076","page","type-page","status-publish","hentry"],"_links":{"self":[{"href":"http:\/\/www2.unifap.br\/depag\/wp-json\/wp\/v2\/pages\/1076","targetHints":{"allow":["GET"]}}],"collection":[{"href":"http:\/\/www2.unifap.br\/depag\/wp-json\/wp\/v2\/pages"}],"about":[{"href":"http:\/\/www2.unifap.br\/depag\/wp-json\/wp\/v2\/types\/page"}],"author":[{"embeddable":true,"href":"http:\/\/www2.unifap.br\/depag\/wp-json\/wp\/v2\/users\/422"}],"replies":[{"embeddable":true,"href":"http:\/\/www2.unifap.br\/depag\/wp-json\/wp\/v2\/comments?post=1076"}],"version-history":[{"count":3,"href":"http:\/\/www2.unifap.br\/depag\/wp-json\/wp\/v2\/pages\/1076\/revisions"}],"predecessor-version":[{"id":1467,"href":"http:\/\/www2.unifap.br\/depag\/wp-json\/wp\/v2\/pages\/1076\/revisions\/1467"}],"up":[{"embeddable":true,"href":"http:\/\/www2.unifap.br\/depag\/wp-json\/wp\/v2\/pages\/916"}],"wp:attachment":[{"href":"http:\/\/www2.unifap.br\/depag\/wp-json\/wp\/v2\/media?parent=1076"}],"curies":[{"name":"wp","href":"https:\/\/api.w.org\/{rel}","templated":true}]}}