{"id":1248,"date":"2020-03-12T11:04:35","date_gmt":"2020-03-12T14:04:35","guid":{"rendered":"http:\/\/www2.unifap.br\/depag\/?page_id=1248"},"modified":"2024-02-06T12:27:20","modified_gmt":"2024-02-06T15:27:20","slug":"pgc","status":"publish","type":"page","link":"http:\/\/www2.unifap.br\/depag\/orientacoes\/pgc\/","title":{"rendered":"Orienta\u00e7\u00f5es PGC"},"content":{"rendered":"<p style=\"text-align: justify\"><strong>Sistema de Planejamento e Gerenciamento de Contrata\u00e7\u00f5es (PGC)<\/strong><\/p>\n<p>&nbsp;<\/p>\n<p style=\"text-align: justify\">O Sistema de Planejamento e Gerenciamento de Contrata\u00e7\u00f5es (PGC) constitui a ferramenta informatizada, integrante da plataforma do Sistema Integrado de Administra\u00e7\u00e3o de Servi\u00e7os Gerais \u2013 SIASG, disponibilizada pela Secretaria de Gest\u00e3o do Minist\u00e9rio da Economia (ME) para elabora\u00e7\u00e3o do Plano Anual de Contrata\u00e7\u00f5es (PAC) pelas Unidades de Administra\u00e7\u00e3o de Servi\u00e7os Gerais (UASG). A UNIFAP, incluindo todos os seus campi, \u00e9 uma UASG, por exemplo. Cada UASG dever\u00e1 elaborar anualmente o respectivo PAC, contendo todos os itens que pretende contratar no exerc\u00edcio subsequente (Instru\u00e7\u00e3o Normativa n\u00ba 1, de 10 de janeiro de 2019\/SEGES\/ME). A elabora\u00e7\u00e3o do Plano Anual de Contrata\u00e7\u00f5es \u00e9 obrigat\u00f3ria, sob pena de inviabilizar a aquisi\u00e7\u00e3o no per\u00edodo de execu\u00e7\u00e3o do Plano.<\/p>\n<p>&nbsp;<\/p>\n<p>&nbsp;<\/p>\n<h2><strong>Orienta\u00e7\u00f5es para acesso ao Sistema PGC<\/strong><\/h2>\n<p><em>Visite o link abaixo para ler sobre os procedimentos de acesso ao sistema:<\/em><\/p>\n<p><a href=\"https:\/\/www.gov.br\/compras\/pt-br\/sistemas\/orientacoes-para-acesso-ao-sistema-pgc\">https:\/\/www.gov.br\/compras\/pt-br\/sistemas\/orientacoes-para-acesso-ao-sistema-pgc<\/a><\/p>\n<p>Informamos que a unidade respons\u00e1vel pela libera\u00e7\u00e3o de acesso ao sistema PGC \u00e9 o Departamento Financeiro &#8211; DEFIN.<\/p>\n<h3><\/h3>\n<p>&nbsp;<\/p>\n<h3><\/h3>\n<h3><strong>MANUAL PARA CADASTRO DE ITENS NO PGC<\/strong><\/h3>\n<p>Com o objetivo de orientar todas as unidades institucionais acerca do cadastramento de itens no sistema PGC, o DEPAG desenvolveu o manual abaixo com um passo a passo para utiliza\u00e7\u00e3o do sistema.<\/p>\n<h4><a href=\"http:\/\/www2.unifap.br\/depag\/files\/2020\/04\/passo-a-passo-pgc-2021.pdf.pdf\">Manual PGC 2021.pdf<\/a><\/h4>\n<p>&nbsp;<\/p>\n<p>&nbsp;<\/p>\n<h2><strong>MANUAL OFICIAL<\/strong><\/h2>\n<p>Tamb\u00e9m existe o Manual Oficial, elaborado pelo Departamento de Normas e Sistemas de Log\u00edstica da Secretaria de Gest\u00e3o do Minist\u00e9rio da Economia (antigo Minist\u00e9rio do Planejamento, Desenvolvimento e Gest\u00e3o), dispon\u00edvel em:<\/p>\n<h4><strong><a href=\"https:\/\/www.gov.br\/compras\/pt-br\/sistemas\/arquivos-doc-e-pdf\/manualpgc.pdf\">https:\/\/www.gov.br\/compras\/pt-br\/sistemas\/arquivos-doc-e-pdf\/manualpgc.pdf<\/a><\/strong><\/h4>\n<p>&nbsp;<\/p>\n<p>&nbsp;<\/p>\n<h2><strong>Procedimentos para gera\u00e7\u00e3o do arquivo de comprova\u00e7\u00e3o de cadastro de itens no PGC<\/strong><\/h2>\n<h4><a href=\"http:\/\/www2.unifap.br\/depag\/files\/2021\/02\/Gera\u00e7\u00e3o-do-arquivo-de-comprova\u00e7\u00e3o-de-cadastro-de-itens-no-PGC.pdf\">Passo a passo para Gera\u00e7\u00e3o do arquivo de comprova\u00e7\u00e3o de cadastro de itens no PGC<\/a><\/h4>\n","protected":false},"excerpt":{"rendered":"<p>Sistema de Planejamento e Gerenciamento de Contrata\u00e7\u00f5es (PGC) &nbsp; O Sistema de Planejamento e Gerenciamento de Contrata\u00e7\u00f5es (PGC) constitui a ferramenta informatizada, integrante da plataforma do Sistema Integrado de Administra\u00e7\u00e3o de Servi\u00e7os Gerais \u2013 SIASG, disponibilizada pela Secretaria de Gest\u00e3o do Minist\u00e9rio da Economia (ME) para elabora\u00e7\u00e3o do Plano Anual de Contrata\u00e7\u00f5es (PAC) pelas Unidades&#8230;<\/p>\n","protected":false},"author":422,"featured_media":0,"parent":1531,"menu_order":17,"comment_status":"closed","ping_status":"closed","template":"","meta":{"inline_featured_image":false,"site-sidebar-layout":"default","site-content-layout":"","ast-site-content-layout":"default","site-content-style":"default","site-sidebar-style":"default","ast-global-header-display":"","ast-banner-title-visibility":"","ast-main-header-display":"","ast-hfb-above-header-display":"","ast-hfb-below-header-display":"","ast-hfb-mobile-header-display":"","site-post-title":"","ast-breadcrumbs-content":"","ast-featured-img":"","footer-sml-layout":"","theme-transparent-header-meta":"","adv-header-id-meta":"","stick-header-meta":"","header-above-stick-meta":"","header-main-stick-meta":"","header-below-stick-meta":"","astra-migrate-meta-layouts":"default","ast-page-background-enabled":"default","ast-page-background-meta":{"desktop":{"background-color":"var(--ast-global-color-4)","background-image":"","background-repeat":"repeat","background-position":"center center","background-size":"auto","background-attachment":"scroll","background-type":"","background-media":"","overlay-type":"","overlay-color":"","overlay-opacity":"","overlay-gradient":""},"tablet":{"background-color":"","background-image":"","background-repeat":"repeat","background-position":"center center","background-size":"auto","background-attachment":"scroll","background-type":"","background-media":"","overlay-type":"","overlay-color":"","overlay-opacity":"","overlay-gradient":""},"mobile":{"background-color":"","background-image":"","background-repeat":"repeat","background-position":"center center","background-size":"auto","background-attachment":"scroll","background-type":"","background-media":"","overlay-type":"","overlay-color":"","overlay-opacity":"","overlay-gradient":""}},"ast-content-background-meta":{"desktop":{"background-color":"var(--ast-global-color-5)","background-image":"","background-repeat":"repeat","background-position":"center center","background-size":"auto","background-attachment":"scroll","background-type":"","background-media":"","overlay-type":"","overlay-color":"","overlay-opacity":"","overlay-gradient":""},"tablet":{"background-color":"var(--ast-global-color-5)","background-image":"","background-repeat":"repeat","background-position":"center center","background-size":"auto","background-attachment":"scroll","background-type":"","background-media":"","overlay-type":"","overlay-color":"","overlay-opacity":"","overlay-gradient":""},"mobile":{"background-color":"var(--ast-global-color-5)","background-image":"","background-repeat":"repeat","background-position":"center center","background-size":"auto","background-attachment":"scroll","background-type":"","background-media":"","overlay-type":"","overlay-color":"","overlay-opacity":"","overlay-gradient":""}},"ngg_post_thumbnail":0,"footnotes":""},"class_list":["post-1248","page","type-page","status-publish","hentry"],"_links":{"self":[{"href":"http:\/\/www2.unifap.br\/depag\/wp-json\/wp\/v2\/pages\/1248","targetHints":{"allow":["GET"]}}],"collection":[{"href":"http:\/\/www2.unifap.br\/depag\/wp-json\/wp\/v2\/pages"}],"about":[{"href":"http:\/\/www2.unifap.br\/depag\/wp-json\/wp\/v2\/types\/page"}],"author":[{"embeddable":true,"href":"http:\/\/www2.unifap.br\/depag\/wp-json\/wp\/v2\/users\/422"}],"replies":[{"embeddable":true,"href":"http:\/\/www2.unifap.br\/depag\/wp-json\/wp\/v2\/comments?post=1248"}],"version-history":[{"count":3,"href":"http:\/\/www2.unifap.br\/depag\/wp-json\/wp\/v2\/pages\/1248\/revisions"}],"predecessor-version":[{"id":1534,"href":"http:\/\/www2.unifap.br\/depag\/wp-json\/wp\/v2\/pages\/1248\/revisions\/1534"}],"up":[{"embeddable":true,"href":"http:\/\/www2.unifap.br\/depag\/wp-json\/wp\/v2\/pages\/1531"}],"wp:attachment":[{"href":"http:\/\/www2.unifap.br\/depag\/wp-json\/wp\/v2\/media?parent=1248"}],"curies":[{"name":"wp","href":"https:\/\/api.w.org\/{rel}","templated":true}]}}