{"id":1314,"date":"2020-05-16T11:14:11","date_gmt":"2020-05-16T14:14:11","guid":{"rendered":"http:\/\/www2.unifap.br\/depag\/?page_id=1314"},"modified":"2024-11-04T10:37:54","modified_gmt":"2024-11-04T13:37:54","slug":"cartilha-para-aquisicoes","status":"publish","type":"page","link":"http:\/\/www2.unifap.br\/depag\/cartilha-para-aquisicoes\/","title":{"rendered":"Cartilha para Aquisi\u00e7\u00f5es"},"content":{"rendered":"<p>Esta Cartilha Orientativa para Aquisi\u00e7\u00f5es \u00e9 uma iniciativa do Departamento de Administra\u00e7\u00e3o Geral &#8211; DEPAG e da Divis\u00e3o de Materiais \u2013 DIMAT, elaborada com o objetivo de orientar e padronizar os procedimentos para aquisi\u00e7\u00f5es de materiais por meio de Preg\u00e3o Eletr\u00f4nico, Preg\u00e3o Eletr\u00f4nico via Sistema de Registro de Pre\u00e7os, Ades\u00e3o a Atas de Registro de Pre\u00e7os e Contrata\u00e7\u00f5es Diretas (dispensa e inexigibilidade).<\/p>\n<p>Ressaltamos que o fluxo de atividades desta Cartilha est\u00e1 resumido, podendo ocorrer de algumas fases estarem suprimidas.<\/p>\n<p>Ao menos anualmente este documento dever\u00e1 ser atualizado, para revis\u00e3o dos procedimentos e atualiza\u00e7\u00e3o com base na legisla\u00e7\u00e3o pertinente.<\/p>\n<p>&nbsp;<\/p>\n<h3 style=\"text-align: center\"><span style=\"color: #ff0000\"><strong><a style=\"color: #ff0000\" href=\"http:\/\/www2.unifap.br\/depag\/files\/2022\/01\/Cartilha-Orientativa-para-Aquisi\u00e7\u00f5es-5.5-jan2022.pdf\">Cartilha Orientativa para Aquisi\u00e7\u00f5es (Clique Aqui)<\/a><\/strong><\/span><\/h3>\n<p><img fetchpriority=\"high\" decoding=\"async\" class=\"wp-image-1315 aligncenter\" src=\"http:\/\/www2.unifap.br\/depag\/files\/2020\/05\/cartilha_aquisi\u00e7\u00f5es.png\" alt=\"\" width=\"594\" height=\"366\" srcset=\"http:\/\/www2.unifap.br\/depag\/files\/2020\/05\/cartilha_aquisi\u00e7\u00f5es.png 957w, http:\/\/www2.unifap.br\/depag\/files\/2020\/05\/cartilha_aquisi\u00e7\u00f5es-300x185.png 300w, http:\/\/www2.unifap.br\/depag\/files\/2020\/05\/cartilha_aquisi\u00e7\u00f5es-768x473.png 768w\" sizes=\"(max-width: 594px) 100vw, 594px\" \/><\/p>\n<p>&nbsp;<\/p>\n<p>&nbsp;<\/p>\n<p>&nbsp;<\/p>\n<h3 style=\"text-align: center\"><strong><a href=\"http:\/\/www2.unifap.br\/depag\/files\/2024\/06\/Instrumento-de-Padronizacao-dos-Procedimentos-de-C_230620_094602.pdf\">Instrumento de Padroniza\u00e7\u00e3o dos Procedimentos de Contrata\u00e7\u00e3o<\/a> (<a href=\"http:\/\/www2.unifap.br\/depag\/files\/2024\/06\/Instrumento-de-Padronizacao-dos-Procedimentos-de-C_230620_094602.pdf\">Clique Aqui<\/a>)<\/strong><\/h3>\n<p><a href=\"http:\/\/www2.unifap.br\/depag\/files\/2024\/06\/Instrumento-de-Padronizacao-dos-Procedimentos-de-C_230620_094602.pdf\" target=\"_blank\" rel=\"noopener\"><img decoding=\"async\" class=\"aligncenter wp-image-1795 size-full\" src=\"http:\/\/www2.unifap.br\/depag\/files\/2024\/06\/Agu-Instrumento.png\" alt=\"\" width=\"596\" height=\"840\" srcset=\"http:\/\/www2.unifap.br\/depag\/files\/2024\/06\/Agu-Instrumento.png 596w, http:\/\/www2.unifap.br\/depag\/files\/2024\/06\/Agu-Instrumento-213x300.png 213w\" sizes=\"(max-width: 596px) 100vw, 596px\" \/><\/a><\/p>\n<p>&nbsp;<\/p>\n<p>&nbsp;<\/p>\n<h3 style=\"text-align: center\"><strong><a href=\"http:\/\/www2.unifap.br\/depag\/files\/2024\/07\/caderno-de-pesquisa-de-precos_-_MGISP.pdf\" target=\"_blank\" rel=\"noopener\">Caderno de Log\u00edstica \u2013 Pesquisa de Pre\u00e7os<\/a> (<a href=\"http:\/\/www2.unifap.br\/depag\/files\/2024\/07\/caderno-de-pesquisa-de-precos_-_MGISP.pdf\" target=\"_blank\" rel=\"noopener\">Clique Aqui<\/a>)<\/strong><\/h3>\n<p><a href=\"http:\/\/www2.unifap.br\/depag\/files\/2024\/07\/caderno-de-pesquisa-de-precos_-_MGISP.pdf\" target=\"_blank\" rel=\"noopener\"><img decoding=\"async\" class=\"aligncenter wp-image-1828 \" src=\"http:\/\/www2.unifap.br\/depag\/files\/2024\/07\/0000001.png\" alt=\"\" width=\"527\" height=\"752\" srcset=\"http:\/\/www2.unifap.br\/depag\/files\/2024\/07\/0000001.png 454w, http:\/\/www2.unifap.br\/depag\/files\/2024\/07\/0000001-210x300.png 210w\" sizes=\"(max-width: 527px) 100vw, 527px\" \/><\/a><\/p>\n<p>&nbsp;<\/p>\n<p>&nbsp;<\/p>\n<h3 style=\"text-align: center\">&nbsp;<\/h3>\n<h3 style=\"text-align: center\"><strong><a href=\"http:\/\/www2.unifap.br\/depag\/files\/2024\/11\/Guia-Nacional-de-Contratac\u0327o\u0303es-Sustenta\u0301veis.pdf\">Guia Nacional de Contratac\u0327o\u0303es Sustenta\u0301veis (Clique aqui)<\/a><\/strong><\/h3>\n<p><a href=\"http:\/\/www2.unifap.br\/depag\/files\/2024\/11\/Guia-Nacional-de-Contratac\u0327o\u0303es-Sustenta\u0301veis.pdf\"><img loading=\"lazy\" decoding=\"async\" class=\"aligncenter size-full wp-image-1848\" src=\"http:\/\/www2.unifap.br\/depag\/files\/2024\/11\/GNCS-AGU.png\" alt=\"\" width=\"611\" height=\"829\" srcset=\"http:\/\/www2.unifap.br\/depag\/files\/2024\/11\/GNCS-AGU.png 611w, http:\/\/www2.unifap.br\/depag\/files\/2024\/11\/GNCS-AGU-221x300.png 221w\" sizes=\"(max-width: 611px) 100vw, 611px\" \/><\/a><\/p>\n<p>&nbsp;<\/p>\n","protected":false},"excerpt":{"rendered":"<p>Esta Cartilha Orientativa para Aquisi\u00e7\u00f5es \u00e9 uma iniciativa do Departamento de Administra\u00e7\u00e3o Geral &#8211; DEPAG e da Divis\u00e3o de Materiais \u2013 DIMAT, elaborada com o objetivo de orientar e padronizar os procedimentos para aquisi\u00e7\u00f5es de materiais por meio de Preg\u00e3o Eletr\u00f4nico, Preg\u00e3o Eletr\u00f4nico via Sistema de Registro de Pre\u00e7os, Ades\u00e3o a Atas de Registro de&#8230;<\/p>\n","protected":false},"author":422,"featured_media":0,"parent":0,"menu_order":1,"comment_status":"closed","ping_status":"closed","template":"","meta":{"inline_featured_image":false,"site-sidebar-layout":"default","site-content-layout":"","ast-site-content-layout":"default","site-content-style":"default","site-sidebar-style":"default","ast-global-header-display":"","ast-banner-title-visibility":"","ast-main-header-display":"","ast-hfb-above-header-display":"","ast-hfb-below-header-display":"","ast-hfb-mobile-header-display":"","site-post-title":"","ast-breadcrumbs-content":"","ast-featured-img":"","footer-sml-layout":"","theme-transparent-header-meta":"default","adv-header-id-meta":"","stick-header-meta":"","header-above-stick-meta":"","header-main-stick-meta":"","header-below-stick-meta":"","astra-migrate-meta-layouts":"set","ast-page-background-enabled":"default","ast-page-background-meta":{"desktop":{"background-color":"var(--ast-global-color-4)","background-image":"","background-repeat":"repeat","background-position":"center center","background-size":"auto","background-attachment":"scroll","background-type":"","background-media":"","overlay-type":"","overlay-color":"","overlay-opacity":"","overlay-gradient":""},"tablet":{"background-color":"","background-image":"","background-repeat":"repeat","background-position":"center center","background-size":"auto","background-attachment":"scroll","background-type":"","background-media":"","overlay-type":"","overlay-color":"","overlay-opacity":"","overlay-gradient":""},"mobile":{"background-color":"","background-image":"","background-repeat":"repeat","background-position":"center center","background-size":"auto","background-attachment":"scroll","background-type":"","background-media":"","overlay-type":"","overlay-color":"","overlay-opacity":"","overlay-gradient":""}},"ast-content-background-meta":{"desktop":{"background-color":"var(--ast-global-color-5)","background-image":"","background-repeat":"repeat","background-position":"center center","background-size":"auto","background-attachment":"scroll","background-type":"","background-media":"","overlay-type":"","overlay-color":"","overlay-opacity":"","overlay-gradient":""},"tablet":{"background-color":"var(--ast-global-color-5)","background-image":"","background-repeat":"repeat","background-position":"center center","background-size":"auto","background-attachment":"scroll","background-type":"","background-media":"","overlay-type":"","overlay-color":"","overlay-opacity":"","overlay-gradient":""},"mobile":{"background-color":"var(--ast-global-color-5)","background-image":"","background-repeat":"repeat","background-position":"center center","background-size":"auto","background-attachment":"scroll","background-type":"","background-media":"","overlay-type":"","overlay-color":"","overlay-opacity":"","overlay-gradient":""}},"ngg_post_thumbnail":0,"footnotes":""},"class_list":["post-1314","page","type-page","status-publish","hentry"],"_links":{"self":[{"href":"http:\/\/www2.unifap.br\/depag\/wp-json\/wp\/v2\/pages\/1314","targetHints":{"allow":["GET"]}}],"collection":[{"href":"http:\/\/www2.unifap.br\/depag\/wp-json\/wp\/v2\/pages"}],"about":[{"href":"http:\/\/www2.unifap.br\/depag\/wp-json\/wp\/v2\/types\/page"}],"author":[{"embeddable":true,"href":"http:\/\/www2.unifap.br\/depag\/wp-json\/wp\/v2\/users\/422"}],"replies":[{"embeddable":true,"href":"http:\/\/www2.unifap.br\/depag\/wp-json\/wp\/v2\/comments?post=1314"}],"version-history":[{"count":14,"href":"http:\/\/www2.unifap.br\/depag\/wp-json\/wp\/v2\/pages\/1314\/revisions"}],"predecessor-version":[{"id":1794,"href":"http:\/\/www2.unifap.br\/depag\/wp-json\/wp\/v2\/pages\/1314\/revisions\/1794"}],"wp:attachment":[{"href":"http:\/\/www2.unifap.br\/depag\/wp-json\/wp\/v2\/media?parent=1314"}],"curies":[{"name":"wp","href":"https:\/\/api.w.org\/{rel}","templated":true}]}}