{"id":1517,"date":"2023-02-07T12:02:59","date_gmt":"2023-02-07T15:02:59","guid":{"rendered":"https:\/\/www2.unifap.br\/depag\/?page_id=1517"},"modified":"2024-02-06T12:26:16","modified_gmt":"2024-02-06T15:26:16","slug":"inventario-patrimonial-2022","status":"publish","type":"page","link":"http:\/\/www2.unifap.br\/depag\/coord-de-almox-e-patrimonio\/inventario-patrimonial-2022\/","title":{"rendered":"Invent\u00e1rio Patrimonial 2022"},"content":{"rendered":"<h1><strong>Invent\u00e1rio Patrimonial 2022<\/strong><\/h1>\n<p>Senhores Diretores\/Coordenadores,<\/p>\n<p>Estamos iniciando o processo de Invent\u00e1rio Patrimonial de 2022.<\/p>\n<p>O invent\u00e1rio f\u00edsico, de acordo com a Instru\u00e7\u00e3o Normativa n\u00ba 205\/88, \u00e9 o instrumento de controle para a verifica\u00e7\u00e3o dos equipamentos e materiais permanentes, em uso no \u00f3rg\u00e3o ou entidade, que ir\u00e1 permitir, dentre outros:<\/p>\n<ol>\n<li><strong>a)<\/strong> O levantamento da situa\u00e7\u00e3o dos equipamentos e materiais permanentes em uso e das suas necessidades de manuten\u00e7\u00e3o, reparos e desfazimento;<\/li>\n<li><strong>b)<\/strong> A constata\u00e7\u00e3o de que o bem m\u00f3vel n\u00e3o \u00e9 necess\u00e1rio naquela unidade e sua movimenta\u00e7\u00e3o para outra unidade que esteja necessitando;<\/li>\n<li><strong>c)<\/strong> Confirmar as responsabilidades pela guarda dos bens patrimoniais.<\/li>\n<\/ol>\n<p>Ressaltamos a grande import\u00e2ncia deste trabalho, pois o zelo pelo patrim\u00f4nio p\u00fablico n\u00e3o \u00e9 responsabilidade apenas da Se\u00e7\u00e3o de Patrim\u00f4nio ou da Comiss\u00e3o de Invent\u00e1rio \u2013 \u00e9 responsabilidade de todos os servidores p\u00fablicos e as san\u00e7\u00f5es administrativas est\u00e3o previstas em lei.<\/p>\n<p>&nbsp;<\/p>\n<p><strong>Dessa forma, todos os setores da institui\u00e7\u00e3o dever\u00e3o enviar, dentro do prazo estipulado pela PROAD, seu invent\u00e1rio setorial em conformidade com as orienta\u00e7\u00f5es contidas no Manual de Invent\u00e1rio.<\/strong><\/p>\n<p><strong>\u00a0<\/strong><\/p>\n<h2><strong>\u00a0<a href=\"http:\/\/www2.unifap.br\/depag\/files\/2023\/02\/Manual-Inventario-Anual-3.0.2022.pdf\"><img decoding=\"async\" src=\"http:\/\/www2.unifap.br\/depag\/files\/2018\/06\/documento-150x150.jpg\" alt=\"documento\" width=\"25\" height=\"25\" \/>\u00a0Manual Invent\u00e1rio Anual &#8211; 3.0.2022<\/a><\/strong><\/h2>\n<p>&nbsp;<\/p>\n<p style=\"text-align: center\"><strong>Matheus Augusto Nascimento de Moraes<br \/>\n<\/strong><strong>Coordenador de Almoxarifado e Patrim\u00f4nio<br \/>\nPortaria n\u00b0 751\/2022 &#8211; UNIFAP<\/strong><\/p>\n","protected":false},"excerpt":{"rendered":"<p>Invent\u00e1rio Patrimonial 2022 Senhores Diretores\/Coordenadores, Estamos iniciando o processo de Invent\u00e1rio Patrimonial de 2022. O invent\u00e1rio f\u00edsico, de acordo com a Instru\u00e7\u00e3o Normativa n\u00ba 205\/88, \u00e9 o instrumento de controle para a verifica\u00e7\u00e3o dos equipamentos e materiais permanentes, em uso no \u00f3rg\u00e3o ou entidade, que ir\u00e1 permitir, dentre outros: a) O levantamento da situa\u00e7\u00e3o dos&#8230;<\/p>\n","protected":false},"author":24,"featured_media":0,"parent":916,"menu_order":36,"comment_status":"closed","ping_status":"closed","template":"","meta":{"inline_featured_image":false,"site-sidebar-layout":"default","site-content-layout":"","ast-site-content-layout":"default","site-content-style":"default","site-sidebar-style":"default","ast-global-header-display":"","ast-banner-title-visibility":"","ast-main-header-display":"","ast-hfb-above-header-display":"","ast-hfb-below-header-display":"","ast-hfb-mobile-header-display":"","site-post-title":"","ast-breadcrumbs-content":"","ast-featured-img":"","footer-sml-layout":"","theme-transparent-header-meta":"","adv-header-id-meta":"","stick-header-meta":"","header-above-stick-meta":"","header-main-stick-meta":"","header-below-stick-meta":"","astra-migrate-meta-layouts":"default","ast-page-background-enabled":"default","ast-page-background-meta":{"desktop":{"background-color":"var(--ast-global-color-4)","background-image":"","background-repeat":"repeat","background-position":"center center","background-size":"auto","background-attachment":"scroll","background-type":"","background-media":"","overlay-type":"","overlay-color":"","overlay-opacity":"","overlay-gradient":""},"tablet":{"background-color":"","background-image":"","background-repeat":"repeat","background-position":"center center","background-size":"auto","background-attachment":"scroll","background-type":"","background-media":"","overlay-type":"","overlay-color":"","overlay-opacity":"","overlay-gradient":""},"mobile":{"background-color":"","background-image":"","background-repeat":"repeat","background-position":"center center","background-size":"auto","background-attachment":"scroll","background-type":"","background-media":"","overlay-type":"","overlay-color":"","overlay-opacity":"","overlay-gradient":""}},"ast-content-background-meta":{"desktop":{"background-color":"var(--ast-global-color-5)","background-image":"","background-repeat":"repeat","background-position":"center center","background-size":"auto","background-attachment":"scroll","background-type":"","background-media":"","overlay-type":"","overlay-color":"","overlay-opacity":"","overlay-gradient":""},"tablet":{"background-color":"var(--ast-global-color-5)","background-image":"","background-repeat":"repeat","background-position":"center center","background-size":"auto","background-attachment":"scroll","background-type":"","background-media":"","overlay-type":"","overlay-color":"","overlay-opacity":"","overlay-gradient":""},"mobile":{"background-color":"var(--ast-global-color-5)","background-image":"","background-repeat":"repeat","background-position":"center center","background-size":"auto","background-attachment":"scroll","background-type":"","background-media":"","overlay-type":"","overlay-color":"","overlay-opacity":"","overlay-gradient":""}},"ngg_post_thumbnail":0,"footnotes":""},"class_list":["post-1517","page","type-page","status-publish","hentry"],"_links":{"self":[{"href":"http:\/\/www2.unifap.br\/depag\/wp-json\/wp\/v2\/pages\/1517","targetHints":{"allow":["GET"]}}],"collection":[{"href":"http:\/\/www2.unifap.br\/depag\/wp-json\/wp\/v2\/pages"}],"about":[{"href":"http:\/\/www2.unifap.br\/depag\/wp-json\/wp\/v2\/types\/page"}],"author":[{"embeddable":true,"href":"http:\/\/www2.unifap.br\/depag\/wp-json\/wp\/v2\/users\/24"}],"replies":[{"embeddable":true,"href":"http:\/\/www2.unifap.br\/depag\/wp-json\/wp\/v2\/comments?post=1517"}],"version-history":[{"count":3,"href":"http:\/\/www2.unifap.br\/depag\/wp-json\/wp\/v2\/pages\/1517\/revisions"}],"predecessor-version":[{"id":1521,"href":"http:\/\/www2.unifap.br\/depag\/wp-json\/wp\/v2\/pages\/1517\/revisions\/1521"}],"up":[{"embeddable":true,"href":"http:\/\/www2.unifap.br\/depag\/wp-json\/wp\/v2\/pages\/916"}],"wp:attachment":[{"href":"http:\/\/www2.unifap.br\/depag\/wp-json\/wp\/v2\/media?parent=1517"}],"curies":[{"name":"wp","href":"https:\/\/api.w.org\/{rel}","templated":true}]}}