{"id":1531,"date":"2024-02-06T12:27:03","date_gmt":"2024-02-06T15:27:03","guid":{"rendered":"https:\/\/www2.unifap.br\/depag\/?page_id=1531"},"modified":"2024-03-07T23:33:26","modified_gmt":"2024-03-08T02:33:26","slug":"orientacoes","status":"publish","type":"page","link":"http:\/\/www2.unifap.br\/depag\/orientacoes\/","title":{"rendered":"\u270dOrienta\u00e7\u00f5es"},"content":{"rendered":"<ul>\n<li>\n<h3><strong>Orienta\u00e7\u00f5es \u00e0 equipe de planejamento de contrata\u00e7\u00f5es (<a href=\"https:\/\/www2.unifap.br\/depag\/orientacoes\/equipe-de-planejamentos-docs\/\">Clique Aqui<\/a>)<\/strong><\/h3>\n<\/li>\n<li>\n<h3><strong>Orienta\u00e7\u00f5es PGC (<a href=\"https:\/\/www2.unifap.br\/depag\/orientacoes\/pgc\/\">Clique Aqui<\/a>)<\/strong><\/h3>\n<\/li>\n<li>\n<h3><strong>Manuais (<a href=\"https:\/\/www2.unifap.br\/depag\/manuais\/\">Clique Aqui<\/a>)<\/strong><\/h3>\n<\/li>\n<li>\n<h3><strong>Modelos TR \/ Cota\u00e7\u00e3o \/ Ades\u00e3o (<a href=\"https:\/\/www2.unifap.br\/depag\/modelos-2\/\">Clique Aqui<\/a>)<\/strong><\/h3>\n<\/li>\n<li>\n<h3><strong>Checklist processual para contrata\u00e7\u00f5es e aquisi\u00e7\u00f5es (<a href=\"https:\/\/www2.unifap.br\/depag\/checklist\/\">Clique Aqui<\/a>)<\/strong><\/h3>\n<\/li>\n<li>\n<h3><strong>SICAF (<a href=\"https:\/\/www2.unifap.br\/depag\/sicaf\/\">Clique Aqui<\/a>)<\/strong><\/h3>\n<\/li>\n<li>\n<h3><strong>Plano Anual de Contrata\u00e7\u00f5es \u2013 PAC (<a href=\"https:\/\/www2.unifap.br\/depag\/plano-anual-de-contratacoes-pac\/\">Clique Aqui<\/a>)<\/strong><\/h3>\n<\/li>\n<li>\n<h3><strong>Perguntas e Respostas (<a href=\"https:\/\/www2.unifap.br\/depag\/orientacoes\/perguntas-e-respostas\/\">Clique Aqui<\/a>)<\/strong><\/h3>\n<\/li>\n<\/ul>\n","protected":false},"excerpt":{"rendered":"<p>Orienta\u00e7\u00f5es \u00e0 equipe de planejamento de contrata\u00e7\u00f5es (Clique Aqui) Orienta\u00e7\u00f5es PGC (Clique Aqui) Manuais (Clique Aqui) Modelos TR \/ Cota\u00e7\u00e3o \/ Ades\u00e3o (Clique Aqui) Checklist processual para contrata\u00e7\u00f5es e aquisi\u00e7\u00f5es (Clique Aqui) SICAF (Clique Aqui) Plano Anual de Contrata\u00e7\u00f5es \u2013 PAC (Clique Aqui) Perguntas e Respostas (Clique Aqui)<\/p>\n","protected":false},"author":831,"featured_media":0,"parent":0,"menu_order":0,"comment_status":"closed","ping_status":"closed","template":"","meta":{"inline_featured_image":false,"site-sidebar-layout":"default","site-content-layout":"","ast-site-content-layout":"default","site-content-style":"default","site-sidebar-style":"default","ast-global-header-display":"","ast-banner-title-visibility":"","ast-main-header-display":"","ast-hfb-above-header-display":"","ast-hfb-below-header-display":"","ast-hfb-mobile-header-display":"","site-post-title":"","ast-breadcrumbs-content":"","ast-featured-img":"","footer-sml-layout":"","theme-transparent-header-meta":"default","adv-header-id-meta":"","stick-header-meta":"","header-above-stick-meta":"","header-main-stick-meta":"","header-below-stick-meta":"","astra-migrate-meta-layouts":"set","ast-page-background-enabled":"default","ast-page-background-meta":{"desktop":{"background-color":"var(--ast-global-color-4)","background-image":"","background-repeat":"repeat","background-position":"center center","background-size":"auto","background-attachment":"scroll","background-type":"","background-media":"","overlay-type":"","overlay-color":"","overlay-opacity":"","overlay-gradient":""},"tablet":{"background-color":"","background-image":"","background-repeat":"repeat","background-position":"center center","background-size":"auto","background-attachment":"scroll","background-type":"","background-media":"","overlay-type":"","overlay-color":"","overlay-opacity":"","overlay-gradient":""},"mobile":{"background-color":"","background-image":"","background-repeat":"repeat","background-position":"center center","background-size":"auto","background-attachment":"scroll","background-type":"","background-media":"","overlay-type":"","overlay-color":"","overlay-opacity":"","overlay-gradient":""}},"ast-content-background-meta":{"desktop":{"background-color":"var(--ast-global-color-5)","background-image":"","background-repeat":"repeat","background-position":"center center","background-size":"auto","background-attachment":"scroll","background-type":"","background-media":"","overlay-type":"","overlay-color":"","overlay-opacity":"","overlay-gradient":""},"tablet":{"background-color":"var(--ast-global-color-5)","background-image":"","background-repeat":"repeat","background-position":"center center","background-size":"auto","background-attachment":"scroll","background-type":"","background-media":"","overlay-type":"","overlay-color":"","overlay-opacity":"","overlay-gradient":""},"mobile":{"background-color":"var(--ast-global-color-5)","background-image":"","background-repeat":"repeat","background-position":"center center","background-size":"auto","background-attachment":"scroll","background-type":"","background-media":"","overlay-type":"","overlay-color":"","overlay-opacity":"","overlay-gradient":""}},"ngg_post_thumbnail":0,"footnotes":""},"class_list":["post-1531","page","type-page","status-publish","hentry"],"_links":{"self":[{"href":"http:\/\/www2.unifap.br\/depag\/wp-json\/wp\/v2\/pages\/1531","targetHints":{"allow":["GET"]}}],"collection":[{"href":"http:\/\/www2.unifap.br\/depag\/wp-json\/wp\/v2\/pages"}],"about":[{"href":"http:\/\/www2.unifap.br\/depag\/wp-json\/wp\/v2\/types\/page"}],"author":[{"embeddable":true,"href":"http:\/\/www2.unifap.br\/depag\/wp-json\/wp\/v2\/users\/831"}],"replies":[{"embeddable":true,"href":"http:\/\/www2.unifap.br\/depag\/wp-json\/wp\/v2\/comments?post=1531"}],"version-history":[{"count":4,"href":"http:\/\/www2.unifap.br\/depag\/wp-json\/wp\/v2\/pages\/1531\/revisions"}],"predecessor-version":[{"id":1694,"href":"http:\/\/www2.unifap.br\/depag\/wp-json\/wp\/v2\/pages\/1531\/revisions\/1694"}],"wp:attachment":[{"href":"http:\/\/www2.unifap.br\/depag\/wp-json\/wp\/v2\/media?parent=1531"}],"curies":[{"name":"wp","href":"https:\/\/api.w.org\/{rel}","templated":true}]}}