{"id":1745,"date":"2024-05-23T10:08:30","date_gmt":"2024-05-23T13:08:30","guid":{"rendered":"https:\/\/www2.unifap.br\/depag\/?page_id=1745"},"modified":"2024-05-23T23:15:11","modified_gmt":"2024-05-24T02:15:11","slug":"secao-de-almoxarifado-sealmox","status":"publish","type":"page","link":"http:\/\/www2.unifap.br\/depag\/coord-de-almox-e-patrimonio\/secao-de-almoxarifado-sealmox\/","title":{"rendered":"SE\u00c7\u00c3O DE ALMOXARIFADO \u2013 SEALMOX"},"content":{"rendered":"<h2>SE\u00c7\u00c3O DE ALMOXARIFADO \u2013&nbsp;SEALMOX<\/h2>\n<p>&nbsp;<\/p>\n<p>A&nbsp;<strong>Se\u00e7\u00e3o de Almoxarifado<\/strong>&nbsp;\u00e9 a unidade respons\u00e1vel pelo gerenciamento dos materiais de consumo adquiridos pela institui\u00e7\u00e3o, cuidando do recebimento, estocagem e distribui\u00e7\u00e3o destes materiais.<\/p>\n<p>&nbsp;<\/p>\n<h4><strong>DA COMPET\u00caNCIA<\/strong><\/h4>\n<p><strong>\u00c0 se\u00e7\u00e3o de almoxarifado compete:<\/strong><br \/>\nI \u2013 receber, armazenar e distribuir os materiais de consumo adquiridos pela Unifap;<br \/>\nII \u2013 conferir o material recebido, observando se o mesmo est\u00e1 compat\u00edvel com o que foi empenhado;<br \/>\nIII \u2013 emitir a nota de entrada de material;<br \/>\nIV \u2013 atestar a nota fiscal do fornecedor;<br \/>\nV \u2013 encaminhar processo dos materiais recebidos para pagamento;<br \/>\nVI \u2013 encaminhar o material recebido para o setor demandante, conforme requisi\u00e7\u00f5es;<br \/>\nVII \u2013 alimentar o Sistema Integrado de Patrim\u00f4nio, Administra\u00e7\u00e3o e Contratos \u2013 SIPAC com informa\u00e7\u00f5es dos materiais de consumo dispon\u00edveis;<br \/>\nVIII \u2013 emitir relat\u00f3rio mensal referente ao estoque e a toda a movimenta\u00e7\u00e3o de material de consumo;<br \/>\nIX \u2013 auxiliar na execu\u00e7\u00e3o do invent\u00e1rio anual;<br \/>\nX \u2013 exercer outras atividades inerentes \u00e0 sua \u00e1rea de compet\u00eancia ou que lhe forem atribu\u00eddas pelo (a) Chefe da Coordena\u00e7\u00e3o de Almoxarifado e Patrim\u00f4nio e Diretoria do DEPAG.<\/p>\n<h4>&nbsp;<\/h4>\n<h4><strong>SERVIDORES<\/strong><\/h4>\n<ul>\n<li><strong>Manoel Faustino Pereira<\/strong> \u2013 Chefe da Se\u00e7\u00e3o de Almoxarifado<\/li>\n<li><strong>Lourival Henrique Le\u00e3o dos Santos<\/strong>&nbsp;\u2013&nbsp;Operador de M\u00e1quina Copiadora<\/li>\n<\/ul>\n<h4>&nbsp;<\/h4>\n<h4><strong>HOR\u00c1RIO DE ATENDIMENTO<\/strong><\/h4>\n<ul>\n<li>Segunda a Sexta \u2013 08-12h \/ 14-18h<\/li>\n<li><strong>E-mail:&nbsp;<\/strong>fish@unifap.br,&nbsp;hs@unifap.br<\/li>\n<\/ul>\n<p>&nbsp;<\/p>\n<h4><strong>PROCEDIMETOS&nbsp;<\/strong><\/h4>\n<ul>\n<li><strong>PASSO A PASSO CADASTRAR REQUISI\u00c7\u00c3O DE MATERIAL NO SIPAC (MATERIAL DE CONSUMO AO ALMOXARIFADO)<\/strong>\n<ul>\n<li><strong>OBJETIVO:<\/strong>&nbsp;Demonstrar as etapas necess\u00e1rias para efetuar o cadastro de requisi\u00e7\u00f5es de materiais ao Almoxarifado atrav\u00e9s do SIPAC. Lembrando que as requisi\u00e7\u00f5es dever\u00e3o ser realizadas pelas chefias de unidade ou servidores da unidade autorizados pela chefia. Quando o cadastrador da requisi\u00e7\u00e3o n\u00e3o possuir perfil de chefe, a chefia da unidade dever\u00e1 autorizar a requisi\u00e7\u00e3o no sistema para que a mesma seja encaminhada para atendimento pelo almoxarifado.<br \/>\n<strong><a href=\"http:\/\/www2.unifap.br\/depag\/files\/2017\/08\/Requisi\u00e7\u00f5esMaterialConsumoAlmoxarifado-CadastrarRequisi\u00e7\u00e3o.pdf\" target=\"_blank\" rel=\"noopener\">Passo a passo Cadastrar Requisi\u00e7\u00e3o de Material de Consumo ao Almoxarifado<\/a><\/strong><\/li>\n<\/ul>\n<\/li>\n<\/ul>\n<p>&nbsp;<\/p>\n<ul>\n<li><strong>DA REQUISI\u00c7\u00c3O DE \u00c1GUA MINERAL<\/strong>\n<ul>\n<li>A requisi\u00e7\u00e3o de \u00e1gua mineral 20L, devido a sua log\u00edstica diferenciada de atendimento, dever\u00e1 ser realizada atrav\u00e9s de requisi\u00e7\u00e3o exclusiva para este material, n\u00e3o devendo incluir quaisquer outros materiais na requisi\u00e7\u00e3o. Requisi\u00e7\u00f5es que contenham outros materiais al\u00e9m da \u00e1gua mineral ser\u00e3o devolvidas a unidade requisitante.<\/li>\n<\/ul>\n<\/li>\n<\/ul>\n<p>&nbsp;<\/p>\n<ul>\n<li><a href=\"http:\/\/www2.unifap.br\/depag\/?p=1076\" target=\"_blank\" rel=\"noopener\"><strong>DA REQUISI\u00c7\u00c3O DE TONERS E AFINS \/ DEVOLU\u00c7\u00c3O DE SUPRIMENTOS DE IMPRESS\u00c3O VAZIOS<\/strong><\/a><\/li>\n<\/ul>\n<p>&nbsp;<\/p>\n<ul>\n<li><strong>PASSO A PASSO PARA REQUISI\u00c7\u00c3O DE \u00c1GUA (SIPAC)<\/strong><\/li>\n<\/ul>\n<div class=\"ast-oembed-container \" style=\"height: 100%;\"><iframe title=\"Requisi\u00e7\u00e3o de \u00c1gua - SIPAC - UNIFAP\" src=\"https:\/\/player.vimeo.com\/video\/234565452?dnt=1&amp;app_id=122963\" width=\"500\" height=\"285\" frameborder=\"0\" allow=\"autoplay; fullscreen; picture-in-picture; clipboard-write\"><\/iframe><\/div>\n<p>&nbsp;<\/p>\n<h4><strong>VOLTAR A P\u00c1GINA DA CAP<\/strong><\/h4>\n<ul>\n<li><a title=\"Coordena\u00e7\u00e3o de Almoxarifado e Patrim\u00f4nio\" href=\"http:\/\/www2.unifap.br\/depag\/coord-de-almox-e-patrimonio\/\">COORDENA\u00c7\u00c3O DE ALMOXARIFADO E PATRIM\u00d4NIO<\/a><\/li>\n<\/ul>\n","protected":false},"excerpt":{"rendered":"<p>SE\u00c7\u00c3O DE ALMOXARIFADO \u2013&nbsp;SEALMOX &nbsp; A&nbsp;Se\u00e7\u00e3o de Almoxarifado&nbsp;\u00e9 a unidade respons\u00e1vel pelo gerenciamento dos materiais de consumo adquiridos pela institui\u00e7\u00e3o, cuidando do recebimento, estocagem e distribui\u00e7\u00e3o destes materiais. &nbsp; DA COMPET\u00caNCIA \u00c0 se\u00e7\u00e3o de almoxarifado compete: I \u2013 receber, armazenar e distribuir os materiais de consumo adquiridos pela Unifap; II \u2013 conferir o material recebido,&#8230;<\/p>\n","protected":false},"author":831,"featured_media":0,"parent":916,"menu_order":0,"comment_status":"closed","ping_status":"closed","template":"","meta":{"inline_featured_image":false,"site-sidebar-layout":"default","site-content-layout":"","ast-site-content-layout":"default","site-content-style":"default","site-sidebar-style":"default","ast-global-header-display":"","ast-banner-title-visibility":"","ast-main-header-display":"","ast-hfb-above-header-display":"","ast-hfb-below-header-display":"","ast-hfb-mobile-header-display":"","site-post-title":"","ast-breadcrumbs-content":"","ast-featured-img":"","footer-sml-layout":"","theme-transparent-header-meta":"default","adv-header-id-meta":"","stick-header-meta":"","header-above-stick-meta":"","header-main-stick-meta":"","header-below-stick-meta":"","astra-migrate-meta-layouts":"set","ast-page-background-enabled":"default","ast-page-background-meta":{"desktop":{"background-color":"var(--ast-global-color-4)","background-image":"","background-repeat":"repeat","background-position":"center center","background-size":"auto","background-attachment":"scroll","background-type":"","background-media":"","overlay-type":"","overlay-color":"","overlay-opacity":"","overlay-gradient":""},"tablet":{"background-color":"","background-image":"","background-repeat":"repeat","background-position":"center center","background-size":"auto","background-attachment":"scroll","background-type":"","background-media":"","overlay-type":"","overlay-color":"","overlay-opacity":"","overlay-gradient":""},"mobile":{"background-color":"","background-image":"","background-repeat":"repeat","background-position":"center center","background-size":"auto","background-attachment":"scroll","background-type":"","background-media":"","overlay-type":"","overlay-color":"","overlay-opacity":"","overlay-gradient":""}},"ast-content-background-meta":{"desktop":{"background-color":"var(--ast-global-color-5)","background-image":"","background-repeat":"repeat","background-position":"center center","background-size":"auto","background-attachment":"scroll","background-type":"","background-media":"","overlay-type":"","overlay-color":"","overlay-opacity":"","overlay-gradient":""},"tablet":{"background-color":"var(--ast-global-color-5)","background-image":"","background-repeat":"repeat","background-position":"center center","background-size":"auto","background-attachment":"scroll","background-type":"","background-media":"","overlay-type":"","overlay-color":"","overlay-opacity":"","overlay-gradient":""},"mobile":{"background-color":"var(--ast-global-color-5)","background-image":"","background-repeat":"repeat","background-position":"center center","background-size":"auto","background-attachment":"scroll","background-type":"","background-media":"","overlay-type":"","overlay-color":"","overlay-opacity":"","overlay-gradient":""}},"ngg_post_thumbnail":0,"footnotes":""},"class_list":["post-1745","page","type-page","status-publish","hentry"],"_links":{"self":[{"href":"http:\/\/www2.unifap.br\/depag\/wp-json\/wp\/v2\/pages\/1745","targetHints":{"allow":["GET"]}}],"collection":[{"href":"http:\/\/www2.unifap.br\/depag\/wp-json\/wp\/v2\/pages"}],"about":[{"href":"http:\/\/www2.unifap.br\/depag\/wp-json\/wp\/v2\/types\/page"}],"author":[{"embeddable":true,"href":"http:\/\/www2.unifap.br\/depag\/wp-json\/wp\/v2\/users\/831"}],"replies":[{"embeddable":true,"href":"http:\/\/www2.unifap.br\/depag\/wp-json\/wp\/v2\/comments?post=1745"}],"version-history":[{"count":4,"href":"http:\/\/www2.unifap.br\/depag\/wp-json\/wp\/v2\/pages\/1745\/revisions"}],"predecessor-version":[{"id":1792,"href":"http:\/\/www2.unifap.br\/depag\/wp-json\/wp\/v2\/pages\/1745\/revisions\/1792"}],"up":[{"embeddable":true,"href":"http:\/\/www2.unifap.br\/depag\/wp-json\/wp\/v2\/pages\/916"}],"wp:attachment":[{"href":"http:\/\/www2.unifap.br\/depag\/wp-json\/wp\/v2\/media?parent=1745"}],"curies":[{"name":"wp","href":"https:\/\/api.w.org\/{rel}","templated":true}]}}