{"id":1747,"date":"2024-05-23T10:09:28","date_gmt":"2024-05-23T13:09:28","guid":{"rendered":"https:\/\/www2.unifap.br\/depag\/?page_id=1747"},"modified":"2024-05-23T11:09:59","modified_gmt":"2024-05-23T14:09:59","slug":"secao-de-patrimonio-sepat","status":"publish","type":"page","link":"http:\/\/www2.unifap.br\/depag\/coord-de-almox-e-patrimonio\/secao-de-patrimonio-sepat\/","title":{"rendered":"SE\u00c7\u00c3O DE PATRIM\u00d4NIO \u2013 SEPAT"},"content":{"rendered":"<h2>SE\u00c7\u00c3O DE PATRIM\u00d4NIO \u2013&nbsp;SEPAT<\/h2>\n<p>&nbsp;<\/p>\n<p>A&nbsp;<strong>Se\u00e7\u00e3o de Patrim\u00f4nio<\/strong>&nbsp;\u00e9 a unidade respons\u00e1vel pelo gerenciamento dos materiais permanentes adquiridos pela institui\u00e7\u00e3o, cuidando do recebimento, guarda provis\u00f3ria e distribui\u00e7\u00e3o destes materiais.<\/p>\n<p>&nbsp;<\/p>\n<h4><strong>DA COMPET\u00caNCIA <\/strong><\/h4>\n<h6>\u00c0 se\u00e7\u00e3o de patrim\u00f4nio compete:<\/h6>\n<p>I \u2013 receber, armazenar e distribuir os materiais permanentes adquiridos pela Unifap;<br \/>\nII \u2013 conferir o material recebido, observando se o mesmo est\u00e1 compat\u00edvel com o que foi empenhado;<br \/>\nIII \u2013 emitir a nota de entrada de material;<br \/>\nIV \u2013 atestar a nota fiscal do fornecedor;<br \/>\nV \u2013 encaminhar processo dos materiais recebidos para pagamento;<br \/>\nVI \u2013 registrar, no sistema patrimonial, os bens permanentes adquiridos pela institui\u00e7\u00e3o;<br \/>\nVII \u2013 realizar o cadastramento e tombamento dos bens patrimoniais, bem como manter controle da distribui\u00e7\u00e3o;<br \/>\nVIII \u2013 realizar verifica\u00e7\u00f5es acerca da responsabilidade dos bens m\u00f3veis das diversas unidades quanto \u00e0 mudan\u00e7a de responsabilidade dos mesmos;<br \/>\nIX \u2013 realizar inspe\u00e7\u00e3o e propor a aliena\u00e7\u00e3o dos m\u00f3veis inserv\u00edveis ou de recupera\u00e7\u00e3o antiecon\u00f4mica;<br \/>\nX \u2013 gerar relat\u00f3rios de deprecia\u00e7\u00e3o de bens e encaminh\u00e1-los, para controle, ao DEPAG;<br \/>\nXI \u2013 requerer ao setor competente a execu\u00e7\u00e3o de avalia\u00e7\u00e3o t\u00e9cnica e reavalia\u00e7\u00e3o dos bens im\u00f3veis para efeito de incorpora\u00e7\u00e3o e aliena\u00e7\u00e3o;<br \/>\nXII \u2013 manter atualizado o registro dos bens m\u00f3veis e im\u00f3veis no SIPAC e SPIUnet, respectivamente;<br \/>\nXII \u2013 promover a realiza\u00e7\u00e3o do invent\u00e1rio patrimonial anual de bens m\u00f3veis;<br \/>\nXIV \u2013 exercer outras atividades inerentes \u00e0 sua \u00e1rea de compet\u00eancia ou que lhe forem atribu\u00eddas pelo (a) Chefe da Coordena\u00e7\u00e3o de Almoxarifado e Patrim\u00f4nio e Diretoria do DEPAG.<\/p>\n<p>&nbsp;<\/p>\n<h4><strong>SERVIDORES&nbsp;<\/strong><\/h4>\n<ul>\n<li><strong>Ernandes Ramos de Souza<\/strong> \u2013 Chefe da Se\u00e7\u00e3o de Patrim\u00f4nio<\/li>\n<li><strong>Izabel Regina Vilhena de Moraes<\/strong>&nbsp;\u2013&nbsp;Assistente em Administra\u00e7\u00e3o<\/li>\n<\/ul>\n<p>&nbsp;<\/p>\n<p>&nbsp;<\/p>\n<h4><strong>HOR\u00c1RIO DE ATENDIMENTO<\/strong><\/h4>\n<ul>\n<li>Segunda a Sexta \u2013 08-12h \/ 14-18h<\/li>\n<li><strong>E-mail<\/strong>: ernandes@unifap.br \/ izabel.moraes@unifap.br<\/li>\n<\/ul>\n<p>&nbsp;<\/p>\n<h4><strong>DOCUMENTOS<\/strong><\/h4>\n<ol>\n<li>Manual de Orienta\u00e7\u00f5es e Procedimentos que versa sobre a Transfer\u00eancia e Responsabilidade de Bens Patrimoniais M\u00f3veis (<a href=\"https:\/\/www2.unifap.br\/depag\/files\/2017\/09\/Manual-de-Orienta%C3%A7%C3%B5es-e-Procedimentos-para-Transfer%C3%AAncia-e-Responsabilidade-Sobre-Bens-Patrimoniais-M%C3%B3veis.pdf\" target=\"_blank\" rel=\"noopener\">Clique Aqui<\/a>)<\/li>\n<li>Manual de Orienta\u00e7\u00f5es e Procedimentos Para Comiss\u00f5es Inventariantes (<a href=\"https:\/\/www2.unifap.br\/depag\/files\/2023\/02\/Manual-Inventario-Anual-3.0.2022.pdf\" target=\"_blank\" rel=\"noopener\">Clique Aqui<\/a>)<\/li>\n<li>Termo de Devolu\u00e7\u00e3o de Material Permanente (<a href=\"http:\/\/www2.unifap.br\/depag\/files\/2024\/05\/Termo-de-Devolucao-Material-Permanente_22-11-18.pdf\" target=\"_blank\" rel=\"noopener\">Clique Aqui<\/a>) &#8211; Vers\u00e3o Word (<a href=\"http:\/\/www2.unifap.br\/depag\/files\/2024\/05\/Termo-de-Devolucao-Material-Permanente_22-11-18.doc\" target=\"_blank\" rel=\"noopener\">Clique Aqui<\/a>)<\/li>\n<li>Ordem de servi\u00e7o N\u00b0 002\/2005 &#8211;&nbsp; Normas Gerais&nbsp; sobre Gest\u00e3o Patrimonial e mobili\u00e1rio da UNIFAP (<a href=\"http:\/\/www2.unifap.br\/depag\/files\/2024\/05\/b_ordem_de_servio_02_2005_.pdf\" target=\"_blank\" rel=\"noopener\">Clique Aqui<\/a>)&nbsp;<\/li>\n<\/ol>\n<p>&nbsp;<\/p>\n<h4><strong>BENS OCIOSOS&nbsp;<\/strong><\/h4>\n<ul>\n<li>Informamos que a Se\u00e7\u00e3o de Patrim\u00f4nio est\u00e1 disponibilizando este canal para facilitar a redistribui\u00e7\u00e3o de bens ociosos. (<a href=\"https:\/\/www2.unifap.br\/depag\/coord-de-almox-e-patrimonio\/bens-ociosos\/\" target=\"_blank\" rel=\"noopener\">Clique Aqui)<\/a><\/li>\n<\/ul>\n<p>&nbsp;<\/p>\n<p>&nbsp;<\/p>\n<p><a title=\"Coordena\u00e7\u00e3o de Almoxarifado e Patrim\u00f4nio\" href=\"http:\/\/www2.unifap.br\/depag\/coord-de-almox-e-patrimonio\/\">COORDENA\u00c7\u00c3O DE ALMOXARIFADO E PATRIM\u00d4NIO<\/a><\/p>\n","protected":false},"excerpt":{"rendered":"<p>SE\u00c7\u00c3O DE PATRIM\u00d4NIO \u2013&nbsp;SEPAT &nbsp; A&nbsp;Se\u00e7\u00e3o de Patrim\u00f4nio&nbsp;\u00e9 a unidade respons\u00e1vel pelo gerenciamento dos materiais permanentes adquiridos pela institui\u00e7\u00e3o, cuidando do recebimento, guarda provis\u00f3ria e distribui\u00e7\u00e3o destes materiais. &nbsp; DA COMPET\u00caNCIA \u00c0 se\u00e7\u00e3o de patrim\u00f4nio compete: I \u2013 receber, armazenar e distribuir os materiais permanentes adquiridos pela Unifap; II \u2013 conferir o material recebido, observando&#8230;<\/p>\n","protected":false},"author":831,"featured_media":0,"parent":916,"menu_order":0,"comment_status":"closed","ping_status":"closed","template":"","meta":{"inline_featured_image":false,"site-sidebar-layout":"default","site-content-layout":"","ast-site-content-layout":"default","site-content-style":"default","site-sidebar-style":"default","ast-global-header-display":"","ast-banner-title-visibility":"","ast-main-header-display":"","ast-hfb-above-header-display":"","ast-hfb-below-header-display":"","ast-hfb-mobile-header-display":"","site-post-title":"","ast-breadcrumbs-content":"","ast-featured-img":"","footer-sml-layout":"","theme-transparent-header-meta":"default","adv-header-id-meta":"","stick-header-meta":"","header-above-stick-meta":"","header-main-stick-meta":"","header-below-stick-meta":"","astra-migrate-meta-layouts":"set","ast-page-background-enabled":"default","ast-page-background-meta":{"desktop":{"background-color":"var(--ast-global-color-4)","background-image":"","background-repeat":"repeat","background-position":"center center","background-size":"auto","background-attachment":"scroll","background-type":"","background-media":"","overlay-type":"","overlay-color":"","overlay-opacity":"","overlay-gradient":""},"tablet":{"background-color":"","background-image":"","background-repeat":"repeat","background-position":"center center","background-size":"auto","background-attachment":"scroll","background-type":"","background-media":"","overlay-type":"","overlay-color":"","overlay-opacity":"","overlay-gradient":""},"mobile":{"background-color":"","background-image":"","background-repeat":"repeat","background-position":"center center","background-size":"auto","background-attachment":"scroll","background-type":"","background-media":"","overlay-type":"","overlay-color":"","overlay-opacity":"","overlay-gradient":""}},"ast-content-background-meta":{"desktop":{"background-color":"var(--ast-global-color-5)","background-image":"","background-repeat":"repeat","background-position":"center center","background-size":"auto","background-attachment":"scroll","background-type":"","background-media":"","overlay-type":"","overlay-color":"","overlay-opacity":"","overlay-gradient":""},"tablet":{"background-color":"var(--ast-global-color-5)","background-image":"","background-repeat":"repeat","background-position":"center center","background-size":"auto","background-attachment":"scroll","background-type":"","background-media":"","overlay-type":"","overlay-color":"","overlay-opacity":"","overlay-gradient":""},"mobile":{"background-color":"var(--ast-global-color-5)","background-image":"","background-repeat":"repeat","background-position":"center center","background-size":"auto","background-attachment":"scroll","background-type":"","background-media":"","overlay-type":"","overlay-color":"","overlay-opacity":"","overlay-gradient":""}},"ngg_post_thumbnail":0,"footnotes":""},"class_list":["post-1747","page","type-page","status-publish","hentry"],"_links":{"self":[{"href":"http:\/\/www2.unifap.br\/depag\/wp-json\/wp\/v2\/pages\/1747","targetHints":{"allow":["GET"]}}],"collection":[{"href":"http:\/\/www2.unifap.br\/depag\/wp-json\/wp\/v2\/pages"}],"about":[{"href":"http:\/\/www2.unifap.br\/depag\/wp-json\/wp\/v2\/types\/page"}],"author":[{"embeddable":true,"href":"http:\/\/www2.unifap.br\/depag\/wp-json\/wp\/v2\/users\/831"}],"replies":[{"embeddable":true,"href":"http:\/\/www2.unifap.br\/depag\/wp-json\/wp\/v2\/comments?post=1747"}],"version-history":[{"count":16,"href":"http:\/\/www2.unifap.br\/depag\/wp-json\/wp\/v2\/pages\/1747\/revisions"}],"predecessor-version":[{"id":1762,"href":"http:\/\/www2.unifap.br\/depag\/wp-json\/wp\/v2\/pages\/1747\/revisions\/1762"}],"up":[{"embeddable":true,"href":"http:\/\/www2.unifap.br\/depag\/wp-json\/wp\/v2\/pages\/916"}],"wp:attachment":[{"href":"http:\/\/www2.unifap.br\/depag\/wp-json\/wp\/v2\/media?parent=1747"}],"curies":[{"name":"wp","href":"https:\/\/api.w.org\/{rel}","templated":true}]}}