{"id":267,"date":"2014-09-23T19:56:16","date_gmt":"2014-09-23T19:56:16","guid":{"rendered":"http:\/\/www2.unifap.br\/depag\/?page_id=267"},"modified":"2022-10-26T16:53:39","modified_gmt":"2022-10-26T19:53:39","slug":"modelos-2","status":"publish","type":"page","link":"http:\/\/www2.unifap.br\/depag\/modelos-2\/","title":{"rendered":"Modelos TR \/ Cota\u00e7\u00e3o \/ Ades\u00e3o"},"content":{"rendered":"<p style=\"text-align: justify\"><strong><span style=\"color: #ff0000\">MODELO DE TERMO DE REFER\u00caNCIA PARA AQUISI\u00c7\u00c3O DE MATERIAIS<\/span><\/strong><br \/>\n<strong>DESCRI\u00c7\u00c3O:<\/strong> Modelo de Termo de Refer\u00eancia a ser utilizado pelas unidades requisitantes, conforme <a title=\"DECRETO N\u00ba 5.450, DE 31 DE MAIO DE 2005\" href=\"http:\/\/www.planalto.gov.br\/ccivil_03\/_Ato2019-2022\/2019\/Decreto\/D10024.htm\" target=\"_blank\" rel=\"noopener noreferrer\">arts. 3\u00ba e 14\u00ba do DECRETO N\u00ba 10.024, DE 20 DE SETEMBRO DE 2019<\/a>.<\/p>\n<blockquote><p>Art. 3\u00ba Para fins do disposto neste Decreto, considera-se:<\/p>\n<p>(&#8230;)<\/p>\n<p>XI &#8211; termo de refer\u00eancia &#8211; documento elaborado com base nos estudos t\u00e9cnicos preliminares, que dever\u00e1 conter:<\/p>\n<p>a) os elementos que embasam a avalia\u00e7\u00e3o do custo pela administra\u00e7\u00e3o p\u00fablica, a partir dos padr\u00f5es de desempenho e qualidade estabelecidos e das condi\u00e7\u00f5es de entrega do objeto, com as seguintes informa\u00e7\u00f5es:<\/p>\n<p>1. a defini\u00e7\u00e3o do objeto contratual e dos m\u00e9todos para a sua execu\u00e7\u00e3o, vedadas especifica\u00e7\u00f5es excessivas, irrelevantes ou desnecess\u00e1rias, que limitem ou frustrem a competi\u00e7\u00e3o ou a realiza\u00e7\u00e3o do certame;<\/p>\n<p>2. o valor estimado do objeto da licita\u00e7\u00e3o demonstrado em planilhas, de acordo com o pre\u00e7o de mercado; e<\/p>\n<p>3. o cronograma f\u00edsico-financeiro, se necess\u00e1rio;<\/p>\n<p>b) o crit\u00e9rio de aceita\u00e7\u00e3o do objeto;<\/p>\n<p>c) os deveres do contratado e do contratante;<\/p>\n<p>d) a rela\u00e7\u00e3o dos documentos essenciais \u00e0 verifica\u00e7\u00e3o da qualifica\u00e7\u00e3o t\u00e9cnica e econ\u00f4mico-financeira, se necess\u00e1ria;<\/p>\n<p>e) os procedimentos de fiscaliza\u00e7\u00e3o e gerenciamento do contrato ou da ata de registro de pre\u00e7os;<\/p>\n<p>f) o prazo para execu\u00e7\u00e3o do contrato; e<\/p>\n<p>g) as san\u00e7\u00f5es previstas de forma objetiva, suficiente e clara.<\/p>\n<p>\u00a7 1\u00ba A classifica\u00e7\u00e3o de bens e servi\u00e7os como comuns depende de exame predominantemente f\u00e1tico e de natureza t\u00e9cnica.<\/p>\n<p>\u00a7 2\u00ba Os bens e servi\u00e7os que envolverem o desenvolvimento de solu\u00e7\u00f5es espec\u00edficas de natureza intelectual, cient\u00edfica e t\u00e9cnica, caso possam ser definidos nos termos do disposto no inciso II do caput, ser\u00e3o licitados por preg\u00e3o, na forma eletr\u00f4nica.<\/p>\n<p>&nbsp;<\/p>\n<p class=\"Textbody\">Art. 14. \u00a0No planejamento do preg\u00e3o, na forma eletr\u00f4nica, ser\u00e1 observado o seguinte:<\/p>\n<p class=\"Textbody\">I &#8211; elabora\u00e7\u00e3o do estudo t\u00e9cnico preliminar e do <strong>termo de refer\u00eancia<\/strong>;<\/p>\n<p>&nbsp;<\/p><\/blockquote>\n<p style=\"text-align: center\"><a href=\"https:\/\/www.gov.br\/agu\/pt-br\/composicao\/cgu\/cgu\/modelos\/licitacoesecontratos\"><strong>MINUTA DE TERMO DE REFER\u00caNCIA &#8211; MODELO AGU (Verificar tipo correspondente conforme objeto)<\/strong><\/a><img fetchpriority=\"high\" decoding=\"async\" class=\"aligncenter wp-image-1300\" title=\"\" src=\"http:\/\/www2.unifap.br\/depag\/files\/2020\/04\/TR.png\" alt=\"\" width=\"441\" height=\"276\" srcset=\"http:\/\/www2.unifap.br\/depag\/files\/2020\/04\/TR.png 684w, http:\/\/www2.unifap.br\/depag\/files\/2020\/04\/TR-300x188.png 300w\" sizes=\"(max-width: 441px) 100vw, 441px\" \/><\/p>\n<p style=\"text-align: center\"><a href=\"http:\/\/www2.unifap.br\/depag\/files\/2021\/07\/Formul\u00e1rio-de-Cota\u00e7\u00e3o-de-Pre\u00e7os-2021.xlsx\"><strong>MODELO DE FORMUL\u00c1RIO DE COTA\u00c7\u00c3O DE PRE\u00c7OS<\/strong><\/a><img decoding=\"async\" class=\"aligncenter wp-image-1302\" src=\"http:\/\/www2.unifap.br\/depag\/files\/2020\/04\/Form_Cota\u00e7\u00e3o.png\" alt=\"\" width=\"493\" height=\"202\" srcset=\"http:\/\/www2.unifap.br\/depag\/files\/2020\/04\/Form_Cota\u00e7\u00e3o.png 854w, http:\/\/www2.unifap.br\/depag\/files\/2020\/04\/Form_Cota\u00e7\u00e3o-300x123.png 300w, http:\/\/www2.unifap.br\/depag\/files\/2020\/04\/Form_Cota\u00e7\u00e3o-768x314.png 768w\" sizes=\"(max-width: 493px) 100vw, 493px\" \/><\/p>\n<p style=\"text-align: center\"><a href=\"http:\/\/www2.unifap.br\/depag\/files\/2022\/10\/Mapa_de_Cotacoes-IN-73-2020-OU-IN-65-2021.xlsx\"><strong>MODELO DE MAPA DE COTA\u00c7\u00c3O DE PRE\u00c7OS<\/strong><\/a><img decoding=\"async\" class=\"aligncenter wp-image-1303 size-large\" src=\"http:\/\/www2.unifap.br\/depag\/files\/2020\/04\/Mapa-de-Cota\u00e7\u00f5es-1024x291.png\" alt=\"\" width=\"640\" height=\"182\" srcset=\"http:\/\/www2.unifap.br\/depag\/files\/2020\/04\/Mapa-de-Cota\u00e7\u00f5es-1024x291.png 1024w, http:\/\/www2.unifap.br\/depag\/files\/2020\/04\/Mapa-de-Cota\u00e7\u00f5es-300x85.png 300w, http:\/\/www2.unifap.br\/depag\/files\/2020\/04\/Mapa-de-Cota\u00e7\u00f5es-768x218.png 768w, http:\/\/www2.unifap.br\/depag\/files\/2020\/04\/Mapa-de-Cota\u00e7\u00f5es.png 1193w\" sizes=\"(max-width: 640px) 100vw, 640px\" \/><\/p>\n<p style=\"text-align: center\"><a href=\"https:\/\/drive.google.com\/file\/d\/1i6TdMYlaRui8ymQ6UlJkUkKJn29agcf7\/view?usp=sharing\"><strong>MODELO DE OF\u00cdCIO PARA FORNECEDOR (ADES\u00c3O)<\/strong><\/a><\/p>\n<p><img loading=\"lazy\" decoding=\"async\" class=\"aligncenter wp-image-1311\" src=\"http:\/\/www2.unifap.br\/depag\/files\/2020\/05\/MODELO_OF\u00cdCIO.png\" alt=\"\" width=\"501\" height=\"336\" srcset=\"http:\/\/www2.unifap.br\/depag\/files\/2020\/05\/MODELO_OF\u00cdCIO.png 648w, http:\/\/www2.unifap.br\/depag\/files\/2020\/05\/MODELO_OF\u00cdCIO-300x201.png 300w\" sizes=\"(max-width: 501px) 100vw, 501px\" \/><\/p>\n<p style=\"text-align: center\"><a href=\"https:\/\/drive.google.com\/file\/d\/1_oTSAloP1q-Gyg61sLSb2r5NiJ3H5YAQ\/view?usp=sharing\"><strong>ESTUDO PARA JUSTIFICATIVA DE ADES\u00c3O<\/strong><\/a><\/p>\n<p><img loading=\"lazy\" decoding=\"async\" class=\"aligncenter wp-image-1307\" src=\"http:\/\/www2.unifap.br\/depag\/files\/2020\/04\/Estudo_ades\u00e3o.png\" alt=\"\" width=\"501\" height=\"314\" srcset=\"http:\/\/www2.unifap.br\/depag\/files\/2020\/04\/Estudo_ades\u00e3o.png 747w, http:\/\/www2.unifap.br\/depag\/files\/2020\/04\/Estudo_ades\u00e3o-300x188.png 300w\" sizes=\"(max-width: 501px) 100vw, 501px\" \/><\/p>\n","protected":false},"excerpt":{"rendered":"<p>MODELO DE TERMO DE REFER\u00caNCIA PARA AQUISI\u00c7\u00c3O DE MATERIAIS DESCRI\u00c7\u00c3O: Modelo de Termo de Refer\u00eancia a ser utilizado pelas unidades requisitantes, conforme arts. 3\u00ba e 14\u00ba do DECRETO N\u00ba 10.024, DE 20 DE SETEMBRO DE 2019. Art. 3\u00ba Para fins do disposto neste Decreto, considera-se: (&#8230;) XI &#8211; termo de refer\u00eancia &#8211; documento elaborado com&#8230;<\/p>\n","protected":false},"author":236,"featured_media":0,"parent":0,"menu_order":50,"comment_status":"closed","ping_status":"closed","template":"","meta":{"inline_featured_image":false,"site-sidebar-layout":"default","site-content-layout":"","ast-site-content-layout":"default","site-content-style":"default","site-sidebar-style":"default","ast-global-header-display":"","ast-banner-title-visibility":"","ast-main-header-display":"","ast-hfb-above-header-display":"","ast-hfb-below-header-display":"","ast-hfb-mobile-header-display":"","site-post-title":"","ast-breadcrumbs-content":"","ast-featured-img":"","footer-sml-layout":"","theme-transparent-header-meta":"","adv-header-id-meta":"","stick-header-meta":"","header-above-stick-meta":"","header-main-stick-meta":"","header-below-stick-meta":"","astra-migrate-meta-layouts":"default","ast-page-background-enabled":"default","ast-page-background-meta":{"desktop":{"background-color":"var(--ast-global-color-4)","background-image":"","background-repeat":"repeat","background-position":"center center","background-size":"auto","background-attachment":"scroll","background-type":"","background-media":"","overlay-type":"","overlay-color":"","overlay-opacity":"","overlay-gradient":""},"tablet":{"background-color":"","background-image":"","background-repeat":"repeat","background-position":"center center","background-size":"auto","background-attachment":"scroll","background-type":"","background-media":"","overlay-type":"","overlay-color":"","overlay-opacity":"","overlay-gradient":""},"mobile":{"background-color":"","background-image":"","background-repeat":"repeat","background-position":"center center","background-size":"auto","background-attachment":"scroll","background-type":"","background-media":"","overlay-type":"","overlay-color":"","overlay-opacity":"","overlay-gradient":""}},"ast-content-background-meta":{"desktop":{"background-color":"var(--ast-global-color-5)","background-image":"","background-repeat":"repeat","background-position":"center center","background-size":"auto","background-attachment":"scroll","background-type":"","background-media":"","overlay-type":"","overlay-color":"","overlay-opacity":"","overlay-gradient":""},"tablet":{"background-color":"var(--ast-global-color-5)","background-image":"","background-repeat":"repeat","background-position":"center center","background-size":"auto","background-attachment":"scroll","background-type":"","background-media":"","overlay-type":"","overlay-color":"","overlay-opacity":"","overlay-gradient":""},"mobile":{"background-color":"var(--ast-global-color-5)","background-image":"","background-repeat":"repeat","background-position":"center center","background-size":"auto","background-attachment":"scroll","background-type":"","background-media":"","overlay-type":"","overlay-color":"","overlay-opacity":"","overlay-gradient":""}},"ngg_post_thumbnail":0,"footnotes":""},"class_list":["post-267","page","type-page","status-publish","hentry"],"_links":{"self":[{"href":"http:\/\/www2.unifap.br\/depag\/wp-json\/wp\/v2\/pages\/267","targetHints":{"allow":["GET"]}}],"collection":[{"href":"http:\/\/www2.unifap.br\/depag\/wp-json\/wp\/v2\/pages"}],"about":[{"href":"http:\/\/www2.unifap.br\/depag\/wp-json\/wp\/v2\/types\/page"}],"author":[{"embeddable":true,"href":"http:\/\/www2.unifap.br\/depag\/wp-json\/wp\/v2\/users\/236"}],"replies":[{"embeddable":true,"href":"http:\/\/www2.unifap.br\/depag\/wp-json\/wp\/v2\/comments?post=267"}],"version-history":[{"count":29,"href":"http:\/\/www2.unifap.br\/depag\/wp-json\/wp\/v2\/pages\/267\/revisions"}],"predecessor-version":[{"id":1473,"href":"http:\/\/www2.unifap.br\/depag\/wp-json\/wp\/v2\/pages\/267\/revisions\/1473"}],"wp:attachment":[{"href":"http:\/\/www2.unifap.br\/depag\/wp-json\/wp\/v2\/media?parent=267"}],"curies":[{"name":"wp","href":"https:\/\/api.w.org\/{rel}","templated":true}]}}