{"id":667,"date":"2016-02-11T16:52:04","date_gmt":"2016-02-11T19:52:04","guid":{"rendered":"http:\/\/www2.unifap.br\/depag\/?page_id=667"},"modified":"2022-08-26T10:21:01","modified_gmt":"2022-08-26T13:21:01","slug":"catalogos-de-materiais","status":"publish","type":"page","link":"http:\/\/www2.unifap.br\/depag\/catalogos-de-materiais\/","title":{"rendered":"Cat\u00e1logos de Materiais"},"content":{"rendered":"<p><strong>CAT\u00c1LOGO DE ESPECIFICA\u00c7\u00d5ES DE MOBILI\u00c1RIO<br \/>\nOBJETIVO:<\/strong>Estabelecer a padroniza\u00e7\u00e3o no segmento de mobili\u00e1rio, bem como possibilitar a aquisi\u00e7\u00e3o de m\u00f3veis de maior qualidade e em menor tempo, al\u00e9m de facilitar as solicita\u00e7\u00f5es referentes \u00e0 aquisi\u00e7\u00e3o de mobili\u00e1rio.<strong><br \/>\n<a href=\"http:\/\/www2.unifap.br\/depag\/files\/2020\/12\/Cat\u00e1logo-de-especifica\u00e7\u00e3o-de-mobili\u00e1rio_2020_v5.0_FINAL.pdf\" target=\"_blank\" rel=\"noopener noreferrer\">Cat\u00e1logo de especifica\u00e7\u00e3o de mobili\u00e1rio\u00a0<\/a><\/strong><\/p>\n<p>&nbsp;<\/p>\n<p><strong>CAT\u00c1LOGO DE ESPECIFICA\u00c7\u00d5ES DE MATERIAIS GR\u00c1FICOS E SERIGR\u00c1FICOS<\/strong><br \/>\n<strong>OBJETIVO:<\/strong>\u00a0Estabelecer a padroniza\u00e7\u00e3o no segmento de materiais gr\u00e1ficos, serigr\u00e1ficos e impressos em geral, bem como possibilitar a aquisi\u00e7\u00e3o de maior qualidade e em menor tempo, al\u00e9m de facilitar as solicita\u00e7\u00f5es referentes \u00e0 aquisi\u00e7\u00e3o.<br \/>\n<strong><a href=\"http:\/\/www2.unifap.br\/depag\/files\/2020\/03\/Cat\u00e1logo-de-especifica\u00e7\u00e3o-de-MATERIAIS_GR\u00c1FICOS_2020_v3.0-FINAL.pdf\" target=\"_blank\" rel=\"noopener noreferrer\">Cat\u00e1logo de especifica\u00e7\u00e3o de Impressos Gr\u00e1ficos em Geral\u00a0<\/a><\/strong><em>(atualizado em 04\/03\/2020)<\/em><\/p>\n<p>&nbsp;<\/p>\n<p><strong>CAT\u00c1LOGO DE ESPECIFICA\u00c7\u00d5ES DE \u00c1UDIO E V\u00cdDEO<\/strong><br \/>\n<strong>OBJETIVO:<\/strong>\u00a0Estabelecer a padroniza\u00e7\u00e3o no segmento de \u00e1udio e v\u00eddeo, bem como possibilitar a aquisi\u00e7\u00e3o de itens de maior qualidade e em menor tempo, al\u00e9m de facilitar as solicita\u00e7\u00f5es referentes \u00e0 aquisi\u00e7\u00e3o.<br \/>\n<strong><a href=\"http:\/\/www2.unifap.br\/depag\/files\/2017\/02\/Cat\u00e1logo-de-Especifica\u00e7\u00e3o-de-\u00c1udio-V\u00eddeo.pdf\" target=\"_blank\" rel=\"noopener noreferrer\">Cat\u00e1logo de Especifica\u00e7\u00e3o de \u00c1udio e V\u00eddeo<\/a><\/strong><\/p>\n<p>&nbsp;<\/p>\n<p><strong>CAT\u00c1LOGO DE ESPECIFICA\u00c7\u00d5ES DE REFRIGERA\u00c7\u00c3O<\/strong><br \/>\n<strong>OBJETIVO:<\/strong>\u00a0Estabelecer a padroniza\u00e7\u00e3o no segmento de refrigera\u00e7\u00e3o, bem como possibilitar a aquisi\u00e7\u00e3o de condicionadores de ar, bebedouros, geladeiras, frigobar e freezer de maior qualidade e em menor tempo, al\u00e9m de facilitar as solicita\u00e7\u00f5es referentes \u00e0 aquisi\u00e7\u00e3o.<br \/>\n<strong><a href=\"http:\/\/www2.unifap.br\/depag\/files\/2016\/02\/Cat\u00e1logo-de-especifica\u00e7\u00e3o-de-refrigera\u00e7\u00e3o_v1.2.pdf\" target=\"_blank\" rel=\"noopener noreferrer\">Cat\u00e1logo de especifica\u00e7\u00e3o de refrigera\u00e7\u00e3o<\/a><\/strong><\/p>\n<p>&nbsp;<\/p>\n<p><strong>CAT\u00c1LOGO DE ESPECIFICA\u00c7\u00d5ES DE TELEFONIA<\/strong><br \/>\n<strong>OBJETIVO:<\/strong>\u00a0Estabelecer a padroniza\u00e7\u00e3o no segmento de telefonia, bem como possibilitar a aquisi\u00e7\u00e3o de aparelhos telef\u00f4nicos de melhor qualidade e em menor tempo, al\u00e9m de facilitar as solicita\u00e7\u00f5es referentes \u00e0 aquisi\u00e7\u00e3o.<br \/>\n<strong><a href=\"http:\/\/www2.unifap.br\/depag\/files\/2016\/02\/Cat\u00e1logo-de-especifica\u00e7\u00e3o-de-telefonia_v1.3.pdf\" target=\"_blank\" rel=\"noopener noreferrer\">Cat\u00e1logo de especifica\u00e7\u00e3o de telefonia<\/a><\/strong><\/p>\n<p>&nbsp;<\/p>\n<p><strong>CAT\u00c1LOGO DE ESPECIFICA\u00c7\u00d5ES DE UTENS\u00cdLIOS<\/strong><br \/>\n<strong>OBJETIVO:<\/strong>\u00a0Estabelecer a padroniza\u00e7\u00e3o no segmento de utens\u00edlios de copa, cozinha e eletrodom\u00e9sticos, bem como possibilitar a aquisi\u00e7\u00e3o de eletrodom\u00e9sticos de melhor qualidade e em menor tempo, al\u00e9m de facilitar as solicita\u00e7\u00f5es referentes \u00e0 aquisi\u00e7\u00e3o.<br \/>\n<strong><a href=\"http:\/\/www2.unifap.br\/depag\/files\/2016\/03\/Cat\u00e1logo-de-especifica\u00e7\u00e3o-de-Utens\u00edlios_v1.1.pdf\" target=\"_blank\" rel=\"noopener noreferrer\">Cat\u00e1logo de especifica\u00e7\u00e3o de utens\u00edlios<\/a><\/strong><\/p>\n","protected":false},"excerpt":{"rendered":"<p>CAT\u00c1LOGO DE ESPECIFICA\u00c7\u00d5ES DE MOBILI\u00c1RIO OBJETIVO:Estabelecer a padroniza\u00e7\u00e3o no segmento de mobili\u00e1rio, bem como possibilitar a aquisi\u00e7\u00e3o de m\u00f3veis de maior qualidade e em menor tempo, al\u00e9m de facilitar as solicita\u00e7\u00f5es referentes \u00e0 aquisi\u00e7\u00e3o de mobili\u00e1rio. Cat\u00e1logo de especifica\u00e7\u00e3o de mobili\u00e1rio\u00a0 &nbsp; CAT\u00c1LOGO DE ESPECIFICA\u00c7\u00d5ES DE MATERIAIS GR\u00c1FICOS E SERIGR\u00c1FICOS OBJETIVO:\u00a0Estabelecer a padroniza\u00e7\u00e3o no segmento&#8230;<\/p>\n","protected":false},"author":236,"featured_media":0,"parent":0,"menu_order":55,"comment_status":"closed","ping_status":"closed","template":"","meta":{"inline_featured_image":false,"site-sidebar-layout":"default","site-content-layout":"","ast-site-content-layout":"default","site-content-style":"default","site-sidebar-style":"default","ast-global-header-display":"","ast-banner-title-visibility":"","ast-main-header-display":"","ast-hfb-above-header-display":"","ast-hfb-below-header-display":"","ast-hfb-mobile-header-display":"","site-post-title":"","ast-breadcrumbs-content":"","ast-featured-img":"","footer-sml-layout":"","theme-transparent-header-meta":"","adv-header-id-meta":"","stick-header-meta":"","header-above-stick-meta":"","header-main-stick-meta":"","header-below-stick-meta":"","astra-migrate-meta-layouts":"default","ast-page-background-enabled":"default","ast-page-background-meta":{"desktop":{"background-color":"var(--ast-global-color-4)","background-image":"","background-repeat":"repeat","background-position":"center center","background-size":"auto","background-attachment":"scroll","background-type":"","background-media":"","overlay-type":"","overlay-color":"","overlay-opacity":"","overlay-gradient":""},"tablet":{"background-color":"","background-image":"","background-repeat":"repeat","background-position":"center center","background-size":"auto","background-attachment":"scroll","background-type":"","background-media":"","overlay-type":"","overlay-color":"","overlay-opacity":"","overlay-gradient":""},"mobile":{"background-color":"","background-image":"","background-repeat":"repeat","background-position":"center center","background-size":"auto","background-attachment":"scroll","background-type":"","background-media":"","overlay-type":"","overlay-color":"","overlay-opacity":"","overlay-gradient":""}},"ast-content-background-meta":{"desktop":{"background-color":"var(--ast-global-color-5)","background-image":"","background-repeat":"repeat","background-position":"center center","background-size":"auto","background-attachment":"scroll","background-type":"","background-media":"","overlay-type":"","overlay-color":"","overlay-opacity":"","overlay-gradient":""},"tablet":{"background-color":"var(--ast-global-color-5)","background-image":"","background-repeat":"repeat","background-position":"center center","background-size":"auto","background-attachment":"scroll","background-type":"","background-media":"","overlay-type":"","overlay-color":"","overlay-opacity":"","overlay-gradient":""},"mobile":{"background-color":"var(--ast-global-color-5)","background-image":"","background-repeat":"repeat","background-position":"center center","background-size":"auto","background-attachment":"scroll","background-type":"","background-media":"","overlay-type":"","overlay-color":"","overlay-opacity":"","overlay-gradient":""}},"ngg_post_thumbnail":0,"footnotes":""},"class_list":["post-667","page","type-page","status-publish","hentry"],"_links":{"self":[{"href":"http:\/\/www2.unifap.br\/depag\/wp-json\/wp\/v2\/pages\/667","targetHints":{"allow":["GET"]}}],"collection":[{"href":"http:\/\/www2.unifap.br\/depag\/wp-json\/wp\/v2\/pages"}],"about":[{"href":"http:\/\/www2.unifap.br\/depag\/wp-json\/wp\/v2\/types\/page"}],"author":[{"embeddable":true,"href":"http:\/\/www2.unifap.br\/depag\/wp-json\/wp\/v2\/users\/236"}],"replies":[{"embeddable":true,"href":"http:\/\/www2.unifap.br\/depag\/wp-json\/wp\/v2\/comments?post=667"}],"version-history":[{"count":25,"href":"http:\/\/www2.unifap.br\/depag\/wp-json\/wp\/v2\/pages\/667\/revisions"}],"predecessor-version":[{"id":1368,"href":"http:\/\/www2.unifap.br\/depag\/wp-json\/wp\/v2\/pages\/667\/revisions\/1368"}],"wp:attachment":[{"href":"http:\/\/www2.unifap.br\/depag\/wp-json\/wp\/v2\/media?parent=667"}],"curies":[{"name":"wp","href":"https:\/\/api.w.org\/{rel}","templated":true}]}}