{"id":707,"date":"2016-03-14T11:47:47","date_gmt":"2016-03-14T14:47:47","guid":{"rendered":"http:\/\/www2.unifap.br\/depag\/?page_id=707"},"modified":"2024-06-28T15:12:03","modified_gmt":"2024-06-28T18:12:03","slug":"patrimonio","status":"publish","type":"page","link":"http:\/\/www2.unifap.br\/depag\/coord-de-almox-e-patrimonio\/patrimonio\/","title":{"rendered":"Patrim\u00f4nio"},"content":{"rendered":"<p>A <strong>Se\u00e7\u00e3o de Patrim\u00f4nio<\/strong> \u00e9 a unidade respons\u00e1vel pelo gerenciamento dos materiais permanentes adquiridos pela institui\u00e7\u00e3o, cuidando do recebimento, guarda provis\u00f3ria e distribui\u00e7\u00e3o destes materiais.<\/p>\n<p>&nbsp;<\/p>\n<p><strong>\u00c0 se\u00e7\u00e3o de patrim\u00f4nio compete:<\/strong><br \/>\nI \u2013 receber, armazenar e distribuir os materiais permanentes adquiridos pela Unifap;<br \/>\nII \u2013 conferir o material recebido, observando se o mesmo est\u00e1 compat\u00edvel com o que foi empenhado;<br \/>\nIII \u2013 emitir a nota de entrada de material;<br \/>\nIV \u2013 atestar a nota fiscal do fornecedor;<br \/>\nV \u2013 encaminhar processo dos materiais recebidos para pagamento;<br \/>\nVI \u2013 registrar, no sistema patrimonial, os bens permanentes adquiridos pela institui\u00e7\u00e3o;<br \/>\nVII \u2013 realizar o cadastramento e tombamento dos bens patrimoniais, bem como manter controle da distribui\u00e7\u00e3o;<br \/>\nVIII \u2013 realizar verifica\u00e7\u00f5es acerca da responsabilidade dos bens m\u00f3veis das diversas unidades quanto \u00e0 mudan\u00e7a de responsabilidade dos mesmos;<br \/>\nIX \u2013 realizar inspe\u00e7\u00e3o e propor a aliena\u00e7\u00e3o dos m\u00f3veis inserv\u00edveis ou de recupera\u00e7\u00e3o antiecon\u00f4mica;<br \/>\nX \u2013 gerar relat\u00f3rios de deprecia\u00e7\u00e3o de bens e encaminh\u00e1-los, para controle, ao DEPAG;<br \/>\nXI \u2013 requerer ao setor competente a execu\u00e7\u00e3o de avalia\u00e7\u00e3o t\u00e9cnica e reavalia\u00e7\u00e3o dos bens im\u00f3veis para efeito de incorpora\u00e7\u00e3o e aliena\u00e7\u00e3o;<br \/>\nXII \u2013 manter atualizado o registro dos bens m\u00f3veis e im\u00f3veis no SIPAC e SPIUnet, respectivamente;<br \/>\nXII \u2013 promover a realiza\u00e7\u00e3o do invent\u00e1rio patrimonial anual de bens m\u00f3veis;<br \/>\nXIV \u2013 exercer outras atividades inerentes \u00e0 sua \u00e1rea de compet\u00eancia ou que lhe forem atribu\u00eddas pelo (a) Chefe da Coordena\u00e7\u00e3o de Almoxarifado e Patrim\u00f4nio e Diretoria do DEPAG.<\/p>\n<p>&nbsp;<\/p>\n<p><strong>Se\u00e7\u00e3o de Patrim\u00f4nio \u2013 Dados abertos &#8211; Julho\/2024&nbsp;<\/strong><\/p>\n<ul>\n<li>Rela\u00e7\u00e3o de im\u00f3veis \/ Benfeitoria \/ Terreno&nbsp; (por munic\u00edpios) \u2013&nbsp;<a href=\"http:\/\/www2.unifap.br\/depag\/files\/2024\/06\/SPIUnet-Sistema-de-Gerenciamento-dos-Imoveis-de-Uso-Especial-da-Uniao-19_06_2024.pdf\" target=\"_blank\" rel=\"noopener\">Clique Aqui<\/a><\/li>\n<li>Resumo Imobili\u00e1rio&nbsp; por Edifica\u00e7\u00e3o \u2013&nbsp;<a href=\"http:\/\/www2.unifap.br\/depag\/files\/2024\/06\/RESUMO-IMOBILIARIO-POR-EDIFICACAO.pdf\" target=\"_blank\" rel=\"noopener\">Clique Aqui<\/a><\/li>\n<li>Espelho de Im\u00f3veis \u2013&nbsp;<a href=\"http:\/\/www2.unifap.br\/depag\/files\/2024\/06\/ESPELHO-IMOVEIS.pdf\" target=\"_blank\" rel=\"noopener\">Clique Aqui<\/a><\/li>\n<li>Mapa do Campus Marco Zero \u2013&nbsp;<a href=\"http:\/\/www2.unifap.br\/depag\/files\/2024\/06\/MAPA-DO-CAMPUS-MARCO-ZERO.pdf\" target=\"_blank\" rel=\"noopener\">Clique Aqui<\/a><\/li>\n<li>Terreno \u2013 Campus Marco Zero \u2013&nbsp;<a href=\"http:\/\/www2.unifap.br\/depag\/files\/2024\/06\/TERRENO-MARCO-ZERO.pdf\" target=\"_blank\" rel=\"noopener\">Clique Aqui<\/a><\/li>\n<\/ul>\n<p>&nbsp;<\/p>\n<p>&nbsp;<\/p>\n<ul>\n<li><a title=\"Coordena\u00e7\u00e3o de Almoxarifado e Patrim\u00f4nio\" href=\"http:\/\/www2.unifap.br\/depag\/coord-de-almox-e-patrimonio\/\">COORDENA\u00c7\u00c3O DE ALMOXARIFADO E PATRIM\u00d4NIO<\/a><\/li>\n<\/ul>\n","protected":false},"excerpt":{"rendered":"<p>A Se\u00e7\u00e3o de Patrim\u00f4nio \u00e9 a unidade respons\u00e1vel pelo gerenciamento dos materiais permanentes adquiridos pela institui\u00e7\u00e3o, cuidando do recebimento, guarda provis\u00f3ria e distribui\u00e7\u00e3o destes materiais. &nbsp; \u00c0 se\u00e7\u00e3o de patrim\u00f4nio compete: I \u2013 receber, armazenar e distribuir os materiais permanentes adquiridos pela Unifap; II \u2013 conferir o material recebido, observando se o mesmo est\u00e1 compat\u00edvel&#8230;<\/p>\n","protected":false},"author":236,"featured_media":0,"parent":916,"menu_order":28,"comment_status":"closed","ping_status":"closed","template":"","meta":{"inline_featured_image":false,"site-sidebar-layout":"default","site-content-layout":"","ast-site-content-layout":"default","site-content-style":"default","site-sidebar-style":"default","ast-global-header-display":"","ast-banner-title-visibility":"","ast-main-header-display":"","ast-hfb-above-header-display":"","ast-hfb-below-header-display":"","ast-hfb-mobile-header-display":"","site-post-title":"","ast-breadcrumbs-content":"","ast-featured-img":"","footer-sml-layout":"","theme-transparent-header-meta":"default","adv-header-id-meta":"","stick-header-meta":"","header-above-stick-meta":"","header-main-stick-meta":"","header-below-stick-meta":"","astra-migrate-meta-layouts":"set","ast-page-background-enabled":"default","ast-page-background-meta":{"desktop":{"background-color":"var(--ast-global-color-4)","background-image":"","background-repeat":"repeat","background-position":"center center","background-size":"auto","background-attachment":"scroll","background-type":"","background-media":"","overlay-type":"","overlay-color":"","overlay-opacity":"","overlay-gradient":""},"tablet":{"background-color":"","background-image":"","background-repeat":"repeat","background-position":"center center","background-size":"auto","background-attachment":"scroll","background-type":"","background-media":"","overlay-type":"","overlay-color":"","overlay-opacity":"","overlay-gradient":""},"mobile":{"background-color":"","background-image":"","background-repeat":"repeat","background-position":"center center","background-size":"auto","background-attachment":"scroll","background-type":"","background-media":"","overlay-type":"","overlay-color":"","overlay-opacity":"","overlay-gradient":""}},"ast-content-background-meta":{"desktop":{"background-color":"var(--ast-global-color-5)","background-image":"","background-repeat":"repeat","background-position":"center center","background-size":"auto","background-attachment":"scroll","background-type":"","background-media":"","overlay-type":"","overlay-color":"","overlay-opacity":"","overlay-gradient":""},"tablet":{"background-color":"var(--ast-global-color-5)","background-image":"","background-repeat":"repeat","background-position":"center center","background-size":"auto","background-attachment":"scroll","background-type":"","background-media":"","overlay-type":"","overlay-color":"","overlay-opacity":"","overlay-gradient":""},"mobile":{"background-color":"var(--ast-global-color-5)","background-image":"","background-repeat":"repeat","background-position":"center center","background-size":"auto","background-attachment":"scroll","background-type":"","background-media":"","overlay-type":"","overlay-color":"","overlay-opacity":"","overlay-gradient":""}},"ngg_post_thumbnail":0,"footnotes":""},"class_list":["post-707","page","type-page","status-publish","hentry"],"_links":{"self":[{"href":"http:\/\/www2.unifap.br\/depag\/wp-json\/wp\/v2\/pages\/707","targetHints":{"allow":["GET"]}}],"collection":[{"href":"http:\/\/www2.unifap.br\/depag\/wp-json\/wp\/v2\/pages"}],"about":[{"href":"http:\/\/www2.unifap.br\/depag\/wp-json\/wp\/v2\/types\/page"}],"author":[{"embeddable":true,"href":"http:\/\/www2.unifap.br\/depag\/wp-json\/wp\/v2\/users\/236"}],"replies":[{"embeddable":true,"href":"http:\/\/www2.unifap.br\/depag\/wp-json\/wp\/v2\/comments?post=707"}],"version-history":[{"count":8,"href":"http:\/\/www2.unifap.br\/depag\/wp-json\/wp\/v2\/pages\/707\/revisions"}],"predecessor-version":[{"id":1809,"href":"http:\/\/www2.unifap.br\/depag\/wp-json\/wp\/v2\/pages\/707\/revisions\/1809"}],"up":[{"embeddable":true,"href":"http:\/\/www2.unifap.br\/depag\/wp-json\/wp\/v2\/pages\/916"}],"wp:attachment":[{"href":"http:\/\/www2.unifap.br\/depag\/wp-json\/wp\/v2\/media?parent=707"}],"curies":[{"name":"wp","href":"https:\/\/api.w.org\/{rel}","templated":true}]}}