{"id":83,"date":"2013-09-03T13:19:07","date_gmt":"2013-09-03T13:19:07","guid":{"rendered":"http:\/\/www2.unifap.br\/depag\/?page_id=83"},"modified":"2023-01-20T15:02:43","modified_gmt":"2023-01-20T18:02:43","slug":"equipe","status":"publish","type":"page","link":"http:\/\/www2.unifap.br\/depag\/equipe\/","title":{"rendered":"\u3020 Equipe \u3020"},"content":{"rendered":"<h3><a href=\"http:\/\/www2.unifap.br\/depag\/files\/2023\/01\/Equipe-de-Trabalho.png\"><img decoding=\"async\" class=\"wp-image-1483 aligncenter\" src=\"http:\/\/www2.unifap.br\/depag\/files\/2023\/01\/Equipe-de-Trabalho.png\" alt=\"\" width=\"202\" height=\"214\"><\/a><\/h3>\n<h3><strong><span style=\"color: #ff0000\">DEPARTAMENTO DE ADMINISTRA\u00c7\u00c3O GERAL &#8211; DEPAG<\/span><\/strong><\/h3>\n<p><strong>Marcos Vin\u00edcius Viscaia Guardia<\/strong>&nbsp;\u2013 Diretor do Departamento de Administra\u00e7\u00e3o Geral<\/p>\n<p><strong>Edson Ant\u00f4nio Nunes da Costa J\u00fanior <\/strong>\u2013 Assistente em Administra\u00e7\u00e3o<\/p>\n<p><strong>Gleissa Iasodara Ferreira<\/strong> \u2013 Assistente em Administra\u00e7\u00e3o<\/p>\n<p><strong>Wanessa Moreira de Freitas<\/strong>&#8211; Administradora<\/p>\n<p><strong>Hor\u00e1rio de Atendimento:<\/strong><br \/>\nSegunda a Sexta &#8211; 08-12h \/ 14-18h<\/p>\n<p><strong>E-mail: <\/strong>depag.unifap@gmail.com<\/p>\n<h4>&nbsp;<\/h4>\n<h4><strong><span style=\"color: #339966\">DIVIS\u00c3O DE MATERIAL &#8211; DIMAT<\/span><\/strong><\/h4>\n<p><strong>Eraldo Pacheco da Silva<\/strong>&nbsp;\u2013 Chefe da Divis\u00e3o de Material<\/p>\n<p><strong>Hor\u00e1rio de Atendimento:<\/strong><br \/>\nSegunda a Sexta &#8211; 08-12h \/ 14-18h<\/p>\n<p><strong>E-mail: <\/strong>unifap.dimat@gmail.com<\/p>\n<h4>&nbsp;<\/h4>\n<h4><strong><span style=\"color: #339966\">COORDENA\u00c7\u00c3O DE ALMOXARIFADO E PATRIM\u00d4NIO &#8211; CAP<\/span><\/strong><\/h4>\n<p><strong><span data-sheets-value=\"{&quot;1&quot;:2,&quot;2&quot;:&quot;Matheus Augusto Nascimento de Moraes\\n&quot;}\" data-sheets-userformat=\"{&quot;2&quot;:1021,&quot;3&quot;:{&quot;1&quot;:0},&quot;5&quot;:{&quot;1&quot;:[{&quot;1&quot;:2,&quot;2&quot;:0,&quot;5&quot;:{&quot;1&quot;:2,&quot;2&quot;:0}},{&quot;1&quot;:0,&quot;2&quot;:0,&quot;3&quot;:3},{&quot;1&quot;:1,&quot;2&quot;:0,&quot;4&quot;:1}]},&quot;6&quot;:{&quot;1&quot;:[{&quot;1&quot;:2,&quot;2&quot;:0,&quot;5&quot;:{&quot;1&quot;:2,&quot;2&quot;:0}},{&quot;1&quot;:0,&quot;2&quot;:0,&quot;3&quot;:3},{&quot;1&quot;:1,&quot;2&quot;:0,&quot;4&quot;:1}]},&quot;7&quot;:{&quot;1&quot;:[{&quot;1&quot;:2,&quot;2&quot;:0,&quot;5&quot;:{&quot;1&quot;:2,&quot;2&quot;:0}},{&quot;1&quot;:0,&quot;2&quot;:0,&quot;3&quot;:3},{&quot;1&quot;:1,&quot;2&quot;:0,&quot;4&quot;:1}]},&quot;8&quot;:{&quot;1&quot;:[{&quot;1&quot;:2,&quot;2&quot;:0,&quot;5&quot;:{&quot;1&quot;:2,&quot;2&quot;:0}},{&quot;1&quot;:0,&quot;2&quot;:0,&quot;3&quot;:3},{&quot;1&quot;:1,&quot;2&quot;:0,&quot;4&quot;:1}]},&quot;9&quot;:0,&quot;10&quot;:1,&quot;11&quot;:4,&quot;12&quot;:0}\">Matheus Augusto Nascimento de Moraes<\/span><\/strong> \u2013 Coordenador de Almoxarifado e Patrim\u00f4nio<\/p>\n<p><strong>Hor\u00e1rio de Atendimento:<\/strong><br \/>\nSegunda a Sexta &#8211; 08-12h \/ 14-18h<\/p>\n<p><strong>E-mail:&nbsp;<\/strong><span data-sheets-value=\"{&quot;1&quot;:2,&quot;2&quot;:&quot;Matheusmrs_@unifap.br&quot;}\" data-sheets-userformat=\"{&quot;2&quot;:765,&quot;3&quot;:{&quot;1&quot;:0},&quot;5&quot;:{&quot;1&quot;:[{&quot;1&quot;:2,&quot;2&quot;:0,&quot;5&quot;:{&quot;1&quot;:2,&quot;2&quot;:0}},{&quot;1&quot;:0,&quot;2&quot;:0,&quot;3&quot;:3},{&quot;1&quot;:1,&quot;2&quot;:0,&quot;4&quot;:1}]},&quot;6&quot;:{&quot;1&quot;:[{&quot;1&quot;:2,&quot;2&quot;:0,&quot;5&quot;:{&quot;1&quot;:2,&quot;2&quot;:0}},{&quot;1&quot;:0,&quot;2&quot;:0,&quot;3&quot;:3},{&quot;1&quot;:1,&quot;2&quot;:0,&quot;4&quot;:1}]},&quot;7&quot;:{&quot;1&quot;:[{&quot;1&quot;:2,&quot;2&quot;:0,&quot;5&quot;:{&quot;1&quot;:2,&quot;2&quot;:0}},{&quot;1&quot;:0,&quot;2&quot;:0,&quot;3&quot;:3},{&quot;1&quot;:1,&quot;2&quot;:0,&quot;4&quot;:1}]},&quot;8&quot;:{&quot;1&quot;:[{&quot;1&quot;:2,&quot;2&quot;:0,&quot;5&quot;:{&quot;1&quot;:2,&quot;2&quot;:0}},{&quot;1&quot;:0,&quot;2&quot;:0,&quot;3&quot;:3},{&quot;1&quot;:1,&quot;2&quot;:0,&quot;4&quot;:1}]},&quot;9&quot;:1,&quot;10&quot;:1,&quot;12&quot;:0}\">Matheusmrs_@unifap.br<\/span><\/p>\n<h4>&nbsp;<\/h4>\n<h4><strong><span style=\"color: #339966\">DIVIS\u00c3O DE DI\u00c1RIAS, PASSAGENS E HOSPEDAGEM &#8211; DDPH<\/span><\/strong><\/h4>\n<p><strong>Luciano Moura de Ara\u00fajo J\u00fanior<\/strong> \u2013 Chefe da Divis\u00e3o de Di\u00e1rias, Passagens e Hospedagens<\/p>\n<p><strong>Hor\u00e1rio de Atendimento:<\/strong><br \/>\nSegunda a Sexta &#8211; 08-12h \/ 14-18h<br \/>\n<strong>E-mail:<\/strong>lucianojunior@unifap.br<\/p>\n<h4>&nbsp;<\/h4>\n<h4><strong><span style=\"color: #339966\">SE\u00c7\u00c3O DE ALMOXARIFADO &#8211; SEALMOX<\/span><\/strong><\/h4>\n<p><strong>Manoel Faustino Pereira<\/strong> \u2013 Chefe da Se\u00e7\u00e3o de Almoxarifado<br \/>\n<strong>Lourival Henrique Le\u00e3o dos Santos<\/strong>&nbsp;\u2013&nbsp;Operador de M\u00e1quina Copiadora<\/p>\n<p><strong>Hor\u00e1rio de Atendimento:<\/strong><br \/>\nSegunda a Sexta &#8211; 08-12h \/ 14-18h<br \/>\n<strong>E-mail: <\/strong>fish@unifap.br,&nbsp;hs@unifap.br<\/p>\n<h4>&nbsp;<\/h4>\n<h4><strong><span style=\"color: #339966\">SE\u00c7\u00c3O DE PATRIM\u00d4NIO &#8211; SEPAT<\/span><\/strong><\/h4>\n<p><strong>Ernandes Ramos de Souza<\/strong> \u2013 Chefe da Se\u00e7\u00e3o de Patrim\u00f4nio<br \/>\n<strong>Izabel Regina Vilhena de Moraes<\/strong>&nbsp;\u2013&nbsp;Assistente em Administra\u00e7\u00e3o<\/p>\n<p><strong>Hor\u00e1rio de Atendimento:<\/strong><br \/>\nSegunda a Sexta &#8211; 08-12h \/ 14-18h<br \/>\n<strong>E-mail:<\/strong> ernandes@unifap.br, izabel.moraes@unifap.br<\/p>\n<h4>&nbsp;<\/h4>\n<h4><strong><span style=\"color: #339966\">SERVI\u00c7O DE PROTOCOLO &#8211; SEPRO<\/span><\/strong><\/h4>\n<p><strong>Aguinaldo Monteiro Nunes<\/strong>&nbsp;\u2013&nbsp;Chefe do Servi\u00e7o de Protocolo<br \/>\n<strong>Michelle da Silva Mattos<\/strong> \u2013 Assistente em Administra\u00e7\u00e3o<br \/>\n<strong>Leiliane Penafort da Silva<\/strong>&nbsp;\u2013&nbsp;Assistente em Administra\u00e7\u00e3o<br \/>\n<strong>Raimunda Correa Castro<\/strong>&nbsp;\u2013&nbsp;Assistente em Administra\u00e7\u00e3o<\/p>\n<p><strong>Hor\u00e1rio de Atendimento:<\/strong><br \/>\nSegunda a Sexta &#8211; 08-12h \/ 14-18h<\/p>\n<p><strong>E-mail:&nbsp;<\/strong>protocolo@unifap.br<\/p>\n<h4>&nbsp;<\/h4>\n<h4><strong><span style=\"color: #339966\">SERVI\u00c7O DE TRANSPORTE &#8211; SETRANS<\/span><\/strong><\/h4>\n<p><strong>Valdinei de Lima Favacho<\/strong>&nbsp;\u2013&nbsp;Chefe do Setor de Transporte<br \/>\n<strong>Elson Guedes dos Santos<\/strong> \u2013 Motorista<br \/>\n<strong>Alfredo da Silva Braga<\/strong>&nbsp;\u2013&nbsp;Motorista<br \/>\n<strong>Jo\u00e3o Batista da Silva Ramos<\/strong>&nbsp;\u2013&nbsp;Motorista<\/p>\n<p><strong>Hor\u00e1rio de Atendimento:<\/strong><br \/>\nSegunda a Sexta &#8211; 08-12h \/ 14-18h<\/p>\n","protected":false},"excerpt":{"rendered":"<p>DEPARTAMENTO DE ADMINISTRA\u00c7\u00c3O GERAL &#8211; DEPAG Marcos Vin\u00edcius Viscaia Guardia&nbsp;\u2013 Diretor do Departamento de Administra\u00e7\u00e3o Geral Edson Ant\u00f4nio Nunes da Costa J\u00fanior \u2013 Assistente em Administra\u00e7\u00e3o Gleissa Iasodara Ferreira \u2013 Assistente em Administra\u00e7\u00e3o Wanessa Moreira de Freitas&#8211; Administradora Hor\u00e1rio de Atendimento: Segunda a Sexta &#8211; 08-12h \/ 14-18h E-mail: depag.unifap@gmail.com &nbsp; DIVIS\u00c3O DE MATERIAL &#8211;&#8230;<\/p>\n","protected":false},"author":236,"featured_media":0,"parent":0,"menu_order":0,"comment_status":"closed","ping_status":"closed","template":"","meta":{"inline_featured_image":false,"site-sidebar-layout":"default","site-content-layout":"","ast-site-content-layout":"default","site-content-style":"default","site-sidebar-style":"default","ast-global-header-display":"","ast-banner-title-visibility":"","ast-main-header-display":"","ast-hfb-above-header-display":"","ast-hfb-below-header-display":"","ast-hfb-mobile-header-display":"","site-post-title":"","ast-breadcrumbs-content":"","ast-featured-img":"","footer-sml-layout":"","theme-transparent-header-meta":"","adv-header-id-meta":"","stick-header-meta":"","header-above-stick-meta":"","header-main-stick-meta":"","header-below-stick-meta":"","astra-migrate-meta-layouts":"default","ast-page-background-enabled":"default","ast-page-background-meta":{"desktop":{"background-color":"var(--ast-global-color-4)","background-image":"","background-repeat":"repeat","background-position":"center center","background-size":"auto","background-attachment":"scroll","background-type":"","background-media":"","overlay-type":"","overlay-color":"","overlay-opacity":"","overlay-gradient":""},"tablet":{"background-color":"","background-image":"","background-repeat":"repeat","background-position":"center center","background-size":"auto","background-attachment":"scroll","background-type":"","background-media":"","overlay-type":"","overlay-color":"","overlay-opacity":"","overlay-gradient":""},"mobile":{"background-color":"","background-image":"","background-repeat":"repeat","background-position":"center center","background-size":"auto","background-attachment":"scroll","background-type":"","background-media":"","overlay-type":"","overlay-color":"","overlay-opacity":"","overlay-gradient":""}},"ast-content-background-meta":{"desktop":{"background-color":"var(--ast-global-color-5)","background-image":"","background-repeat":"repeat","background-position":"center center","background-size":"auto","background-attachment":"scroll","background-type":"","background-media":"","overlay-type":"","overlay-color":"","overlay-opacity":"","overlay-gradient":""},"tablet":{"background-color":"var(--ast-global-color-5)","background-image":"","background-repeat":"repeat","background-position":"center center","background-size":"auto","background-attachment":"scroll","background-type":"","background-media":"","overlay-type":"","overlay-color":"","overlay-opacity":"","overlay-gradient":""},"mobile":{"background-color":"var(--ast-global-color-5)","background-image":"","background-repeat":"repeat","background-position":"center center","background-size":"auto","background-attachment":"scroll","background-type":"","background-media":"","overlay-type":"","overlay-color":"","overlay-opacity":"","overlay-gradient":""}},"ngg_post_thumbnail":0,"footnotes":""},"class_list":["post-83","page","type-page","status-publish","hentry"],"_links":{"self":[{"href":"http:\/\/www2.unifap.br\/depag\/wp-json\/wp\/v2\/pages\/83","targetHints":{"allow":["GET"]}}],"collection":[{"href":"http:\/\/www2.unifap.br\/depag\/wp-json\/wp\/v2\/pages"}],"about":[{"href":"http:\/\/www2.unifap.br\/depag\/wp-json\/wp\/v2\/types\/page"}],"author":[{"embeddable":true,"href":"http:\/\/www2.unifap.br\/depag\/wp-json\/wp\/v2\/users\/236"}],"replies":[{"embeddable":true,"href":"http:\/\/www2.unifap.br\/depag\/wp-json\/wp\/v2\/comments?post=83"}],"version-history":[{"count":59,"href":"http:\/\/www2.unifap.br\/depag\/wp-json\/wp\/v2\/pages\/83\/revisions"}],"predecessor-version":[{"id":1486,"href":"http:\/\/www2.unifap.br\/depag\/wp-json\/wp\/v2\/pages\/83\/revisions\/1486"}],"wp:attachment":[{"href":"http:\/\/www2.unifap.br\/depag\/wp-json\/wp\/v2\/media?parent=83"}],"curies":[{"name":"wp","href":"https:\/\/api.w.org\/{rel}","templated":true}]}}