{"id":849,"date":"2017-04-06T18:08:33","date_gmt":"2017-04-06T21:08:33","guid":{"rendered":"http:\/\/www2.unifap.br\/depag\/?page_id=849"},"modified":"2022-08-26T10:01:33","modified_gmt":"2022-08-26T13:01:33","slug":"manuais-sipac","status":"publish","type":"page","link":"http:\/\/www2.unifap.br\/depag\/manuais-sipac\/","title":{"rendered":"Manuais SIPAC"},"content":{"rendered":"<p><strong>PASSO A PASSO CADASTRAR REQUISI\u00c7\u00c3O DE MATERIAL NO SIPAC (COMPRA VIA INTEN\u00c7\u00c3O DE REGISTRO)<\/strong><br \/>\n<strong>OBJETIVO:<\/strong>\u00a0Demonstrar as etapas necess\u00e1rias para efetuar o cadastro de requisi\u00e7\u00f5es de materiais no SIPAC. Lembrando que nesta modalidade de requisi\u00e7\u00e3o a unidade requisitante dever\u00e1 escolher em uma rela\u00e7\u00e3o pr\u00e9-definida apenas os itens que pretende adquirir, bem como as quantidades estimadas de cada um.<br \/>\n<strong><a href=\"http:\/\/www2.unifap.br\/depag\/files\/2021\/01\/RequisicoesMaterialInten\u00e7\u00e3oSRP-CadastrarRequisicao-2020.pdf\" target=\"_blank\" rel=\"noopener noreferrer\">Passo a passo Cadastrar Requisi\u00e7\u00e3o de Material Inten\u00e7\u00e3o SRP<\/a><\/strong><\/p>\n<p>&nbsp;<\/p>\n<p><strong>PASSO A PASSO CADASTRAR REQUISI\u00c7\u00c3O DE MATERIAL NO SIPAC (MATERIAL DE CONSUMO AO ALMOXARIFADO)<\/strong><br \/>\n<strong>OBJETIVO:<\/strong>\u00a0Demonstrar as etapas necess\u00e1rias para efetuar o cadastro de requisi\u00e7\u00f5es de materiais ao Almoxarifado atrav\u00e9s do SIPAC. Lembrando que as requisi\u00e7\u00f5es dever\u00e3o ser realizadas pelas chefias de unidade ou servidores da unidade autorizados pela chefia. Quando o cadastrador da requisi\u00e7\u00e3o n\u00e3o possuir perfil de chefe, a chefia da unidade dever\u00e1 autorizar a requisi\u00e7\u00e3o no sistema para que a mesma seja encaminhada para atendimento pelo almoxarifado.<br \/>\n<strong><a href=\"http:\/\/www2.unifap.br\/depag\/files\/2017\/08\/Requisi\u00e7\u00f5esMaterialConsumoAlmoxarifado-CadastrarRequisi\u00e7\u00e3o.pdf\" target=\"_blank\" rel=\"noopener noreferrer\">Passo a passo Cadastrar Requisi\u00e7\u00e3o de Material de Consumo ao Almoxarifado<\/a><\/strong><\/p>\n","protected":false},"excerpt":{"rendered":"<p>PASSO A PASSO CADASTRAR REQUISI\u00c7\u00c3O DE MATERIAL NO SIPAC (COMPRA VIA INTEN\u00c7\u00c3O DE REGISTRO) OBJETIVO:\u00a0Demonstrar as etapas necess\u00e1rias para efetuar o cadastro de requisi\u00e7\u00f5es de materiais no SIPAC. Lembrando que nesta modalidade de requisi\u00e7\u00e3o a unidade requisitante dever\u00e1 escolher em uma rela\u00e7\u00e3o pr\u00e9-definida apenas os itens que pretende adquirir, bem como as quantidades estimadas de&#8230;<\/p>\n","protected":false},"author":236,"featured_media":0,"parent":0,"menu_order":52,"comment_status":"closed","ping_status":"closed","template":"","meta":{"inline_featured_image":false,"site-sidebar-layout":"default","site-content-layout":"","ast-site-content-layout":"default","site-content-style":"default","site-sidebar-style":"default","ast-global-header-display":"","ast-banner-title-visibility":"","ast-main-header-display":"","ast-hfb-above-header-display":"","ast-hfb-below-header-display":"","ast-hfb-mobile-header-display":"","site-post-title":"","ast-breadcrumbs-content":"","ast-featured-img":"","footer-sml-layout":"","theme-transparent-header-meta":"","adv-header-id-meta":"","stick-header-meta":"","header-above-stick-meta":"","header-main-stick-meta":"","header-below-stick-meta":"","astra-migrate-meta-layouts":"default","ast-page-background-enabled":"default","ast-page-background-meta":{"desktop":{"background-color":"var(--ast-global-color-4)","background-image":"","background-repeat":"repeat","background-position":"center center","background-size":"auto","background-attachment":"scroll","background-type":"","background-media":"","overlay-type":"","overlay-color":"","overlay-opacity":"","overlay-gradient":""},"tablet":{"background-color":"","background-image":"","background-repeat":"repeat","background-position":"center center","background-size":"auto","background-attachment":"scroll","background-type":"","background-media":"","overlay-type":"","overlay-color":"","overlay-opacity":"","overlay-gradient":""},"mobile":{"background-color":"","background-image":"","background-repeat":"repeat","background-position":"center center","background-size":"auto","background-attachment":"scroll","background-type":"","background-media":"","overlay-type":"","overlay-color":"","overlay-opacity":"","overlay-gradient":""}},"ast-content-background-meta":{"desktop":{"background-color":"var(--ast-global-color-5)","background-image":"","background-repeat":"repeat","background-position":"center center","background-size":"auto","background-attachment":"scroll","background-type":"","background-media":"","overlay-type":"","overlay-color":"","overlay-opacity":"","overlay-gradient":""},"tablet":{"background-color":"var(--ast-global-color-5)","background-image":"","background-repeat":"repeat","background-position":"center center","background-size":"auto","background-attachment":"scroll","background-type":"","background-media":"","overlay-type":"","overlay-color":"","overlay-opacity":"","overlay-gradient":""},"mobile":{"background-color":"var(--ast-global-color-5)","background-image":"","background-repeat":"repeat","background-position":"center center","background-size":"auto","background-attachment":"scroll","background-type":"","background-media":"","overlay-type":"","overlay-color":"","overlay-opacity":"","overlay-gradient":""}},"ngg_post_thumbnail":0,"footnotes":""},"class_list":["post-849","page","type-page","status-publish","hentry"],"_links":{"self":[{"href":"http:\/\/www2.unifap.br\/depag\/wp-json\/wp\/v2\/pages\/849","targetHints":{"allow":["GET"]}}],"collection":[{"href":"http:\/\/www2.unifap.br\/depag\/wp-json\/wp\/v2\/pages"}],"about":[{"href":"http:\/\/www2.unifap.br\/depag\/wp-json\/wp\/v2\/types\/page"}],"author":[{"embeddable":true,"href":"http:\/\/www2.unifap.br\/depag\/wp-json\/wp\/v2\/users\/236"}],"replies":[{"embeddable":true,"href":"http:\/\/www2.unifap.br\/depag\/wp-json\/wp\/v2\/comments?post=849"}],"version-history":[{"count":11,"href":"http:\/\/www2.unifap.br\/depag\/wp-json\/wp\/v2\/pages\/849\/revisions"}],"predecessor-version":[{"id":1373,"href":"http:\/\/www2.unifap.br\/depag\/wp-json\/wp\/v2\/pages\/849\/revisions\/1373"}],"wp:attachment":[{"href":"http:\/\/www2.unifap.br\/depag\/wp-json\/wp\/v2\/media?parent=849"}],"curies":[{"name":"wp","href":"https:\/\/api.w.org\/{rel}","templated":true}]}}