{"id":884,"date":"2017-09-19T16:18:55","date_gmt":"2017-09-19T19:18:55","guid":{"rendered":"http:\/\/www2.unifap.br\/depag\/?page_id=884"},"modified":"2022-08-26T10:10:12","modified_gmt":"2022-08-26T13:10:12","slug":"manuais","status":"publish","type":"page","link":"http:\/\/www2.unifap.br\/depag\/manuais\/","title":{"rendered":"Manuais"},"content":{"rendered":"<p><img decoding=\"async\" class=\"aligncenter wp-image-976\" src=\"http:\/\/www2.unifap.br\/depag\/files\/2017\/09\/\u00edndice.png\" alt=\"Manuais\" width=\"163\" height=\"163\" srcset=\"http:\/\/www2.unifap.br\/depag\/files\/2017\/09\/\u00edndice.png 225w, http:\/\/www2.unifap.br\/depag\/files\/2017\/09\/\u00edndice-150x150.png 150w, http:\/\/www2.unifap.br\/depag\/files\/2017\/09\/\u00edndice-70x70.png 70w\" sizes=\"(max-width: 163px) 100vw, 163px\" \/><\/p>\n<ul>\n<li>\n<h4><a href=\"http:\/\/www2.unifap.br\/depag\/files\/2017\/09\/Manual-de-Orienta\u00e7\u00f5es-e-Procedimentos-para-Transfer\u00eancia-e-Responsabilidade-Sobre-Bens-Patrimoniais-M\u00f3veis.pdf\">Manual de Orienta\u00e7\u00f5es e Procedimentos para Transfer\u00eancia e Responsabilidade Sobre Bens Patrimoniais M\u00f3veis<\/a><\/h4>\n<\/li>\n<li>\u00a0 <strong><a href=\"http:\/\/www2.unifap.br\/depag\/files\/2018\/06\/Orienta\u00e7\u00f5es-Comiss\u00f5es-Invent\u00e1rio-Anual-3.1.2017.pdf\">Manual de Orienta\u00e7\u00f5es para Comiss\u00f5es de Invent\u00e1rio Anual &#8211; 3.1.2017<\/a><\/strong><\/li>\n<\/ul>\n","protected":false},"excerpt":{"rendered":"<p>Manual de Orienta\u00e7\u00f5es e Procedimentos para Transfer\u00eancia e Responsabilidade Sobre Bens Patrimoniais M\u00f3veis \u00a0 Manual de Orienta\u00e7\u00f5es para Comiss\u00f5es de Invent\u00e1rio Anual &#8211; 3.1.2017<\/p>\n","protected":false},"author":236,"featured_media":0,"parent":0,"menu_order":34,"comment_status":"closed","ping_status":"closed","template":"","meta":{"inline_featured_image":false,"site-sidebar-layout":"default","site-content-layout":"","ast-site-content-layout":"default","site-content-style":"default","site-sidebar-style":"default","ast-global-header-display":"","ast-banner-title-visibility":"","ast-main-header-display":"","ast-hfb-above-header-display":"","ast-hfb-below-header-display":"","ast-hfb-mobile-header-display":"","site-post-title":"","ast-breadcrumbs-content":"","ast-featured-img":"","footer-sml-layout":"","theme-transparent-header-meta":"","adv-header-id-meta":"","stick-header-meta":"","header-above-stick-meta":"","header-main-stick-meta":"","header-below-stick-meta":"","astra-migrate-meta-layouts":"default","ast-page-background-enabled":"default","ast-page-background-meta":{"desktop":{"background-color":"var(--ast-global-color-4)","background-image":"","background-repeat":"repeat","background-position":"center center","background-size":"auto","background-attachment":"scroll","background-type":"","background-media":"","overlay-type":"","overlay-color":"","overlay-opacity":"","overlay-gradient":""},"tablet":{"background-color":"","background-image":"","background-repeat":"repeat","background-position":"center center","background-size":"auto","background-attachment":"scroll","background-type":"","background-media":"","overlay-type":"","overlay-color":"","overlay-opacity":"","overlay-gradient":""},"mobile":{"background-color":"","background-image":"","background-repeat":"repeat","background-position":"center center","background-size":"auto","background-attachment":"scroll","background-type":"","background-media":"","overlay-type":"","overlay-color":"","overlay-opacity":"","overlay-gradient":""}},"ast-content-background-meta":{"desktop":{"background-color":"var(--ast-global-color-5)","background-image":"","background-repeat":"repeat","background-position":"center center","background-size":"auto","background-attachment":"scroll","background-type":"","background-media":"","overlay-type":"","overlay-color":"","overlay-opacity":"","overlay-gradient":""},"tablet":{"background-color":"var(--ast-global-color-5)","background-image":"","background-repeat":"repeat","background-position":"center center","background-size":"auto","background-attachment":"scroll","background-type":"","background-media":"","overlay-type":"","overlay-color":"","overlay-opacity":"","overlay-gradient":""},"mobile":{"background-color":"var(--ast-global-color-5)","background-image":"","background-repeat":"repeat","background-position":"center center","background-size":"auto","background-attachment":"scroll","background-type":"","background-media":"","overlay-type":"","overlay-color":"","overlay-opacity":"","overlay-gradient":""}},"ngg_post_thumbnail":0,"footnotes":""},"class_list":["post-884","page","type-page","status-publish","hentry"],"_links":{"self":[{"href":"http:\/\/www2.unifap.br\/depag\/wp-json\/wp\/v2\/pages\/884","targetHints":{"allow":["GET"]}}],"collection":[{"href":"http:\/\/www2.unifap.br\/depag\/wp-json\/wp\/v2\/pages"}],"about":[{"href":"http:\/\/www2.unifap.br\/depag\/wp-json\/wp\/v2\/types\/page"}],"author":[{"embeddable":true,"href":"http:\/\/www2.unifap.br\/depag\/wp-json\/wp\/v2\/users\/236"}],"replies":[{"embeddable":true,"href":"http:\/\/www2.unifap.br\/depag\/wp-json\/wp\/v2\/comments?post=884"}],"version-history":[{"count":4,"href":"http:\/\/www2.unifap.br\/depag\/wp-json\/wp\/v2\/pages\/884\/revisions"}],"predecessor-version":[{"id":1461,"href":"http:\/\/www2.unifap.br\/depag\/wp-json\/wp\/v2\/pages\/884\/revisions\/1461"}],"wp:attachment":[{"href":"http:\/\/www2.unifap.br\/depag\/wp-json\/wp\/v2\/media?parent=884"}],"curies":[{"name":"wp","href":"https:\/\/api.w.org\/{rel}","templated":true}]}}