{"id":916,"date":"2017-09-19T17:41:43","date_gmt":"2017-09-19T20:41:43","guid":{"rendered":"http:\/\/www2.unifap.br\/depag\/?page_id=916"},"modified":"2024-05-23T10:35:02","modified_gmt":"2024-05-23T13:35:02","slug":"coord-de-almox-e-patrimonio","status":"publish","type":"page","link":"http:\/\/www2.unifap.br\/depag\/coord-de-almox-e-patrimonio\/","title":{"rendered":"Coord. de Almoxarifado e Patrim\u00f4nio"},"content":{"rendered":"<p>A <strong>Coordena\u00e7\u00e3o de Almoxarifado e Patrim\u00f4nio<\/strong> \u00e9 a unidade respons\u00e1vel pelo planejamento, organiza\u00e7\u00e3o e normatiza\u00e7\u00e3o das atividades relacionadas as \u00e1reas de Almoxarifado e Patrim\u00f4nio, atuando em conjunto com as unidades subordinadas, bem como com promovendo a\u00e7\u00f5es com as demais unidades da institui\u00e7\u00e3o.<\/p>\n<p><strong>\u00c1 Coordena\u00e7\u00e3o de Almoxarifado e Patrim\u00f4nio compete:<\/strong><\/p>\n<p>I \u2013 coordenar as atividades dos setores de Almoxarifado e Patrim\u00f4nio;<br \/>\nII \u2013 coordenar os trabalhos, em conjunto com o setor de patrim\u00f4nio, das comiss\u00f5es anuais desfazimento de bens m\u00f3veis e invent\u00e1rio de bens m\u00f3veis da institui\u00e7\u00e3o;<br \/>\nIII \u2013 promover editais de doa\u00e7\u00e3o, leil\u00e3o e outras formas de aliena\u00e7\u00e3o, de forma integrada com outros setores da Unifap;<br \/>\nIV \u2013 desenvolver planos de a\u00e7\u00e3o junto aos seus setores;<br \/>\nV &#8211; exercer outras atividades que lhe forem atribu\u00eddas pelo (a) Diretor (a) do Departamento de Administra\u00e7\u00e3o Geral.<\/p>\n<ul>\n<li><a title=\"Almoxarifado\" href=\"http:\/\/www2.unifap.br\/depag\/coord-de-almox-e-patrimonio\/almoxarifado\/\">SE\u00c7\u00c3O DE ALMOXARIFADO<\/a><\/li>\n<li><a title=\"Patrim\u00f4nio\" href=\"https:\/\/www2.unifap.br\/depag\/coord-de-almox-e-patrimonio\/secao-de-patrimonio-sepat\/\">SE\u00c7\u00c3O DE PATRIM\u00d5NIO<\/a><\/li>\n<\/ul>\n","protected":false},"excerpt":{"rendered":"<p>A Coordena\u00e7\u00e3o de Almoxarifado e Patrim\u00f4nio \u00e9 a unidade respons\u00e1vel pelo planejamento, organiza\u00e7\u00e3o e normatiza\u00e7\u00e3o das atividades relacionadas as \u00e1reas de Almoxarifado e Patrim\u00f4nio, atuando em conjunto com as unidades subordinadas, bem como com promovendo a\u00e7\u00f5es com as demais unidades da institui\u00e7\u00e3o. \u00c1 Coordena\u00e7\u00e3o de Almoxarifado e Patrim\u00f4nio compete: I \u2013 coordenar as atividades dos&#8230;<\/p>\n","protected":false},"author":236,"featured_media":0,"parent":0,"menu_order":20,"comment_status":"closed","ping_status":"closed","template":"","meta":{"inline_featured_image":false,"site-sidebar-layout":"default","site-content-layout":"","ast-site-content-layout":"default","site-content-style":"default","site-sidebar-style":"default","ast-global-header-display":"","ast-banner-title-visibility":"","ast-main-header-display":"","ast-hfb-above-header-display":"","ast-hfb-below-header-display":"","ast-hfb-mobile-header-display":"","site-post-title":"","ast-breadcrumbs-content":"","ast-featured-img":"","footer-sml-layout":"","theme-transparent-header-meta":"default","adv-header-id-meta":"","stick-header-meta":"","header-above-stick-meta":"","header-main-stick-meta":"","header-below-stick-meta":"","astra-migrate-meta-layouts":"set","ast-page-background-enabled":"default","ast-page-background-meta":{"desktop":{"background-color":"var(--ast-global-color-4)","background-image":"","background-repeat":"repeat","background-position":"center center","background-size":"auto","background-attachment":"scroll","background-type":"","background-media":"","overlay-type":"","overlay-color":"","overlay-opacity":"","overlay-gradient":""},"tablet":{"background-color":"","background-image":"","background-repeat":"repeat","background-position":"center center","background-size":"auto","background-attachment":"scroll","background-type":"","background-media":"","overlay-type":"","overlay-color":"","overlay-opacity":"","overlay-gradient":""},"mobile":{"background-color":"","background-image":"","background-repeat":"repeat","background-position":"center center","background-size":"auto","background-attachment":"scroll","background-type":"","background-media":"","overlay-type":"","overlay-color":"","overlay-opacity":"","overlay-gradient":""}},"ast-content-background-meta":{"desktop":{"background-color":"var(--ast-global-color-5)","background-image":"","background-repeat":"repeat","background-position":"center center","background-size":"auto","background-attachment":"scroll","background-type":"","background-media":"","overlay-type":"","overlay-color":"","overlay-opacity":"","overlay-gradient":""},"tablet":{"background-color":"var(--ast-global-color-5)","background-image":"","background-repeat":"repeat","background-position":"center center","background-size":"auto","background-attachment":"scroll","background-type":"","background-media":"","overlay-type":"","overlay-color":"","overlay-opacity":"","overlay-gradient":""},"mobile":{"background-color":"var(--ast-global-color-5)","background-image":"","background-repeat":"repeat","background-position":"center center","background-size":"auto","background-attachment":"scroll","background-type":"","background-media":"","overlay-type":"","overlay-color":"","overlay-opacity":"","overlay-gradient":""}},"ngg_post_thumbnail":0,"footnotes":""},"class_list":["post-916","page","type-page","status-publish","hentry"],"_links":{"self":[{"href":"http:\/\/www2.unifap.br\/depag\/wp-json\/wp\/v2\/pages\/916","targetHints":{"allow":["GET"]}}],"collection":[{"href":"http:\/\/www2.unifap.br\/depag\/wp-json\/wp\/v2\/pages"}],"about":[{"href":"http:\/\/www2.unifap.br\/depag\/wp-json\/wp\/v2\/types\/page"}],"author":[{"embeddable":true,"href":"http:\/\/www2.unifap.br\/depag\/wp-json\/wp\/v2\/users\/236"}],"replies":[{"embeddable":true,"href":"http:\/\/www2.unifap.br\/depag\/wp-json\/wp\/v2\/comments?post=916"}],"version-history":[{"count":7,"href":"http:\/\/www2.unifap.br\/depag\/wp-json\/wp\/v2\/pages\/916\/revisions"}],"predecessor-version":[{"id":1758,"href":"http:\/\/www2.unifap.br\/depag\/wp-json\/wp\/v2\/pages\/916\/revisions\/1758"}],"wp:attachment":[{"href":"http:\/\/www2.unifap.br\/depag\/wp-json\/wp\/v2\/media?parent=916"}],"curies":[{"name":"wp","href":"https:\/\/api.w.org\/{rel}","templated":true}]}}