{"id":29,"date":"2018-09-13T14:55:54","date_gmt":"2018-09-13T14:55:54","guid":{"rendered":"http:\/\/www2.unifap.br\/desport\/?page_id=29"},"modified":"2018-10-10T01:22:40","modified_gmt":"2018-10-10T01:22:40","slug":"cbdu-confederacao-brasileira-de-desporto-universitario","status":"publish","type":"page","link":"http:\/\/www2.unifap.br\/desport\/?page_id=29","title":{"rendered":"CBDU &#8211; Confedera\u00e7\u00e3o Brasileira de Desporto Universit\u00e1rio."},"content":{"rendered":"<p style=\"text-align: center\"><a title=\"Acesso \u00e0 P\u00e1gina oficial \" href=\"http:\/\/www.cbdu.org.br\/cbdu\/\" target=\"_blank\"><img decoding=\"async\" alt=\"logo-cbdu_ap\" src=\"http:\/\/www2.unifap.br\/edfisica\/files\/2016\/05\/logo-cbdu_ap.jpg\" width=\"165\" height=\"258\" \/><\/a><\/p>\n<p style=\"text-align: center\">\n<p style=\"text-align: left\"><a title=\"Form\u00falario On-line\" href=\"http:\/\/sisport.cbdu.org.br\/sisport\/index.php\" target=\"_blank\">Acesso ao Sistema\u00a0<\/a><\/p>\n<ol style=\"text-align: center\">\n<ol style=\"text-align: center\">\n<li style=\"text-align: left\"><strong><a title=\"Acesso ao Arquivo\/Documento - Obs:  N\u00c3O ABONA FALTA\" href=\"http:\/\/www2.unifap.br\/edfisica\/files\/2016\/05\/Declaracao_de_Justificativa_ausencia_JUBs_2016docx.pdf\" target=\"_blank\">Declaracao_de_Justificativa_aus\u00eancia_JUBs_2016docx<\/a><\/strong><\/li>\n<li style=\"text-align: left\"><a title=\"Acesso ao arquivo para download - Postado Por Markinhos Black, em 17\/10\/2017\" href=\"http:\/\/www2.unifap.br\/edfisica\/files\/2016\/05\/RESSALVA_JUbs_2017_Goiania_65_Edicao_Senha_CC3F2017_.pdf\" target=\"_blank\"><b>Declara\u00e7\u00e3o de Justificativa de aus\u00eancia\u00a0\u00a0JUbs_2017_Goiania_65_Edicao(_Senha: \u00a0CC3F2017\u00a0<\/b><\/a><b>\u00a0<\/b><\/li>\n<li style=\"text-align: left\"><b><\/b><b><a title=\"Acesso ao arquivo para download\" href=\"http:\/\/www2.unifap.br\/edfisica\/files\/2018\/06\/20180623_CERTIFICADOs_e_Parecer_DESPORT-gerados_com_Sucesso.pdf\" target=\"_blank\">Declara\u00e7\u00e3o de Justificativa de aus\u00eancia\u00a0Trabalho, faculdade e Parecer da DESPORT &#8211; JUBs 2018<\/a>\u00a0<\/b><\/li>\n<\/ol>\n<\/ol>\n<p>&nbsp;<\/p>\n","protected":false},"excerpt":{"rendered":"<p>Acesso ao Sistema\u00a0 Declaracao_de_Justificativa_aus\u00eancia_JUBs_2016docx Declara\u00e7\u00e3o de Justificativa de aus\u00eancia\u00a0\u00a0JUbs_2017_Goiania_65_Edicao(_Senha: \u00a0CC3F2017\u00a0\u00a0 Declara\u00e7\u00e3o de Justificativa de aus\u00eancia\u00a0Trabalho, faculdade e Parecer da DESPORT &#8211; JUBs 2018\u00a0 &nbsp;<\/p>\n","protected":false},"author":205,"featured_media":0,"parent":0,"menu_order":0,"comment_status":"closed","ping_status":"closed","template":"","meta":{"inline_featured_image":false,"ngg_post_thumbnail":0,"footnotes":""},"class_list":["post-29","page","type-page","status-publish","hentry"],"_links":{"self":[{"href":"http:\/\/www2.unifap.br\/desport\/index.php?rest_route=\/wp\/v2\/pages\/29","targetHints":{"allow":["GET"]}}],"collection":[{"href":"http:\/\/www2.unifap.br\/desport\/index.php?rest_route=\/wp\/v2\/pages"}],"about":[{"href":"http:\/\/www2.unifap.br\/desport\/index.php?rest_route=\/wp\/v2\/types\/page"}],"author":[{"embeddable":true,"href":"http:\/\/www2.unifap.br\/desport\/index.php?rest_route=\/wp\/v2\/users\/205"}],"replies":[{"embeddable":true,"href":"http:\/\/www2.unifap.br\/desport\/index.php?rest_route=%2Fwp%2Fv2%2Fcomments&post=29"}],"version-history":[{"count":1,"href":"http:\/\/www2.unifap.br\/desport\/index.php?rest_route=\/wp\/v2\/pages\/29\/revisions"}],"predecessor-version":[{"id":30,"href":"http:\/\/www2.unifap.br\/desport\/index.php?rest_route=\/wp\/v2\/pages\/29\/revisions\/30"}],"wp:attachment":[{"href":"http:\/\/www2.unifap.br\/desport\/index.php?rest_route=%2Fwp%2Fv2%2Fmedia&parent=29"}],"curies":[{"name":"wp","href":"https:\/\/api.w.org\/{rel}","templated":true}]}}