{"id":31,"date":"2018-09-13T14:58:16","date_gmt":"2018-09-13T14:58:16","guid":{"rendered":"http:\/\/www2.unifap.br\/desport\/?page_id=31"},"modified":"2018-10-10T01:22:34","modified_gmt":"2018-10-10T01:22:34","slug":"formacao-de-equipestimes-2018","status":"publish","type":"page","link":"http:\/\/www2.unifap.br\/desport\/?page_id=31","title":{"rendered":"Forma\u00e7\u00e3o de Equipes\/Times 2018"},"content":{"rendered":"<h1 style=\"text-align: center\">Forma\u00e7\u00e3o de Equipes\/Times 2018<\/h1>\n<div style=\"text-align: center\">\n<p><img decoding=\"async\" alt=\"logo unifap e ccef\" src=\"http:\/\/www2.unifap.br\/edfisica\/files\/2015\/01\/logo-unifap-e-ccef.png\" width=\"203\" height=\"67\" \/><\/p>\n<p align=\"Justify\">A Comiss\u00e3o de Sele\u00e7\u00e3o do\u00a0Forma\u00e7\u00e3o de Equipes\/Times Atletas Universit\u00e1rio \u2013 FEQTAU, da Universidade Federal do Amap\u00e1 (UNIFAP), torna p\u00fablico que, no per\u00edodo de 01 de mar\u00e7o a 29 de mar\u00e7o de 2018, estar\u00e3o abertas as inscri\u00e7\u00f5es para sele\u00e7\u00e3o de alunos interessados em compor o time da UNIFAP, com ingresso previsto para o 1\u00ba e 2\u00ba semestre de 2018.<\/p>\n<p>Per\u00edodo de Inscri\u00e7\u00e3o:\u00a0<strong>01\/03\/2018 \u00e0 29\/03\/2018<\/strong>\u00a0\u00e0s 11:59<br \/>\nContato:\u00a0Tel: (96) 33121778 \/ E-mail: desport@unifap.com; msa@unifap.br \/ Home Page:\u00a0<a title=\"Informa\u00e7\u00f5es  \" href=\"http:\/\/www2.unifap.br\/edfisica\" target=\"_blank\">http:\/\/www2.unifap.br\/edfisica\/\u00a0<\/a><\/p>\n<p><img decoding=\"async\" alt=\"Inscri\u00e7\u00f5es Encerradas\" src=\"http:\/\/www2.unifap.br\/edfisica\/files\/2015\/04\/Inscri%C3%A7%C3%B5es-Encerradas.gif\" width=\"372\" height=\"52\" \/><\/p>\n<p><strong>ATEN\u00c7\u00c3O e ACONSELH\u00c1VEL O PREENCHIMENTO DO FORMUL\u00c1RIO COM Navegador web: Google Chrome.<\/strong><\/p>\n<p><strong>\u00a0<\/strong><strong>Per\u00edodo de Recursos administrativos:\u00a0<\/strong>\u00e0s 14h00min de\u00a0<strong>02\/04 at\u00e9 \u00e0s 19h00min de 03\/04<\/strong>\/2018<\/p>\n<h2><\/h2>\n<p>Documentos para download:<\/p>\n<p>O Comunicado e demais documentos est\u00e3o publicados em\u00a0<a title=\"Informa\u00e7\u00f5es  \" href=\"http:\/\/www2.unifap.br\/edfisica\/2018\/02\/28\/informe-94\/\" target=\"_blank\"><strong>http:\/\/www2.unifap.br\/edfisica\/2018\/02\/28\/informe-94\/<\/strong><\/a><\/p>\n<\/div>\n","protected":false},"excerpt":{"rendered":"<p>Forma\u00e7\u00e3o de Equipes\/Times 2018 A Comiss\u00e3o de Sele\u00e7\u00e3o do\u00a0Forma\u00e7\u00e3o de Equipes\/Times Atletas Universit\u00e1rio \u2013 FEQTAU, da Universidade Federal do Amap\u00e1 (UNIFAP), torna p\u00fablico que, no per\u00edodo de 01 de mar\u00e7o a 29 de mar\u00e7o de 2018, estar\u00e3o abertas as inscri\u00e7\u00f5es&hellip; <\/p>\n<p><a href=\"http:\/\/www2.unifap.br\/desport\/?page_id=31\" class=\"readmore-button\">Continue Reading<\/a><\/p>\n","protected":false},"author":205,"featured_media":0,"parent":0,"menu_order":0,"comment_status":"closed","ping_status":"closed","template":"","meta":{"inline_featured_image":false,"ngg_post_thumbnail":0,"footnotes":""},"class_list":["post-31","page","type-page","status-publish","hentry"],"_links":{"self":[{"href":"http:\/\/www2.unifap.br\/desport\/index.php?rest_route=\/wp\/v2\/pages\/31","targetHints":{"allow":["GET"]}}],"collection":[{"href":"http:\/\/www2.unifap.br\/desport\/index.php?rest_route=\/wp\/v2\/pages"}],"about":[{"href":"http:\/\/www2.unifap.br\/desport\/index.php?rest_route=\/wp\/v2\/types\/page"}],"author":[{"embeddable":true,"href":"http:\/\/www2.unifap.br\/desport\/index.php?rest_route=\/wp\/v2\/users\/205"}],"replies":[{"embeddable":true,"href":"http:\/\/www2.unifap.br\/desport\/index.php?rest_route=%2Fwp%2Fv2%2Fcomments&post=31"}],"version-history":[{"count":1,"href":"http:\/\/www2.unifap.br\/desport\/index.php?rest_route=\/wp\/v2\/pages\/31\/revisions"}],"predecessor-version":[{"id":32,"href":"http:\/\/www2.unifap.br\/desport\/index.php?rest_route=\/wp\/v2\/pages\/31\/revisions\/32"}],"wp:attachment":[{"href":"http:\/\/www2.unifap.br\/desport\/index.php?rest_route=%2Fwp%2Fv2%2Fmedia&parent=31"}],"curies":[{"name":"wp","href":"https:\/\/api.w.org\/{rel}","templated":true}]}}