{"id":10926,"date":"2016-06-21T14:11:03","date_gmt":"2016-06-21T14:11:03","guid":{"rendered":"http:\/\/www2.unifap.br\/dex\/?page_id=10926"},"modified":"2025-07-21T13:36:54","modified_gmt":"2025-07-21T13:36:54","slug":"atividades-extensionistas","status":"publish","type":"page","link":"http:\/\/www2.unifap.br\/dex\/downloads\/atividades-extensionistas\/","title":{"rendered":"Manuais, formul\u00e1rios, regulamentos e legisla\u00e7\u00e3o aplic\u00e1vel"},"content":{"rendered":"<h3><strong><span style=\"color: #008080\">Manuais do SIGAA-Extens\u00e3o<\/span><\/strong><\/h3>\n<ul>\n<li><a href=\"http:\/\/www2.unifap.br\/dex\/files\/2018\/08\/MANUAL-PARA-INSER\u00c7\u00c3O-DE-PARTICIPANTES-DE-EVENTOS-E-CURSOS-NO-SIGAA-EXTENS\u00c3O1.pdf\">Manual Para Inser\u00e7\u00e3o De Participantes De Eventos E Cursos No SIGAA-EXTENS\u00c3O<\/a><\/li>\n<li><a href=\"http:\/\/www2.unifap.br\/dex\/files\/2018\/08\/MANUAL-PARA-VALIDAR-RELAT\u00d3RIOS-DE-A\u00c7\u00c3O-DE-EXTENS\u00c3O.pdf\">Manual Para Validar Relat\u00f3rios De A\u00e7\u00e3o De Extens\u00e3o<\/a><\/li>\n<li><a href=\"http:\/\/www2.unifap.br\/dex\/files\/2018\/06\/Instru\u00e7\u00e3o-para-inser\u00e7\u00e3o-de-membro-na-equipe-organizadora.pdf\">Instru\u00e7\u00f5es para inser\u00e7\u00e3o de membro na equipe organizadora<\/a><\/li>\n<\/ul>\n<h3><strong><span style=\"color: #008080\">Formul\u00e1rios do DEx<\/span><\/strong><\/h3>\n<ul>\n<li><a href=\"http:\/\/www2.unifap.br\/dex\/2-formulario-de-justificativa-para-prorrogacao-do-prazo-de-execucao-do-projeto\/\">Formul\u00e1rio de Justificativa para Prorroga\u00e7\u00e3o do Prazo de Execu\u00e7\u00e3o do Projeto<\/a><\/li>\n<li><a href=\"http:\/\/www2.unifap.br\/dex\/formulario-de-inclusao-de-colaboradora-interno\/\">Formul\u00e1rio de inclus\u00e3o de colaborador(a) interno<\/a><\/li>\n<li><a href=\"http:\/\/www2.unifap.br\/dex\/formulario-de-inclusao-de-colaboradora-externo\/\">Formul\u00e1rio de inclus\u00e3o de colaborador(a) externo<\/a><\/li>\n<li><a href=\"http:\/\/www2.unifap.br\/dex\/formulario-de-alteracao-de-colaboradora-2\/\">Formul\u00e1rio de altera\u00e7\u00e3o de colaborador<\/a><\/li>\n<li><a href=\"http:\/\/www2.unifap.br\/dex\/modelo-de-relatorio-final-de-programas-e-projetos\/\">Modelo de relat\u00f3rio final de programas e projetos<\/a><\/li>\n<li><a href=\"http:\/\/www2.unifap.br\/dex\/relatorio-final-de-evento-de-extensao-4\/\">Modelo de relat\u00f3rio final de evento de extens\u00e3o<\/a><\/li>\n<li><a href=\"http:\/\/www2.unifap.br\/dex\/modelo-de-relatorio-final-de-curso-de-extensao\/\">Modelo de relat\u00f3rio final de curso de extens\u00e3o<\/a><\/li>\n<li><a href=\"http:\/\/www2.unifap.br\/dex\/modelo-de-relatorio-parcial-de-programas-e-projetos-de-extensao-2\/\">Modelo de relat\u00f3rio parcial ou final de bolsista de extens\u00e3o<\/a><\/li>\n<li><a href=\"http:\/\/www2.unifap.br\/dex\/relatorio-final-bolsista-2\/\">Modelo de relat\u00f3rio final de bolsista de extens\u00e3o<\/a><\/li>\n<li><a href=\"https:\/\/www2.unifap.br\/dex\/modelo-de-edital-de-bolsista-de-extensao-2\/\">Modelo de edital de sele\u00e7\u00e3o de bolsista<\/a><\/li>\n<li><a href=\"http:\/\/www2.unifap.br\/dex\/files\/2016\/06\/Termo-de-altera\u00e7\u00e3o-de-coordenador2.doc\">Termo de altera\u00e7\u00e3o de coordenador(a)<\/a><\/li>\n<li><a href=\"http:\/\/www2.unifap.br\/dex\/termo-de-consentimento-para-utilizacao-de-assinatura-digitalizada\/\">Termo de consentimento para utiliza\u00e7\u00e3o de assinatura digitalizada<\/a><\/li>\n<li><a href=\"http:\/\/www2.unifap.br\/dex\/termo-de-cancelamento-de-atividade-de-extensao\/\">Termo de cancelamento de atividade de extens\u00e3o<\/a><\/li>\n<li><a href=\"http:\/\/www2.unifap.br\/dex\/termo-de-aprovacao-de-registro-de-atividade\/\">Termo de aprova\u00e7\u00e3o de registro de atividade<\/a><\/li>\n<\/ul>\n<h3><strong><span style=\"color: #008080\">Regulamentos do DEx<\/span><\/strong><\/h3>\n<ul>\n<li><a href=\"http:\/\/www2.unifap.br\/dex\/regulamento-para-emissao-de-certificados-e-declaracoes\/\">Regulamento para emiss\u00e3o de certificados e declara\u00e7\u00f5es<\/a> &#8211; Estabelece normas para emiss\u00e3o de certificados e declara\u00e7\u00f5es no \u00e2mbito da extens\u00e3o universit\u00e1ria da UNIFAP.<\/li>\n<li><a href=\"http:\/\/www2.unifap.br\/dex\/regulamento-de-cursos-de-extensao\/\">Regulamento de cursos de extens\u00e3o &#8211;<\/a> Tem por finalidade normatizar a realiza\u00e7\u00e3o de cursos de extens\u00e3o no \u00e2mbito da Universidade Federal do Amap\u00e1-UNIFAP.<\/li>\n<\/ul>\n<h3><strong><span style=\"color: #008080\">Documentos<\/span><\/strong><\/h3>\n<ul>\n<li><a href=\"https:\/\/www2.unifap.br\/dex\/resolucao-09-2006\/\">Resolu\u00e7\u00e3o n\u00b0 09\/2006 &#8211; CONSU\/UNIFAP &#8211; Regulamenta a extens\u00e3o universit\u00e1ria na UNIFAP<\/a><\/li>\n<li><a href=\"https:\/\/www2.unifap.br\/dex\/resolucao_n_20-2015_estabelece_diretrize_paid_revog_res_07-2015\/\">Resolu\u00e7\u00e3o n\u00b0 20\/2015 &#8211; CONSU\/UNIFAP &#8211; regulamenta o preenchimento do Plano de Atividades Individuais do Docente (PAID)&nbsp;<\/a><\/li>\n<li><a href=\"https:\/\/www2.unifap.br\/dex\/resolucao-no-07-2017-auxilio-financeiro-a-pesquisador-2\/\">Resolu\u00e7\u00e3o n\u00b0 07\/2017 &#8211; CONSU\/UNIFAP &#8211; regulamenta a concess\u00e3o de aux\u00edlio financeiro a pesquisador<\/a><\/li>\n<li><a href=\"https:\/\/www2.unifap.br\/dex\/resolucao-32-2021-participacao-de-professores\/\">Resolu\u00e7\u00e3o n\u00b0 32\/2021 &#8211; CONSU\/UNIFAP &#8211; Homologa a aprova\u00e7\u00e3o do Regulamento para participa\u00e7\u00e3o de professores da UNIFAP, com Dedica\u00e7\u00e3o Exclusiva, em atividades previstas no Art. 21 da Lei 12.772\/2012.&nbsp;<\/a><\/li>\n<li><a href=\"https:\/\/www2.unifap.br\/dex\/politica-de-extensao-da-unifap\/\">Resolu\u00e7\u00e3o n\u00ba 22\/2025 &#8211; CONSU\/UNIFAP &#8211; Institui a Pol\u00edtica de Extens\u00e3o Universit\u00e1ria da UNIFAP<\/a><\/li>\n<li><a href=\"https:\/\/www2.unifap.br\/dex\/portaria-5\/\">Portaria n\u00b0 0428\/2022 &#8211; Estabelece valor mensal de bolsa de extens\u00e3o<\/a><\/li>\n<li><a href=\"https:\/\/www2.unifap.br\/dex\/pdi-2020-2024-unifap\/\">Plano de Desenvolvimento Institucional 2020-2024<\/a><\/li>\n<li><a href=\"https:\/\/www2.unifap.br\/dex\/cne_res_cnecesn72018\/\">Resolu\u00e7\u00e3o n\u00b0 07\/2018 &#8211; CNE &#8211; Estabelece as Diretrizes para a Extens\u00e3o na Educa\u00e7\u00e3o Superior Brasileira e regimenta o disposto na Meta 12.7 da Lei n\u00ba 13.005\/2014<\/a><\/li>\n<\/ul>\n<h3><strong><span style=\"color: #008080\">Contrata\u00e7\u00e3o de Funda\u00e7\u00e3o de Apoio<\/span><\/strong><\/h3>\n<p>Em conformidade com o art. 1<u><sup>o<\/sup><\/u>&nbsp;, da&nbsp;<a href=\"http:\/\/www.planalto.gov.br\/ccivil_03\/leis\/L8958compilado.htm\">Lei 8.958\/1994<\/a>,&nbsp;as Institui\u00e7\u00f5es Federais de Ensino Superior (IFES) e as demais Institui\u00e7\u00f5es Cient\u00edficas e Tecnol\u00f3gicas (ICTs), de que trata a&nbsp;<a href=\"http:\/\/www.planalto.gov.br\/ccivil_03\/_Ato2004-2006\/2004\/Lei\/L10.973.htm\">Lei n\u00ba 10.973\/2004<\/a>, podem celebrar conv\u00eanios e contratos, nos termos do&nbsp;<a href=\"https:\/\/www.planalto.gov.br\/ccivil_03\/_ato2019-2022\/2021\/lei\/l14133.htm\">inciso XV do art. 75 da Lei 14.133, de 1\u00ba de Abril de 2021<\/a>, por prazo determinado, com funda\u00e7\u00f5es institu\u00eddas com a finalidade de&nbsp;<strong>apoiar projetos de ensino, pesquisa, extens\u00e3o, desenvolvimento institucional, cient\u00edfico e tecnol\u00f3gico e est\u00edmulo \u00e0 inova\u00e7\u00e3o<\/strong>, inclusive na gest\u00e3o administrativa e financeira necess\u00e1ria \u00e0 execu\u00e7\u00e3o desses projetos.<\/p>\n<p><em><strong><span style=\"color: #008080\">Legisla\u00e7\u00f5es aplic\u00e1veis:<\/span><\/strong><\/em><\/p>\n<ul>\n<li><a href=\"http:\/\/www.planalto.gov.br\/ccivil_03\/leis\/l8958compilado.htm\">Lei 8.958, de 20 de dezembro de 1994<\/a>&nbsp;\u2013 Disp\u00f5e sobre as rela\u00e7\u00f5es entre as institui\u00e7\u00f5es federais de ensino superior e de pesquisa cient\u00edfica e tecnol\u00f3gica e as funda\u00e7\u00f5es de apoio e d\u00e1 outras provid\u00eancias<\/li>\n<li><a href=\"http:\/\/www.planalto.gov.br\/ccivil_03\/_ato2007-2010\/2010\/decreto\/d7423.htm\">Decreto 7.423, de 31 de dezembro de 2010<\/a>&nbsp;\u2013 Regulamenta a Lei n<u><sup>o<\/sup><\/u>&nbsp;8.958, de 20 de dezembro de 1994, que disp\u00f5e sobre as rela\u00e7\u00f5es entre as institui\u00e7\u00f5es federais de ensino superior e de pesquisa cient\u00edfica e tecnol\u00f3gica e as funda\u00e7\u00f5es de apoio, e revoga o Decreto n<u><sup>o<\/sup><\/u>&nbsp;5.205, de 14 de setembro de 2004.<\/li>\n<\/ul>\n<p><em><strong><span style=\"color: #008080\">Conv\u00eanios com Funda\u00e7\u00e3o de Apoio:<\/span><\/strong><\/em><\/p>\n<ul>\n<li><a href=\"http:\/\/www.planalto.gov.br\/ccivil_03\/_ato2011-2014\/2014\/decreto\/d8240.htm\">Decreto 8240, de 21 de maio de 2014<\/a>&nbsp;\u2013 Regulamenta os conv\u00eanios e os crit\u00e9rios de habilita\u00e7\u00e3o de empresas referidos no art. 1\u00ba-B da Lei n\u00ba 8.958, de 20 de dezembro de 1994.<\/li>\n<li><a href=\"http:\/\/www.planalto.gov.br\/ccivil_03\/_ato2007-2010\/2007\/decreto\/D6170compilado.htm\" rel=\"noopener\">Decreto 6.170, de 26 de julho de 2007&nbsp;<\/a>&nbsp;\u2013 Disp\u00f5e sobre as normas relativas \u00e0s transfer\u00eancias de recursos da Uni\u00e3o mediante conv\u00eanios e contratos de repasse, e d\u00e1 outras provid\u00eancias;<\/li>\n<li><a href=\"https:\/\/www.in.gov.br\/materia\/-\/asset_publisher\/Kujrw0TZC2Mb\/content\/id\/20457541\/do1-2017-01-02-portaria-interministerial-n-424-de-30-de-dezembro-de-2016-20457287\" rel=\"noopener\">Portaria&nbsp;Interministerial&nbsp;424, de 30 de dezembro de 2016<\/a>&nbsp;\u2013 Estabelece normas para execu\u00e7\u00e3o do estabelecido no Decreto n. 6.170, de 25 de julho de 2007, que disp\u00f5e sobre as normas relativas \u00e0s transfer\u00eancias de recursos da Uni\u00e3o mediante conv\u00eanios e contratos de repasse, revoga a Portaria Interministerial n. 507\/MP\/MF\/CGU, de 24 de novembro de 2011 e d\u00e1 outras provid\u00eancias;<\/li>\n<\/ul>\n<p><em><strong><span style=\"color: #008080\">Transpar\u00eancia no Relacionamento com Funda\u00e7\u00e3o de Apoio:<\/span><\/strong><\/em><\/p>\n<ul>\n<li><a href=\"http:\/\/www.planalto.gov.br\/ccivil_03\/_ato2011-2014\/2011\/lei\/l12527.htm\">Lei 12.527, de 18 de novembro de 2011<\/a>&nbsp;\u2013 Regula o acesso a informa\u00e7\u00f5es previsto no inciso XXXIII do art. 5\u00ba , no inciso II do \u00a7 3\u00ba do art. 37 e no \u00a7 2\u00ba do art. 216 da Constitui\u00e7\u00e3o Federal; altera a Lei n\u00ba 8.112, de 11 de dezembro de 1990; revoga a Lei n\u00ba 11.111, de 5 de maio de 2005, e dispositivos da Lei n\u00ba 8.159, de 8 de janeiro de 1991; e d\u00e1 outras provid\u00eancias.<\/li>\n<li><a href=\"https:\/\/www2.ufjf.br\/convenio\/wp-content\/uploads\/sites\/70\/2022\/03\/arquivosAta.pdf\">Ac\u00f3rd\u00e3o n. 1178\/2018 \u2013 TCU \u2013 Plen\u00e1rio<\/a>&nbsp;\u2013 Relat\u00f3rio de Auditoria. Transpar\u00eancia na gest\u00e3o de recursos p\u00fablicos no relacionamento entre funda\u00e7\u00e3o de apoio e institui\u00e7\u00f5es federais de ensino superior e Institutos Federais, aplica\u00e7\u00e3o de question\u00e1rios eletr\u00f4nicos. Achados que revelam oportunidades de melhoria. Determina\u00e7\u00f5es.<\/li>\n<\/ul>\n<p><em><strong><span style=\"color: #008080\">Compras feitas por Funda\u00e7\u00e3o de Apoio:<\/span><\/strong><\/em><\/p>\n<ul>\n<li><a href=\"http:\/\/www.planalto.gov.br\/ccivil_03\/_ato2011-2014\/2014\/decreto\/d8241.htm\">Decreto 8.241, de 21 de maio de 2014<\/a>&nbsp;\u2013 Regulamenta o art. 3\u00ba&nbsp;da Lei n\u00ba&nbsp;8.958, de 20 de dezembro de 1994, para dispor sobre a aquisi\u00e7\u00e3o de bens e a contrata\u00e7\u00e3o de obras e servi\u00e7os pelas funda\u00e7\u00f5es de apoio.<\/li>\n<li><a href=\"http:\/\/www.planalto.gov.br\/ccivil_03\/leis\/l8666cons.htm\" rel=\"noopener\">Lei 8.666 de 21 de junho de 1993<\/a>&nbsp;\u2013 Regulamenta o art. 37, inciso XXI, da Constitui\u00e7\u00e3o, institui normas para licita\u00e7\u00f5es e contratos da Administra\u00e7\u00e3o P\u00fablica e d\u00e1 outras provid\u00eancias.<\/li>\n<li><a href=\"http:\/\/www.planalto.gov.br\/ccivil_03\/leis\/1989_1994\/L8010.htm\">Lei 8.010, de 29 de mar\u00e7o de 1990<\/a>&nbsp;\u2013 Disp\u00f5e sobre importa\u00e7\u00f5es de bens destinados \u00e0 pesquisa cient\u00edfica e tecnol\u00f3gica, e d\u00e1 outras provid\u00eancias<\/li>\n<li><a href=\"http:\/\/www.planalto.gov.br\/ccivil_03\/_ato2019-2022\/2021\/lei\/L14133.htm\">Lei 14.133, de 1\u00ba de abril de 2021<\/a>&nbsp;\u2013 Lei de Licita\u00e7\u00f5es e Contratos Administrativos.<\/li>\n<\/ul>\n<p><em><strong><span style=\"color: #008080\">Inova\u00e7\u00e3o:<\/span><\/strong><\/em><\/p>\n<ul>\n<li><a href=\"http:\/\/www.planalto.gov.br\/ccivil_03\/_ato2015-2018\/2016\/lei\/l13243.htm\">&nbsp;Lei 13.243, de 11 de janeiro de 2016<\/a>&nbsp;&nbsp;\u2013 Disp\u00f5e sobre est\u00edmulos ao desenvolvimento cient\u00edfico, \u00e0 pesquisa, \u00e0 capacita\u00e7\u00e3o cient\u00edfica e tecnol\u00f3gica e \u00e0 inova\u00e7\u00e3o e altera a Lei n\u00ba 10.973, de 2 de dezembro de 2004, a Lei n\u00ba 6.815, de 19 de agosto de 1980, a Lei n\u00ba 8.666, de 21 de junho de 1993, a Lei n\u00ba 12.462, de 4 de agosto de 2011, a Lei n\u00ba 8.745, de 9 de dezembro de 1993, a Lei n\u00ba 8.958, de 20 de dezembro de 1994, a Lei n\u00ba 8.010, de 29 de mar\u00e7o de 1990, a Lei n\u00ba 8.032, de 12 de abril de 1990, e a Lei n\u00ba 12.772, de 28 de dezembro de 2012, nos termos da Emenda Constitucional n\u00ba 85, de 26 de fevereiro de 2015.<\/li>\n<li><a href=\"http:\/\/www.planalto.gov.br\/ccivil_03\/_ato2015-2018\/2018\/decreto\/d9283.htm\">Decreto 9.283, de 7 de fevereiro de 2018<\/a>&nbsp;\u2013Regulamenta a Lei n\u00ba 10.973, de 2 de dezembro de 2004, a Lei n\u00ba 13.243, de 11 de janeiro de 2016, o art. 24, \u00a7 3\u00ba, e o art. 32, \u00a7 7\u00ba, da Lei n\u00ba 8.666, de 21 de junho de 1993, o art. 1\u00ba da Lei n\u00ba 8.010, de 29 de mar\u00e7o de 1990, e o art. 2\u00ba, caput, inciso I, al\u00ednea \u201cg\u201d, da Lei n\u00ba 8.032, de 12 de abril de 1990, e altera o Decreto n\u00ba 6.759, de 5 de fevereiro de 2009, para estabelecer medidas de incentivo \u00e0 inova\u00e7\u00e3o e \u00e0 pesquisa cient\u00edfica e tecnol\u00f3gica no ambiente produtivo, com vistas \u00e0 capacita\u00e7\u00e3o tecnol\u00f3gica, ao alcance da autonomia tecnol\u00f3gica e ao desenvolvimento do sistema produtivo nacional e regional<\/li>\n<\/ul>\n","protected":false},"excerpt":{"rendered":"<p>Manuais do SIGAA-Extens\u00e3o Manual Para Inser\u00e7\u00e3o De Participantes De Eventos E Cursos No SIGAA-EXTENS\u00c3O Manual Para Validar Relat\u00f3rios De A\u00e7\u00e3o De Extens\u00e3o Instru\u00e7\u00f5es para inser\u00e7\u00e3o de membro na equipe organizadora Formul\u00e1rios do DEx Formul\u00e1rio de Justificativa para Prorroga\u00e7\u00e3o do Prazo de Execu\u00e7\u00e3o do Projeto Formul\u00e1rio de inclus\u00e3o de colaborador(a) interno Formul\u00e1rio de inclus\u00e3o de colaborador(a)&#8230;<\/p>\n","protected":false},"author":925,"featured_media":0,"parent":38,"menu_order":0,"comment_status":"closed","ping_status":"open","template":"","meta":{"inline_featured_image":false,"ngg_post_thumbnail":0,"footnotes":""},"class_list":["post-10926","page","type-page","status-publish","hentry","entry"],"_links":{"self":[{"href":"http:\/\/www2.unifap.br\/dex\/wp-json\/wp\/v2\/pages\/10926","targetHints":{"allow":["GET"]}}],"collection":[{"href":"http:\/\/www2.unifap.br\/dex\/wp-json\/wp\/v2\/pages"}],"about":[{"href":"http:\/\/www2.unifap.br\/dex\/wp-json\/wp\/v2\/types\/page"}],"author":[{"embeddable":true,"href":"http:\/\/www2.unifap.br\/dex\/wp-json\/wp\/v2\/users\/925"}],"replies":[{"embeddable":true,"href":"http:\/\/www2.unifap.br\/dex\/wp-json\/wp\/v2\/comments?post=10926"}],"version-history":[{"count":149,"href":"http:\/\/www2.unifap.br\/dex\/wp-json\/wp\/v2\/pages\/10926\/revisions"}],"predecessor-version":[{"id":17018,"href":"http:\/\/www2.unifap.br\/dex\/wp-json\/wp\/v2\/pages\/10926\/revisions\/17018"}],"up":[{"embeddable":true,"href":"http:\/\/www2.unifap.br\/dex\/wp-json\/wp\/v2\/pages\/38"}],"wp:attachment":[{"href":"http:\/\/www2.unifap.br\/dex\/wp-json\/wp\/v2\/media?parent=10926"}],"curies":[{"name":"wp","href":"https:\/\/api.w.org\/{rel}","templated":true}]}}