{"id":13002,"date":"2018-03-26T18:26:18","date_gmt":"2018-03-26T18:26:18","guid":{"rendered":"http:\/\/www2.unifap.br\/dex\/?page_id=13002"},"modified":"2018-03-27T13:12:07","modified_gmt":"2018-03-27T13:12:07","slug":"editais-internos-2018","status":"publish","type":"page","link":"http:\/\/www2.unifap.br\/dex\/editais-internos-2018\/","title":{"rendered":"Editais Internos 2018"},"content":{"rendered":"<p>Edital n\u00b0 001\/2018 &#8211; Projeto Curso de Ingl\u00eas Instrumental &#8211; Estrat\u00e9gias de Leitura para Exame de Proefici\u00eancia em L\u00edngua Inglesa &#8211; Mestrado e Doutorado (Para mais informa\u00e7\u00f5es <a href=\"http:\/\/www.unifap.br\/public\/index\/view\/categoria\/6\/tag_postagem\/4\/page\/1\/id\/9632\">clique aqui<\/a>)<\/p>\n<p>Edital n\u00b0 009\/2018 &#8211; Processo Seletivo de Monitores &#8211; PIAP (Para mais informa\u00e7\u00f5es\u00a0\u00a0<a href=\"http:\/\/www.unifap.br\/public\/index\/view\/categoria\/6\/tag_postagem\/4\/page\/1\/id\/9658\">clique aqui<\/a>)<\/p>\n<p>Edital n\u00b0 010\/2018 &#8211; Sele\u00e7\u00e3o de Alunos para o UNIENEM &#8211; PIAP (para\u00a0mais informa\u00e7\u00f5es\u00a0\u00a0<a href=\"http:\/\/www.unifap.br\/public\/index\/view\/categoria\/6\/tag_postagem\/4\/page\/1\/id\/9659\">clique aqui<\/a>)<\/p>\n<p>Edital n\u00b0 011\/2018 &#8211; PIBEX &#8211; Processo Seletivo de Bolsista de Extens\u00e3o para o Projeto de Extens\u00e3o Autoafirma\u00e7\u00e3o\u00a0\u00a0da Identidade Negra dos Estudantes do Ensino M\u00e9dio de Macap\u00e1 (Para mais informa\u00e7\u00f5es\u00a0<a href=\"http:\/\/www.unifap.br\/public\/index\/view\/categoria\/6\/tag_postagem\/4\/page\/1\/id\/9740\">clique aqui<\/a>)<\/p>\n<p>Edital n\u00b0 012\/2018 &#8211; PIBEX &#8211; Processo Seletivo de Bolsista de Extens\u00e3o para o Projeto de Extens\u00e3o Oficinas de Educa\u00e7\u00e3o Ambiental para Construir a Percep\u00e7\u00e3o Ambiental de Alunos da \u00c1rea de Abrang\u00eancia das Usinas Hidrel\u00e9trica do Munic\u00edpio de Ferreira Gomes (Para mais informa\u00e7\u00f5es\u00a0<a href=\"http:\/\/www.unifap.br\/public\/index\/view\/categoria\/6\/tag_postagem\/4\/page\/1\/id\/9737\">clique aqui<\/a>)<\/p>\n<p>Edital n\u00b0 013\/2018 &#8211; PIBEX &#8211; Processo Seletivo de Bolsista de Extens\u00e3o para o Projeto de Extens\u00e3o \u201cpara N\u00e3o Dizer que N\u00e3o Falei das Flores&#8230; e dos Polinizadores tamb\u00e9m\u201d (Para mais informa\u00e7\u00f5es\u00a0<a href=\"http:\/\/www.unifap.br\/public\/index\/view\/categoria\/6\/tag_postagem\/4\/page\/1\/id\/9739\">clique aqui<\/a>)<\/p>\n<p>Edital n\u00b0 014\/2018 &#8211;\u00a0Pr\u00f3-Estudante Inclus\u00e3o Digital: Sele\u00e7\u00e3o para Participar do Projeto (Para mais informa\u00e7\u00f5es\u00a0<a href=\"http:\/\/www.unifap.br\/public\/index\/view\/categoria\/6\/tag_postagem\/4\/page\/1\/id\/9684\">clique aqui<\/a>)<\/p>\n<p>Edital n\u00b0 015\/2018 -Processo Seletivo de Alunos para o Curso de Espanhol Instrumental (Para mais informa\u00e7\u00f5es\u00a0<a href=\"http:\/\/www.unifap.br\/public\/index\/view\/categoria\/6\/tag_postagem\/4\/page\/1\/id\/9755\">clique aqui<\/a>) Edital n\u00b0 016\/2018 &#8211; PIBEX &#8211; Direito, Identidades e Reconhecimento (Para mais informa\u00e7\u00f5es\u00a0<a href=\"http:\/\/www.unifap.br\/public\/index\/view\/categoria\/6\/tag_postagem\/4\/page\/1\/id\/9817\">clique aqui<\/a>)<\/p>\n<p>Edital n\u00b0 017\/2018 &#8211; Processo Seletivo para Bolsista de Extens\u00e3o do Projeto Libras para a Comunidade (Para mais informa\u00e7\u00f5es\u00a0<a href=\"http:\/\/www.unifap.br\/public\/index\/view\/categoria\/6\/tag_postagem\/4\/page\/1\/id\/9828\">clique aqui<\/a>)<\/p>\n<p>Edital n\u00b0 018\/2018 &#8211;\u00a0Processo Seletivo de Projetos de Extens\u00e3o para Vincula\u00e7\u00e3o ao Programa de Cultura da Unifap &#8211; PROCULT\u00a0(Para mais informa\u00e7\u00f5es\u00a0<a href=\"http:\/\/www.unifap.br\/public\/index\/view\/categoria\/6\/tag_postagem\/4\/page\/1\/id\/9871\">clique aqui<\/a>)<\/p>\n<p>Edital N\u00b0 19\/2018 &#8211; Processo Seletivo de Alunos para o Curso de Extens\u00e3o em Hist\u00f3ria e Religi\u00e3o: Cosmovis\u00e3o sobre Religi\u00f5es Africanas na Amaz\u00f4nia (Para mais informa\u00e7\u00f5es\u00a0<a href=\"http:\/\/www.unifap.br\/public\/index\/view\/categoria\/6\/tag_postagem\/4\/page\/1\/id\/9933\">clique aqui<\/a>)<\/p>\n<p>Edital n\u00b0 020\/2018 &#8211;<\/p>\n<p>Edital n\u00b0 021\/2018 &#8211; Sele\u00e7\u00e3o de Propostas de Textos de Extens\u00e3o para Publica\u00e7\u00e3o em Formato de Livro Digital (Para mais informa\u00e7\u00f5es\u00a0<a href=\"http:\/\/www.unifap.br\/public\/index\/view\/categoria\/6\/tag_postagem\/4\/page\/1\/id\/9907\">clique aqui<\/a>)<\/p>\n<p>Edital n\u00b0 022\/2018 &#8211; Processo Seletivo de Bolsista para o Projeto Pr\u00e1ticas de Novos (Multi)letramentos no Contexto Escolar: Letramentos Multissi\u00f3ticos nas Aulas de L\u00edngua Portuguesa com Materiais Did\u00e1ticos Digitais Interativos (Para mais informa\u00e7\u00f5es\u00a0<a href=\"http:\/\/www.unifap.br\/public\/index\/view\/categoria\/6\/tag_postagem\/4\/page\/1\/id\/9923\">clique aqui<\/a>)<\/p>\n<p>Edital n\u00b0 023\/2018 &#8211; Processo seletivo para o curso de Libras N\u00edveis I, II e III (Para mais informa\u00e7\u00f5es\u00a0<a href=\"http:\/\/www.unifap.br\/public\/index\/view\/categoria\/6\/tag_postagem\/4\/page\/1\/id\/9928\">clique aqui<\/a>)<\/p>\n<p>Edital n\u00b0 024\/2018 &#8211; Processo Seletivo de Bolsista de Extens\u00e3o para o Projeto de Extens\u00e3o: \u201cUNICRIAN\u00c7A: ogos, brinquedos, brincadeiras e a aprendizagem de conceitos\u201d (Para mais informa\u00e7\u00f5es <a href=\"http:\/\/www.unifap.br\/public\/index\/view\/categoria\/6\/tag_postagem\/4\/page\/1\/id\/9954\">clique aqui<\/a>)<\/p>\n<p>Edital n\u00b0 025\/2018 &#8211;<\/p>\n<p>Edital n\u00b0 026\/2018 &#8211; Processo Seletivo de Bolsista de Extens\u00e3o para o Projeto Fronteira Guiano-Amapaense: As Intera\u00e7\u00f5es Institucionais Locais para a Coopera\u00e7\u00e3o em Sa\u00fade (Para mais informa\u00e7\u00f5es <a href=\"http:\/\/www.unifap.br\/public\/index\/view\/categoria\/6\/tag_postagem\/4\/page\/1\/id\/9973\">clique aqui<\/a>)<\/p>\n<p>Edital n\u00b0 027\/2018 &#8211; Processo Seletivo de Bolsista de Extens\u00e3o para o Projeto Juventude em Foco: &#8220;N\u00f3s, Por N\u00f3s Mesmos!&#8221; (Para mais informa\u00e7\u00f5es <a href=\"http:\/\/www.unifap.br\/public\/index\/view\/categoria\/6\/tag_postagem\/4\/page\/1\/id\/9991\">clique aqui<\/a>)<\/p>\n<p>&nbsp;<\/p>\n","protected":false},"excerpt":{"rendered":"<p>Edital n\u00b0 001\/2018 &#8211; Projeto Curso de Ingl\u00eas Instrumental &#8211; Estrat\u00e9gias de Leitura para Exame de Proefici\u00eancia em L\u00edngua Inglesa &#8211; Mestrado e Doutorado (Para mais informa\u00e7\u00f5es clique aqui) Edital n\u00b0 009\/2018 &#8211; Processo Seletivo de Monitores &#8211; PIAP (Para mais informa\u00e7\u00f5es\u00a0\u00a0clique aqui) Edital n\u00b0 010\/2018 &#8211; Sele\u00e7\u00e3o de Alunos para o UNIENEM &#8211; PIAP&#8230;<\/p>\n","protected":false},"author":1913,"featured_media":0,"parent":0,"menu_order":0,"comment_status":"closed","ping_status":"open","template":"","meta":{"inline_featured_image":false,"ngg_post_thumbnail":0,"footnotes":""},"class_list":["post-13002","page","type-page","status-publish","hentry","entry"],"_links":{"self":[{"href":"http:\/\/www2.unifap.br\/dex\/wp-json\/wp\/v2\/pages\/13002","targetHints":{"allow":["GET"]}}],"collection":[{"href":"http:\/\/www2.unifap.br\/dex\/wp-json\/wp\/v2\/pages"}],"about":[{"href":"http:\/\/www2.unifap.br\/dex\/wp-json\/wp\/v2\/types\/page"}],"author":[{"embeddable":true,"href":"http:\/\/www2.unifap.br\/dex\/wp-json\/wp\/v2\/users\/1913"}],"replies":[{"embeddable":true,"href":"http:\/\/www2.unifap.br\/dex\/wp-json\/wp\/v2\/comments?post=13002"}],"version-history":[{"count":13,"href":"http:\/\/www2.unifap.br\/dex\/wp-json\/wp\/v2\/pages\/13002\/revisions"}],"predecessor-version":[{"id":13029,"href":"http:\/\/www2.unifap.br\/dex\/wp-json\/wp\/v2\/pages\/13002\/revisions\/13029"}],"wp:attachment":[{"href":"http:\/\/www2.unifap.br\/dex\/wp-json\/wp\/v2\/media?parent=13002"}],"curies":[{"name":"wp","href":"https:\/\/api.w.org\/{rel}","templated":true}]}}