{"id":13005,"date":"2018-03-26T18:29:49","date_gmt":"2018-03-26T18:29:49","guid":{"rendered":"http:\/\/www2.unifap.br\/dex\/?page_id=13005"},"modified":"2018-03-26T18:34:27","modified_gmt":"2018-03-26T18:34:27","slug":"editais-internos-2016","status":"publish","type":"page","link":"http:\/\/www2.unifap.br\/dex\/editais-internos-2016\/","title":{"rendered":"Editais Internos 2016"},"content":{"rendered":"<table width=\"740\" border=\"0\" cellspacing=\"0\" cellpadding=\"0\">\n<col width=\"667\" \/>\n<col width=\"90\" \/>\n<tbody>\n<p><a href=\"http:\/\/www2.unifap.br\/dex\/formularios\/pibex2\/\">PIBEX 2016\/2017<\/a><\/p>\n<p><a href=\"http:\/\/www2.unifap.br\/dex\/?p=11483\">PIBEX 2015\/2016<\/a><\/p>\n<p><a href=\"http:\/\/www2.unifap.br\/dex\/files\/2016\/02\/EDITAL-n%C2%BA-001-2016-DEX-PROEAC-UNIFAP-de-07-de-janeiro-de-2016.pdf\">EDITAL N\u00ba 001\/2016\/DEX\/PROEAC\/UNIFAP<\/a>\u00a0&#8211; Esporte e Lazer &#8211; Col\u00f4nia de F\u00e9rias (outras informa\u00e7\u00f5es\u00a0<a title=\"clique aqui\" href=\"http:\/\/www.unifap.br\/public\/index\/view\/categoria\/6\/tag_postagem\/4\/page\/4\/id\/6972\">clique aqui<\/a>)<\/p>\n<p><a href=\"http:\/\/www2.unifap.br\/dex\/files\/2016\/02\/EDITAL-N\u00ba.-0022-016-DEX-PROEAC-UNIFAP-DE-12-DE-JANEIRO-DE-2016.pdf\">EDITAL N\u00ba 002\/2016\/DEX\/PROEAC\/UNIFAP<\/a>\u00a0&#8211; UMAP &#8211;\u00a0Sele\u00e7\u00e3o de monitores (outras informa\u00e7\u00f5es\u00a0<a title=\"clique aqui\" href=\"http:\/\/www.unifap.br\/public\/index\/view\/categoria\/6\/tag_postagem\/4\/page\/4\/id\/6982\">clique aqui<\/a>)<a href=\"http:\/\/www2.unifap.br\/dex\/files\/2016\/02\/EDITAL-N\u00ba.-0022-016-DEX-PROEAC-UNIFAP-DE-12-DE-JANEIRO-DE-2016.pdf\"><br \/>\n<\/a><\/p>\n<p><a href=\"http:\/\/www2.unifap.br\/dex\/files\/2016\/02\/EDITAL-unifap-digital-2016.1-sele\u00e7\u00e3o-de-alunos.pdf\">EDITAL N\u00ba 003\/2016\/DEX\/PROEAC\/UNIFAP<\/a>\u00a0&#8211; UNIFAP DIGITAL &#8211; Sele\u00e7\u00e3o de alunos (outras informa\u00e7\u00f5es\u00a0<a title=\"clique aqui\" href=\"http:\/\/www.unifap.br\/public\/index\/view\/categoria\/6\/tag_postagem\/4\/page\/3\/id\/7077\">clique aqui<\/a>)<\/p>\n<p><a href=\"http:\/\/www2.unifap.br\/dex\/files\/2016\/02\/004-Edital-CURSO-INTERCOMPREENS\u00c3O-ENTRE-L\u00cdNGUAS-PARENTES.pdf\">EDITAL N\u00b0 004\/2016\/DEX\/PROEAC\/UNIFAP<\/a>\u00a0&#8211; Compreens\u00e3o de l\u00ednguas &#8211; Sele\u00e7\u00e3o de alunos (outras informa\u00e7\u00f5es\u00a0<a title=\"clique aqui\" href=\"http:\/\/www.unifap.br\/public\/index\/view\/categoria\/6\/tag_postagem\/4\/page\/3\/id\/7085\">clique aqui)<\/a><\/p>\n<p><a href=\"http:\/\/www2.unifap.br\/dex\/files\/2016\/02\/EDITAL-N\u00ba-005-DEX-PROEAC-UNIFAP-DE-15-DE-FEVEREIRO-DE-2016.pdf\">EDITAL N\u00ba 005\/2016\/DEX\/PROEAC\/UNIFAP<\/a>\u00a0&#8211; EDPMF &#8211; Sele\u00e7\u00e3o de alunos (outras informa\u00e7\u00f5es\u00a0<a title=\"clique aqui\" href=\"http:\/\/www.unifap.br\/public\/index\/view\/categoria\/6\/tag_postagem\/4\/page\/3\/id\/7107\">clique aqui<\/a>)<\/p>\n<p><a href=\"http:\/\/www2.unifap.br\/dex\/files\/2016\/02\/EDITAL-N\u00ba-006DEXPROEACUNIFAP-DE-24-DE-FEVEREIRO-DE-2016.pdf\" target=\"_blank\">EDITAL N\u00ba 006\/2016\/DEX\/PROEAC\/UNIFAP<\/a>\u00a0&#8211; UniEnem &#8211; Sele\u00e7\u00e3o de monitores (outras informa\u00e7\u00f5es\u00a0<a title=\"clique aqui\" href=\"http:\/\/www.unifap.br\/public\/index\/view\/categoria\/6\/tag_postagem\/4\/page\/3\/id\/7145\">clique aqui<\/a>)<\/p>\n<p><a href=\"http:\/\/www2.unifap.br\/dex\/files\/2016\/02\/EDITAL-N\u00b0-007_Sele\u00e7\u00e3o-de-alunos-para-composi\u00e7\u00e3o-de-turmas-e-cadastro-reversa-UniENEM.pdf\">EDITAL N\u00b0 007\/2016\/DEX\/PROEAC\/UNIFAP<\/a>&#8211; UniEnem &#8211; Sele\u00e7\u00e3o de alunos (outras informa\u00e7\u00f5es\u00a0<a title=\"clique aqui\" href=\"http:\/\/www.unifap.br\/public\/index\/view\/categoria\/6\/tag_postagem\/4\/page\/3\/id\/7212\">clique aqui<\/a>)<\/p>\n<p><a href=\"http:\/\/www2.unifap.br\/dex\/files\/2016\/02\/Edital-n\u00b0-008-2016-sele\u00e7\u00e3o-de-Monitores-PR\u00d3-ESTUDANTE-INCLUS\u00c3O-DIGITAL.pdf\" target=\"_blank\">EDITAL N\u00ba 008\/2016\/DEX\/PROEAC\/UNIFAP<\/a>\u00a0&#8211; \u00a0Pr\u00f3-Estudante Inclus\u00e3o Digital &#8211;\u00a0Sele\u00e7\u00e3o de monitores (outras informa\u00e7\u00f5es\u00a0<a title=\"clique aqui\" href=\"http:\/\/www.unifap.br\/public\/index\/view\/categoria\/6\/tag_postagem\/4\/page\/2\/id\/7285\">clique aqui<\/a>)<\/p>\n<p><a href=\"http:\/\/www2.unifap.br\/dex\/files\/2016\/02\/EDITAL-009-2016.pdf\" target=\"_blank\">EDITAL N\u00ba 009\/2016\/DEX\/PROEAC\/UNIFAP<\/a>\u00a0&#8211;\u00a0VI Jornada Cientifico-Cultural de Franc\u00eas &#8211;\u00a0Chamada de trabalhos (outras informa\u00e7\u00f5es\u00a0<a title=\"clique aqui\" href=\"http:\/\/www.unifap.br\/public\/index\/view\/categoria\/6\/tag_postagem\/4\/page\/2\/id\/7299\">clique aqui<\/a>)<\/p>\n<p><a href=\"http:\/\/www2.unifap.br\/dex\/files\/2016\/02\/EDITAL-010-Preenchimento-de-Vagas-para-a-equipe-de-apoio-das-comiss\u00f5es-VI-Jornada-Cient\u00edfico-Cultural-de-Franc\u00eas.pdf\" target=\"_blank\">EDITAL N\u00ba 010\/2016\/DEX\/PROEAC\/UNIFAP<\/a>\u00a0&#8211;\u00a0VI Jornada Cient\u00edfico-Cultural de Franc\u00eas &#8211;\u00a0Vagas para a equipe de apoio (outras informa\u00e7\u00f5es\u00a0<a title=\"clique aqui\" href=\"http:\/\/www.unifap.br\/public\/index\/view\/categoria\/6\/tag_postagem\/4\/page\/2\/id\/7321\">clique aqui<\/a>)<\/p>\n<p><a href=\"http:\/\/www2.unifap.br\/dex\/files\/2016\/02\/Edital-n\u00b0-011-2016-sele\u00e7\u00e3o-de-Monitores-projeto-de-extens\u00e3o-LIBRAS-PARA-A-COMUNIDADE.pdf\">EDITAL N\u00b0 011\/2016\/DEX\/PROEAC\/UNIFAP\u00a0<\/a>&#8211; Projeto de Extens\u00e3o LIBRAS PARA A COMUNIDADE &#8211; Sele\u00e7\u00e3o de Monitores (outras informa\u00e7\u00f5es\u00a0<a title=\"clique aqui\" href=\"http:\/\/www.unifap.br\/public\/index\/view\/categoria\/6\/tag_postagem\/4\/page\/2\/id\/7381\">clique aqui<\/a>)<\/p>\n<p><a href=\"http:\/\/www2.unifap.br\/dex\/files\/2016\/05\/Edital-n\u00b0-012-Sele\u00e7\u00e3o-de-Bolsistas-TERMOGRAFIA-APROXIMANDO-O-PACIENTE-DIAB\u00c9TICO-\u00c0-TECNOLOGIA.pdf\">EDITAL N\u00b0 012\/2016\/DEX\/PROEAC\/UNIFAP\u00a0<\/a>&#8211;\u00a0Sele\u00e7\u00e3o de Bolsistas\/Volunt\u00e1rios &#8211; Projeto de Extens\u00e3o TERMOGRAFIA APROXIMANDO O PACIENTE DIAB\u00c9TICO \u00c0 TECNOLOGIA (outras informa\u00e7\u00f5es\u00a0<a title=\"clique aqui\" href=\"http:\/\/www.unifap.br\/public\/index\/view\/categoria\/6\/tag_postagem\/4\/page\/2\/id\/7411\">clique aqui<\/a>)<\/p>\n<p><a href=\"http:\/\/www2.unifap.br\/dex\/files\/2016\/05\/Edital-n\u00b0-013-Sele\u00e7\u00e3o-de-monitores-\u2013-Projeto-\u201cPrograma-em-Letramento-Acad\u00eamico\u201d.pdf\">EDITAL N\u00ba 013\/2016\/DEX\/PROEAC\/UNIFAP<\/a>\u00a0&#8211;\u00a0Sele\u00e7\u00e3o de monitores \u2013 Projeto de Extens\u00e3o \u201cPrograma em Letramento Acad\u00eamico\u201d (outras informa\u00e7\u00f5es\u00a0<a title=\"clique aqui\" href=\"http:\/\/www.unifap.br\/public\/index\/view\/categoria\/6\/tag_postagem\/4\/page\/1\/id\/7419\">clique aqui<\/a>)<\/p>\n<p><a href=\"http:\/\/www2.unifap.br\/dex\/files\/2016\/06\/Edital-014-Aux\u00edlio-Financeiro-a-Estudante-de-Gradua\u00e7\u00e3o-para-Participa\u00e7\u00e3o-em-Eventos.pdf\">EDITAL N\u00b0 014\/2016\/DEX\/PROEAC\/UNIFAP<\/a>\u00a0&#8211; Concess\u00e3o de aux\u00edlio financeiro \u00e0 estudantes de gradua\u00e7\u00e3o para participa\u00e7\u00e3o em eventos cient\u00edficos (outras informa\u00e7\u00f5es\u00a0<a title=\"clique aqui\" href=\"http:\/\/www.unifap.br\/public\/index\/view\/categoria\/6\/tag_postagem\/4\/page\/2\/id\/7430\">clique aqui<\/a>)<\/p>\n<p><a href=\"http:\/\/www2.unifap.br\/dex\/files\/2016\/06\/Edital-n\u00b0-015-Sele\u00e7\u00e3o-de-alunos-e-cadastro-reserva-Projeto-UniENEM.pdf\">EDITAL N\u00b0 015\/2016\/DEX\/PROEAC\/UNIFAP<\/a>\u00a0&#8211; Sele\u00e7\u00e3o de alunos para composi\u00e7\u00e3o de turmas e forma\u00e7\u00e3o de cadastro reserva do Projeto de Extens\u00e3o UniENEM (outras informa\u00e7\u00f5es\u00a0<a title=\"clique aqui\" href=\"http:\/\/www.unifap.br\/public\/index\/view\/categoria\/6\/tag_postagem\/4\/page\/1\/id\/7431\">clique aqui<\/a>)<\/p>\n<p><a href=\"http:\/\/www2.unifap.br\/dex\/files\/2016\/06\/Edital-n\u00b0-016-sele\u00e7\u00e3o-de-alunos-Curso-Intercompreens\u00e3o-entre-L\u00ednguas-Parentes-Franc\u00eas-e-Espanhol.pdf\">EDITAL N\u00b0 016\/2016\/DEX\/PROEAC\/UNIFAP<\/a>\u00a0&#8211; \u201cINTERCOMPREENS\u00c3O ENTRE L\u00cdNGUAS PARENTES&#8221; &#8211; SELE\u00c7\u00c3O DE ALUNOS (outras informa\u00e7\u00f5es\u00a0<a title=\"clique aqui\" href=\"http:\/\/www.unifap.br\/public\/index\/view\/categoria\/6\/tag_postagem\/4\/page\/1\/id\/7465\">clique aqui<\/a>)<\/p>\n<p><a href=\"http:\/\/www2.unifap.br\/dex\/files\/2016\/06\/Edital-n\u00b0-017-sele\u00e7\u00e3o-para-o-Curso-de-Libras-para-a-Comunidade.pdf\">EDITAL N\u00b0 017\/2016\/DEX\/PROEAC\/UNIFAP<\/a>\u00a0&#8211; Curso de Extens\u00e3o: LIBRAS PARA COMUNIDADE, n\u00edvel I, II e III &#8211; para OUVINTES\u00a0(outras informa\u00e7\u00f5es\u00a0<a title=\"clique aqui\" href=\"http:\/\/www.unifap.br\/public\/index\/view\/categoria\/6\/tag_postagem\/4\/page\/1\/id\/7464\">clique aqui<\/a>)<\/p>\n<p><a title=\"EDITAL N\u00b0 018\/2016\/DEX\/PROEAC\/UNIFAP\" href=\"http:\/\/www.unifap.br\/public\/index\/view\/categoria\/6\/tag_postagem\/4\/page\/1\/id\/7489\">EDITAL N\u00b0 018\/2016\/DEX\/PROEAC\/UNIFAP<\/a>\u00a0&#8211; CHAMADA PARA SUBMISS\u00c3O DE TRABALHOS (outras informa\u00e7\u00f5es\u00a0<a title=\"clique aqui\" href=\"http:\/\/www.unifap.br\/public\/index\/view\/categoria\/6\/tag_postagem\/4\/page\/1\/id\/7489\">clique aqui<\/a>)<\/p>\n<p><a title=\"EDITAL n\u00b0 019\/DEX\/PROEAC\/UNIFAP\" href=\"http:\/\/www.unifap.br\/public\/index\/view\/categoria\/6\/tag_postagem\/4\/page\/1\/id\/7514\">EDITAL N\u00b0 019\/DEX\/PROEAC\/UNIFAP<\/a>\u00a0\u2013 Sele\u00e7\u00e3o de Alunos para o Projeto Arqueria na UNIFAP (outras informa\u00e7\u00f5es\u00a0<a title=\"clique aqui\" href=\"http:\/\/www.unifap.br\/public\/index\/view\/categoria\/6\/tag_postagem\/4\/page\/1\/id\/7514\">clique aqui<\/a>)<\/p>\n<p><a href=\"http:\/\/www2.unifap.br\/dex\/files\/2016\/06\/Edital-n\u00b0-020-2016-sele\u00e7\u00e3o-de-alunos-para-monitoria-volunt\u00e1ria-projeto-de-extens\u00e3o-CSTM1.pdf\">EDITAL N\u00b0 020\/2016\/DEX\/PROEAC\/UNIFAP<\/a>\u00a0\u2013 Sele\u00e7\u00e3o de alunos para monitoria volunt\u00e1ria do Projeto Ciclo de Semin\u00e1rios em T\u00f3picos de Matem\u00e1tica (CSTM) (outras informa\u00e7\u00f5es\u00a0<a title=\"clique aqui\" href=\"http:\/\/www.unifap.br\/public\/index\/view\/categoria\/6\/tag_postagem\/4\/page\/1\/id\/7564\">clique aqui<\/a>)<\/p>\n<p><a href=\"http:\/\/www2.unifap.br\/dex\/files\/2016\/06\/Edital-n\u00b0-021-2016-sele\u00e7\u00e3o-de-alunos-2016.2-Inclus\u00e3o-Digital1.pdf\">EDITAL N\u00b0 021\/2016\/DEX\/PROEAC\/UNIFAP<\/a>\u00a0\u2013\u00a0Sele\u00e7\u00e3o de Alunos \u2013 Pr\u00f3-Estudante Inclus\u00e3o Digital\u00a0(outras informa\u00e7\u00f5es\u00a0<a title=\"clique aqui\" href=\"http:\/\/www.unifap.br\/public\/index\/view\/categoria\/6\/tag_postagem\/4\/page\/1\/id\/7570\">clique aqui<\/a>)<\/p>\n<p><a href=\"http:\/\/www2.unifap.br\/dex\/files\/2016\/06\/Edital-n\u00b0-022-2016-II-Colonia-ferias-UNIFAP.pdf\">EDITAL N\u00b0 022\/2016\/DEX\/PROEAC\/UNIFAP<\/a>\u00a0\u2013\u00a02\u00b0 colonia de f\u00e9rias &#8211; Pr\u00f3-Estudante Esporte e Lazer \u00a0(outras informa\u00e7\u00f5es\u00a0<a title=\"clique aqui\" href=\"http:\/\/www.unifap.br\/public\/index\/view\/categoria\/6\/tag_postagem\/4\/page\/1\/id\/7611\">clique aqui<\/a>)<\/p>\n<p><a href=\"http:\/\/www2.unifap.br\/dex\/files\/2016\/06\/Edital-N\u00b0-023-2016-Sele\u00e7\u00e3o-de-participantes-EDPMF.pdf\">EDITAL N\u00b0 023\/2016\/DEX\/PROEAC\/UNIFAP<\/a>\u00a0\u2013\u00a0Sele\u00e7\u00e3o de participantes para o Projeto de Extens\u00e3o Equa\u00e7\u00f5es Diferenciais Parciais e Mec\u00e2nica dos Fluidos (EDPMF)\u00a0(outras informa\u00e7\u00f5es\u00a0<a title=\"clique aqui\" href=\"http:\/\/www.unifap.br\/public\/index\/view\/categoria\/6\/tag_postagem\/4\/page\/1\/id\/7618\">clique aqui<\/a>)<\/p>\n<p><a href=\"http:\/\/www2.unifap.br\/dex\/files\/2016\/06\/Edital-FOCONP.pdf\">EDITAL N\u00b0 024\/2016\/DEX\/PROEAC\/UNIFAP<\/a>\u00a0&#8211;\u00a0Sele\u00e7\u00e3o de alunos para participar do curso de extens\u00e3o universit\u00e1ria forma\u00e7\u00e3o continuada de professores (FOCONP) &#8211; linguagem e tecnologias educacionais digitais (outras informa\u00e7\u00f5es\u00a0<a href=\"http:\/\/www.unifap.br\/public\/index\/view\/categoria\/6\/tag_postagem\/4\/page\/1\/id\/7619\">clique aqui<\/a>)<\/p>\n<p><a href=\"http:\/\/www2.unifap.br\/dex\/files\/2016\/06\/Edital-n\u00b0-025-2016-Processo-Seletivo-Simplificado-de-Monitores-para-o-PIAP.pdf\">EDITAL N\u00b0 025\/2016\/DEX\/PROEAC\/UNIFAP<\/a>&#8211;\u00a0Processo Seletivo Simplificado de Monitores &#8211; Programa de Inclus\u00e3o, Acesso e Perman\u00eancia (PIAP) (outras informa\u00e7\u00f5es\u00a0<a href=\"http:\/\/www.unifap.br\/public\/index\/view\/id\/7623\">clique aqui<\/a>)<\/p>\n<p><a href=\"http:\/\/www2.unifap.br\/dex\/files\/2016\/06\/Edital-n\u00b0-026-2016-DEX.pdf\">EDITAL N\u00b0 026\/2016\/DEX\/PROEAC\/UNIFAP<\/a>&#8211; Processo Seletivo para Bolsas de Extens\u00e3o (monitoria) &#8211;\u00a0Projeto de Extens\u00e3o Pr\u00f3\u2013Estudante Esporte e Lazer (PROESPOL 2016)\u00a0(outras informa\u00e7\u00f5es\u00a0<a title=\"clique aqui\" href=\"http:\/\/www.unifap.br\/public\/index\/view\/id\/7641\">clique aqui<\/a>)<\/p>\n<p><a href=\"http:\/\/www2.unifap.br\/dex\/files\/2016\/06\/EDITAL-CURSO-DE-EXTENSAO-2016-1-M\u00f3dulo-3.pdf\">EDITAL N\u00b0 027\/2016\/DEX\/PROEAC\/UNIFAP<\/a>&#8211;\u00a0Edital de inscri\u00e7\u00e3o para o curso de extens\u00e3o ingl\u00eas instrumental: preparat\u00f3rio para exame de profici\u00eancia em l\u00edngua inglesa \u2013 mestrado e doutorado\u00a0(outras informa\u00e7\u00f5es\u00a0<a title=\"clique aqui\" href=\"http:\/\/www.unifap.br\/public\/index\/view\/id\/7775\/categoria\/6\/tag_postagem\/4\/page\/1\">clique aqui<\/a>)<\/p>\n<p><a href=\"http:\/\/www2.unifap.br\/dex\/files\/2016\/06\/028-Edital-de-Fisioterapia.pdf\">EDITAL N\u00b0 028\/2016\/DEX\/PROEAC\/UNIFAP<\/a>&#8211; Sele\u00e7\u00e3o de alunos para curso de extens\u00e3o: Fatores de Risco Para a Incontin\u00eancia Urin\u00e1ria\u00a0(outras informa\u00e7\u00f5es\u00a0<a title=\"clique aqui\" href=\"http:\/\/www.unifap.br\/public\/index\/view\/id\/7831\/categoria\/6\/tag_postagem\/4\/page\/1\">clique aqui<\/a>)<\/p>\n<p><a href=\"http:\/\/www2.unifap.br\/dex\/files\/2016\/06\/edital-n\u00b0-029-2016-jubs.pdf\">EDITAL N\u00b0 029\/2016\/DEX\/PROEAC\/UNIFAP<\/a>&#8211;\u00a0De convoca\u00e7\u00e3o para concess\u00e3o de aux\u00edlio financeiro \u00e0\u00a0estudante atleta para participa\u00e7\u00e3o nos jogos universit\u00e1rios brasileiros \u2013\u00a0jubs 2016.\u00a0\u00a0(outras informa\u00e7\u00f5es\u00a0<a title=\"clique aqui\" href=\"http:\/\/www.unifap.br\/public\/index\/view\/id\/7837\/categoria\/6\/tag_postagem\/4\/page\/1\">clique aqui<\/a>)<\/p>\n<\/tbody>\n<\/table>\n","protected":false},"excerpt":{"rendered":"<p>PIBEX 2016\/2017 PIBEX 2015\/2016 EDITAL N\u00ba 001\/2016\/DEX\/PROEAC\/UNIFAP\u00a0&#8211; Esporte e Lazer &#8211; Col\u00f4nia de F\u00e9rias (outras informa\u00e7\u00f5es\u00a0clique aqui) EDITAL N\u00ba 002\/2016\/DEX\/PROEAC\/UNIFAP\u00a0&#8211; UMAP &#8211;\u00a0Sele\u00e7\u00e3o de monitores (outras informa\u00e7\u00f5es\u00a0clique aqui) EDITAL N\u00ba 003\/2016\/DEX\/PROEAC\/UNIFAP\u00a0&#8211; UNIFAP DIGITAL &#8211; Sele\u00e7\u00e3o de alunos (outras informa\u00e7\u00f5es\u00a0clique aqui) EDITAL N\u00b0 004\/2016\/DEX\/PROEAC\/UNIFAP\u00a0&#8211; Compreens\u00e3o de l\u00ednguas &#8211; Sele\u00e7\u00e3o de alunos (outras informa\u00e7\u00f5es\u00a0clique aqui) EDITAL N\u00ba 005\/2016\/DEX\/PROEAC\/UNIFAP\u00a0&#8211;&#8230;<\/p>\n","protected":false},"author":1913,"featured_media":0,"parent":0,"menu_order":0,"comment_status":"closed","ping_status":"open","template":"","meta":{"inline_featured_image":false,"ngg_post_thumbnail":0,"footnotes":""},"class_list":["post-13005","page","type-page","status-publish","hentry","entry"],"_links":{"self":[{"href":"http:\/\/www2.unifap.br\/dex\/wp-json\/wp\/v2\/pages\/13005","targetHints":{"allow":["GET"]}}],"collection":[{"href":"http:\/\/www2.unifap.br\/dex\/wp-json\/wp\/v2\/pages"}],"about":[{"href":"http:\/\/www2.unifap.br\/dex\/wp-json\/wp\/v2\/types\/page"}],"author":[{"embeddable":true,"href":"http:\/\/www2.unifap.br\/dex\/wp-json\/wp\/v2\/users\/1913"}],"replies":[{"embeddable":true,"href":"http:\/\/www2.unifap.br\/dex\/wp-json\/wp\/v2\/comments?post=13005"}],"version-history":[{"count":5,"href":"http:\/\/www2.unifap.br\/dex\/wp-json\/wp\/v2\/pages\/13005\/revisions"}],"predecessor-version":[{"id":13016,"href":"http:\/\/www2.unifap.br\/dex\/wp-json\/wp\/v2\/pages\/13005\/revisions\/13016"}],"wp:attachment":[{"href":"http:\/\/www2.unifap.br\/dex\/wp-json\/wp\/v2\/media?parent=13005"}],"curies":[{"name":"wp","href":"https:\/\/api.w.org\/{rel}","templated":true}]}}