{"id":13503,"date":"2020-06-01T21:03:33","date_gmt":"2020-06-01T21:03:33","guid":{"rendered":"http:\/\/www2.unifap.br\/dex\/?page_id=13503"},"modified":"2021-01-14T14:44:39","modified_gmt":"2021-01-14T14:44:39","slug":"editais-internos-2020","status":"publish","type":"page","link":"http:\/\/www2.unifap.br\/dex\/editais-internos-2020\/","title":{"rendered":"Editais internos 2020"},"content":{"rendered":"<p>EDITAL N\u00ba 01\/2020 \u2013 DEX\/PROEAC &#8211; PROCESSO SELETIVO PARA FORMA\u00c7\u00c3O DE CADASTRO DE RESERVA DE INSTRUTORES DO PROJETO UNIVERSIDADE DA MULHER &#8211; UNIMULHER <a href=\"http:\/\/www2.unifap.br\/dex\/edital-n-01-2020-dex\/\"><strong>(clique aqui)<\/strong><\/a><\/p>\n<p>EDITAL N\u00ba 02\/2020 \u2013 DEX\/PROEAC &#8211; PROCESSO SELETIVO PARA FORMA\u00c7\u00c3O DE CADASTRO DE RESERVA DE INSTRUTORES DO PROJETO UNIVERSIDADE ABERTA \u00c0 PESSOA IDOSA<a href=\"http:\/\/www2.unifap.br\/dex\/edital-n-002-2020-dex\/\"><strong> (clique aqui)<\/strong><\/a><\/p>\n<p>EDITAL N\u00ba 03\/2020 \u2013 DEX\/PROEAC &#8211; PROCESSO SELETIVO PARA FORMA\u00c7\u00c3O DE CADASTRO DE RESERVA DE INSTRUTORES DO PROJETO DE EXTENS\u00c3O DE EXCEL\u00caNCIA PARA CONCURSOS P\u00daBLICOS-PEEC<a href=\"http:\/\/www2.unifap.br\/dex\/edital-no-003-2020-dex\/\"><strong> (clique aqui)<\/strong><\/a><\/p>\n<p>EDITAL N\u00ba 04\/2020 &#8211; DEX\/PROEAC &#8211; PROGRAMA INSTITUCIONAL DE BOLSAS DE EXTENS\u00c3O DA UNIVERSIDADE FEDERAL DO AMAP\u00c1 &#8211; <span style=\"color: #ff0000\">Campus Binacional do Oiapoque<\/span> <strong><a href=\"http:\/\/www2.unifap.br\/dex\/edital-no-04-2020-bolsas-de-extensao-teletrabalho-campus-binascional-do-oiapoque-2\/\">(clique aqui)<\/a><\/strong><\/p>\n<ul>\n<li><a href=\"http:\/\/www2.unifap.br\/dex\/errata\/\">Errata<\/a><\/li>\n<li><a href=\"http:\/\/www2.unifap.br\/dex\/resultado-das-inscricoes-homologadas\/\">Resultado das inscri\u00e7\u00f5es homologadas<\/a><\/li>\n<li><a href=\"http:\/\/www2.unifap.br\/dex\/resultado-preliminar-1\/\">Resultado preliminar<\/a><\/li>\n<li><a href=\"http:\/\/www2.unifap.br\/dex\/resultado-final-9\/\">Resultado final<\/a><\/li>\n<li><a href=\"http:\/\/www2.unifap.br\/dex\/comunicado\/\">Comunicado sobre o envio dos documentos dos bolsistas<\/a><\/li>\n<\/ul>\n<p>EDITAL N\u00ba 05\/2020 &#8211; DEX\/PROEAC &#8211; PROGRAMA INSTITUCIONAL DE BOLSAS DE EXTENS\u00c3O DA UNIVERSIDADE FEDERAL DO AMAP\u00c1 &#8211; <span style=\"color: #ff0000\">Campus Santana<\/span>\u00a0<a href=\"http:\/\/www2.unifap.br\/dex\/edital-no-05-2020-bolsas-de-extensao-campus-santana\/\"><strong>(clique aqui)<\/strong><\/a><\/p>\n<ul>\n<li><a href=\"http:\/\/www2.unifap.br\/dex\/retificacao-1\/\">Retifica\u00e7\u00e3o<\/a><\/li>\n<li><a href=\"http:\/\/www2.unifap.br\/dex\/inscricoes-homologadas-edital-05-2020\/\">Resultado das inscri\u00e7\u00f5es homologadas<\/a><\/li>\n<li><a href=\"http:\/\/www2.unifap.br\/dex\/resultado-preliminar-4\/\">Resultado preliminar<\/a><\/li>\n<li><a href=\"http:\/\/www2.unifap.br\/dex\/resultado-final-12\/\">Resultado final<\/a><\/li>\n<li><a href=\"http:\/\/www2.unifap.br\/dex\/orientacaoes-para-envio-de-documentos-de-bolsistas\/\">Orienta\u00e7\u00f5es para envio da documenta\u00e7\u00e3o do(s) bolsita(s)<\/a><\/li>\n<\/ul>\n<p>EDITAL N\u00ba 06\/2020 &#8211; DEX\/PROEAC &#8211; PROGRAMA INSTITUCIONAL DE BOLSAS DE EXTENS\u00c3O DA UNIVERSIDADE FEDERAL DO AMAP\u00c1 &#8211; <span style=\"color: #ff0000\">Campus Mazag\u00e3o<\/span> <a href=\"http:\/\/www2.unifap.br\/dex\/edital-no-06-2020-bolsas-de-extensao-docx-campus-mazagao-1\/\">(clique aqui)<\/a><\/p>\n<ul>\n<li><a href=\"http:\/\/www2.unifap.br\/dex\/retificacao-do-edital-06-2020\/\">Retifica\u00e7\u00e3o<\/a><\/li>\n<li><a href=\"http:\/\/www2.unifap.br\/dex\/inscricoes-homologadas-do-edital-n-6-2020\/\">Resultado das inscri\u00e7\u00f5es homologadas<\/a><\/li>\n<li><a href=\"http:\/\/www2.unifap.br\/dex\/resultado-preliminar-campus-mazagao\/\">Resultado preliminar<\/a><\/li>\n<li><a href=\"http:\/\/www2.unifap.br\/dex\/retificacao-do-resultado-preliminar\/\">Retifica\u00e7\u00e3o do Resultado preliminar<\/a><\/li>\n<li><a href=\"http:\/\/www2.unifap.br\/dex\/resultado-final-1\/\">Resultado final<\/a><\/li>\n<li><a href=\"http:\/\/www2.unifap.br\/dex\/orientacaoes-para-envio-de-documentos-de-bolsistas\/\">Orienta\u00e7\u00f5es para envio da documenta\u00e7\u00e3o do(s) bolsita(s)<\/a><\/li>\n<\/ul>\n<p>EDITAL N\u00b0 07\/2020 &#8211; DEX\/PROEAC &#8211; PROGRAMA INSTITUCIONAL DE BOLSAS DE EXTENS\u00c3O DA UNIVERSIDADE FEDERAL DO AMAP\u00c1 &#8211; <span style=\"color: #ff0000\">Campus Marco Zero<\/span> <a href=\"http:\/\/www2.unifap.br\/dex\/edital-no-07-2020-bolsas-de-extensao\/\">(clique aqui)<\/a><\/p>\n<ul>\n<li><a href=\"http:\/\/www2.unifap.br\/dex\/inscricoes-homologadas-do-edital-n-7-2020\/\">Resultado das inscri\u00e7\u00f5es homologadas<\/a><\/li>\n<li><a href=\"http:\/\/www2.unifap.br\/dex\/resultado-preliminar-campus-marco-zero\/\">Resultado preliminar<\/a><\/li>\n<li><a href=\"http:\/\/www2.unifap.br\/dex\/resultado-final-10\/\">Resultado final<\/a><\/li>\n<li><a href=\"http:\/\/www2.unifap.br\/dex\/orientacaoes-para-envio-de-documentos-de-bolsistas\/\">Orienta\u00e7\u00f5es para envio da documenta\u00e7\u00e3o do(s) bolsita(s)<\/a><\/li>\n<\/ul>\n","protected":false},"excerpt":{"rendered":"<p>EDITAL N\u00ba 01\/2020 \u2013 DEX\/PROEAC &#8211; PROCESSO SELETIVO PARA FORMA\u00c7\u00c3O DE CADASTRO DE RESERVA DE INSTRUTORES DO PROJETO UNIVERSIDADE DA MULHER &#8211; UNIMULHER (clique aqui) EDITAL N\u00ba 02\/2020 \u2013 DEX\/PROEAC &#8211; PROCESSO SELETIVO PARA FORMA\u00c7\u00c3O DE CADASTRO DE RESERVA DE INSTRUTORES DO PROJETO UNIVERSIDADE ABERTA \u00c0 PESSOA IDOSA (clique aqui) EDITAL N\u00ba 03\/2020 \u2013 DEX\/PROEAC&#8230;<\/p>\n","protected":false},"author":756,"featured_media":0,"parent":0,"menu_order":0,"comment_status":"closed","ping_status":"closed","template":"","meta":{"inline_featured_image":false,"ngg_post_thumbnail":0,"footnotes":""},"class_list":["post-13503","page","type-page","status-publish","hentry","entry"],"_links":{"self":[{"href":"http:\/\/www2.unifap.br\/dex\/wp-json\/wp\/v2\/pages\/13503","targetHints":{"allow":["GET"]}}],"collection":[{"href":"http:\/\/www2.unifap.br\/dex\/wp-json\/wp\/v2\/pages"}],"about":[{"href":"http:\/\/www2.unifap.br\/dex\/wp-json\/wp\/v2\/types\/page"}],"author":[{"embeddable":true,"href":"http:\/\/www2.unifap.br\/dex\/wp-json\/wp\/v2\/users\/756"}],"replies":[{"embeddable":true,"href":"http:\/\/www2.unifap.br\/dex\/wp-json\/wp\/v2\/comments?post=13503"}],"version-history":[{"count":45,"href":"http:\/\/www2.unifap.br\/dex\/wp-json\/wp\/v2\/pages\/13503\/revisions"}],"predecessor-version":[{"id":13637,"href":"http:\/\/www2.unifap.br\/dex\/wp-json\/wp\/v2\/pages\/13503\/revisions\/13637"}],"wp:attachment":[{"href":"http:\/\/www2.unifap.br\/dex\/wp-json\/wp\/v2\/media?parent=13503"}],"curies":[{"name":"wp","href":"https:\/\/api.w.org\/{rel}","templated":true}]}}