{"id":12,"date":"2017-08-03T18:49:21","date_gmt":"2017-08-03T18:49:21","guid":{"rendered":"http:\/\/www2.unifap.br\/dfch\/?page_id=12"},"modified":"2024-11-08T19:16:38","modified_gmt":"2024-11-08T19:16:38","slug":"composicaoconselhodepartamental","status":"publish","type":"page","link":"http:\/\/www2.unifap.br\/dfch\/composicaoconselhodepartamental\/","title":{"rendered":"Composi\u00e7\u00e3o Conselho Departamental"},"content":{"rendered":"\t\t<div data-elementor-type=\"wp-page\" data-elementor-id=\"12\" class=\"elementor elementor-12\">\n\t\t\t\t\t\t<section class=\"elementor-section elementor-top-section elementor-element elementor-element-2a295468 elementor-section-boxed elementor-section-height-default elementor-section-height-default\" data-id=\"2a295468\" data-element_type=\"section\" data-e-type=\"section\">\n\t\t\t\t\t\t<div class=\"elementor-container elementor-column-gap-default\">\n\t\t\t\t\t<div class=\"elementor-column elementor-col-100 elementor-top-column elementor-element elementor-element-72bd1248\" data-id=\"72bd1248\" data-element_type=\"column\" data-e-type=\"column\">\n\t\t\t<div class=\"elementor-widget-wrap elementor-element-populated\">\n\t\t\t\t\t\t<div class=\"elementor-element elementor-element-77be16a9 elementor-widget elementor-widget-text-editor\" data-id=\"77be16a9\" data-element_type=\"widget\" data-e-type=\"widget\" data-widget_type=\"text-editor.default\">\n\t\t\t\t<div class=\"elementor-widget-container\">\n\t\t\t\t\t\t\t\t\t<p><strong>RECOMPOSI\u00c7\u00c3O DO CONSELHO DEPARTAMENTAL &#8211; GEST\u00c3O 2023-2025<\/strong><\/p><p>A presente composi\u00e7\u00e3o foi baseada na estrutura do conselho anterior. Para a representa\u00e7\u00e3o docente foi enviado memorando para todas as Coordena\u00e7\u00f5es de Curso para que os docentes manifestassem interesse na composi\u00e7\u00e3o do Conselho. Para a representa\u00e7\u00e3o t\u00e9cnico administrativo tamb\u00e9m foi enviado memorando para todas as Coordena\u00e7\u00f5es de Curso para que os t\u00e9cnicos manifestassem interesse na composi\u00e7\u00e3o do Conselho. Para a categoria discente foi enviado e-mail\u00a0 para que todos os Centros Acad\u00eamicos enviassem nomes dos alunos para fazerem sua representa\u00e7\u00e3o por curso no Conselho. E para a categoria de representante da comunidade foram recebidos as manifesta\u00e7\u00f5es de interesse de entidades de classe.<\/p><p><a href=\"http:\/\/www2.unifap.br\/dfch\/files\/2024\/11\/Portaria-1665-2024-Conselho-Departamental-DFCH.pdf\" target=\"_blank\" rel=\"noopener\">Portaria 1665-2024 &#8211; Conselho Departamental DFCH<\/a><\/p><p><strong>&#8211; &#8211; &#8211; &#8211; &#8211; &#8211; &#8211; &#8211; &#8211; &#8211; &#8211; &#8211; &#8211; &#8211; &#8211; &#8211; &#8211; &#8211; &#8211; &#8211; &#8211; &#8211; &#8211; &#8211; &#8211; &#8211; &#8211; &#8211; &#8211; &#8211; &#8211; &#8211; &#8211; &#8211; &#8211; &#8211; &#8211; &#8211; &#8211; &#8211; &#8211; &#8211; &#8211; &#8211; &#8211; &#8211; &#8211; &#8211; &#8211;<\/strong><\/p><p><strong>RECOMPOSI\u00c7\u00c3O DO CONSELHO DEPARTAMENTAL &#8211; GEST\u00c3O 2021-2023<\/strong><\/p><p>A presente composi\u00e7\u00e3o foi baseada na estrutura do conselho anterior, a qual foi consultada e efetivada atrav\u00e9s do Processo 23125.013568\/2018-17. Para a representa\u00e7\u00e3o docente foi enviado o MEMORANDO ELETR\u00d4NICO N\u00ba 13\/2022 &#8211; DFCH (anexo) para todas as Coordena\u00e7\u00f5es de Curso para que os docentes manifestassem interesse na composi\u00e7\u00e3o do Conselho. Para a representa\u00e7\u00e3o t\u00e9cnico administrativo foi enviado o MEMORANDO ELETR\u00d4NICO N\u00ba 12\/2022 &#8211; DFCH (anexo) para todas as Coordena\u00e7\u00f5es de Curso para que os t\u00e9cnicos manifestassem interesse na composi\u00e7\u00e3o do Conselho. Para a categoria discente foi enviado e-mail (anexo) para que todos os Centros Acad\u00eamicos enviassem nomes dos alunos para fazerem sua representa\u00e7\u00e3o por curso no Conselho. E para a categoria de representante da comunidade foram recebidos as manifesta\u00e7\u00f5es de interesse de duas entidades de classe.<\/p><p><a href=\"http:\/\/www2.unifap.br\/dfch\/files\/2022\/07\/Memorando-Eletronico-12-2022-SIPAC.pdf\">Memorando Eletr\u00f4nico 12-2022 SIPAC<\/a><\/p><p><a href=\"http:\/\/www2.unifap.br\/dfch\/files\/2022\/07\/Memorando-Eletronico-13-2022-SIPAC.pdf\">Memorando Eletr\u00f4nico 13-2022 SIPAC<\/a><\/p><p><a href=\"http:\/\/www2.unifap.br\/dfch\/files\/2022\/07\/E-mail.pdf\">E-mail<\/a><\/p><p><a href=\"http:\/\/www2.unifap.br\/dfch\/files\/2022\/07\/Portaria-401-2022-Conselho-Departamental-gestao-2021-2023.pdf\">Portaria 401-2022 &#8211; Conselho Departamental (gest\u00e3o 2021-2023)<\/a><\/p><p><a href=\"http:\/\/www2.unifap.br\/dfch\/files\/2023\/01\/Portaria-064-2023-Conselho-Departamental-gestao-2021-2023-atualizacao.pdf\">Portaria 064-2023 &#8211; Conselho Departamental (gest\u00e3o 2021-2023) atualiza\u00e7\u00e3o<\/a><\/p><p><a href=\"http:\/\/www2.unifap.br\/dfch\/files\/2023\/09\/Portaria-1163-2023-Conselho-Departamental-gestao-2021-2023-ATUALIZACAO-3.pdf\" target=\"_blank\" rel=\"noopener\">Portaria 1163-2023 &#8211; Conselho Departamental (gest\u00e3o 2021-2023) ATUALIZA\u00c7\u00c3O 3<\/a><\/p><p><a href=\"http:\/\/www2.unifap.br\/dfch\/files\/2023\/09\/Portaria-1710-2023-Conselho-Departamental-gestao-2021-2023-ATUALIZACAO-4.pdf\" target=\"_blank\" rel=\"noopener\">Portaria 1710-2023 &#8211; Conselho Departamental (gest\u00e3o 2021-2023) ATUALIZA\u00c7\u00c3O 4<\/a><\/p><p><strong>&#8211; &#8211; &#8211; &#8211; &#8211; &#8211; &#8211; &#8211; &#8211; &#8211; &#8211; &#8211; &#8211; &#8211; &#8211; &#8211; &#8211; &#8211; &#8211; &#8211; &#8211; &#8211; &#8211; &#8211; &#8211; &#8211; &#8211; &#8211; &#8211; &#8211; &#8211; &#8211; &#8211; &#8211; &#8211; &#8211; &#8211; &#8211; &#8211; &#8211; &#8211; &#8211; &#8211; &#8211; &#8211; &#8211; &#8211; &#8211; &#8211;<\/strong><\/p><p><strong>RECOMPOSI\u00c7\u00c3O DO CONSELHO DEPARTAMENTAL &#8211; GEST\u00c3O 2019-2021<\/strong><\/p><p>A presente composi\u00e7\u00e3o foi baseada na estrutura do conselho anterior, a qual foi consultada e efetivada atrav\u00e9s do Processo 23125.013568\/2018-17. Para a representa\u00e7\u00e3o docente foi enviado o MEMORANDO ELETR\u00d4NICO N\u00ba 27\/2020 &#8211; DFCH (anexo) para todas as Coordena\u00e7\u00f5es de Curso para que os docentes manifestassem interesse na composi\u00e7\u00e3o do Conselho. Para a representa\u00e7\u00e3o t\u00e9cnico administrativo foi enviado o MEMORANDO ELETR\u00d4NICO N\u00ba 24\/2020 &#8211; DFCH (anexo) para todas as Coordena\u00e7\u00f5es de Curso para que os t\u00e9cnicos manifestassem interesse na composi\u00e7\u00e3o do Conselho. Para a categoria discente foi enviado e-mail (anexo) para que todos os Centros Acad\u00eamicos enviassem nomes dos alunos para fazerem sua representa\u00e7\u00e3o por curso no Conselho. E para a categoria de representante da comunidade foram recebidos as manifesta\u00e7\u00f5es de interesse de duas entidades de classe.<\/p><p>Anexos:<\/p><p><a href=\"http:\/\/www2.unifap.br\/dfch\/files\/2020\/03\/Memorando_Eletrnico_27-2020_SIPAC.pdf\">Memorando_Eletrnico_27-2020_SIPAC<\/a><\/p><p><a href=\"http:\/\/www2.unifap.br\/dfch\/files\/2020\/03\/Memorando_Eletrnico_24-2020_SIPAC.pdf\">Memorando_Eletrnico_24-2020_SIPAC<\/a><\/p><p><a href=\"http:\/\/www2.unifap.br\/dfch\/files\/2020\/03\/E-mail_DFCH.pdf\">E-mail_DFCH<\/a><\/p><p>Portaria:<\/p><p>\u00a0<a href=\"http:\/\/www2.unifap.br\/dfch\/files\/2020\/03\/Portaria-555-2020-Conselho-Departamental-2019-2021.pdf\">Portaria 555-2020 &#8211; Conselho Departamental 2019-2021<\/a><\/p><p><strong>&#8211; &#8211; &#8211; &#8211; &#8211; &#8211; &#8211; &#8211; &#8211; &#8211; &#8211; &#8211; &#8211; &#8211; &#8211; &#8211; &#8211; &#8211; &#8211; &#8211; &#8211; &#8211; &#8211; &#8211; &#8211; &#8211; &#8211; &#8211; &#8211; &#8211; &#8211; &#8211; &#8211; &#8211; &#8211; &#8211; &#8211; &#8211; &#8211; &#8211; &#8211; &#8211; &#8211; &#8211; &#8211; &#8211; &#8211; &#8211; &#8211;<\/strong><\/p><p><strong>RECOMPOSI\u00c7\u00c3O DO CONSELHO DEPARTAMENTAL &#8211; GEST\u00c3O 2017-2019<\/strong><\/p><p>CONSIDERANDO a cria\u00e7\u00e3o e incorpora\u00e7\u00e3o de novos cursos de gradua\u00e7\u00e3o\/p\u00f3s-gradua\u00e7\u00e3o no \u00e2mbito do DFCH;<\/p><p>CONSIDERANDO a necessidade imediata de adequar a composi\u00e7\u00e3o do referido conselho ao atendimento \u00e0s normas regimentais que regulamentam a proporcionalidade colegiada no \u00e2mbito da UNIFAP, visto que a atual composi\u00e7\u00e3o n\u00e3o atende as normas contidas no artigo 85 do regimento da UNIFAP para que haja similaridade com os crit\u00e9rios de proporcionalidade da composi\u00e7\u00e3o adotada pelo CONSU em conformidade com as orienta\u00e7\u00f5es da Nota T\u00e9cnica 1486\/2016-CGFPR\/DIREG\/SERES\/MEC; e<\/p><p>CONSIDERANDO o final de vig\u00eancia de dois anos do Conselho Departamental, instalado em mar\u00e7o\/2016 atrav\u00e9s da Portaria 486\/2016-CONSU, com atualiza\u00e7\u00e3o de membros atrav\u00e9s das Portarias 931\/2016-CONSU e 588\/2017-CONSU,<\/p><p>Vimos informar a recomposi\u00e7\u00e3o da estrutura do Conselho Departamental do DFCH para atender os dispositivos regimentais (Anexo 1) e o in\u00edcio do processo de indica\u00e7\u00e3o dos seus respectivos membros (Anexo 2).<\/p><p>Sendo assim, todos os atuais Coordenadores de Curso de Gradua\u00e7\u00e3o e P\u00f3s-Gradua\u00e7\u00e3o j\u00e1 compor\u00e3o o Conselho, tendo como suplentes seus respectivos Vice-Coordenadores de cada curso, cabendo a utiliza\u00e7\u00e3o de procedimentos para a escolha de um quantitativo de docentes que permita integrar os 70% de representa\u00e7\u00e3o regimental e de t\u00e9cnico administrativo, discentes e representante da comunidade (entidade de classe) que integram os 30% restantes.<\/p><p>Desta forma, solicitamos as coordena\u00e7\u00f5es de curso que divulguem a todos os docentes, discentes e t\u00e9cnicos administrativos vinculados as informa\u00e7\u00f5es sobre a recomposi\u00e7\u00e3o do Conselho Departamental e o in\u00edcio do processo de indica\u00e7\u00e3o dos seus respectivos membros, conforme orienta\u00e7\u00f5es a seguir:<\/p><p><strong>1 &#8211; Representa\u00e7\u00e3o t\u00e9cnico-administrativa:<\/strong><\/p><p>Solicitamos, via inscri\u00e7\u00e3o direta no DFCH, a manifesta\u00e7\u00e3o de interesse de t\u00e9cnicos administrativos lotados no DFCH e nas Coordena\u00e7\u00f5es de Curso de Gradua\u00e7\u00e3o do DFCH para compor a vaga de 01 (um) titular e seus suplentes em n\u00famero de acordo com a quantidade de inscritos.<\/p><p><strong>2 &#8211; Representa\u00e7\u00e3o docente:<\/strong><\/p><p>Solicitamos, via inscri\u00e7\u00e3o direta no DFCH, a manifesta\u00e7\u00e3o de interesse de docentes lotados nas Coordena\u00e7\u00f5es de Curso do DFCH para compor a vaga de 01 (um) titular e seus suplentes em n\u00famero de acordo com a quantidade de inscritos.<\/p><p><strong>3 &#8211; Representa\u00e7\u00e3o discente:<\/strong><\/p><p>Solicitamos, via inscri\u00e7\u00e3o direta no DFCH, a manifesta\u00e7\u00e3o de interesse de discentes matriculados nos Curso vinculados ao DFCH para compor a vaga de 5 (cinco) titulares e seus suplentes em n\u00famero de acordo com a quantidade de inscritos.<\/p><p><strong>4 &#8211; Representa\u00e7\u00e3o da comunidade (entidade de classe):<\/strong><\/p><p>Solicitamos que as coordena\u00e7\u00f5es, via memorando, indiquem, caso haja, entidade de classe (ex: conselhos regionais, sindicatos, etc.) relacionada \u00e0s \u00e1reas dos cursos que integram o DFCH para compor a vaga de 1 (um) titular e seus suplentes em n\u00famero de acordo com a quantidade de inscritos. Esta indica\u00e7\u00e3o dever\u00e1 ser feita atrav\u00e9s de preenchimento de ficha em anexo.<\/p><p>A escolha dos representantes das referidas categorias 1, 2 e 3 ser\u00e1 realizada ap\u00f3s manifesta\u00e7\u00e3o de interesse diretamente pelo interessado na dire\u00e7\u00e3o do DFCH atrav\u00e9s do preenchimento das fichas de inscri\u00e7\u00e3o anexas. O DFCH ir\u00e1 convocar cada categoria uma reuni\u00e3o com o objetivo de eleger entre os pares o titular e a ordem de supl\u00eancia, conforme os procedimentos de escolha anexo. No caso da categoria 4, ap\u00f3s as coordena\u00e7\u00f5es enviarem as fichas com as informa\u00e7\u00f5es das entidades, o DFCH ir\u00e1 entrar em contato com cada uma, via e-mail, para que elas manifestem seu interesse, indicando o representante que ir\u00e1 pleitear a vaga no Conselho.<\/p><p>Segue em anexo os seguintes documentos:<\/p><p><a href=\"http:\/\/www2.unifap.br\/dfch\/files\/2017\/08\/ANEXO-1_QUADRO_DE_COMPOSICAO_DO_CONSELHO_DEPARTAMENTAL.pdf\">ANEXO-1_QUADRO_DE_COMPOSICAO_DO_CONSELHO_DEPARTAMENTAL<\/a><\/p><p><a href=\"http:\/\/www2.unifap.br\/dfch\/files\/2017\/08\/ANEXO-2_PROCEDIMENTOS_DE_ESCOLHA_DE_TITULARES-SUPLENTES_E_CRONOGRAMA.pdf\">ANEXO-2_PROCEDIMENTOS_DE_ESCOLHA_DE_TITULARES-SUPLENTES_E_CRONOGRAMA<\/a><\/p><p><a href=\"http:\/\/www2.unifap.br\/dfch\/files\/2017\/08\/ANEXO-3_FICHA_DE_INSCRICAO-DISCENTE.docx\">ANEXO-3_FICHA_DE_INSCRICAO-DISCENTE<\/a><\/p><p><a href=\"http:\/\/www2.unifap.br\/dfch\/files\/2017\/08\/ANEXO-4_FICHA_DE_INSCRICAO-DOCENTE.docx\">ANEXO-4_FICHA_DE_INSCRICAO-DOCENTE<\/a><\/p><p><a href=\"http:\/\/www2.unifap.br\/dfch\/files\/2017\/08\/ANEXO-5_FICHA_DE_INSCRICAO-TECNICO.docx\">ANEXO-5_FICHA_DE_INSCRICAO-TECNICO<\/a><\/p><p><a href=\"http:\/\/www2.unifap.br\/dfch\/files\/2017\/08\/ANEXO-6_FICHA_DE_INDICACAO-ENTIDADE_DE_CLASSE.docx\">ANEXO-6_FICHA_DE_INDICACAO-ENTIDADE_DE_CLASSE<\/a><\/p><p><a href=\"http:\/\/www2.unifap.br\/dfch\/files\/2017\/08\/LOCAL-DATA-E-HOR\u00c1RIO-DAS-REUNI\u00d5ES1.pdf\" target=\"_blank\" rel=\"noopener\">LOCAL, DATA E HOR\u00c1RIO DAS REUNI\u00d5ES<\/a><\/p><p><a href=\"http:\/\/www2.unifap.br\/dfch\/files\/2017\/08\/INSCRI\u00c7\u00d5ES-HOMOLOGADAS2.pdf\" target=\"_blank\" rel=\"noopener\">INSCRI\u00c7\u00d5ES HOMOLOGADAS<\/a><\/p><p><a href=\"http:\/\/www2.unifap.br\/dfch\/files\/2017\/08\/Procedimentos-do-escrutinio-DISCENTES.pdf\" target=\"_blank\" rel=\"noopener\">Procedimentos do escrutinio (DISCENTES)<\/a><\/p><p><a href=\"http:\/\/www2.unifap.br\/dfch\/files\/2017\/08\/Procedimentos-do-escrut\u00ednio-T\u00c9CNICOS.pdf\">Procedimentos do escrut\u00ednio (T\u00c9CNICOS)<\/a><\/p><p><a href=\"http:\/\/www2.unifap.br\/dfch\/files\/2017\/08\/Procedimentos-do-escrut\u00ednio-ENTIDADE-DE-CLASSE.pdf\">Procedimentos do escrut\u00ednio (ENTIDADE DE CLASSE)<\/a><\/p><p><a href=\"http:\/\/www2.unifap.br\/dfch\/files\/2017\/08\/RESULTADO-FINAL-VOTA\u00c7\u00c3O-DOCENTE1.pdf\">RESULTADO FINAL VOTA\u00c7\u00c3O DOCENTE<\/a><\/p><p><a href=\"http:\/\/www2.unifap.br\/dfch\/files\/2017\/08\/RESULTADO-FINAL-VOTA\u00c7\u00c3O-DISCENTE.pdf\">RESULTADO FINAL VOTA\u00c7\u00c3O DISCENTE<\/a><\/p><p><a href=\"http:\/\/www2.unifap.br\/dfch\/files\/2017\/08\/RESULTADO-FINAL-VOTA\u00c7\u00c3O-T\u00c9CNICOS.pdf\">RESULTADO FINAL VOTA\u00c7\u00c3O T\u00c9CNICOS<\/a><\/p><p><a href=\"http:\/\/www2.unifap.br\/dfch\/files\/2017\/08\/RESULTADO-FINAL-VOTA\u00c7\u00c3O-ENTIDADE-DE-CLASSE1.pdf\">RESULTADO FINAL VOTA\u00c7\u00c3O ENTIDADE DE CLASSE<\/a><\/p><p><a href=\"http:\/\/www2.unifap.br\/dfch\/files\/2017\/08\/QUADRO-GERAL-CONSELHO-DEPARTAMENTAL-DFCH.pdf\" target=\"_blank\" rel=\"noopener\">QUADRO GERAL-CONSELHO DEPARTAMENTAL-DFCH<\/a><\/p><p><a href=\"http:\/\/www2.unifap.br\/dfch\/files\/2017\/08\/PORTARIA-CONSELHO-DEPARTAMENTAL-2018.pdf\" target=\"_blank\" rel=\"noopener\">PORTARIA CONSELHO DEPARTAMENTAL 2018<\/a><\/p><p>Atenciosamente,<\/p><p><strong>Alexandre Gomes Galindo<\/strong><br \/>Diretor do DFCH<\/p>\t\t\t\t\t\t\t\t<\/div>\n\t\t\t\t<\/div>\n\t\t\t\t\t<\/div>\n\t\t<\/div>\n\t\t\t\t\t<\/div>\n\t\t<\/section>\n\t\t\t\t<\/div>\n\t\t","protected":false},"excerpt":{"rendered":"<p>RECOMPOSI\u00c7\u00c3O DO CONSELHO DEPARTAMENTAL &#8211; GEST\u00c3O 2023-2025 A presente composi\u00e7\u00e3o foi baseada na estrutura do conselho anterior. Para a representa\u00e7\u00e3o docente foi enviado memorando para todas as Coordena\u00e7\u00f5es de Curso para que os docentes manifestassem interesse na composi\u00e7\u00e3o do Conselho. Para a representa\u00e7\u00e3o t\u00e9cnico administrativo tamb\u00e9m foi enviado memorando para todas as Coordena\u00e7\u00f5es de Curso&#8230;<\/p>\n","protected":false},"author":926,"featured_media":0,"parent":0,"menu_order":0,"comment_status":"closed","ping_status":"closed","template":"elementor_header_footer","meta":{"inline_featured_image":false,"ngg_post_thumbnail":0,"footnotes":""},"class_list":["post-12","page","type-page","status-publish","hentry","entry"],"_links":{"self":[{"href":"http:\/\/www2.unifap.br\/dfch\/wp-json\/wp\/v2\/pages\/12","targetHints":{"allow":["GET"]}}],"collection":[{"href":"http:\/\/www2.unifap.br\/dfch\/wp-json\/wp\/v2\/pages"}],"about":[{"href":"http:\/\/www2.unifap.br\/dfch\/wp-json\/wp\/v2\/types\/page"}],"author":[{"embeddable":true,"href":"http:\/\/www2.unifap.br\/dfch\/wp-json\/wp\/v2\/users\/926"}],"replies":[{"embeddable":true,"href":"http:\/\/www2.unifap.br\/dfch\/wp-json\/wp\/v2\/comments?post=12"}],"version-history":[{"count":48,"href":"http:\/\/www2.unifap.br\/dfch\/wp-json\/wp\/v2\/pages\/12\/revisions"}],"predecessor-version":[{"id":3241,"href":"http:\/\/www2.unifap.br\/dfch\/wp-json\/wp\/v2\/pages\/12\/revisions\/3241"}],"wp:attachment":[{"href":"http:\/\/www2.unifap.br\/dfch\/wp-json\/wp\/v2\/media?parent=12"}],"curies":[{"name":"wp","href":"https:\/\/api.w.org\/{rel}","templated":true}]}}