{"id":177,"date":"2016-03-22T13:52:02","date_gmt":"2016-03-22T13:52:02","guid":{"rendered":"http:\/\/www2.unifap.br\/dicont\/?page_id=177"},"modified":"2019-09-26T15:05:39","modified_gmt":"2019-09-26T15:05:39","slug":"consulta-certidao-negativa","status":"publish","type":"page","link":"http:\/\/www2.unifap.br\/dicont\/consulta-certidao-negativa\/","title":{"rendered":"Consulta Certid\u00e3o Negativa"},"content":{"rendered":"<hr \/>\n<h3><strong>___________________________________________________________________________<\/strong><\/h3>\n<h3><strong><span style=\"color: #008080\">Cadastro Nacional de Condena\u00e7\u00f5es C\u00edveis por Ato de Improbidade Administrativa e Inelegibilidade<\/span><\/strong><\/h3>\n<p>Para consultar a certid\u00e3o referente ao Cadastro Nacional de Condena\u00e7\u00f5es C\u00edveis por Ato de Improbidade Administrativa e Inelegibilidade\u00a0<span style=\"color: #008080\"><strong><a style=\"color: #008080\" href=\"http:\/\/www.cnj.jus.br\/improbidade_adm\/consultar_requerido.php?validar=form\">Clique Aqui.<\/a><\/strong><\/span><\/p>\n<h3><strong>___________________________________________________________________________<\/strong><\/h3>\n<h3><strong><span style=\"color: #008080\">SICAF &#8211; Sistema de Cadastramento Unificado de Fornecedores<\/span><\/strong><\/h3>\n<p>O Sistema de Cadastramento Unificado de Fornecedores &#8211; SICAF \u00e9 um dos m\u00f3dulos do Sistema Integrado de Administra\u00e7\u00e3o de Servi\u00e7os Gerais \u2013 SIASG e constitui um instrumento b\u00e1sico de apoio aos processos de compras e contrata\u00e7\u00f5es.<\/p>\n<p><span style=\"color: #000000\">Para consultar o\u00a0Sistema de Cadastramento Unificado de Fornecedores &#8211;\u00a0SICAF &#8211;<\/span>\u00a0<strong><span style=\"color: #008080\"><a style=\"color: #008080\" href=\"https:\/\/www3.comprasnet.gov.br\/sicaf-web\/index.jsf\">Clique Aqui.<\/a><\/span><\/strong><\/p>\n<h3><strong>___________________________________________________________________________<\/strong><\/h3>\n<h3><strong><span style=\"color: #008080\">Detalhamento das San\u00e7\u00f5es Vigentes &#8211; Cadastro de Empresas Inid\u00f4neas e Suspensas &#8211; CEIS<\/span><\/strong><\/h3>\n<p>Para consultar o\u00a0Detalhamento das San\u00e7\u00f5es Vigentes &#8211; Cadastro de Empresas Inid\u00f4neas e Suspensas &#8211; CEIS &#8211;\u00a0\u00a0<strong><span style=\"color: #008080\"><a style=\"color: #008080\" href=\"http:\/\/www.portaltransparencia.gov.br\/sancoes\/ceis?ordenarPor=nome&amp;direcao=asc\">Clique Aqui.<\/a><\/span><\/strong><\/p>\n<h3><strong>___________________________________________________________________________<\/strong><\/h3>\n<h3><span style=\"color: #008080\"><strong>CADIN <\/strong><\/span><\/h3>\n<p>O CADIN \u2013 Cadastro Informativo de Cr\u00e9ditos n\u00e3o Quitados do Setor P\u00fablico Federal \u2013 \u00e9 um banco de dados no qual est\u00e3o registrados os nomes de pessoas f\u00edsicas e jur\u00eddicas em d\u00e9bito para com \u00f3rg\u00e3os e entidades federais.<\/p>\n<p>Para consultar o CADIN\u00a0<a href=\"https:\/\/siafi.tesouro.gov.br\/senha\/public\/pages\/security\/login.jsf\"><strong><span style=\"color: #008080\">Clique Aqui.<\/span><\/strong><\/a><\/p>\n<h3><strong>___________________________________________________________________________<\/strong><\/h3>\n<p>&nbsp;<\/p>\n","protected":false},"excerpt":{"rendered":"<p>___________________________________________________________________________ Cadastro Nacional de Condena\u00e7\u00f5es C\u00edveis por Ato de Improbidade Administrativa e Inelegibilidade Para consultar a certid\u00e3o referente ao Cadastro Nacional de Condena\u00e7\u00f5es C\u00edveis por Ato de Improbidade Administrativa e Inelegibilidade\u00a0Clique Aqui. ___________________________________________________________________________ SICAF &#8211; Sistema de Cadastramento Unificado de Fornecedores O Sistema de Cadastramento Unificado de Fornecedores &#8211; SICAF \u00e9 um dos m\u00f3dulos do&#8230;<\/p>\n","protected":false},"author":831,"featured_media":0,"parent":0,"menu_order":6,"comment_status":"open","ping_status":"closed","template":"","meta":{"inline_featured_image":false,"site-sidebar-layout":"default","site-content-layout":"","ast-site-content-layout":"default","site-content-style":"default","site-sidebar-style":"default","ast-global-header-display":"","ast-banner-title-visibility":"","ast-main-header-display":"","ast-hfb-above-header-display":"","ast-hfb-below-header-display":"","ast-hfb-mobile-header-display":"","site-post-title":"","ast-breadcrumbs-content":"","ast-featured-img":"","footer-sml-layout":"","theme-transparent-header-meta":"","adv-header-id-meta":"","stick-header-meta":"","header-above-stick-meta":"","header-main-stick-meta":"","header-below-stick-meta":"","astra-migrate-meta-layouts":"default","ast-page-background-enabled":"default","ast-page-background-meta":{"desktop":{"background-color":"var(--ast-global-color-4)","background-image":"","background-repeat":"repeat","background-position":"center center","background-size":"auto","background-attachment":"scroll","background-type":"","background-media":"","overlay-type":"","overlay-color":"","overlay-opacity":"","overlay-gradient":""},"tablet":{"background-color":"","background-image":"","background-repeat":"repeat","background-position":"center center","background-size":"auto","background-attachment":"scroll","background-type":"","background-media":"","overlay-type":"","overlay-color":"","overlay-opacity":"","overlay-gradient":""},"mobile":{"background-color":"","background-image":"","background-repeat":"repeat","background-position":"center center","background-size":"auto","background-attachment":"scroll","background-type":"","background-media":"","overlay-type":"","overlay-color":"","overlay-opacity":"","overlay-gradient":""}},"ast-content-background-meta":{"desktop":{"background-color":"var(--ast-global-color-5)","background-image":"","background-repeat":"repeat","background-position":"center center","background-size":"auto","background-attachment":"scroll","background-type":"","background-media":"","overlay-type":"","overlay-color":"","overlay-opacity":"","overlay-gradient":""},"tablet":{"background-color":"var(--ast-global-color-5)","background-image":"","background-repeat":"repeat","background-position":"center center","background-size":"auto","background-attachment":"scroll","background-type":"","background-media":"","overlay-type":"","overlay-color":"","overlay-opacity":"","overlay-gradient":""},"mobile":{"background-color":"var(--ast-global-color-5)","background-image":"","background-repeat":"repeat","background-position":"center center","background-size":"auto","background-attachment":"scroll","background-type":"","background-media":"","overlay-type":"","overlay-color":"","overlay-opacity":"","overlay-gradient":""}},"ngg_post_thumbnail":0,"footnotes":""},"class_list":["post-177","page","type-page","status-publish","hentry"],"_links":{"self":[{"href":"http:\/\/www2.unifap.br\/dicont\/wp-json\/wp\/v2\/pages\/177","targetHints":{"allow":["GET"]}}],"collection":[{"href":"http:\/\/www2.unifap.br\/dicont\/wp-json\/wp\/v2\/pages"}],"about":[{"href":"http:\/\/www2.unifap.br\/dicont\/wp-json\/wp\/v2\/types\/page"}],"author":[{"embeddable":true,"href":"http:\/\/www2.unifap.br\/dicont\/wp-json\/wp\/v2\/users\/831"}],"replies":[{"embeddable":true,"href":"http:\/\/www2.unifap.br\/dicont\/wp-json\/wp\/v2\/comments?post=177"}],"version-history":[{"count":15,"href":"http:\/\/www2.unifap.br\/dicont\/wp-json\/wp\/v2\/pages\/177\/revisions"}],"predecessor-version":[{"id":1927,"href":"http:\/\/www2.unifap.br\/dicont\/wp-json\/wp\/v2\/pages\/177\/revisions\/1927"}],"wp:attachment":[{"href":"http:\/\/www2.unifap.br\/dicont\/wp-json\/wp\/v2\/media?parent=177"}],"curies":[{"name":"wp","href":"https:\/\/api.w.org\/{rel}","templated":true}]}}