{"id":2202,"date":"2021-07-23T12:24:37","date_gmt":"2021-07-23T12:24:37","guid":{"rendered":"http:\/\/www2.unifap.br\/dicont\/?page_id=2202"},"modified":"2022-03-11T13:40:56","modified_gmt":"2022-03-11T13:40:56","slug":"contrato-n-24-2018","status":"publish","type":"page","link":"http:\/\/www2.unifap.br\/dicont\/contratos\/contratos-2018-2\/contrato-n-24-2018\/","title":{"rendered":"CONTRATO N\u00b0 24\/2018"},"content":{"rendered":"<p><span style=\"text-decoration: underline;color: #ff0000\"><b>CONTRATO N\u00b0 024\/2018<\/b><\/span><\/p>\n<p style=\"text-align: left\"><b>OBJETO<\/b>: Apoiar a execu\u00e7\u00e3o das atividades estritamente necess\u00e1rias para atender ao Projeto de Pesquisa Cient\u00edfica \u2014 aplicada, intitulado &#8220;KAYKA ARAMTEM: SABER E TRADI\u00c7\u00c3O DE UM S\u00c1BIO ARUKWAYENE&#8221;, de acordo com o Projeto n\u00b043\/2018.<\/p>\n<p><b>CONTRATADO<\/b>: FUNDA\u00c7\u00c3O DE APOIO E DESENVOLVIMENTO AO ENSINO, PESQUISA E EXTENS\u00c3O UNIVERSIT\u00c1RIA NO ACRE &#8211; FUNDAPE<\/p>\n<p><span style=\"color: #008080\"><strong><a style=\"color: #008080\" href=\"https:\/\/sipac.unifap.br\/public\/jsp\/processos\/processo_detalhado.jsf?id=52116\">LINK PARA CONSULTA DO PROCESSO DE CONTRATA\u00c7\u00c3O<\/a><\/strong><\/span><\/p>\n<p><strong><span style=\"color: #008080\">LINK&#8217;S PARA CONSULTA DOS PROCESSOS DE PAGAMENTO:<\/span><\/strong><\/p>\n<p>&#8230;<\/p>\n<h1><strong><span style=\"text-decoration: underline\">___________________________________<\/span><\/strong><\/h1>\n<p>1 &#8211; DADOS DO PROJETO<\/p>\n<p>Nome do Projeto:<\/p>\n<p><strong>KAYKA ARAMTEM: SABER E TRADI\u00c7\u00c3O DE UM S\u00c1BIO ARUKWAYENE<\/strong><\/p>\n<p>Objetivo do Projeto:<\/p>\n<p>Valorizar a Cultura do Palikur-Arukwayene atrav\u00e9s da Mem\u00f3ria do S\u00e1bio Wet<\/p>\n<p>Institui\u00e7\u00e3o contratada:<\/p>\n<p>FUNDA\u00c7\u00c3O DE APOIO E DESENVOLVIMENTO AO ENSINO PESQUISA E EXTENS\u00c3O UNIVERSIT\u00c1RIA NO ACRE &#8211; FUNDAPE<\/p>\n<p>Valor do Contrato<\/p>\n<p>R$ 150.000,00 (Cento e cinquenta mil reais)<\/p>\n<p>Valor pago por despesas administrativas para a institui\u00e7\u00e3o contratada:<\/p>\n<p>R$ 15.000,00 (quinze mil reais)<\/p>\n<p>Vig\u00eancia do Contrato:<\/p>\n<p>29\/11\/2018 &#8211; 30\/06\/2022<\/p>\n<p>Nome do Coordenador do Projeto:<\/p>\n<p>ELISANDRA BARROS DA SILVA<\/p>\n<p>Nome dos bolsistas do projeto, incluindo matr\u00edcula SIAPE ou n\u00famero de matr\u00edcula de discente, Tipo de v\u00ednculo do bolsista com a UNIFAP; Carga horaria do bolsista dedicada ao projeto; Valor das bolsas incluindo do Coordenador:<\/p>\n<p>&nbsp;<\/p>\n<p><strong>Nome: ELISSANDRA BARROS DA SILVA <\/strong><\/p>\n<p>SIAPE: 1732791<\/p>\n<p>Tipo de V\u00ednculo com a UNIFAP: SERVIDOR \/ PROFESSOR EFETIVO<\/p>\n<p>Carga hor\u00e1ria dedicada ao projeto: 2,0 h\/semana<\/p>\n<p>Valor da bolsa: R$ 2.200,00<\/p>\n<p><strong>Nome: CARINA SANTOS DE ALMEIDA<\/strong><\/p>\n<p>SIAPE: 2096625<\/p>\n<p>Tipo de V\u00ednculo com a UNIFAP: SERVIDOR \/&nbsp;PROFESSOR EFETIVO<\/p>\n<p>Carga hor\u00e1ria dedicada ao projeto: 2,0 h\/semana<\/p>\n<p>Valor da bolsa: R$ 2.200,00<\/p>\n<p><strong>Nome: JEFFERSON DA SILVA MARTINS <\/strong><\/p>\n<p>SIAPE: 2696420<\/p>\n<p>Tipo de V\u00ednculo com a UNIFAP: SERVIDOR \/ T\u00c9CNICO ADMINISTRATIVO<\/p>\n<p>Carga hor\u00e1ria dedicada ao projeto: 2,0 h\/semana<\/p>\n<p>Valor da bolsa: R$ 910,50<\/p>\n<p><strong>Nome: JEREMIAS BATISTA LABONTE<\/strong><\/p>\n<p>Matr\u00edcula: 201520950026<\/p>\n<p>Tipo de V\u00ednculo com a UNIFAP: DISCENTE DE GRADUA\u00c7\u00c3O<\/p>\n<p>Valor da bolsa: R$400,00<\/p>\n<p><strong>Nome: KEILA FELICIO IAPARR\u00c1<\/strong><\/p>\n<p>Matr\u00edcula: 2019000116<\/p>\n<p>Tipo de V\u00ednculo com a UNIFAP: DISCENTE DE GRADUA\u00c7\u00c3O<\/p>\n<p>Valor da bolsa: R$400,00<\/p>\n<p><strong>Nome: LENISE FELICIO BATISTA<\/strong><\/p>\n<p>Matr\u00edcula: 2017000402<\/p>\n<p>Tipo de V\u00ednculo com a UNIFAP:&nbsp;DISCENTE DE GRADUA\u00c7\u00c3O<\/p>\n<p>Valor da bolsa: R$400,00<\/p>\n<p>Cronograma de execu\u00e7\u00e3o<\/p>\n<p>Consta no projeto 43\/2018, em anexo.<\/p>\n<p>&nbsp;<\/p>\n<p>2 &#8211; SELE\u00c7\u00c3O DE BOLSISTAS<\/p>\n<p>Forma de sele\u00e7\u00e3o dos bolsistas (se foi atrav\u00e9s de edital ou n\u00e3o)<\/p>\n<p>Foram selecionados bolsistas de gradua\u00e7\u00e3o, do curso de Licenciatura Intercultural Ind\u00edgena, falantes de parikwaki\/portugu\u00eas para atuar como tradutores.<\/p>\n<p>N\u00e3o houve edital.<\/p>\n<p>&nbsp;N\u00famero do Edital de sele\u00e7\u00e3o.<\/p>\n<p>Local de publica\u00e7\u00e3o do Edital.<\/p>\n<p>&nbsp;<\/p>\n<p>3 &#8211; FISCAIS DO PROJETO<\/p>\n<p>&nbsp;Portaria de nomea\u00e7\u00e3o<br \/>\nPORTARIA 1133\/2019 &#8211; UNIFAP<\/p>\n<p>&nbsp;Relat\u00f3rios de fiscaliza\u00e7\u00e3o dos Projetos<\/p>\n<p>Constam nos processos de pagamento, identificados abaixo.<\/p>\n<p>Relat\u00f3rios t\u00e9cnicos produzidos<\/p>\n<p>Constam nos processos de pagamento, identificados abaixo<\/p>\n<p>&nbsp;N\u00famero dos processos de pagamentos<\/p>\n<p><a href=\"https:\/\/sipac.unifap.br\/public\/jsp\/processos\/processo_detalhado.jsf?id=58680\"><strong>23125.033444\/2019-39<\/strong><\/a><\/p>\n<p><a href=\"https:\/\/sipac.unifap.br\/public\/jsp\/processos\/processo_detalhado.jsf?id=58802\"><strong>23125.034016\/2019-23<\/strong><\/a><\/p>\n<p><a href=\"https:\/\/sipac.unifap.br\/public\/jsp\/processos\/processo_detalhado.jsf?id=60518\"><strong>23125.005534\/2020-04<\/strong><\/a><\/p>\n<p><a href=\"https:\/\/sipac.unifap.br\/public\/jsp\/processos\/processo_detalhado.jsf?id=60914\"><strong>23125.007678\/2020-25<\/strong><\/a><\/p>\n<p><a href=\"https:\/\/sipac.unifap.br\/public\/jsp\/processos\/processo_detalhado.jsf?id=61249\"><strong>23125.009873\/2020-27<\/strong><\/a><\/p>\n<p><a href=\"https:\/\/sipac.unifap.br\/public\/jsp\/processos\/processo_detalhado.jsf?id=61651\"><strong>23125.012512\/2020-69<\/strong><\/a><\/p>\n<p><a href=\"https:\/\/sipac.unifap.br\/public\/jsp\/processos\/processo_detalhado.jsf?id=61823\"><strong>23125.013626\/2020-61<\/strong><\/a><\/p>\n<p><a href=\"https:\/\/sipac.unifap.br\/public\/jsp\/processos\/processo_detalhado.jsf?id=62800\"><strong>23125.019516\/2020-14<\/strong><\/a><\/p>\n<p><a href=\"https:\/\/sipac.unifap.br\/public\/jsp\/processos\/processo_detalhado.jsf?id=63003\"><strong>23125.020969\/2020-68<\/strong><\/a><\/p>\n<p><a href=\"https:\/\/sipac.unifap.br\/public\/jsp\/processos\/processo_detalhado.jsf?id=63750\"><strong>23125.001841\/2021-93 <\/strong><\/a><\/p>\n<p>&nbsp;<\/p>\n<p>Informa\u00e7\u00e3o sobre a Contrapartida para a UNIFAP<\/p>\n<p>N\u00e3o foi estabelecido contrapartida para a UNIFAP.<\/p>\n<p>&nbsp;<\/p>\n<p>Para realizar o download do arquivo em anexo, clique:<\/p>\n<p><a href=\"https:\/\/sipac.unifap.br\/sipac\/downloadArquivo?idArquivo=467385&amp;key=10fd049e81958f6959f0f1acb3cb2edd\"><strong>Projeto 432018.pdf<\/strong><\/a><\/p>\n<p><a href=\"https:\/\/sipac.unifap.br\/sipac\/downloadArquivo?idArquivo=467386&amp;key=fe5839ea0d28c6453a93cdf4ac6aca33\"><strong>Portaria 1133 2019 Fiscais.pdf<\/strong><\/a><\/p>\n<p><a href=\"https:\/\/sipac.unifap.br\/sipac\/downloadArquivo?idArquivo=467387&amp;key=862559f65ca0130ba4c7370853fc0a46\"><strong>CONTRATO_N_24-2018.pdf<\/strong><\/a><\/p>\n<p><a href=\"https:\/\/sipac.unifap.br\/sipac\/downloadArquivo?idArquivo=467388&amp;key=f445af7a6f7e7444e53e5915ede64936\"><strong>1\u00b0 TERMO ADITIVO AO CONTRATO N\u00b0 24-2018 &#8211; ASSINADO.pdf<\/strong><\/a><\/p>\n","protected":false},"excerpt":{"rendered":"<p>CONTRATO N\u00b0 024\/2018 OBJETO: Apoiar a execu\u00e7\u00e3o das atividades estritamente necess\u00e1rias para atender ao Projeto de Pesquisa Cient\u00edfica \u2014 aplicada, intitulado &#8220;KAYKA ARAMTEM: SABER E TRADI\u00c7\u00c3O DE UM S\u00c1BIO ARUKWAYENE&#8221;, de acordo com o Projeto n\u00b043\/2018. CONTRATADO: FUNDA\u00c7\u00c3O DE APOIO E DESENVOLVIMENTO AO ENSINO, PESQUISA E EXTENS\u00c3O UNIVERSIT\u00c1RIA NO ACRE &#8211; FUNDAPE LINK PARA CONSULTA&#8230;<\/p>\n","protected":false},"author":832,"featured_media":0,"parent":2258,"menu_order":1,"comment_status":"closed","ping_status":"closed","template":"","meta":{"inline_featured_image":false,"site-sidebar-layout":"default","site-content-layout":"","ast-site-content-layout":"default","site-content-style":"default","site-sidebar-style":"default","ast-global-header-display":"","ast-banner-title-visibility":"","ast-main-header-display":"","ast-hfb-above-header-display":"","ast-hfb-below-header-display":"","ast-hfb-mobile-header-display":"","site-post-title":"","ast-breadcrumbs-content":"","ast-featured-img":"","footer-sml-layout":"","theme-transparent-header-meta":"","adv-header-id-meta":"","stick-header-meta":"","header-above-stick-meta":"","header-main-stick-meta":"","header-below-stick-meta":"","astra-migrate-meta-layouts":"default","ast-page-background-enabled":"default","ast-page-background-meta":{"desktop":{"background-color":"var(--ast-global-color-4)","background-image":"","background-repeat":"repeat","background-position":"center center","background-size":"auto","background-attachment":"scroll","background-type":"","background-media":"","overlay-type":"","overlay-color":"","overlay-opacity":"","overlay-gradient":""},"tablet":{"background-color":"","background-image":"","background-repeat":"repeat","background-position":"center center","background-size":"auto","background-attachment":"scroll","background-type":"","background-media":"","overlay-type":"","overlay-color":"","overlay-opacity":"","overlay-gradient":""},"mobile":{"background-color":"","background-image":"","background-repeat":"repeat","background-position":"center center","background-size":"auto","background-attachment":"scroll","background-type":"","background-media":"","overlay-type":"","overlay-color":"","overlay-opacity":"","overlay-gradient":""}},"ast-content-background-meta":{"desktop":{"background-color":"var(--ast-global-color-5)","background-image":"","background-repeat":"repeat","background-position":"center center","background-size":"auto","background-attachment":"scroll","background-type":"","background-media":"","overlay-type":"","overlay-color":"","overlay-opacity":"","overlay-gradient":""},"tablet":{"background-color":"var(--ast-global-color-5)","background-image":"","background-repeat":"repeat","background-position":"center center","background-size":"auto","background-attachment":"scroll","background-type":"","background-media":"","overlay-type":"","overlay-color":"","overlay-opacity":"","overlay-gradient":""},"mobile":{"background-color":"var(--ast-global-color-5)","background-image":"","background-repeat":"repeat","background-position":"center center","background-size":"auto","background-attachment":"scroll","background-type":"","background-media":"","overlay-type":"","overlay-color":"","overlay-opacity":"","overlay-gradient":""}},"ngg_post_thumbnail":0,"footnotes":""},"class_list":["post-2202","page","type-page","status-publish","hentry"],"_links":{"self":[{"href":"http:\/\/www2.unifap.br\/dicont\/wp-json\/wp\/v2\/pages\/2202","targetHints":{"allow":["GET"]}}],"collection":[{"href":"http:\/\/www2.unifap.br\/dicont\/wp-json\/wp\/v2\/pages"}],"about":[{"href":"http:\/\/www2.unifap.br\/dicont\/wp-json\/wp\/v2\/types\/page"}],"author":[{"embeddable":true,"href":"http:\/\/www2.unifap.br\/dicont\/wp-json\/wp\/v2\/users\/832"}],"replies":[{"embeddable":true,"href":"http:\/\/www2.unifap.br\/dicont\/wp-json\/wp\/v2\/comments?post=2202"}],"version-history":[{"count":4,"href":"http:\/\/www2.unifap.br\/dicont\/wp-json\/wp\/v2\/pages\/2202\/revisions"}],"predecessor-version":[{"id":2267,"href":"http:\/\/www2.unifap.br\/dicont\/wp-json\/wp\/v2\/pages\/2202\/revisions\/2267"}],"up":[{"embeddable":true,"href":"http:\/\/www2.unifap.br\/dicont\/wp-json\/wp\/v2\/pages\/2258"}],"wp:attachment":[{"href":"http:\/\/www2.unifap.br\/dicont\/wp-json\/wp\/v2\/media?parent=2202"}],"curies":[{"name":"wp","href":"https:\/\/api.w.org\/{rel}","templated":true}]}}