{"id":2215,"date":"2021-08-06T13:12:15","date_gmt":"2021-08-06T13:12:15","guid":{"rendered":"http:\/\/www2.unifap.br\/dicont\/?page_id=2215"},"modified":"2023-08-16T19:49:38","modified_gmt":"2023-08-16T19:49:38","slug":"contrato-n-05-2021","status":"publish","type":"page","link":"http:\/\/www2.unifap.br\/dicont\/contratos-com-fundacao-de-apoio\/contratos-2021\/contrato-n-05-2021\/","title":{"rendered":"CONTRATO N\u00b0 05\/2021"},"content":{"rendered":"<p><span style=\"text-decoration: underline;color: #ff0000\"><b>CONTRATO N\u00b0 005\/2021<\/b><\/span><\/p>\n<p style=\"text-align: left\"><b>OBJETO<\/b>: Gest\u00e3o administrativa e financeira do projeto universidade da mulher &#8211; unimulher &#8211; de<br \/>\nacordo com o plano de aplica\u00e7\u00e3o do projeto registrado sob o n\u00b0 34\/2020, com recursos financeiros<br \/>\nprovenientes da emenda parlamentar n\u00b0 39250011.<\/p>\n<p><b>CONTRATADO<\/b>: FUNDA\u00c7\u00c3O DE APOIO E DESENVOLVIMENTO AO ENSINO, PESQUISA E EXTENS\u00c3O UNIVERSIT\u00c1RIA NO ACRE &#8211; FUNDAPE<\/p>\n<p><span style=\"color: #008080\"><strong><a style=\"color: #008080\" href=\"https:\/\/sipac.unifap.br\/public\/jsp\/processos\/processo_detalhado.jsf?id=61634\">LINK PARA CONSULTA DO PROCESSO DE CONTRATA\u00c7\u00c3O<\/a><\/strong><\/span><\/p>\n<p><strong><span style=\"color: #008080\">LINK&#8217;S PARA CONSULTA DOS PROCESSOS DE PAGAMENTO:<\/span><\/strong><\/p>\n<p><strong><span style=\"color: #008080\"><a style=\"color: #008080\" href=\"https:\/\/sipac.unifap.br\/public\/jsp\/processos\/processo_detalhado.jsf?id=64392\">PAGAMENTO DA 1\u00b0 PARCELA DO CONTRATO N\u00b0 005\/2021<\/a><\/span><\/strong><\/p>\n<h1><strong><span style=\"text-decoration: underline\">___________________________________<\/span><\/strong><\/h1>\n<p>&nbsp;<\/p>\n<p><strong>&nbsp;<\/strong>1&nbsp; &#8211; DADOS DO PROJETO<\/p>\n<p>&#8211; <strong>Nome do Projeto<\/strong><\/p>\n<p>Gest\u00e3o administrativa e financeira do projeto Universidade da Mulher \u2013 UNIMULHER \u2013 de acordo com o plano de aplica\u00e7\u00e3o do projeto registrado sob o n\u00b0 34\/2020, com recursos financeiros provenientes da emenda parlamentar n\u00b0 39250011.<\/p>\n<p><strong>Objetivo do Projeto<\/strong><\/p>\n<p>Promover a melhoria das condi\u00e7\u00f5es de vida, a igualdade e os direitos de cidadania da mulher.<\/p>\n<p><strong>Objetivos Espec\u00edficos<\/strong><\/p>\n<p>Difundir os direitos das mulheres em situa\u00e7\u00e3o de viol\u00eancia considerando as quest\u00f5es \u00e9tnicas, raciais, geracionais, de orienta\u00e7\u00e3o sexual, de defici\u00eancia e de inser\u00e7\u00e3o social, econ\u00f4mica e regional; estimular a amplia\u00e7\u00e3o da participa\u00e7\u00e3o de mulheres nos partidos pol\u00edticos e nos cargos de lideran\u00e7a e de decis\u00e3o no \u00e2mbito das entidades representativas de movimentos sociais, sindicatos, conselhos de naturezas diversas; contribuir para a redu\u00e7\u00e3o da desigualdade entre mulheres e homens; discutir os direitos sexuais e os direitos reprodutivos das mulheres em todas as fases do seu ciclo de vida e nos diversos grupos populacionais, sem discrimina\u00e7\u00f5es; contribuir para a supera\u00e7\u00e3o da viol\u00eancia contra as mulheres, decorrente do racismo, do sexismo e da lesbofobia.<\/p>\n<p>&nbsp;<\/p>\n<p><strong>Institui\u00e7\u00e3o Contratada<\/strong><\/p>\n<p>Funda\u00e7\u00e3o de Apoio e Desenvolvimento ao Ensino, Pesquisa e Extens\u00e3o Universit\u00e1ria no Acre &#8211; FUNDAPE<\/p>\n<p>&nbsp;<\/p>\n<p>Valor do Contrato (n\u00famero do contrato, incluindo os aditivos se houver) R$ 158.660,00 (Cento e cinquenta e oito mil, seiscentos e sessenta reais)<\/p>\n<p>&nbsp;<\/p>\n<p>Valor pago por despesas administrativas para a institui\u00e7\u00e3o contratada; R$ 13.060,00 (Treze mil e sessenta reais)<\/p>\n<p>&nbsp;<\/p>\n<p>Vig\u00eancia do Contrato 01\/02\/2021 A 31\/01\/2022<\/p>\n<p>Nome do Coordenador do Projeto;<\/p>\n<p><strong>KELLY HUANY DE MELO BRAGA \u2013 SIAPE 1696182<\/strong><\/p>\n<p>&nbsp;<\/p>\n<p>Nome dos bolsistas do projeto, incluindo matr\u00edcula SIAPE ou n\u00famero de matr\u00edcula de discente, Tipo de v\u00ednculo do bolsista com a UNIFAP; Carga horaria do bolsista dedicada ao projeto; Valor das bolsas incluindo do Coordenador;<\/p>\n<p><strong>Nome: KELLY HUANY DE MELO BRAGA<\/strong><\/p>\n<p>Coordenadora do Projeto SIAPE: 1696182<\/p>\n<p>Tipo de V\u00ednculo com a UNIFAP: SERVIDOR<\/p>\n<p>Carga hor\u00e1ria dedicada ao projeto: 4,0 h\/semanais Valor da bolsa: R$ 3.000,00<\/p>\n<p>Quantidade de Bolsas &#8211; 12<\/p>\n<p>&nbsp;<\/p>\n<h4><strong>Nome: CL\u00c1UDIO M\u00c1RCIO CAMPOS DE MENDON\u00c7A<\/strong><\/h4>\n<p>SIAPE: 2062334<\/p>\n<p>Tipo de V\u00ednculo com a UNIFAP: SERVIDOR \/ PROFESSOR EFETIVO<\/p>\n<p>Carga hor\u00e1ria dedicada ao projeto: 4,0 h\/semanais<\/p>\n<p>Valor da bolsa: R$ 3.600,00<\/p>\n<p>Quantidade de Bolsas &#8211; 02<\/p>\n<p>&nbsp;<\/p>\n<h4>Nome: ERIKA TATIANE DE ALMEIDA FERNANDES RODRIGUES<\/h4>\n<h4><strong>&nbsp;<\/strong>SIAPE: 1752259<\/h4>\n<p>Tipo de V\u00ednculo com a UNIFAP: SERVIDOR \/ PROFESSOR EFETIVO<\/p>\n<p>Carga hor\u00e1ria dedicada ao projeto: 4,0 h\/semanais<\/p>\n<p>Valor da bolsa: R$ 3.600,00 Quantidade de Bolsas &#8211; 02<\/p>\n<p>&nbsp;<\/p>\n<h4>Nome: ROBSON MATERKO<\/h4>\n<p><strong>&nbsp;<\/strong>SIAPE: 1315886<\/p>\n<p>Tipo de V\u00ednculo com a UNIFAP: SERVIDOR \/ PROFESSOR EFETIVO<\/p>\n<p>Carga hor\u00e1ria dedicada ao projeto: 4,0 h\/semanais<\/p>\n<p>Valor da bolsa: R$ 3.600,00<\/p>\n<p>Quantidade de Bolsas: 02<\/p>\n<p>&nbsp;<\/p>\n<h4>Nome: ANA CRISTINA DE PAULA MAUES SOARES<\/h4>\n<p>SIAPE: 1824721<\/p>\n<p>Tipo de V\u00ednculo com a UNIFAP: SERVIDOR \/ PROFESSOR EFETIVO<\/p>\n<p>Carga hor\u00e1ria dedicada ao projeto: 4,0 h\/semanais<\/p>\n<p>Valor da bolsa: R$ 3.600,00<\/p>\n<p>Quantidade de Bolsas &#8211; 02<\/p>\n<p>&nbsp;<\/p>\n<h4>Nome: ERICK FRANCK NOGUEIRA DA PAIX\u00c3O<\/h4>\n<p><strong>&nbsp;<\/strong>Fun\u00e7\u00e3o: Vice Coordenador<\/p>\n<p>SIAPE: 1563503<\/p>\n<p>Tipo de V\u00ednculo com a UNIFAP: SERVIDOR \/ PROFESSOR EFETIVO<\/p>\n<p>Carga hor\u00e1ria dedicada ao projeto: 4,0 h\/semanais<\/p>\n<p>Valor da bolsa: R$ 3.600,00<\/p>\n<p>Quantidade de Bolsas: 12<\/p>\n<p>&nbsp;<\/p>\n<h4>Nome: JULIO CESAR DE CARVALHO SILVA<\/h4>\n<p><strong>&nbsp;<\/strong>SIAPE: 1122151<\/p>\n<p>Tipo de V\u00ednculo com a UNIFAP: SERVIDOR<\/p>\n<p>Carga hor\u00e1ria dedicada ao projeto: 4,0 h\/semanais<\/p>\n<p>Valor da bolsa: R$ 1.000,00<\/p>\n<p>Quantidade de Bolsas &#8211; 07<\/p>\n<p>&nbsp;<\/p>\n<h4>Nome: LUCIANA FERNANDES BITTENCOURT<\/h4>\n<p><strong>&nbsp;<\/strong>Matr\u00edcula UNIFAP: 2019011503<\/p>\n<p>Tipo de V\u00ednculo com a UNIFAP: DISCENTE<\/p>\n<p>Carga hor\u00e1ria dedicada ao projeto: 20 h\/semanais<\/p>\n<p>Valor da bolsa: R$ 1.000,00<\/p>\n<p>Quantidade de Bolsas &#8211; 07<\/p>\n<p>&nbsp;<\/p>\n<p><strong>Cronograma de execu\u00e7\u00e3o<\/strong>;<\/p>\n<ol>\n<li>Planejamento das atividades, publica\u00e7\u00e3o do edital de sele\u00e7\u00e3o de Alunas: de&nbsp;Fevereiro 2021 a Maio 2021<\/li>\n<li>Execu\u00e7\u00e3o dos Cursos: de Junho 2021 a Dezembro 2021<\/li>\n<\/ol>\n<ol start=\"3\">\n<li>Elabora\u00e7\u00e3o de Relat\u00f3rio final:&nbsp; Janeiro 2022<\/li>\n<\/ol>\n<p>&nbsp;<\/p>\n<p><strong>2&nbsp; &#8211; SELE\u00c7\u00c3O DE BOLSISTAS<\/strong><\/p>\n<ul>\n<li>Forma de sele\u00e7\u00e3o: (se foi atrav\u00e9s de edital ou n\u00e3o);\n<ul>\n<li>Sele\u00e7\u00e3o dos Instrutores;<\/li>\n<\/ul>\n<\/li>\n<\/ul>\n<p>Edital n\u00b0 01\/2021 &#8211; DEX\/PROEAC <a href=\"https:\/\/www2.unifap.br\/dex\/editais-internos-2020\/\">https:\/\/www2.unifap.br\/dex\/editais-internos-2020\/<\/a><\/p>\n<ul>\n<li>Sele\u00e7\u00e3o dos Alunos<\/li>\n<\/ul>\n<p>&#8211; Numero do Edital de Sele\u00e7\u00e3o: Edital n\u00b0 03\/2021-DEX\/PROEAC<\/p>\n<p>&#8211; Local de publica\u00e7\u00e3o do Edital: <a href=\"https:\/\/www2.unifap.br\/dex\/editais-internos-2021\/\">https:\/\/www2.unifap.br\/dex\/editais-internos-2021\/<\/a><\/p>\n<p>&nbsp;<\/p>\n<p><strong>3&nbsp; &#8211; FISCAIS DO PROJETO<\/strong><\/p>\n<ul>\n<li>Portaria de nomea\u00e7\u00e3o<\/li>\n<\/ul>\n<p>Portaria n\u00b0 0251\/2021-UNIFAP<\/p>\n<p><strong>Gestor do Contrato<\/strong><\/p>\n<p>Titular &#8211; Huann Carlo Gentil Vasconcelos \u2013 Bi\u00f3logo \u2013 SIAPE 1653810<\/p>\n<p>suplente \u2013 Steve Wanderson Calheiros de Ara\u00fajo \u2013 Professor \u2013 SIAPE 1453726<\/p>\n<p><strong>Fiscal Administrativo<\/strong><\/p>\n<p>Titular \u2013 Joaquim dos Santos Filho &#8211; Servidor \u2013 SIAPE 1126040<\/p>\n<p>Suplente \u2013 Gerson Vanderlei dos Anjos Gurj\u00e3o \u2013 Servidor \u2013 SIAPE 1017786<\/p>\n<p><strong>Fiscal T\u00e9cnico<\/strong><\/p>\n<p>Titular \u2013 Edmar dos Reis Saraiva \u2013 Servidor \u2013 SIAPE 21677388 Suplente \u2013 Marcia Bastos Sarraf \u2013 Servidora \u2013 SIAPE 2858616<\/p>\n<p>&nbsp;<\/p>\n<h4><strong>Relat\u00f3rios de fiscaliza\u00e7\u00e3o dos Projetos<\/strong>;<\/h4>\n<p><strong>Relat\u00f3rios t\u00e9cnicos produzidos;<\/strong><\/p>\n<p>RELAT\u00d3RIO DE FISCALIZA\u00c7\u00c3O T\u00c9CNICA N\u00ba 50 \/ 2021 &#8211; DEX (11.02.30.02)<\/p>\n<p>N\u00ba do Protocolo: N\u00c3O PROTOCOLADO Macap\u00e1-AP, 23 de Mar\u00e7o de 2021<\/p>\n<p>RELAT\u00d3RIO T\u00c9CNICO DE FISCALIZA\u00c7\u00c3O DO CONTRATO N\u00b0 005\/2021<\/p>\n<p>CONTRATADA: FUNDA\u00c7\u00c3O DE APOIO E DESENVOLVIMENTO AO ENSINO, PESQUISA E EXTENS\u00c3O UNIVERSIT\u00c1RIA NO ACRE &#8211; FUNDAPE<\/p>\n<p>CNPJ: 02.646.829\/0001-91 CONTRATO: N\u00b0 005\/2021<\/p>\n<p>OBJETO DO CONTRATO: Gest\u00e3o administrativa e financeira do Projeto Universidade da Mulher<\/p>\n<ul>\n<li>UniMulher &#8211; de acordo com o plano de aplica\u00e7\u00e3o do projeto registrado sob o n\u00b0 34\/2020, com recursos financeiros provenientes da emenda parlamentar n\u00b0 39250011&#8243;<\/li>\n<\/ul>\n<p>PER\u00cdODO DE VIG\u00caNCIA: 01\/02\/2021 a 31\/01\/2022. VALOR TOTAL DO CONTRATO: R$ 158.660,00.<\/p>\n<p>VALOR DA PRIMEIRA PARCELA DO CONTRATO: R$ 73.805,00 (setenta e tr\u00eas mil oitocentos e cinco reais).<\/p>\n<p>COLABORADORES DO PROJETO EM ATIVIDADE NO M\u00caS DE FEVEREIRO E MAR\u00c7O:<\/p>\n<p>Kelly Huany de Melo Braga (coordenadora);<\/p>\n<p>Erick Frank Nogueira da Paix\u00e3o (vice-coordenador); Swanny Ferreira Borges (pesquisadora do projeto). PREVIS\u00c3O PARA IN\u00cdCIO DAS AULAS: Abril\/2021<\/p>\n<p>Informo ainda que segundo a coordenadora do projeto, as aulas correr\u00e3o em formato h\u00edbrido, em conformidade com a Resolu\u00e7\u00e3o 005\/2021 &#8211; CONSU\/UNIFAP, de 26 de fevereiro de 2021.<\/p>\n<p>(Assinado digitalmente em 23\/03\/2021 21:39) EDMAR DOS REIS SARAIVA &#8211;&nbsp;ASSISTENTE EM ADMINISTRACAO<\/p>\n<p>&nbsp;<\/p>\n<p><strong>&nbsp;<\/strong><strong>Relat\u00f3rio Administrativo Produzido<\/strong><\/p>\n<p>RELAT\u00d3RIO DE FISCALIZA\u00c7\u00c3O ADMINISTRATIVA N\u00ba 18 \/ 2021 &#8211; DEX (11.02.30.02)<\/p>\n<p>N\u00ba do Protocolo: N\u00c3O PROTOCOLADO Macap\u00e1-AP, 23 de Mar\u00e7o de 2021<\/p>\n<p>RELAT\u00d3RIO ADMINISTRATIVO DE FISCALIZA\u00c7\u00c3O CONTRATADA: FUNDA\u00c7\u00c3O DE APOIO E DESENVOLVIMENTO AO ENSINO, PESQUISA E EXTENS\u00c3O UNIVERSIT\u00c1RIA NO ACRE &#8211; FUNDAPE<\/p>\n<p>CNPJ: 02.646.829\/0001-91 CONTRATO: N\u00b0 005\/2021<\/p>\n<p>Ao fiscal administrativo compete acompanhar a execu\u00e7\u00e3o dos servi\u00e7os, no que se refere ao cumprimento das obriga\u00e7\u00f5es trabalhistas, previdenci\u00e1rias e fiscais pela contratada, bem como receber provisoriamente o servi\u00e7o. Nesse sentido, ap\u00f3s dilig\u00eancias realizadas, constatou-se a regularidade das seguintes certid\u00f5es:<\/p>\n<p>CERTIFICADO DE REGULARIDADE DO FGTS &#8211; CRF CERTID\u00c3O NEGATIVA QUANTO A D\u00cdVIDA ATIVA CERTID\u00c3O NEGATIVA DE D\u00c9BITOS N\u00b0 5117\/2021<\/p>\n<p>CERTID\u00c3O POSITIVA COM EFEITOS DE NEGATIVA DE D\u00c9BITOS RELATIVOS AOS TRIBUTOS FEDERAIS E \u00c0 D\u00cdVIDA ATIVA DA UNI\u00c3O<\/p>\n<p>CERTID\u00c3O NEGATIVA DE D\u00c9BITO COM A SEFAZ CERTID\u00c3O NEGATIVA DE D\u00c9BITOS TRABALHISTAS<\/p>\n<p>Informo ainda que conforme Resolu\u00e7\u00e3o 005\/2021 &#8211; CONSU\/UNIFAP, de 26 de fevereiro de 2021, as aulas do projeto de extens\u00e3o UNIMULHER, ocorrer\u00e3o de forma h\u00edbrida, e tem data prevista para iniciar no m\u00eas de abril\/2021. No mais, o pagamento da nota fiscal n\u00b0 206, no valor de R$ 73.805,00 (setenta e tr\u00eas mil oitocentos e cinco reais), est\u00e1 em conformidade com plano de aplica\u00e7\u00e3o do projeto registrado sob o n\u00b0 34\/2020.<\/p>\n<p>(Assinado digitalmente em 23\/03\/2021 16:18) JOAQUIM DOS SANTOS FILHO &#8211;&nbsp;SERVENTE DE LIMPEZ<\/p>\n<p>&nbsp;<\/p>\n<p><strong>Informa\u00e7\u00e3o sobre a Contrapartida para a UNIFAP<\/strong>: R$ 790,00<\/p>\n<p><strong>N\u00famero dos processos de pagamentos <\/strong><\/p>\n<p><strong>1\u00aa PARCELA DO CONTRATO N\u00b0 05\/2021<\/strong>:<\/p>\n<p>Processo n\u00b0 006141\/2021-05<\/p>\n","protected":false},"excerpt":{"rendered":"<p>CONTRATO N\u00b0 005\/2021 OBJETO: Gest\u00e3o administrativa e financeira do projeto universidade da mulher &#8211; unimulher &#8211; de acordo com o plano de aplica\u00e7\u00e3o do projeto registrado sob o n\u00b0 34\/2020, com recursos financeiros provenientes da emenda parlamentar n\u00b0 39250011. CONTRATADO: FUNDA\u00c7\u00c3O DE APOIO E DESENVOLVIMENTO AO ENSINO, PESQUISA E EXTENS\u00c3O UNIVERSIT\u00c1RIA NO ACRE &#8211; FUNDAPE&#8230;<\/p>\n","protected":false},"author":831,"featured_media":0,"parent":2409,"menu_order":1,"comment_status":"closed","ping_status":"closed","template":"","meta":{"inline_featured_image":false,"site-sidebar-layout":"default","site-content-layout":"","ast-site-content-layout":"default","site-content-style":"default","site-sidebar-style":"default","ast-global-header-display":"","ast-banner-title-visibility":"","ast-main-header-display":"","ast-hfb-above-header-display":"","ast-hfb-below-header-display":"","ast-hfb-mobile-header-display":"","site-post-title":"","ast-breadcrumbs-content":"","ast-featured-img":"","footer-sml-layout":"","theme-transparent-header-meta":"","adv-header-id-meta":"","stick-header-meta":"","header-above-stick-meta":"","header-main-stick-meta":"","header-below-stick-meta":"","astra-migrate-meta-layouts":"default","ast-page-background-enabled":"default","ast-page-background-meta":{"desktop":{"background-color":"var(--ast-global-color-4)","background-image":"","background-repeat":"repeat","background-position":"center center","background-size":"auto","background-attachment":"scroll","background-type":"","background-media":"","overlay-type":"","overlay-color":"","overlay-opacity":"","overlay-gradient":""},"tablet":{"background-color":"","background-image":"","background-repeat":"repeat","background-position":"center center","background-size":"auto","background-attachment":"scroll","background-type":"","background-media":"","overlay-type":"","overlay-color":"","overlay-opacity":"","overlay-gradient":""},"mobile":{"background-color":"","background-image":"","background-repeat":"repeat","background-position":"center center","background-size":"auto","background-attachment":"scroll","background-type":"","background-media":"","overlay-type":"","overlay-color":"","overlay-opacity":"","overlay-gradient":""}},"ast-content-background-meta":{"desktop":{"background-color":"var(--ast-global-color-5)","background-image":"","background-repeat":"repeat","background-position":"center center","background-size":"auto","background-attachment":"scroll","background-type":"","background-media":"","overlay-type":"","overlay-color":"","overlay-opacity":"","overlay-gradient":""},"tablet":{"background-color":"var(--ast-global-color-5)","background-image":"","background-repeat":"repeat","background-position":"center center","background-size":"auto","background-attachment":"scroll","background-type":"","background-media":"","overlay-type":"","overlay-color":"","overlay-opacity":"","overlay-gradient":""},"mobile":{"background-color":"var(--ast-global-color-5)","background-image":"","background-repeat":"repeat","background-position":"center center","background-size":"auto","background-attachment":"scroll","background-type":"","background-media":"","overlay-type":"","overlay-color":"","overlay-opacity":"","overlay-gradient":""}},"ngg_post_thumbnail":0,"footnotes":""},"class_list":["post-2215","page","type-page","status-publish","hentry"],"_links":{"self":[{"href":"http:\/\/www2.unifap.br\/dicont\/wp-json\/wp\/v2\/pages\/2215","targetHints":{"allow":["GET"]}}],"collection":[{"href":"http:\/\/www2.unifap.br\/dicont\/wp-json\/wp\/v2\/pages"}],"about":[{"href":"http:\/\/www2.unifap.br\/dicont\/wp-json\/wp\/v2\/types\/page"}],"author":[{"embeddable":true,"href":"http:\/\/www2.unifap.br\/dicont\/wp-json\/wp\/v2\/users\/831"}],"replies":[{"embeddable":true,"href":"http:\/\/www2.unifap.br\/dicont\/wp-json\/wp\/v2\/comments?post=2215"}],"version-history":[{"count":5,"href":"http:\/\/www2.unifap.br\/dicont\/wp-json\/wp\/v2\/pages\/2215\/revisions"}],"predecessor-version":[{"id":2249,"href":"http:\/\/www2.unifap.br\/dicont\/wp-json\/wp\/v2\/pages\/2215\/revisions\/2249"}],"up":[{"embeddable":true,"href":"http:\/\/www2.unifap.br\/dicont\/wp-json\/wp\/v2\/pages\/2409"}],"wp:attachment":[{"href":"http:\/\/www2.unifap.br\/dicont\/wp-json\/wp\/v2\/media?parent=2215"}],"curies":[{"name":"wp","href":"https:\/\/api.w.org\/{rel}","templated":true}]}}