{"id":2220,"date":"2021-08-09T17:13:20","date_gmt":"2021-08-09T17:13:20","guid":{"rendered":"http:\/\/www2.unifap.br\/dicont\/?page_id=2220"},"modified":"2023-08-16T19:50:14","modified_gmt":"2023-08-16T19:50:14","slug":"contrato-n-07-2021","status":"publish","type":"page","link":"http:\/\/www2.unifap.br\/dicont\/contratos-com-fundacao-de-apoio\/contratos-2021\/contrato-n-07-2021\/","title":{"rendered":"CONTRATO N\u00b0 07\/2021"},"content":{"rendered":"<p><span style=\"text-decoration: underline;color: #ff0000\"><b>CONTRATO N\u00b0 007\/2021<\/b><\/span><\/p>\n<p style=\"text-align: left\"><b>OBJETO<\/b>: Gest\u00e3o Administrativa e financeira do \u201cPROJETO UNIVERSIDADE ABERTA A PESSOA IDOSA &#8211; UMAP, de acordo com o plano de aplica\u00e7\u00e3o do projeto registrado sob o n\u00b0 38\/2020, com recursos financeiros provenientes da emenda parlamentar n\u00ba 39250011.<\/p>\n<p><b>CONTRATADO<\/b>: FUNDA\u00c7\u00c3O DE APOIO E DESENVOLVIMENTO AO ENSINO, PESQUISA E EXTENS\u00c3O UNIVERSIT\u00c1RIA NO ACRE &#8211; FUNDAPE<\/p>\n<p><span style=\"color: #008080\"><strong><a style=\"color: #008080\" href=\"https:\/\/sipac.unifap.br\/public\/jsp\/processos\/processo_detalhado.jsf?id=61656\">LINK PARA CONSULTA DO PROCESSO DE CONTRATA\u00c7\u00c3O<\/a><\/strong><\/span><\/p>\n<p><strong><span style=\"color: #008080\">LINK&#8217;S PARA CONSULTA DOS PROCESSOS DE PAGAMENTO:<\/span><\/strong><\/p>\n<p><strong><span style=\"color: #008080\"><a style=\"color: #008080\" href=\"https:\/\/sipac.unifap.br\/public\/jsp\/processos\/processo_detalhado.jsf?id=64563\">PAGAMENTO DA 1\u00b0 PARCELA DO CONTRATO N\u00b0 007\/2021<\/a><\/span><\/strong><\/p>\n<h1><strong><span style=\"text-decoration: underline\">___________________________________<\/span><\/strong><\/h1>\n<p><strong>1 &#8211; DADOS DO PROJETO:<\/strong><\/p>\n<p><strong>Nome do projeto:<\/strong> <strong>Universidade Aberta \u00e0 Pessoa Idosa \u2013 UMAP<\/strong><\/p>\n<p><strong>Objetivo do projeto<\/strong>: Oferecer uma educa\u00e7\u00e3o permanente ao idoso, propiciando a continuidade&nbsp; do seu desenvolvimento pessoal, social e pol\u00edtico, por meio de a\u00e7\u00e3o educativa, de sa\u00fade e integra\u00e7\u00e3o na vida acad\u00eamica; Propiciar ao individuo com idade igual ou superior a 60 (sessenta) anos uma forma de bem utilizar , criativa e produtivamente seu tempo livre: Organizar e estimular a participa\u00e7\u00e3o do idoso em atividades que propiciem crescimento intelectual e de resgate cultural local e regional; Propiciar aquisi\u00e7\u00e3o e atualiza\u00e7\u00e3o de conhecimentos, levando ao desenvolvimento de potencialidades, interesses, transforma\u00e7\u00e3o pessoal e social. Consolidar o compromisso da UNIFAP de inclus\u00e3o, participa\u00e7\u00e3o social e pol\u00edtica das pessoas idosas; Difundir bem-estar ao viver das pessoas idosas.<\/p>\n<p>Caso o cen\u00e1rio de pandemia se estenda durante o per\u00edodo de 2021 e 2022, o projeto ser\u00e1 realizado via remota por meio de plataforma digital, conforme orienta\u00e7\u00e3o\/legisla\u00e7\u00e3o vigente.<\/p>\n<p>&nbsp;<\/p>\n<p><strong>Institui\u00e7\u00e3o contratada: <\/strong>Funda\u00e7\u00e3o de Apoio e Desenvolvimento ao Ensino, Pesquisa e Extens\u00e3o Universit\u00e1ria do Acre \u2013 FUNDAPE.<\/p>\n<p>&nbsp;<\/p>\n<p><strong>Valor do contrato<\/strong>: R$ 167.050,00 (cento e sessenta e sete mil reais).<\/p>\n<p><strong>N\u00famero do contrato: <\/strong>n\u00ba 07\/2021<\/p>\n<p>&nbsp;<\/p>\n<p><strong>Valor pago por despesas administrativas para a institui\u00e7\u00e3o contratada: <\/strong>R$ 11.050,00 (onze mil e cinquenta reais).<\/p>\n<p>&nbsp;<\/p>\n<p><strong>Vig\u00eancia do contrato:<\/strong> 19\/02\/2021 \u00e0 19\/02\/2022.<\/p>\n<p><strong>Nome do Coordenador: <\/strong>Gerson Vanderlei dos A. Gurj\u00e3o.<\/p>\n<p>&nbsp;<\/p>\n<p>Nome dos Bolsistas:<\/p>\n<table width=\"716\">\n<tbody>\n<tr>\n<td width=\"234\"><strong>Nome dos bolsistas<\/strong><\/td>\n<td width=\"104\"><strong>Matricula<\/strong><\/td>\n<td width=\"132\"><strong>Carga hor\u00e1ria <\/strong><\/td>\n<td width=\"123\"><strong>Vinculo<\/strong><\/td>\n<td width=\"123\"><strong>Valor da bolsa<\/strong><\/td>\n<\/tr>\n<tr>\n<td width=\"234\">Andr\u00e9ia Jayme Batista<\/td>\n<td width=\"104\">1818829<\/td>\n<td width=\"132\">04 hs\/semanais<\/td>\n<td width=\"123\">Servidor<\/td>\n<td width=\"123\">60,00 hs\/aula<\/td>\n<\/tr>\n<tr>\n<td width=\"234\">Adriana Natividade Freitas<\/td>\n<td width=\"104\">1201039009<\/td>\n<td width=\"132\">04 hs\/semanais<\/td>\n<td width=\"123\">Discente<\/td>\n<td width=\"123\">1.100,00<\/td>\n<\/tr>\n<tr>\n<td width=\"234\">Clodoaldo Tentes C\u00f4rtes<\/td>\n<td width=\"104\">2356028<\/td>\n<td width=\"132\">08 hs\/semanais<\/td>\n<td width=\"123\">Servidor<\/td>\n<td width=\"123\">60,00 hs\/aula<\/td>\n<\/tr>\n<tr>\n<td width=\"234\">Crec\u00eancio Pereira Neto<\/td>\n<td width=\"104\">2280654<\/td>\n<td width=\"132\">04 hs\/semanais<\/td>\n<td width=\"123\">Servidor<\/td>\n<td width=\"123\">1.100,00<\/td>\n<\/tr>\n<tr>\n<td width=\"234\">Gerson Vanderlei dos A. Gurj\u00e3o<\/td>\n<td width=\"104\">10177868<\/td>\n<td width=\"132\">04 hs\/semanais<\/td>\n<td width=\"123\">Servidor<\/td>\n<td width=\"123\">3.000,00<\/td>\n<\/tr>\n<tr>\n<td width=\"234\">Israel Negreiros Barbosa Mendes<\/td>\n<td width=\"104\">2177772<\/td>\n<td width=\"132\">04 hs\/semanais<\/td>\n<td width=\"123\">Servidor<\/td>\n<td width=\"123\">1.100,00<\/td>\n<\/tr>\n<tr>\n<td width=\"234\">Luiz Laboissiere J\u00fanior<\/td>\n<td width=\"104\">2028160<\/td>\n<td width=\"132\">08 hs\/semanais<\/td>\n<td width=\"123\">Servidor<\/td>\n<td width=\"123\">60,00 hs\/aula<\/td>\n<\/tr>\n<tr>\n<td width=\"234\">Robson Rodrigues Aguiar<\/td>\n<td width=\"104\">1751831<\/td>\n<td width=\"132\">04 hs\/semanais<\/td>\n<td width=\"123\">Servidor<\/td>\n<td width=\"123\">1.000,00<\/td>\n<\/tr>\n<tr>\n<td width=\"234\">Robson Materko<\/td>\n<td width=\"104\">1315886<\/td>\n<td width=\"132\">04 hs\/semanais<\/td>\n<td width=\"123\">Servidor<\/td>\n<td width=\"123\">60,00 hs\/aula<\/td>\n<\/tr>\n<tr>\n<td width=\"234\">Revan Ara\u00fajo de Souza<\/td>\n<td width=\"104\">2119571<\/td>\n<td width=\"132\">08 hs\/semanais<\/td>\n<td width=\"123\">Servidor<\/td>\n<td width=\"123\">60,00 hs\/aula<\/td>\n<\/tr>\n<tr>\n<td width=\"234\">Romualdo Rodrigues Palhano<\/td>\n<td width=\"104\">1152944<\/td>\n<td width=\"132\">04 hs\/semanais<\/td>\n<td width=\"123\">Servidor<\/td>\n<td width=\"123\">60,00hs\/aula<\/td>\n<\/tr>\n<tr>\n<td width=\"234\">Steve Wanderson C. de Ara\u00fajo<\/td>\n<td width=\"104\">1453726<\/td>\n<td width=\"132\">04 hs\/semanais<\/td>\n<td width=\"123\">Servidor<\/td>\n<td width=\"123\">3.000,00<\/td>\n<\/tr>\n<tr>\n<td width=\"234\">Wollner Materko<\/td>\n<td width=\"104\">2389271<\/td>\n<td width=\"132\">08 hs\/semanais<\/td>\n<td width=\"123\">Servidor<\/td>\n<td width=\"123\">60,00 hs\/aula<\/td>\n<\/tr>\n<\/tbody>\n<\/table>\n<p><strong>&nbsp;<\/strong><\/p>\n<p><strong>Cronograma de execu\u00e7\u00e3o: <\/strong><\/p>\n<table width=\"709\">\n<tbody>\n<tr>\n<td width=\"123\"><strong>Etapas<\/strong><\/td>\n<td width=\"378\"><strong>Especifica\u00e7\u00e3o<\/strong><\/td>\n<td width=\"208\"><strong>Per\u00edodo<\/strong><\/td>\n<\/tr>\n<tr>\n<td width=\"123\">&#8211; Primeira<\/td>\n<td width=\"378\">Planejamento, lan\u00e7amento do edital e matr\u00edcula dos alunos;<\/td>\n<td width=\"208\">Fevereiro \u00e0 abril 2021<\/td>\n<\/tr>\n<tr>\n<td width=\"123\">&#8211; Segunda<\/td>\n<td width=\"378\">Execu\u00e7\u00e3o das atividades, conforme a grade disciplinar do projeto;<\/td>\n<td width=\"208\">Maio\/2021 \u00e0 janeiro\/2022<\/td>\n<\/tr>\n<tr>\n<td width=\"123\">&#8211; Terceira<\/td>\n<td width=\"378\">Certifica\u00e7\u00e3o dos alunos e relat\u00f3rio final de atividades.<\/td>\n<td width=\"208\">Fevereiro\/2022<\/td>\n<\/tr>\n<\/tbody>\n<\/table>\n<p><strong>&nbsp;<\/strong><\/p>\n<p><strong>2 \u2013 SELE\u00c7\u00c3O DE BOLSISTAS:<\/strong><\/p>\n<p>A forma de sele\u00e7\u00e3o dos instrutores foi atrav\u00e9s do edital n.\u00ba 02\/2020\/DEX, de 01\/06\/2020, publicado na p\u00e1gina oficial do projeto e do Departamento de Extens\u00e3o<strong>.<\/strong><\/p>\n<p><strong>&nbsp;<\/strong><\/p>\n<p><strong>3 \u2013 FISCAIS DO PROJETO:<\/strong><\/p>\n<p><strong>Portaria de nomea\u00e7\u00e3o: N\u00b0 0440\/2021<\/strong><\/p>\n<p><strong>&nbsp;<\/strong><\/p>\n<p><strong>Relat\u00f3rio de fiscaliza\u00e7\u00e3o do Projeto<\/strong><\/p>\n<p><strong>&nbsp;<\/strong><strong> Constam no processo de pagamento<\/strong><strong>&nbsp;<\/strong><\/p>\n<p><strong>&nbsp;<\/strong><\/p>\n<p><strong>&#8211; Contrapartida para a UNIFAP:<\/strong><\/p>\n<p>&nbsp; Foi disponibilizado R$ 8.333,33 (oito mil trezentos e trina e tr\u00eas reais).<\/p>\n<p><strong>&nbsp;<\/strong><\/p>\n<p><strong>&#8211; N\u00famero do processo de pagamento:<\/strong><\/p>\n<p>&nbsp; Processo n.\u00ba 23125.007260\/2021-56<\/p>\n<p><strong>&nbsp;<\/strong><\/p>\n","protected":false},"excerpt":{"rendered":"<p>CONTRATO N\u00b0 007\/2021 OBJETO: Gest\u00e3o Administrativa e financeira do \u201cPROJETO UNIVERSIDADE ABERTA A PESSOA IDOSA &#8211; UMAP, de acordo com o plano de aplica\u00e7\u00e3o do projeto registrado sob o n\u00b0 38\/2020, com recursos financeiros provenientes da emenda parlamentar n\u00ba 39250011. CONTRATADO: FUNDA\u00c7\u00c3O DE APOIO E DESENVOLVIMENTO AO ENSINO, PESQUISA E EXTENS\u00c3O UNIVERSIT\u00c1RIA NO ACRE &#8211;&#8230;<\/p>\n","protected":false},"author":832,"featured_media":0,"parent":2409,"menu_order":3,"comment_status":"closed","ping_status":"closed","template":"","meta":{"inline_featured_image":false,"site-sidebar-layout":"default","site-content-layout":"","ast-site-content-layout":"default","site-content-style":"default","site-sidebar-style":"default","ast-global-header-display":"","ast-banner-title-visibility":"","ast-main-header-display":"","ast-hfb-above-header-display":"","ast-hfb-below-header-display":"","ast-hfb-mobile-header-display":"","site-post-title":"","ast-breadcrumbs-content":"","ast-featured-img":"","footer-sml-layout":"","theme-transparent-header-meta":"","adv-header-id-meta":"","stick-header-meta":"","header-above-stick-meta":"","header-main-stick-meta":"","header-below-stick-meta":"","astra-migrate-meta-layouts":"default","ast-page-background-enabled":"default","ast-page-background-meta":{"desktop":{"background-color":"var(--ast-global-color-4)","background-image":"","background-repeat":"repeat","background-position":"center center","background-size":"auto","background-attachment":"scroll","background-type":"","background-media":"","overlay-type":"","overlay-color":"","overlay-opacity":"","overlay-gradient":""},"tablet":{"background-color":"","background-image":"","background-repeat":"repeat","background-position":"center center","background-size":"auto","background-attachment":"scroll","background-type":"","background-media":"","overlay-type":"","overlay-color":"","overlay-opacity":"","overlay-gradient":""},"mobile":{"background-color":"","background-image":"","background-repeat":"repeat","background-position":"center center","background-size":"auto","background-attachment":"scroll","background-type":"","background-media":"","overlay-type":"","overlay-color":"","overlay-opacity":"","overlay-gradient":""}},"ast-content-background-meta":{"desktop":{"background-color":"var(--ast-global-color-5)","background-image":"","background-repeat":"repeat","background-position":"center center","background-size":"auto","background-attachment":"scroll","background-type":"","background-media":"","overlay-type":"","overlay-color":"","overlay-opacity":"","overlay-gradient":""},"tablet":{"background-color":"var(--ast-global-color-5)","background-image":"","background-repeat":"repeat","background-position":"center center","background-size":"auto","background-attachment":"scroll","background-type":"","background-media":"","overlay-type":"","overlay-color":"","overlay-opacity":"","overlay-gradient":""},"mobile":{"background-color":"var(--ast-global-color-5)","background-image":"","background-repeat":"repeat","background-position":"center center","background-size":"auto","background-attachment":"scroll","background-type":"","background-media":"","overlay-type":"","overlay-color":"","overlay-opacity":"","overlay-gradient":""}},"ngg_post_thumbnail":0,"footnotes":""},"class_list":["post-2220","page","type-page","status-publish","hentry"],"_links":{"self":[{"href":"http:\/\/www2.unifap.br\/dicont\/wp-json\/wp\/v2\/pages\/2220","targetHints":{"allow":["GET"]}}],"collection":[{"href":"http:\/\/www2.unifap.br\/dicont\/wp-json\/wp\/v2\/pages"}],"about":[{"href":"http:\/\/www2.unifap.br\/dicont\/wp-json\/wp\/v2\/types\/page"}],"author":[{"embeddable":true,"href":"http:\/\/www2.unifap.br\/dicont\/wp-json\/wp\/v2\/users\/832"}],"replies":[{"embeddable":true,"href":"http:\/\/www2.unifap.br\/dicont\/wp-json\/wp\/v2\/comments?post=2220"}],"version-history":[{"count":3,"href":"http:\/\/www2.unifap.br\/dicont\/wp-json\/wp\/v2\/pages\/2220\/revisions"}],"predecessor-version":[{"id":2253,"href":"http:\/\/www2.unifap.br\/dicont\/wp-json\/wp\/v2\/pages\/2220\/revisions\/2253"}],"up":[{"embeddable":true,"href":"http:\/\/www2.unifap.br\/dicont\/wp-json\/wp\/v2\/pages\/2409"}],"wp:attachment":[{"href":"http:\/\/www2.unifap.br\/dicont\/wp-json\/wp\/v2\/media?parent=2220"}],"curies":[{"name":"wp","href":"https:\/\/api.w.org\/{rel}","templated":true}]}}