{"id":2223,"date":"2021-08-10T13:01:20","date_gmt":"2021-08-10T13:01:20","guid":{"rendered":"http:\/\/www2.unifap.br\/dicont\/?page_id=2223"},"modified":"2023-08-16T19:49:55","modified_gmt":"2023-08-16T19:49:55","slug":"contrato-n-06-2021","status":"publish","type":"page","link":"http:\/\/www2.unifap.br\/dicont\/contratos-com-fundacao-de-apoio\/contratos-2021\/contrato-n-06-2021\/","title":{"rendered":"CONTRATO N\u00b0 06\/2021"},"content":{"rendered":"<p><span style=\"text-decoration: underline;color: #ff0000\"><b>CONTRATO N\u00b0 006\/2021<\/b><\/span><\/p>\n<p style=\"text-align: left\"><b>OBJETO<\/b>: Gest\u00e3o administrativa e financeira do projeto de extens\u00e3o de excel\u00eancia para concursos<br \/>\np\u00fablicos &#8211; peec &#8211; de acordo com o plano de aplica\u00e7\u00e3o do projeto registrado sob o n\u00b0 25\/2020, com<br \/>\nrecursos provenientes de emenda parlamentar n\u00b0 39250011.<\/p>\n<p><b>CONTRATADO<\/b>: FUNDA\u00c7\u00c3O DE APOIO E DESENVOLVIMENTO AO ENSINO, PESQUISA E EXTENS\u00c3O UNIVERSIT\u00c1RIA NO ACRE &#8211; FUNDAPE<\/p>\n<p><span style=\"color: #008080\"><strong><a style=\"color: #008080\" href=\"https:\/\/sipac.unifap.br\/public\/jsp\/processos\/processo_detalhado.jsf?id=61655\">LINK PARA CONSULTA DO PROCESSO DE CONTRATA\u00c7\u00c3O<\/a><\/strong><\/span><\/p>\n<p><strong><span style=\"color: #008080\">LINK&#8217;S PARA CONSULTA DOS PROCESSOS DE PAGAMENTO:<\/span><\/strong><\/p>\n<p><strong><span style=\"color: #008080\"><a style=\"color: #008080\" href=\"https:\/\/sipac.unifap.br\/public\/jsp\/processos\/processo_detalhado.jsf?id=64463\">PAGAMENTO DA 1\u00b0 PARCELA DO CONTRATO N\u00b0 006\/2021<\/a><\/span><\/strong><\/p>\n<h1><strong><span style=\"text-decoration: underline\">___________________________________<\/span><\/strong><\/h1>\n<p><strong>1 &#8211; DADOS DO PROJETO<\/strong>:<\/p>\n<p>Nome do projeto: Projeto de Excel\u00eancia para Concursos P\u00fablicos \u2013 PEEC.<\/p>\n<p>Objetivo do projeto: Preparar pessoas com vulnerabilidade socioecon\u00f4mica, para prestarem concursos p\u00fablicos nas esferas Municipal, Estadual e Federal, por meio de plataforma digital, criar a cultura de preparo com ou sem edital aberto.<\/p>\n<p>Institui\u00e7\u00e3o contratada: Funda\u00e7\u00e3o de Apoio e Desenvolvimento ao Ensino, Pesquisa e Extens\u00e3o Universit\u00e1ria do Acre \u2013 FUNDAPE.<\/p>\n<p>Valor do contrato: R$ 141.504,00 (cento e quarenta e um mil, quinhentos e quatro reais).<\/p>\n<p>N\u00famero do contrato: n.\u00ba 06\/2021<\/p>\n<p>Valor pago por despesas administrativas para a institui\u00e7\u00e3o contratada:<\/p>\n<p>R$ 9.204,00,00 (nove mil, duzentos e quatro reais).<\/p>\n<p>Vig\u00eancia do contrato: 01\/02\/2021 \u00e0 31\/01\/2022.<\/p>\n<p>Nome do Coordenador: Steve Wanderson Calheiros de Ara\u00fajo<\/p>\n<p>Nome dos bolsistas do projeto, incluindo matr\u00edcula SIAPE ou n\u00famero de matr\u00edcula de discente; \u2013 Tipo de v\u00ednculo do bolsista com a UNIFAP; Carga horaria do bolsista dedicada ao projeto; Valor das bolsas incluindo do Coordenador:<\/p>\n<p><strong>ANDERSON DOS SANTOS BARRETO<\/strong><\/p>\n<p>SIAPE: 2177591<\/p>\n<p>Tipo de V\u00ednculo com a UNIFAP: SERVIDOR<\/p>\n<p>Carga hor\u00e1ria dedicada ao projeto: 4,0 h\/semana<\/p>\n<p>Valor da bolsa: R$ 600,00<\/p>\n<p>&nbsp;<\/p>\n<p><strong>ANDR\u00c9 MONTEIRO DA SILVA<\/strong><\/p>\n<p>SIAPE: 2126735<\/p>\n<p>Tipo de V\u00ednculo com a UNIFAP: SERVIDOR<\/p>\n<p>Carga hor\u00e1ria dedicada ao projeto: &nbsp;3,0 h\/semana<\/p>\n<p>Valor da Bolsa: 60,00 hs\/aula<\/p>\n<p>&nbsp;<\/p>\n<p><strong>EDMAR DOS REIS SARAIVA<\/strong><\/p>\n<p>SIAPE: 2177388<\/p>\n<p>Tipo de V\u00ednculo com a UNIFAP: SERVIDOR<\/p>\n<p>Carga hor\u00e1ria dedicada ao projeto: &nbsp;8,0 h\/semana<\/p>\n<p>Valor da bolsa: R$ 1.300,00<\/p>\n<p>&nbsp;<\/p>\n<p><strong>ERICK FRANCK N. DA PAIX\u00c3O<\/strong><\/p>\n<p>SIAPE: 2563503<\/p>\n<p>Tipo de V\u00ednculo com a UNIFAP: SERVIDOR<\/p>\n<p>Carga hor\u00e1ria dedicada ao projeto: &nbsp;6,0 h\/semana<\/p>\n<p>Valor da bolsa: R$ 1.300,00<\/p>\n<p>&nbsp;<\/p>\n<p><strong>GERSON VANDERLEI DOS A. GURJ\u00c3O<\/strong><\/p>\n<p>SIAPE: 10177868<\/p>\n<p>Tipo de V\u00ednculo com a UNIFAP: SERVIDOR<\/p>\n<p>Carga hor\u00e1ria dedicada ao projeto: &nbsp;4,0 h\/semana<\/p>\n<p>Valor da bolsa: R$ 1.300,00<\/p>\n<p>&nbsp;<\/p>\n<p><strong>HUANN CARLLO GENTIL VASCONCELOS<\/strong><\/p>\n<p>SIAPE: 1653810<\/p>\n<p>Tipo de V\u00ednculo com a UNIFAP: SERVIDOR<\/p>\n<p>Carga hor\u00e1ria dedicada ao projeto: &nbsp;8,0 h\/semana<\/p>\n<p>Valor da bolsa: R$ 1.300,00<\/p>\n<p>&nbsp;<\/p>\n<p><strong>JOAQUIM DOS SANTOS FILHO<\/strong><\/p>\n<p>SIAPE: &nbsp;1126040<\/p>\n<p>Tipo de V\u00ednculo com a UNIFAP: SERVIDOR<\/p>\n<p>Carga hor\u00e1ria dedicada ao projeto: &nbsp;4,0 h\/semana<\/p>\n<p>Valor da bolsa: R$ 1.300,00<\/p>\n<p>&nbsp;<\/p>\n<p><strong>M\u00c1RCIO ALDO LOBATO BAHIA<\/strong><\/p>\n<p>SIAPE: 1444949<\/p>\n<p>Tipo de V\u00ednculo com a UNIFAP: SERVIDOR<\/p>\n<p>Carga hor\u00e1ria dedicada ao projeto: &nbsp;3,0 h\/semana<\/p>\n<p>Valor da bolsa: 60,00 hs\/aula<\/p>\n<p>&nbsp;<\/p>\n<p><strong>STEVE WANDERSON CALHEIROS DE ARA\u00daJO<\/strong><\/p>\n<p>SIAPE: 1453726<\/p>\n<p>Tipo de V\u00ednculo com a UNIFAP: SERVIDOR<\/p>\n<p>Carga hor\u00e1ria dedicada ao projeto: &nbsp;4,0 h\/semana<\/p>\n<p>Valor da bolsa: R$ 1.325,00<\/p>\n<p>&nbsp;<\/p>\n<p>Cronograma de execu\u00e7\u00e3o:<\/p>\n<table width=\"576\">\n<tbody>\n<tr>\n<td width=\"66\"><strong>ETAPAS<\/strong><\/td>\n<td width=\"394\"><strong>ESPECIFICA\u00c7\u00d5ES<\/strong><\/td>\n<td width=\"116\"><strong>PER\u00cdODO<\/strong><\/td>\n<\/tr>\n<tr>\n<td width=\"66\">Primeira<\/td>\n<td width=\"394\">Planejamento e operacionaliza\u00e7\u00e3o do cursinho, componentes curriculares, turmas e professores, divulga\u00e7\u00e3o nas redes sociais<\/td>\n<td width=\"116\">Fev\/mar\u00e7o 2021<\/td>\n<\/tr>\n<tr>\n<td width=\"66\">Segunda<\/td>\n<td width=\"394\">Per\u00edodo letivo<\/td>\n<td width=\"116\">abril\/2021 a janeiro\/2022<\/td>\n<\/tr>\n<tr>\n<td width=\"66\">Terceira<\/td>\n<td width=\"394\">Relat\u00f3rio final de atividades<\/td>\n<td width=\"116\">Fevereiro\/2022<\/td>\n<\/tr>\n<\/tbody>\n<\/table>\n<p>&nbsp;<\/p>\n<p><strong>2 \u2013 SELE\u00c7\u00c3O DE BOLSISTAS<\/strong>:<\/p>\n<p>A forma de sele\u00e7\u00e3o dos instrutores foi atrav\u00e9s do edital n.\u00ba 01\/2020\/DEX, de 01\/06\/2020, publicado na p\u00e1gina oficial do projeto e do Departamento de Extens\u00e3o.<\/p>\n<p><strong>3 \u2013 FISCAIS DO PROJETO<\/strong>:<\/p>\n<p>Portaria de nomea\u00e7\u00e3o N\u00b0 0254\/2021<\/p>\n<p>&nbsp;<\/p>\n<p>Relat\u00f3rio de fiscaliza\u00e7\u00e3o do Projeto<\/p>\n<p>Constam no processo de pagamento<\/p>\n<p>&nbsp;<\/p>\n<p>&#8211; Contrapartida para a UNIFAP:<\/p>\n<p>Foi disponibilizado R$ 8.333,33 (oito mil trezentos e trinta e tr\u00eas reais).<\/p>\n<p>N\u00famero do processo de pagamento:<\/p>\n<p>Processo n\u00ba 23125.006483\/2021-83<\/p>\n","protected":false},"excerpt":{"rendered":"<p>CONTRATO N\u00b0 006\/2021 OBJETO: Gest\u00e3o administrativa e financeira do projeto de extens\u00e3o de excel\u00eancia para concursos p\u00fablicos &#8211; peec &#8211; de acordo com o plano de aplica\u00e7\u00e3o do projeto registrado sob o n\u00b0 25\/2020, com recursos provenientes de emenda parlamentar n\u00b0 39250011. CONTRATADO: FUNDA\u00c7\u00c3O DE APOIO E DESENVOLVIMENTO AO ENSINO, PESQUISA E EXTENS\u00c3O UNIVERSIT\u00c1RIA NO&#8230;<\/p>\n","protected":false},"author":832,"featured_media":0,"parent":2409,"menu_order":2,"comment_status":"closed","ping_status":"closed","template":"","meta":{"inline_featured_image":false,"site-sidebar-layout":"default","site-content-layout":"","ast-site-content-layout":"default","site-content-style":"default","site-sidebar-style":"default","ast-global-header-display":"","ast-banner-title-visibility":"","ast-main-header-display":"","ast-hfb-above-header-display":"","ast-hfb-below-header-display":"","ast-hfb-mobile-header-display":"","site-post-title":"","ast-breadcrumbs-content":"","ast-featured-img":"","footer-sml-layout":"","theme-transparent-header-meta":"","adv-header-id-meta":"","stick-header-meta":"","header-above-stick-meta":"","header-main-stick-meta":"","header-below-stick-meta":"","astra-migrate-meta-layouts":"default","ast-page-background-enabled":"default","ast-page-background-meta":{"desktop":{"background-color":"var(--ast-global-color-4)","background-image":"","background-repeat":"repeat","background-position":"center center","background-size":"auto","background-attachment":"scroll","background-type":"","background-media":"","overlay-type":"","overlay-color":"","overlay-opacity":"","overlay-gradient":""},"tablet":{"background-color":"","background-image":"","background-repeat":"repeat","background-position":"center center","background-size":"auto","background-attachment":"scroll","background-type":"","background-media":"","overlay-type":"","overlay-color":"","overlay-opacity":"","overlay-gradient":""},"mobile":{"background-color":"","background-image":"","background-repeat":"repeat","background-position":"center center","background-size":"auto","background-attachment":"scroll","background-type":"","background-media":"","overlay-type":"","overlay-color":"","overlay-opacity":"","overlay-gradient":""}},"ast-content-background-meta":{"desktop":{"background-color":"var(--ast-global-color-5)","background-image":"","background-repeat":"repeat","background-position":"center center","background-size":"auto","background-attachment":"scroll","background-type":"","background-media":"","overlay-type":"","overlay-color":"","overlay-opacity":"","overlay-gradient":""},"tablet":{"background-color":"var(--ast-global-color-5)","background-image":"","background-repeat":"repeat","background-position":"center center","background-size":"auto","background-attachment":"scroll","background-type":"","background-media":"","overlay-type":"","overlay-color":"","overlay-opacity":"","overlay-gradient":""},"mobile":{"background-color":"var(--ast-global-color-5)","background-image":"","background-repeat":"repeat","background-position":"center center","background-size":"auto","background-attachment":"scroll","background-type":"","background-media":"","overlay-type":"","overlay-color":"","overlay-opacity":"","overlay-gradient":""}},"ngg_post_thumbnail":0,"footnotes":""},"class_list":["post-2223","page","type-page","status-publish","hentry"],"_links":{"self":[{"href":"http:\/\/www2.unifap.br\/dicont\/wp-json\/wp\/v2\/pages\/2223","targetHints":{"allow":["GET"]}}],"collection":[{"href":"http:\/\/www2.unifap.br\/dicont\/wp-json\/wp\/v2\/pages"}],"about":[{"href":"http:\/\/www2.unifap.br\/dicont\/wp-json\/wp\/v2\/types\/page"}],"author":[{"embeddable":true,"href":"http:\/\/www2.unifap.br\/dicont\/wp-json\/wp\/v2\/users\/832"}],"replies":[{"embeddable":true,"href":"http:\/\/www2.unifap.br\/dicont\/wp-json\/wp\/v2\/comments?post=2223"}],"version-history":[{"count":3,"href":"http:\/\/www2.unifap.br\/dicont\/wp-json\/wp\/v2\/pages\/2223\/revisions"}],"predecessor-version":[{"id":2251,"href":"http:\/\/www2.unifap.br\/dicont\/wp-json\/wp\/v2\/pages\/2223\/revisions\/2251"}],"up":[{"embeddable":true,"href":"http:\/\/www2.unifap.br\/dicont\/wp-json\/wp\/v2\/pages\/2409"}],"wp:attachment":[{"href":"http:\/\/www2.unifap.br\/dicont\/wp-json\/wp\/v2\/media?parent=2223"}],"curies":[{"name":"wp","href":"https:\/\/api.w.org\/{rel}","templated":true}]}}