{"id":2291,"date":"2022-03-15T22:50:00","date_gmt":"2022-03-15T22:50:00","guid":{"rendered":"http:\/\/www2.unifap.br\/dicont\/?page_id=2291"},"modified":"2023-08-16T19:56:08","modified_gmt":"2023-08-16T19:56:08","slug":"contrato-n-30-2021","status":"publish","type":"page","link":"http:\/\/www2.unifap.br\/dicont\/contratos-com-fundacao-de-apoio\/contratos-2021\/contrato-n-30-2021\/","title":{"rendered":"CONTRATO N\u00b0 30\/2021"},"content":{"rendered":"<p><span style=\"text-decoration: underline;color: #ff0000\"><b>CONTRATO N\u00b0 030\/2021<\/b><\/span><\/p>\n<p style=\"text-align: left\"><b>OBJETO<\/b>: Gest\u00e3o administrativa e financeira do projeto de extens\u00e3o intitulado &#8220;escreve amap\u00e1: caminhos para ingresso no ensino superior&#8221;, de acordo com o plano de aplica\u00e7\u00e3o do projeto registrado sob o n\u00b0 38\/2021, coordenado pela professora martha christina ferreira zoni do nascimento.<\/p>\n<p><b>CONTRATADO<\/b>: FUNDA\u00c7\u00c3O DE APOIO E DESENVOLVIMENTO AO ENSINO, PESQUISA E EXTENS\u00c3O UNIVERSIT\u00c1RIA NO ACRE &#8211; FUNDAPE<\/p>\n<p><a href=\"https:\/\/sipac.unifap.br\/public\/jsp\/processos\/processo_detalhado.jsf?id=65990\"><span style=\"color: #008080\"><strong>LINK PARA CONSULTA DO PROCESSO DE CONTRATA\u00c7\u00c3O<\/strong><\/span><\/a><\/p>\n<p><span style=\"color: #008080\"><strong>LINK\u2019S PARA CONSULTA DOS PROCESSOS DE PAGAMENTO:<\/strong><\/span><\/p>\n<p><span style=\"color: #008080\"><strong><a style=\"color: #008080\" href=\"https:\/\/sipac.unifap.br\/public\/jsp\/processos\/processo_detalhado.jsf?id=68561\">PAGAMENTO DA 1\u00b0 PARCELA DO CONTRATO N\u00b0 30\/2021<\/a><\/strong><\/span><\/p>\n<h1><strong><span style=\"text-decoration: underline\">___________________________________<\/span><\/strong><\/h1>\n","protected":false},"excerpt":{"rendered":"<p>CONTRATO N\u00b0 030\/2021 OBJETO: Gest\u00e3o administrativa e financeira do projeto de extens\u00e3o intitulado &#8220;escreve amap\u00e1: caminhos para ingresso no ensino superior&#8221;, de acordo com o plano de aplica\u00e7\u00e3o do projeto registrado sob o n\u00b0 38\/2021, coordenado pela professora martha christina ferreira zoni do nascimento. CONTRATADO: FUNDA\u00c7\u00c3O DE APOIO E DESENVOLVIMENTO AO ENSINO, PESQUISA E EXTENS\u00c3O&#8230;<\/p>\n","protected":false},"author":831,"featured_media":0,"parent":2409,"menu_order":11,"comment_status":"closed","ping_status":"closed","template":"","meta":{"inline_featured_image":false,"site-sidebar-layout":"default","site-content-layout":"","ast-site-content-layout":"default","site-content-style":"default","site-sidebar-style":"default","ast-global-header-display":"","ast-banner-title-visibility":"","ast-main-header-display":"","ast-hfb-above-header-display":"","ast-hfb-below-header-display":"","ast-hfb-mobile-header-display":"","site-post-title":"","ast-breadcrumbs-content":"","ast-featured-img":"","footer-sml-layout":"","theme-transparent-header-meta":"","adv-header-id-meta":"","stick-header-meta":"","header-above-stick-meta":"","header-main-stick-meta":"","header-below-stick-meta":"","astra-migrate-meta-layouts":"default","ast-page-background-enabled":"default","ast-page-background-meta":{"desktop":{"background-color":"var(--ast-global-color-4)","background-image":"","background-repeat":"repeat","background-position":"center center","background-size":"auto","background-attachment":"scroll","background-type":"","background-media":"","overlay-type":"","overlay-color":"","overlay-opacity":"","overlay-gradient":""},"tablet":{"background-color":"","background-image":"","background-repeat":"repeat","background-position":"center center","background-size":"auto","background-attachment":"scroll","background-type":"","background-media":"","overlay-type":"","overlay-color":"","overlay-opacity":"","overlay-gradient":""},"mobile":{"background-color":"","background-image":"","background-repeat":"repeat","background-position":"center center","background-size":"auto","background-attachment":"scroll","background-type":"","background-media":"","overlay-type":"","overlay-color":"","overlay-opacity":"","overlay-gradient":""}},"ast-content-background-meta":{"desktop":{"background-color":"var(--ast-global-color-5)","background-image":"","background-repeat":"repeat","background-position":"center center","background-size":"auto","background-attachment":"scroll","background-type":"","background-media":"","overlay-type":"","overlay-color":"","overlay-opacity":"","overlay-gradient":""},"tablet":{"background-color":"var(--ast-global-color-5)","background-image":"","background-repeat":"repeat","background-position":"center center","background-size":"auto","background-attachment":"scroll","background-type":"","background-media":"","overlay-type":"","overlay-color":"","overlay-opacity":"","overlay-gradient":""},"mobile":{"background-color":"var(--ast-global-color-5)","background-image":"","background-repeat":"repeat","background-position":"center center","background-size":"auto","background-attachment":"scroll","background-type":"","background-media":"","overlay-type":"","overlay-color":"","overlay-opacity":"","overlay-gradient":""}},"ngg_post_thumbnail":0,"footnotes":""},"class_list":["post-2291","page","type-page","status-publish","hentry"],"_links":{"self":[{"href":"http:\/\/www2.unifap.br\/dicont\/wp-json\/wp\/v2\/pages\/2291","targetHints":{"allow":["GET"]}}],"collection":[{"href":"http:\/\/www2.unifap.br\/dicont\/wp-json\/wp\/v2\/pages"}],"about":[{"href":"http:\/\/www2.unifap.br\/dicont\/wp-json\/wp\/v2\/types\/page"}],"author":[{"embeddable":true,"href":"http:\/\/www2.unifap.br\/dicont\/wp-json\/wp\/v2\/users\/831"}],"replies":[{"embeddable":true,"href":"http:\/\/www2.unifap.br\/dicont\/wp-json\/wp\/v2\/comments?post=2291"}],"version-history":[{"count":1,"href":"http:\/\/www2.unifap.br\/dicont\/wp-json\/wp\/v2\/pages\/2291\/revisions"}],"predecessor-version":[{"id":2292,"href":"http:\/\/www2.unifap.br\/dicont\/wp-json\/wp\/v2\/pages\/2291\/revisions\/2292"}],"up":[{"embeddable":true,"href":"http:\/\/www2.unifap.br\/dicont\/wp-json\/wp\/v2\/pages\/2409"}],"wp:attachment":[{"href":"http:\/\/www2.unifap.br\/dicont\/wp-json\/wp\/v2\/media?parent=2291"}],"curies":[{"name":"wp","href":"https:\/\/api.w.org\/{rel}","templated":true}]}}