{"id":246,"date":"2016-03-23T19:09:08","date_gmt":"2016-03-23T19:09:08","guid":{"rendered":"http:\/\/www2.unifap.br\/dicont\/?page_id=246"},"modified":"2016-03-23T19:27:01","modified_gmt":"2016-03-23T19:27:01","slug":"manual-de-fiscalizacao-comissao-de-administracao-unifesp","status":"publish","type":"page","link":"http:\/\/www2.unifap.br\/dicont\/area-do-fiscal\/manual-de-fiscalizacao-comissao-de-administracao-unifesp\/","title":{"rendered":"Manual de Fiscaliza\u00e7\u00e3o de Contratos das Institui\u00e7\u00f5es Federais de Ensino Superior &#8211; IFES"},"content":{"rendered":"<p>&nbsp;<\/p>\n<h3><strong><span style=\"text-decoration: underline\"><span style=\"text-decoration: underline;color: #0000ff\"><a href=\"http:\/\/www2.unifap.br\/dicont\/files\/2016\/03\/Manual-de-Fiscaliza\u00e7\u00e3o-Comiss\u00e3o-de-Administra\u00e7\u00e3o-UNIFESP-Tania-Pelotas.pdf\"><span style=\"color: #0000ff;text-decoration: underline\">Manual de Fiscaliza\u00e7\u00e3o &#8211; Comiss\u00e3o de Administra\u00e7\u00e3o &#8211; UNIFESP &#8211; Tania &#8211; Pelotas<\/span><\/a><\/span><span style=\"color: #0000ff;text-decoration: underline\"><br \/>\n<\/span><\/span><\/strong><\/h3>\n","protected":false},"excerpt":{"rendered":"<p>&nbsp; Manual de Fiscaliza\u00e7\u00e3o &#8211; Comiss\u00e3o de Administra\u00e7\u00e3o &#8211; UNIFESP &#8211; Tania &#8211; Pelotas<\/p>\n","protected":false},"author":831,"featured_media":0,"parent":196,"menu_order":1,"comment_status":"open","ping_status":"open","template":"","meta":{"inline_featured_image":false,"site-sidebar-layout":"default","site-content-layout":"","ast-site-content-layout":"default","site-content-style":"default","site-sidebar-style":"default","ast-global-header-display":"","ast-banner-title-visibility":"","ast-main-header-display":"","ast-hfb-above-header-display":"","ast-hfb-below-header-display":"","ast-hfb-mobile-header-display":"","site-post-title":"","ast-breadcrumbs-content":"","ast-featured-img":"","footer-sml-layout":"","theme-transparent-header-meta":"","adv-header-id-meta":"","stick-header-meta":"","header-above-stick-meta":"","header-main-stick-meta":"","header-below-stick-meta":"","astra-migrate-meta-layouts":"default","ast-page-background-enabled":"default","ast-page-background-meta":{"desktop":{"background-color":"var(--ast-global-color-4)","background-image":"","background-repeat":"repeat","background-position":"center center","background-size":"auto","background-attachment":"scroll","background-type":"","background-media":"","overlay-type":"","overlay-color":"","overlay-opacity":"","overlay-gradient":""},"tablet":{"background-color":"","background-image":"","background-repeat":"repeat","background-position":"center center","background-size":"auto","background-attachment":"scroll","background-type":"","background-media":"","overlay-type":"","overlay-color":"","overlay-opacity":"","overlay-gradient":""},"mobile":{"background-color":"","background-image":"","background-repeat":"repeat","background-position":"center center","background-size":"auto","background-attachment":"scroll","background-type":"","background-media":"","overlay-type":"","overlay-color":"","overlay-opacity":"","overlay-gradient":""}},"ast-content-background-meta":{"desktop":{"background-color":"var(--ast-global-color-5)","background-image":"","background-repeat":"repeat","background-position":"center center","background-size":"auto","background-attachment":"scroll","background-type":"","background-media":"","overlay-type":"","overlay-color":"","overlay-opacity":"","overlay-gradient":""},"tablet":{"background-color":"var(--ast-global-color-5)","background-image":"","background-repeat":"repeat","background-position":"center center","background-size":"auto","background-attachment":"scroll","background-type":"","background-media":"","overlay-type":"","overlay-color":"","overlay-opacity":"","overlay-gradient":""},"mobile":{"background-color":"var(--ast-global-color-5)","background-image":"","background-repeat":"repeat","background-position":"center center","background-size":"auto","background-attachment":"scroll","background-type":"","background-media":"","overlay-type":"","overlay-color":"","overlay-opacity":"","overlay-gradient":""}},"ngg_post_thumbnail":0,"footnotes":""},"class_list":["post-246","page","type-page","status-publish","hentry"],"_links":{"self":[{"href":"http:\/\/www2.unifap.br\/dicont\/wp-json\/wp\/v2\/pages\/246","targetHints":{"allow":["GET"]}}],"collection":[{"href":"http:\/\/www2.unifap.br\/dicont\/wp-json\/wp\/v2\/pages"}],"about":[{"href":"http:\/\/www2.unifap.br\/dicont\/wp-json\/wp\/v2\/types\/page"}],"author":[{"embeddable":true,"href":"http:\/\/www2.unifap.br\/dicont\/wp-json\/wp\/v2\/users\/831"}],"replies":[{"embeddable":true,"href":"http:\/\/www2.unifap.br\/dicont\/wp-json\/wp\/v2\/comments?post=246"}],"version-history":[{"count":5,"href":"http:\/\/www2.unifap.br\/dicont\/wp-json\/wp\/v2\/pages\/246\/revisions"}],"predecessor-version":[{"id":255,"href":"http:\/\/www2.unifap.br\/dicont\/wp-json\/wp\/v2\/pages\/246\/revisions\/255"}],"up":[{"embeddable":true,"href":"http:\/\/www2.unifap.br\/dicont\/wp-json\/wp\/v2\/pages\/196"}],"wp:attachment":[{"href":"http:\/\/www2.unifap.br\/dicont\/wp-json\/wp\/v2\/media?parent=246"}],"curies":[{"name":"wp","href":"https:\/\/api.w.org\/{rel}","templated":true}]}}