{"id":2507,"date":"2024-05-03T00:33:38","date_gmt":"2024-05-03T00:33:38","guid":{"rendered":"https:\/\/www2.unifap.br\/dicont\/?page_id=2507"},"modified":"2024-05-03T00:34:40","modified_gmt":"2024-05-03T00:34:40","slug":"relacao-dos-terceirizados-unifap-2024","status":"publish","type":"page","link":"http:\/\/www2.unifap.br\/dicont\/relacao-dos-terceirizados-unifap-2024\/","title":{"rendered":"Rela\u00e7\u00e3o dos terceirizados &#8211; UNIFAP &#8211; 2024"},"content":{"rendered":"<ul>\n<li>\n<h2><span style=\"color: #008080\"><strong><a style=\"color: #008080\" href=\"https:\/\/docs.google.com\/spreadsheets\/d\/1MHxLM8QjF2fN9MHQGOXDEeY4Q65Apa9qTxmUr_iiYpc\/edit?usp=sharing\" rel=\"attachment wp-att-2182\">Rela\u00e7\u00e3o dos terceirizados da Universidade Federal do Amap\u00e1 &#8211; UNIFAP -2024<\/a><\/strong><\/span><\/h2>\n<\/li>\n<\/ul>\n","protected":false},"excerpt":{"rendered":"<p>Rela\u00e7\u00e3o dos terceirizados da Universidade Federal do Amap\u00e1 &#8211; UNIFAP -2024<\/p>\n","protected":false},"author":831,"featured_media":0,"parent":0,"menu_order":0,"comment_status":"closed","ping_status":"closed","template":"","meta":{"inline_featured_image":false,"site-sidebar-layout":"default","site-content-layout":"","ast-site-content-layout":"default","site-content-style":"default","site-sidebar-style":"default","ast-global-header-display":"","ast-banner-title-visibility":"","ast-main-header-display":"","ast-hfb-above-header-display":"","ast-hfb-below-header-display":"","ast-hfb-mobile-header-display":"","site-post-title":"","ast-breadcrumbs-content":"","ast-featured-img":"","footer-sml-layout":"","theme-transparent-header-meta":"default","adv-header-id-meta":"","stick-header-meta":"","header-above-stick-meta":"","header-main-stick-meta":"","header-below-stick-meta":"","astra-migrate-meta-layouts":"set","ast-page-background-enabled":"default","ast-page-background-meta":{"desktop":{"background-color":"var(--ast-global-color-4)","background-image":"","background-repeat":"repeat","background-position":"center center","background-size":"auto","background-attachment":"scroll","background-type":"","background-media":"","overlay-type":"","overlay-color":"","overlay-opacity":"","overlay-gradient":""},"tablet":{"background-color":"","background-image":"","background-repeat":"repeat","background-position":"center center","background-size":"auto","background-attachment":"scroll","background-type":"","background-media":"","overlay-type":"","overlay-color":"","overlay-opacity":"","overlay-gradient":""},"mobile":{"background-color":"","background-image":"","background-repeat":"repeat","background-position":"center center","background-size":"auto","background-attachment":"scroll","background-type":"","background-media":"","overlay-type":"","overlay-color":"","overlay-opacity":"","overlay-gradient":""}},"ast-content-background-meta":{"desktop":{"background-color":"var(--ast-global-color-5)","background-image":"","background-repeat":"repeat","background-position":"center center","background-size":"auto","background-attachment":"scroll","background-type":"","background-media":"","overlay-type":"","overlay-color":"","overlay-opacity":"","overlay-gradient":""},"tablet":{"background-color":"var(--ast-global-color-5)","background-image":"","background-repeat":"repeat","background-position":"center center","background-size":"auto","background-attachment":"scroll","background-type":"","background-media":"","overlay-type":"","overlay-color":"","overlay-opacity":"","overlay-gradient":""},"mobile":{"background-color":"var(--ast-global-color-5)","background-image":"","background-repeat":"repeat","background-position":"center center","background-size":"auto","background-attachment":"scroll","background-type":"","background-media":"","overlay-type":"","overlay-color":"","overlay-opacity":"","overlay-gradient":""}},"ngg_post_thumbnail":0,"footnotes":""},"class_list":["post-2507","page","type-page","status-publish","hentry"],"_links":{"self":[{"href":"http:\/\/www2.unifap.br\/dicont\/wp-json\/wp\/v2\/pages\/2507","targetHints":{"allow":["GET"]}}],"collection":[{"href":"http:\/\/www2.unifap.br\/dicont\/wp-json\/wp\/v2\/pages"}],"about":[{"href":"http:\/\/www2.unifap.br\/dicont\/wp-json\/wp\/v2\/types\/page"}],"author":[{"embeddable":true,"href":"http:\/\/www2.unifap.br\/dicont\/wp-json\/wp\/v2\/users\/831"}],"replies":[{"embeddable":true,"href":"http:\/\/www2.unifap.br\/dicont\/wp-json\/wp\/v2\/comments?post=2507"}],"version-history":[{"count":3,"href":"http:\/\/www2.unifap.br\/dicont\/wp-json\/wp\/v2\/pages\/2507\/revisions"}],"predecessor-version":[{"id":2623,"href":"http:\/\/www2.unifap.br\/dicont\/wp-json\/wp\/v2\/pages\/2507\/revisions\/2623"}],"wp:attachment":[{"href":"http:\/\/www2.unifap.br\/dicont\/wp-json\/wp\/v2\/media?parent=2507"}],"curies":[{"name":"wp","href":"https:\/\/api.w.org\/{rel}","templated":true}]}}