{"id":293,"date":"2016-03-28T13:39:01","date_gmt":"2016-03-28T13:39:01","guid":{"rendered":"http:\/\/www2.unifap.br\/dicont\/?page_id=293"},"modified":"2024-05-03T00:31:48","modified_gmt":"2024-05-03T00:31:48","slug":"relacao-dos-terceirizados","status":"publish","type":"page","link":"http:\/\/www2.unifap.br\/dicont\/relacao-dos-terceirizados\/","title":{"rendered":"Rela\u00e7\u00e3o dos Terceirizados"},"content":{"rendered":"<h1><strong><span style=\"color: #0000ff\">Fevereiro 2016<\/span><\/strong><\/h1>\n<ul>\n<li>\n<h2><strong><span style=\"color: #008080\"><a style=\"color: #008080\" href=\"http:\/\/www2.unifap.br\/dicont\/relacao-dos-terceirizados\/relacao-dos-terceirizados-da-universidade-federal-do-amapa-unifap-janeiro2016\/\" rel=\"attachment wp-att-2147\">Rela\u00e7\u00e3o-dos-terceirizados-da-Universidade-Federal-do-Amap\u00e1-\u2013-UNIFAP-JANEIRO2016<\/a><\/span><\/strong><\/h2>\n<\/li>\n<\/ul>\n<h1><strong><span style=\"color: #0000ff\">Setembro 2016<\/span><\/strong><\/h1>\n<ul>\n<li>\n<h2><strong><span style=\"color: #008080\"><a style=\"color: #008080\" href=\"http:\/\/www2.unifap.br\/dicont\/relacao-dos-terceirizados\/relacao-dos-terceirizados-da-universidade-federal-do-amapa-unifap-setembro-2016\/\" rel=\"attachment wp-att-2148\">Rela\u00e7\u00e3o-dos-terceirizados-da-Universidade-Federal-do-Amap\u00e1-\u2013-UNIFAP-SETEMBRO 2016<\/a><\/span><\/strong><\/h2>\n<\/li>\n<\/ul>\n<h1><strong><span style=\"color: #0000ff\">Janeiro 2017<\/span><\/strong><\/h1>\n<ul>\n<li>\n<h2><strong><span style=\"color: #008080\"><a style=\"color: #008080\" href=\"http:\/\/www2.unifap.br\/dicont\/relacao-dos-terceirizados\/relacao-dos-terceirizados-da-universidade-federal-do-amapa-unifapjaneiro2017-2\/\" rel=\"attachment wp-att-2137\">Rela\u00e7\u00e3o-dos-terceirizados-da-Universidade-Federal-do-Amap\u00e1-\u2013-UNIFAPJANEIRO2017<\/a><\/span><\/strong><\/h2>\n<\/li>\n<\/ul>\n<h1><strong><span style=\"color: #0000ff\">Maio 2017<\/span><\/strong><\/h1>\n<ul>\n<li>\n<h2><strong><span style=\"color: #008080\"><span style=\"text-decoration: underline\"><a style=\"color: #008080;text-decoration: underline\" href=\"http:\/\/www2.unifap.br\/dicont\/relacao-dos-terceirizados\/relacao-dos-terceirizados-da-universidade-federal-do-amapa-unifap-maio2017-2\/\" rel=\"attachment wp-att-2141\">Rela\u00e7\u00e3o-dos-terceirizados-da-Universidade-Federal-do-Amap\u00e1-\u2013-UNIFAP-MAIO2017<\/a><\/span><\/span><\/strong><\/h2>\n<\/li>\n<\/ul>\n<h1><strong><span style=\"color: #0000ff\">Setembro 2017<\/span><\/strong><\/h1>\n<ul>\n<li>\n<h2><strong><span style=\"color: #008080\"><a style=\"color: #008080\" href=\"http:\/\/www2.unifap.br\/dicont\/relacao-dos-terceirizados\/relacao-dos-terceirizados-da-universidade-federal-do-amapa-unifap-setembro2017-1\/\" rel=\"attachment wp-att-2144\">Rela\u00e7\u00e3o-dos-terceirizados-da-Universidade-Federal-do-Amap\u00e1-\u2013-UNIFAP-SETEMBRO2017&nbsp;<\/a><\/span><\/strong><\/h2>\n<\/li>\n<\/ul>\n<h1><strong><span style=\"color: #0000ff\">Janeiro 2018<\/span><\/strong><\/h1>\n<ul>\n<li>\n<h2><strong><span style=\"color: #008080\"><a style=\"color: #008080\" href=\"http:\/\/www2.unifap.br\/dicont\/relacao-dos-terceirizados\/relacao-dos-terceirizados-da-universidade-federal-do-amapa-unifap-janeiro2018-1\/\" rel=\"attachment wp-att-2138\">Rela\u00e7\u00e3o-dos-terceirizados-da-Universidade-Federal-do-Amap\u00e1-\u2013-UNIFAP-JANEIRO2018&nbsp;<\/a><\/span><\/strong><\/h2>\n<\/li>\n<\/ul>\n<h1><strong><span style=\"color: #0000ff\">Maio 2018<\/span><\/strong><\/h1>\n<ul>\n<li>\n<h2><strong><span style=\"color: #008080\"><a style=\"color: #008080\" href=\"http:\/\/www2.unifap.br\/dicont\/relacao-dos-terceirizados\/relacao-dos-terceirizados-da-universidade-federal-do-amapa-unifap-maio-2018\/\" rel=\"attachment wp-att-2146\">Rela\u00e7\u00e3o-dos-terceirizados-da-Universidade-Federal-do-Amap\u00e1-\u2013-UNIFAP-MAIO 2018<\/a><\/span><\/strong><\/h2>\n<\/li>\n<\/ul>\n<h1><strong><span style=\"color: #0000ff\">Setembro 2018<\/span><\/strong><\/h1>\n<ul>\n<li>\n<h2><strong><span style=\"color: #008080\"><a style=\"color: #008080\" href=\"http:\/\/www2.unifap.br\/dicont\/relacao-dos-terceirizados\/relacao-dos-terceirizados-da-universidade-federal-do-amapa-unifap-setembro2018-2\/\" rel=\"attachment wp-att-2145\">Rela\u00e7\u00e3o-dos-terceirizados-da-Universidade-Federal-do-Amap\u00e1-\u2013-UNIFAP-Setembro2018<\/a><\/span><\/strong><\/h2>\n<\/li>\n<\/ul>\n<h1><strong><span style=\"color: #0000ff\">Janeiro 2019<\/span><\/strong><\/h1>\n<ul>\n<li>\n<h2><strong><span style=\"color: #008080\"><a style=\"color: #008080\" href=\"http:\/\/www2.unifap.br\/dicont\/relacao-dos-terceirizados\/relacao-dos-terceirizados-da-universidade-federal-do-amapa-unifap-janeiro-2019-2\/\" rel=\"attachment wp-att-2139\">Rela\u00e7\u00e3o-dos-terceirizados-da-Universidade-Federal-do-Amap\u00e1-\u2013-UNIFAP-Janeiro-2019<\/a><\/span><\/strong><\/h2>\n<\/li>\n<\/ul>\n<h1><strong><span style=\"color: #0000ff\">Maio 2019<\/span><\/strong><\/h1>\n<ul>\n<li>\n<h2><strong><span style=\"color: #008080\"><a style=\"color: #008080\" href=\"http:\/\/www2.unifap.br\/dicont\/relacao-dos-terceirizados\/relacao-dos-terceirizados-da-universidade-federal-do-amapa-unifap-maio-2019-2\/\" rel=\"attachment wp-att-2142\">Rela\u00e7\u00e3o-dos-terceirizados-da-Universidade-Federal-do-Amap\u00e1-\u2013-UNIFAP-Maio-2019<\/a><\/span><\/strong><\/h2>\n<\/li>\n<\/ul>\n<h1><strong><span style=\"color: #0000ff\">Outubro 2019<\/span><\/strong><\/h1>\n<ul>\n<li>\n<h2><strong><span style=\"color: #008080\"><a style=\"color: #008080\" href=\"http:\/\/www2.unifap.br\/dicont\/relacao-dos-terceirizados\/relacao-dos-terceirizados-da-universidade-federal-do-amapa-unifap-out-2019-3\/\" rel=\"attachment wp-att-2143\">Rela\u00e7\u00e3o-dos-terceirizados-da-Universidade-Federal-do-Amap\u00e1-\u2013-UNIFAP-Out-2019<\/a><\/span><\/strong><\/h2>\n<\/li>\n<\/ul>\n<h1><strong><span style=\"color: #0000ff\">Janeiro 2020<\/span><\/strong><\/h1>\n<ul>\n<li>\n<h2><strong><span style=\"color: #008080\"><a style=\"color: #008080\" href=\"http:\/\/www2.unifap.br\/dicont\/relacao-dos-terceirizados\/relacao-dos-terceirizados-da-universidade-federal-do-amapa-unifap-jan-2020-3\/\" rel=\"attachment wp-att-2150\">Rela\u00e7\u00e3o-dos-terceirizados-da-Universidade-Federal-do-Amap\u00e1-\u2013-UNIFAP-Jan-2020<\/a><\/span><\/strong><\/h2>\n<\/li>\n<\/ul>\n<h1><strong><span style=\"color: #0000ff\">Setembro 2020<\/span><\/strong><\/h1>\n<ul>\n<li>\n<h2><span style=\"color: #008080\"><strong><a style=\"color: #008080\" href=\"http:\/\/www2.unifap.br\/dicont\/relacao-dos-terceirizados\/relacao-dos-terceirizados-da-universidade-federal-do-amapa-unifap-setembro-2020\/\" rel=\"attachment wp-att-2182\">Rela\u00e7\u00e3o-dos-terceirizados-da-Universidade-Federal-do-Amap\u00e1-\u2013-UNIFAP-Setembro-2020<\/a><\/strong><\/span><\/h2>\n<\/li>\n<\/ul>\n<p>&nbsp;<\/p>\n<h1><strong><span style=\"color: #0000ff\">Janeiro &#8211; 2023<\/span><\/strong><\/h1>\n<ul>\n<li>\n<h2><strong><a href=\"http:\/\/www2.unifap.br\/dicont\/files\/2023\/02\/Relacao-dos-terceirizados-da-Universidade-Federal-do-Amapa-UNIFAP-jan2023-v1.pdf\" target=\"_blank\" rel=\"noopener\">Rela\u00e7\u00e3o-dos-terceirizados-da-Universidade-Federal-do-Amap\u00e1-UNIFAP jan2023 v1<\/a><\/strong><\/h2>\n<\/li>\n<li>\n<h2><strong><a href=\"http:\/\/www2.unifap.br\/dicont\/files\/2023\/02\/Relacao-dos-terceirizados-da-Universidade-Federal-do-Amapa-UNIFAP-jan2023-v2.pdf\" target=\"_blank\" rel=\"noopener\">Rela\u00e7\u00e3o-dos-terceirizados-da-Universidade-Federal-do-Amap\u00e1-UNIFAP jan2023 v2<\/a><\/strong><\/h2>\n<\/li>\n<\/ul>\n<h1><strong><span style=\"color: #0000ff\">Maio &#8211; 2024<\/span><\/strong><\/h1>\n<ul>\n<li>\n<h2><span style=\"color: #008080\"><strong><a style=\"color: #008080\" href=\"https:\/\/docs.google.com\/spreadsheets\/d\/1MHxLM8QjF2fN9MHQGOXDEeY4Q65Apa9qTxmUr_iiYpc\/edit?usp=sharing\" rel=\"attachment wp-att-2182\">Rela\u00e7\u00e3o dos terceirizados da Universidade Federal do Amap\u00e1 &#8211; UNIFAP -2024<\/a><\/strong><\/span><\/h2>\n<\/li>\n<\/ul>\n<h2>&nbsp;<\/h2>\n","protected":false},"excerpt":{"rendered":"<p>Fevereiro 2016 Rela\u00e7\u00e3o-dos-terceirizados-da-Universidade-Federal-do-Amap\u00e1-\u2013-UNIFAP-JANEIRO2016 Setembro 2016 Rela\u00e7\u00e3o-dos-terceirizados-da-Universidade-Federal-do-Amap\u00e1-\u2013-UNIFAP-SETEMBRO 2016 Janeiro 2017 Rela\u00e7\u00e3o-dos-terceirizados-da-Universidade-Federal-do-Amap\u00e1-\u2013-UNIFAPJANEIRO2017 Maio 2017 Rela\u00e7\u00e3o-dos-terceirizados-da-Universidade-Federal-do-Amap\u00e1-\u2013-UNIFAP-MAIO2017 Setembro 2017 Rela\u00e7\u00e3o-dos-terceirizados-da-Universidade-Federal-do-Amap\u00e1-\u2013-UNIFAP-SETEMBRO2017&nbsp; Janeiro 2018 Rela\u00e7\u00e3o-dos-terceirizados-da-Universidade-Federal-do-Amap\u00e1-\u2013-UNIFAP-JANEIRO2018&nbsp; Maio 2018 Rela\u00e7\u00e3o-dos-terceirizados-da-Universidade-Federal-do-Amap\u00e1-\u2013-UNIFAP-MAIO 2018 Setembro 2018 Rela\u00e7\u00e3o-dos-terceirizados-da-Universidade-Federal-do-Amap\u00e1-\u2013-UNIFAP-Setembro2018 Janeiro 2019 Rela\u00e7\u00e3o-dos-terceirizados-da-Universidade-Federal-do-Amap\u00e1-\u2013-UNIFAP-Janeiro-2019 Maio 2019 Rela\u00e7\u00e3o-dos-terceirizados-da-Universidade-Federal-do-Amap\u00e1-\u2013-UNIFAP-Maio-2019 Outubro 2019 Rela\u00e7\u00e3o-dos-terceirizados-da-Universidade-Federal-do-Amap\u00e1-\u2013-UNIFAP-Out-2019 Janeiro 2020 Rela\u00e7\u00e3o-dos-terceirizados-da-Universidade-Federal-do-Amap\u00e1-\u2013-UNIFAP-Jan-2020 Setembro 2020 Rela\u00e7\u00e3o-dos-terceirizados-da-Universidade-Federal-do-Amap\u00e1-\u2013-UNIFAP-Setembro-2020 &nbsp; Janeiro &#8211; 2023 Rela\u00e7\u00e3o-dos-terceirizados-da-Universidade-Federal-do-Amap\u00e1-UNIFAP jan2023 v1 Rela\u00e7\u00e3o-dos-terceirizados-da-Universidade-Federal-do-Amap\u00e1-UNIFAP jan2023 v2 Maio &#8211; 2024 Rela\u00e7\u00e3o&#8230;<\/p>\n","protected":false},"author":831,"featured_media":0,"parent":0,"menu_order":8,"comment_status":"open","ping_status":"closed","template":"","meta":{"inline_featured_image":false,"site-sidebar-layout":"default","site-content-layout":"","ast-site-content-layout":"default","site-content-style":"default","site-sidebar-style":"default","ast-global-header-display":"","ast-banner-title-visibility":"","ast-main-header-display":"","ast-hfb-above-header-display":"","ast-hfb-below-header-display":"","ast-hfb-mobile-header-display":"","site-post-title":"","ast-breadcrumbs-content":"","ast-featured-img":"","footer-sml-layout":"","theme-transparent-header-meta":"default","adv-header-id-meta":"","stick-header-meta":"","header-above-stick-meta":"","header-main-stick-meta":"","header-below-stick-meta":"","astra-migrate-meta-layouts":"set","ast-page-background-enabled":"default","ast-page-background-meta":{"desktop":{"background-color":"var(--ast-global-color-4)","background-image":"","background-repeat":"repeat","background-position":"center center","background-size":"auto","background-attachment":"scroll","background-type":"","background-media":"","overlay-type":"","overlay-color":"","overlay-opacity":"","overlay-gradient":""},"tablet":{"background-color":"","background-image":"","background-repeat":"repeat","background-position":"center center","background-size":"auto","background-attachment":"scroll","background-type":"","background-media":"","overlay-type":"","overlay-color":"","overlay-opacity":"","overlay-gradient":""},"mobile":{"background-color":"","background-image":"","background-repeat":"repeat","background-position":"center center","background-size":"auto","background-attachment":"scroll","background-type":"","background-media":"","overlay-type":"","overlay-color":"","overlay-opacity":"","overlay-gradient":""}},"ast-content-background-meta":{"desktop":{"background-color":"var(--ast-global-color-5)","background-image":"","background-repeat":"repeat","background-position":"center center","background-size":"auto","background-attachment":"scroll","background-type":"","background-media":"","overlay-type":"","overlay-color":"","overlay-opacity":"","overlay-gradient":""},"tablet":{"background-color":"var(--ast-global-color-5)","background-image":"","background-repeat":"repeat","background-position":"center center","background-size":"auto","background-attachment":"scroll","background-type":"","background-media":"","overlay-type":"","overlay-color":"","overlay-opacity":"","overlay-gradient":""},"mobile":{"background-color":"var(--ast-global-color-5)","background-image":"","background-repeat":"repeat","background-position":"center center","background-size":"auto","background-attachment":"scroll","background-type":"","background-media":"","overlay-type":"","overlay-color":"","overlay-opacity":"","overlay-gradient":""}},"ngg_post_thumbnail":0,"footnotes":""},"class_list":["post-293","page","type-page","status-publish","hentry"],"_links":{"self":[{"href":"http:\/\/www2.unifap.br\/dicont\/wp-json\/wp\/v2\/pages\/293","targetHints":{"allow":["GET"]}}],"collection":[{"href":"http:\/\/www2.unifap.br\/dicont\/wp-json\/wp\/v2\/pages"}],"about":[{"href":"http:\/\/www2.unifap.br\/dicont\/wp-json\/wp\/v2\/types\/page"}],"author":[{"embeddable":true,"href":"http:\/\/www2.unifap.br\/dicont\/wp-json\/wp\/v2\/users\/831"}],"replies":[{"embeddable":true,"href":"http:\/\/www2.unifap.br\/dicont\/wp-json\/wp\/v2\/comments?post=293"}],"version-history":[{"count":24,"href":"http:\/\/www2.unifap.br\/dicont\/wp-json\/wp\/v2\/pages\/293\/revisions"}],"predecessor-version":[{"id":2506,"href":"http:\/\/www2.unifap.br\/dicont\/wp-json\/wp\/v2\/pages\/293\/revisions\/2506"}],"wp:attachment":[{"href":"http:\/\/www2.unifap.br\/dicont\/wp-json\/wp\/v2\/media?parent=293"}],"curies":[{"name":"wp","href":"https:\/\/api.w.org\/{rel}","templated":true}]}}